{"id":5141,"date":"2021-11-18T16:12:54","date_gmt":"2021-11-18T21:12:54","guid":{"rendered":"https:\/\/www.catpowertools.com\/declaracion-de-accesibilidad\/"},"modified":"2022-02-01T12:22:57","modified_gmt":"2022-02-01T17:22:57","slug":"declaracion-de-accesibilidad","status":"publish","type":"page","link":"https:\/\/www.catpowertools.com\/es\/declaracion-de-accesibilidad\/","title":{"rendered":"Declaraci\u00f3n de accesibilidad"},"content":{"rendered":"\t\t<div data-elementor-type=\"wp-page\" data-elementor-id=\"5141\" class=\"elementor elementor-5141 elementor-3871\" data-elementor-post-type=\"page\">\n\t\t\t\t\t\t<section class=\"elementor-section elementor-top-section elementor-element elementor-element-fd3658b row__container elementor-section-boxed elementor-section-height-default elementor-section-height-default\" data-id=\"fd3658b\" data-element_type=\"section\">\n\t\t\t\t\t\t<div class=\"elementor-container elementor-column-gap-default\">\n\t\t\t\t\t<div class=\"elementor-column elementor-col-100 elementor-top-column elementor-element elementor-element-f3afc5a\" data-id=\"f3afc5a\" data-element_type=\"column\">\n\t\t\t<div class=\"elementor-widget-wrap elementor-element-populated\">\n\t\t\t\t\t\t<div class=\"elementor-element elementor-element-526c56b elementor-widget elementor-widget-heading\" data-id=\"526c56b\" data-element_type=\"widget\" data-widget_type=\"heading.default\">\n\t\t\t\t<div class=\"elementor-widget-container\">\n\t\t\t\t\t<h2 class=\"elementor-heading-title elementor-size-default\">DECLARACI\u00d3N DE ACCESIBILIDAD<\/h2>\t\t\t\t<\/div>\n\t\t\t\t<\/div>\n\t\t\t\t\t<\/div>\n\t\t<\/div>\n\t\t\t\t\t<\/div>\n\t\t<\/section>\n\t\t\t\t<section class=\"elementor-section elementor-top-section elementor-element elementor-element-4426885 row__container elementor-section-boxed elementor-section-height-default elementor-section-height-default\" data-id=\"4426885\" data-element_type=\"section\">\n\t\t\t\t\t\t<div class=\"elementor-container elementor-column-gap-default\">\n\t\t\t\t\t<div class=\"elementor-column elementor-col-100 elementor-top-column elementor-element elementor-element-0a89e08\" data-id=\"0a89e08\" data-element_type=\"column\">\n\t\t\t<div class=\"elementor-widget-wrap elementor-element-populated\">\n\t\t\t\t\t\t<div class=\"elementor-element elementor-element-9e71f9a elementor-widget elementor-widget-text-editor\" data-id=\"9e71f9a\" data-element_type=\"widget\" data-widget_type=\"text-editor.default\">\n\t\t\t\t<div class=\"elementor-widget-container\">\n\t\t\t\t\t\t\t\t\t<p class=\"ll-at-background\" data-content-type=\"heading\" data-appearance=\"default\" data-element=\"main\" data-pb-style=\"6181288917978\">Positec considera que la accesibilidad digital es un tema vital a tener en cuenta en el panorama digital actual. Es importante para nosotros garantizar que el sitio web catpowertools.com de Positec sea perceptible, operable y comprensible para las personas con una o m\u00e1s discapacidades f\u00edsicas o cognitivas, ya sean temporales o permanentes. Para ayudarnos a conseguir y mantener la conformidad a lo largo del tiempo, hemos instalado el servicio de correcci\u00f3n impulsado por la IA Max Access, creado por Online ADA, l\u00edder nacional en servicios de consultor\u00eda de accesibilidad digital. Nuestro objetivo es garantizar que todos los usuarios puedan percibir, manejar y comprender el contenido presentado en nuestro catpowertools.com. Max Access nos ayuda a conseguir ese objetivo identificando muchos problemas de accesibilidad, solucionando una parte importante de esos problemas y dando un informe sobre los problemas restantes que requieren una soluci\u00f3n manual. Max Access escanea nuestro sitio diariamente para remediar e informar de los problemas.<\/p>\n<div class=\"no-arrow no-arrow-link\" data-content-type=\"text\" data-appearance=\"default\" data-element=\"main\" data-pb-style=\"6181288917984\">\n<p><strong class=\"ll-at-background\">Comentarios y reclamaciones formales<\/strong><\/p>\n<p class=\"ll-at-background\">Nos comprometemos con nuestros clientes a realizar esfuerzos comerciales razonables para garantizar que las principales funciones de nuestro sitio web catpowertools.com sean accesibles para todos los usuarios. Sin embargo, la auditor\u00eda y la correcci\u00f3n automatizadas son herramientas limitadas que no pueden identificar todas las limitaciones de accesibilidad. Si, por cualquier motivo, considera que una parte de esta plataforma le resulta inutilizable o que podr\u00eda mejorarse su accesibilidad de forma espec\u00edfica, p\u00f3ngase en contacto con nosotros y revisaremos sus comentarios con prontitud y atenci\u00f3n.<\/p>\n<ul>\n<li class=\"ll-at-background\">Correo electr\u00f3nico: <a class=\"ll-at-background\" href=\"mailto:accessibility@catpowertools.com\">accessibility@catpowertools.com<\/a><\/li>\n<\/ul>\n<p><strong class=\"ll-at-background\">Requisitos de la tecnolog\u00eda web<\/strong><\/p>\n<p class=\"ll-at-background\">La accesibilidad de worx.com se basa en las siguientes tecnolog\u00edas para funcionar con la combinaci\u00f3n particular de navegador web y cualquier tecnolog\u00eda de asistencia o plugins instalados en su ordenador:<\/p>\n<ul>\n<li class=\"ll-at-background\">HTML<\/li>\n<li class=\"ll-at-background\">WAI-ARIA<\/li>\n<li class=\"ll-at-background\">CSS<\/li>\n<li class=\"ll-at-background\">JavaScript<\/li>\n<\/ul>\n<p class=\"ll-at-background\">Estas tecnolog\u00edas se basan en la conformidad con las normas de accesibilidad utilizadas.<\/p>\n<\/div>\n\t\t\t\t\t\t\t\t<\/div>\n\t\t\t\t<\/div>\n\t\t\t\t\t<\/div>\n\t\t<\/div>\n\t\t\t\t\t<\/div>\n\t\t<\/section>\n\t\t\t\t<\/div>\n\t\t","protected":false},"excerpt":{"rendered":"<p>DECLARACI\u00d3N DE ACCESIBILIDAD Positec considera que la accesibilidad digital es un tema vital a tener en cuenta en el panorama digital actual. Es importante para nosotros garantizar que el sitio web catpowertools.com de Positec sea perceptible, operable y comprensible para las personas con una o m\u00e1s discapacidades f\u00edsicas o cognitivas, ya sean temporales o permanentes. [&hellip;]<\/p>\n","protected":false},"author":1,"featured_media":0,"parent":0,"menu_order":0,"comment_status":"closed","ping_status":"closed","template":"","meta":{"_acf_changed":false,"footnotes":""},"class_list":["post-5141","page","type-page","status-publish","hentry"],"acf":[],"yoast_head":"<!-- This site is optimized with the Yoast SEO plugin v26.6 - https:\/\/yoast.com\/wordpress\/plugins\/seo\/ -->\n<title>Declaraci\u00f3n de accesibilidad - Cat Power Tools<\/title>\n<meta name=\"robots\" content=\"index, follow, max-snippet:-1, max-image-preview:large, max-video-preview:-1\" \/>\n<link rel=\"canonical\" href=\"https:\/\/www.catpowertools.com\/es\/declaracion-de-accesibilidad\/\" \/>\n<meta property=\"og:locale\" content=\"es_ES\" \/>\n<meta property=\"og:type\" content=\"article\" \/>\n<meta property=\"og:title\" content=\"Declaraci\u00f3n de accesibilidad - Cat Power Tools\" \/>\n<meta property=\"og:description\" content=\"DECLARACI\u00d3N DE ACCESIBILIDAD Positec considera que la accesibilidad digital es un tema vital a tener en cuenta en el panorama digital actual. Es importante para nosotros garantizar que el sitio web catpowertools.com de Positec sea perceptible, operable y comprensible para las personas con una o m\u00e1s discapacidades f\u00edsicas o cognitivas, ya sean temporales o permanentes. [&hellip;]\" \/>\n<meta property=\"og:url\" content=\"https:\/\/www.catpowertools.com\/es\/declaracion-de-accesibilidad\/\" \/>\n<meta property=\"og:site_name\" content=\"Cat Power Tools\" \/>\n<meta property=\"article:modified_time\" content=\"2022-02-01T17:22:57+00:00\" \/>\n<meta name=\"twitter:card\" content=\"summary_large_image\" \/>\n<meta name=\"twitter:label1\" content=\"Tiempo de lectura\" \/>\n\t<meta name=\"twitter:data1\" content=\"2 minutos\" \/>\n<script type=\"application\/ld+json\" class=\"yoast-schema-graph\">{\"@context\":\"https:\/\/schema.org\",\"@graph\":[{\"@type\":\"WebPage\",\"@id\":\"https:\/\/www.catpowertools.com\/es\/declaracion-de-accesibilidad\/\",\"url\":\"https:\/\/www.catpowertools.com\/es\/declaracion-de-accesibilidad\/\",\"name\":\"Declaraci\u00f3n de accesibilidad - Cat Power Tools\",\"isPartOf\":{\"@id\":\"https:\/\/www.catpowertools.com\/es\/#website\"},\"datePublished\":\"2021-11-18T21:12:54+00:00\",\"dateModified\":\"2022-02-01T17:22:57+00:00\",\"breadcrumb\":{\"@id\":\"https:\/\/www.catpowertools.com\/es\/declaracion-de-accesibilidad\/#breadcrumb\"},\"inLanguage\":\"es\",\"potentialAction\":[{\"@type\":\"ReadAction\",\"target\":[\"https:\/\/www.catpowertools.com\/es\/declaracion-de-accesibilidad\/\"]}]},{\"@type\":\"BreadcrumbList\",\"@id\":\"https:\/\/www.catpowertools.com\/es\/declaracion-de-accesibilidad\/#breadcrumb\",\"itemListElement\":[{\"@type\":\"ListItem\",\"position\":1,\"name\":\"Home\",\"item\":\"https:\/\/www.catpowertools.com\/es\/\"},{\"@type\":\"ListItem\",\"position\":2,\"name\":\"Declaraci\u00f3n de accesibilidad\"}]},{\"@type\":\"WebSite\",\"@id\":\"https:\/\/www.catpowertools.com\/es\/#website\",\"url\":\"https:\/\/www.catpowertools.com\/es\/\",\"name\":\"Cat Power Tools\",\"description\":\"Just another WordPress site\",\"potentialAction\":[{\"@type\":\"SearchAction\",\"target\":{\"@type\":\"EntryPoint\",\"urlTemplate\":\"https:\/\/www.catpowertools.com\/es\/?s={search_term_string}\"},\"query-input\":{\"@type\":\"PropertyValueSpecification\",\"valueRequired\":true,\"valueName\":\"search_term_string\"}}],\"inLanguage\":\"es\"}]}<\/script>\n<!-- \/ Yoast SEO plugin. -->","yoast_head_json":{"title":"Declaraci\u00f3n de accesibilidad - Cat Power Tools","robots":{"index":"index","follow":"follow","max-snippet":"max-snippet:-1","max-image-preview":"max-image-preview:large","max-video-preview":"max-video-preview:-1"},"canonical":"https:\/\/www.catpowertools.com\/es\/declaracion-de-accesibilidad\/","og_locale":"es_ES","og_type":"article","og_title":"Declaraci\u00f3n de accesibilidad - Cat Power Tools","og_description":"DECLARACI\u00d3N DE ACCESIBILIDAD Positec considera que la accesibilidad digital es un tema vital a tener en cuenta en el panorama digital actual. Es importante para nosotros garantizar que el sitio web catpowertools.com de Positec sea perceptible, operable y comprensible para las personas con una o m\u00e1s discapacidades f\u00edsicas o cognitivas, ya sean temporales o permanentes. [&hellip;]","og_url":"https:\/\/www.catpowertools.com\/es\/declaracion-de-accesibilidad\/","og_site_name":"Cat Power Tools","article_modified_time":"2022-02-01T17:22:57+00:00","twitter_card":"summary_large_image","twitter_misc":{"Tiempo de lectura":"2 minutos"},"schema":{"@context":"https:\/\/schema.org","@graph":[{"@type":"WebPage","@id":"https:\/\/www.catpowertools.com\/es\/declaracion-de-accesibilidad\/","url":"https:\/\/www.catpowertools.com\/es\/declaracion-de-accesibilidad\/","name":"Declaraci\u00f3n de accesibilidad - Cat Power Tools","isPartOf":{"@id":"https:\/\/www.catpowertools.com\/es\/#website"},"datePublished":"2021-11-18T21:12:54+00:00","dateModified":"2022-02-01T17:22:57+00:00","breadcrumb":{"@id":"https:\/\/www.catpowertools.com\/es\/declaracion-de-accesibilidad\/#breadcrumb"},"inLanguage":"es","potentialAction":[{"@type":"ReadAction","target":["https:\/\/www.catpowertools.com\/es\/declaracion-de-accesibilidad\/"]}]},{"@type":"BreadcrumbList","@id":"https:\/\/www.catpowertools.com\/es\/declaracion-de-accesibilidad\/#breadcrumb","itemListElement":[{"@type":"ListItem","position":1,"name":"Home","item":"https:\/\/www.catpowertools.com\/es\/"},{"@type":"ListItem","position":2,"name":"Declaraci\u00f3n de accesibilidad"}]},{"@type":"WebSite","@id":"https:\/\/www.catpowertools.com\/es\/#website","url":"https:\/\/www.catpowertools.com\/es\/","name":"Cat Power Tools","description":"Just another WordPress site","potentialAction":[{"@type":"SearchAction","target":{"@type":"EntryPoint","urlTemplate":"https:\/\/www.catpowertools.com\/es\/?s={search_term_string}"},"query-input":{"@type":"PropertyValueSpecification","valueRequired":true,"valueName":"search_term_string"}}],"inLanguage":"es"}]}},"_links":{"self":[{"href":"https:\/\/www.catpowertools.com\/es\/wp-json\/wp\/v2\/pages\/5141","targetHints":{"allow":["GET"]}}],"collection":[{"href":"https:\/\/www.catpowertools.com\/es\/wp-json\/wp\/v2\/pages"}],"about":[{"href":"https:\/\/www.catpowertools.com\/es\/wp-json\/wp\/v2\/types\/page"}],"author":[{"embeddable":true,"href":"https:\/\/www.catpowertools.com\/es\/wp-json\/wp\/v2\/users\/1"}],"replies":[{"embeddable":true,"href":"https:\/\/www.catpowertools.com\/es\/wp-json\/wp\/v2\/comments?post=5141"}],"version-history":[{"count":0,"href":"https:\/\/www.catpowertools.com\/es\/wp-json\/wp\/v2\/pages\/5141\/revisions"}],"wp:attachment":[{"href":"https:\/\/www.catpowertools.com\/es\/wp-json\/wp\/v2\/media?parent=5141"}],"curies":[{"name":"wp","href":"https:\/\/api.w.org\/{rel}","templated":true}]}}