{"id":5144,"date":"2021-11-18T16:13:23","date_gmt":"2021-11-18T21:13:23","guid":{"rendered":"https:\/\/www.catpowertools.com\/soporte\/propuesta-65-de-california\/"},"modified":"2022-02-01T12:22:57","modified_gmt":"2022-02-01T17:22:57","slug":"propuesta-65-de-california","status":"publish","type":"page","link":"https:\/\/www.catpowertools.com\/es\/soporte\/propuesta-65-de-california\/","title":{"rendered":"Propuesta 65 de California"},"content":{"rendered":"\t\t<div data-elementor-type=\"wp-page\" data-elementor-id=\"5144\" class=\"elementor elementor-5144 elementor-3872\" data-elementor-post-type=\"page\">\n\t\t\t\t\t\t<section class=\"elementor-section elementor-top-section elementor-element elementor-element-77c204c row__container elementor-section-boxed elementor-section-height-default elementor-section-height-default\" data-id=\"77c204c\" data-element_type=\"section\">\n\t\t\t\t\t\t<div class=\"elementor-container elementor-column-gap-default\">\n\t\t\t\t\t<div class=\"elementor-column elementor-col-100 elementor-top-column elementor-element elementor-element-ff94349\" data-id=\"ff94349\" data-element_type=\"column\">\n\t\t\t<div class=\"elementor-widget-wrap elementor-element-populated\">\n\t\t\t\t\t\t<div class=\"elementor-element elementor-element-4a4ed58 elementor-widget elementor-widget-text-editor\" data-id=\"4a4ed58\" data-element_type=\"widget\" data-widget_type=\"text-editor.default\">\n\t\t\t\t<div class=\"elementor-widget-container\">\n\t\t\t\t\t\t\t\t\t<h2 id=\"8z5v3cmyyi470wvsaebw1f\" class=\"page-title-wrapper\"><span class=\"base ll-at-background\" data-ui-id=\"page-title-wrapper\">PROPOSICI\u00d3N 65 DE CALIFORNIA<\/span><\/h2>\n<div class=\"columns columns-container\">\n<div class=\"column main\">\n<div data-content-type=\"row\" data-appearance=\"contained\" data-element=\"main\">\n<div data-enable-parallax=\"0\" data-parallax-speed=\"0.5\" data-background-images=\"{}\" data-element=\"inner\" data-pb-style=\"61812888C58AA\">\n<div class=\"pagebuilder-column-group\" data-content-type=\"column-group\" data-grid-size=\"12\" data-element=\"main\" data-pb-style=\"61812888C58BC\">\n<div class=\"pagebuilder-column\" data-content-type=\"column\" data-appearance=\"full-height\" data-background-images=\"{}\" data-element=\"main\" data-pb-style=\"61812888C58CA\">\n<div data-content-type=\"html\" data-appearance=\"default\" data-element=\"main\" data-pb-style=\"61812888C58D7\" data-decoded=\"true\">\n<div class=\"block-content ll-at-background\">\n<p>La Propuesta 65 de California da derecho a los consumidores californianos a recibir advertencias especiales sobre los productos que contienen sustancias qu\u00edmicas de las que el estado de California tiene constancia de que causan c\u00e1ncer y defectos de nacimiento u otros da\u00f1os reproductivos, si esos productos exponen a los consumidores a dichas sustancias qu\u00edmicas por encima de determinados umbrales.<br class=\"ll-at-background-prevent\"><br class=\"ll-at-background-prevent\"><strong class=\"ll-at-background\">ADVERTENCIA: <\/strong> Estos productos pueden contener plomo, ftalatos u otras sustancias qu\u00edmicas que, seg\u00fan el Estado de California, causan c\u00e1ncer, defectos de nacimiento y otros da\u00f1os reproductivos. <strong class=\"ll-at-background\">L\u00e1vese las manos despu\u00e9s de usarlos.<\/strong><\/p>\n<h3><br class=\"ll-at-background-prevent\"><span class=\"base ll-at-background\" data-ui-id=\"page-title-wrapper\">HERRAMIENTAS<\/span><\/h3>\n<p><strong class=\"ll-at-background\">ADVERTENCIA:<\/strong> Algunos polvos creados por el lijado, el aserrado, el amolado, el taladrado y otras actividades de construcci\u00f3n contienen sustancias qu\u00edmicas que el Estado de California sabe que causan c\u00e1ncer y defectos de nacimiento u otros da\u00f1os reproductivos.<br class=\"ll-at-background-prevent\"><br class=\"ll-at-background-prevent\">El riesgo de exposici\u00f3n a estas sustancias qu\u00edmicas var\u00eda en funci\u00f3n de la frecuencia con la que se realice este tipo de trabajo. Para reducir su exposici\u00f3n, trabaje en una zona bien ventilada y con equipos de seguridad homologados, como m\u00e1scaras antipolvo especialmente dise\u00f1adas para filtrar las part\u00edculas microsc\u00f3picas.<\/p>\n<\/div>\n<\/div>\n<\/div>\n<\/div>\n<\/div>\n<\/div>\n<\/div>\n<\/div>\n\t\t\t\t\t\t\t\t<\/div>\n\t\t\t\t<\/div>\n\t\t\t\t\t<\/div>\n\t\t<\/div>\n\t\t\t\t\t<\/div>\n\t\t<\/section>\n\t\t\t\t<\/div>\n\t\t","protected":false},"excerpt":{"rendered":"<p>PROPOSICI\u00d3N 65 DE CALIFORNIA La Propuesta 65 de California da derecho a los consumidores californianos a recibir advertencias especiales sobre los productos que contienen sustancias qu\u00edmicas de las que el estado de California tiene constancia de que causan c\u00e1ncer y defectos de nacimiento u otros da\u00f1os reproductivos, si esos productos exponen a los consumidores a [&hellip;]<\/p>\n","protected":false},"author":1,"featured_media":0,"parent":5090,"menu_order":0,"comment_status":"closed","ping_status":"closed","template":"","meta":{"_acf_changed":false,"footnotes":""},"class_list":["post-5144","page","type-page","status-publish","hentry"],"acf":[],"yoast_head":"<!-- This site is optimized with the Yoast SEO plugin v26.6 - https:\/\/yoast.com\/wordpress\/plugins\/seo\/ -->\n<title>Propuesta 65 de California - Cat Power Tools<\/title>\n<meta name=\"robots\" content=\"index, follow, max-snippet:-1, max-image-preview:large, max-video-preview:-1\" \/>\n<link rel=\"canonical\" href=\"https:\/\/www.catpowertools.com\/es\/soporte\/propuesta-65-de-california\/\" \/>\n<meta property=\"og:locale\" content=\"es_ES\" \/>\n<meta property=\"og:type\" content=\"article\" \/>\n<meta property=\"og:title\" content=\"Propuesta 65 de California - Cat Power Tools\" \/>\n<meta property=\"og:description\" content=\"PROPOSICI\u00d3N 65 DE CALIFORNIA La Propuesta 65 de California da derecho a los consumidores californianos a recibir advertencias especiales sobre los productos que contienen sustancias qu\u00edmicas de las que el estado de California tiene constancia de que causan c\u00e1ncer y defectos de nacimiento u otros da\u00f1os reproductivos, si esos productos exponen a los consumidores a [&hellip;]\" \/>\n<meta property=\"og:url\" content=\"https:\/\/www.catpowertools.com\/es\/soporte\/propuesta-65-de-california\/\" \/>\n<meta property=\"og:site_name\" content=\"Cat Power Tools\" \/>\n<meta property=\"article:modified_time\" content=\"2022-02-01T17:22:57+00:00\" \/>\n<meta name=\"twitter:card\" content=\"summary_large_image\" \/>\n<meta name=\"twitter:label1\" content=\"Tiempo de lectura\" \/>\n\t<meta name=\"twitter:data1\" content=\"1 minuto\" \/>\n<script type=\"application\/ld+json\" class=\"yoast-schema-graph\">{\"@context\":\"https:\/\/schema.org\",\"@graph\":[{\"@type\":\"WebPage\",\"@id\":\"https:\/\/www.catpowertools.com\/es\/soporte\/propuesta-65-de-california\/\",\"url\":\"https:\/\/www.catpowertools.com\/es\/soporte\/propuesta-65-de-california\/\",\"name\":\"Propuesta 65 de California - Cat Power Tools\",\"isPartOf\":{\"@id\":\"https:\/\/www.catpowertools.com\/es\/#website\"},\"datePublished\":\"2021-11-18T21:13:23+00:00\",\"dateModified\":\"2022-02-01T17:22:57+00:00\",\"breadcrumb\":{\"@id\":\"https:\/\/www.catpowertools.com\/es\/soporte\/propuesta-65-de-california\/#breadcrumb\"},\"inLanguage\":\"es\",\"potentialAction\":[{\"@type\":\"ReadAction\",\"target\":[\"https:\/\/www.catpowertools.com\/es\/soporte\/propuesta-65-de-california\/\"]}]},{\"@type\":\"BreadcrumbList\",\"@id\":\"https:\/\/www.catpowertools.com\/es\/soporte\/propuesta-65-de-california\/#breadcrumb\",\"itemListElement\":[{\"@type\":\"ListItem\",\"position\":1,\"name\":\"Home\",\"item\":\"https:\/\/www.catpowertools.com\/es\/\"},{\"@type\":\"ListItem\",\"position\":2,\"name\":\"Soporte\",\"item\":\"https:\/\/www.catpowertools.com\/es\/support\/\"},{\"@type\":\"ListItem\",\"position\":3,\"name\":\"Propuesta 65 de California\"}]},{\"@type\":\"WebSite\",\"@id\":\"https:\/\/www.catpowertools.com\/es\/#website\",\"url\":\"https:\/\/www.catpowertools.com\/es\/\",\"name\":\"Cat Power Tools\",\"description\":\"Just another WordPress site\",\"potentialAction\":[{\"@type\":\"SearchAction\",\"target\":{\"@type\":\"EntryPoint\",\"urlTemplate\":\"https:\/\/www.catpowertools.com\/es\/?s={search_term_string}\"},\"query-input\":{\"@type\":\"PropertyValueSpecification\",\"valueRequired\":true,\"valueName\":\"search_term_string\"}}],\"inLanguage\":\"es\"}]}<\/script>\n<!-- \/ Yoast SEO plugin. -->","yoast_head_json":{"title":"Propuesta 65 de California - Cat Power Tools","robots":{"index":"index","follow":"follow","max-snippet":"max-snippet:-1","max-image-preview":"max-image-preview:large","max-video-preview":"max-video-preview:-1"},"canonical":"https:\/\/www.catpowertools.com\/es\/soporte\/propuesta-65-de-california\/","og_locale":"es_ES","og_type":"article","og_title":"Propuesta 65 de California - Cat Power Tools","og_description":"PROPOSICI\u00d3N 65 DE CALIFORNIA La Propuesta 65 de California da derecho a los consumidores californianos a recibir advertencias especiales sobre los productos que contienen sustancias qu\u00edmicas de las que el estado de California tiene constancia de que causan c\u00e1ncer y defectos de nacimiento u otros da\u00f1os reproductivos, si esos productos exponen a los consumidores a [&hellip;]","og_url":"https:\/\/www.catpowertools.com\/es\/soporte\/propuesta-65-de-california\/","og_site_name":"Cat Power Tools","article_modified_time":"2022-02-01T17:22:57+00:00","twitter_card":"summary_large_image","twitter_misc":{"Tiempo de lectura":"1 minuto"},"schema":{"@context":"https:\/\/schema.org","@graph":[{"@type":"WebPage","@id":"https:\/\/www.catpowertools.com\/es\/soporte\/propuesta-65-de-california\/","url":"https:\/\/www.catpowertools.com\/es\/soporte\/propuesta-65-de-california\/","name":"Propuesta 65 de California - Cat Power Tools","isPartOf":{"@id":"https:\/\/www.catpowertools.com\/es\/#website"},"datePublished":"2021-11-18T21:13:23+00:00","dateModified":"2022-02-01T17:22:57+00:00","breadcrumb":{"@id":"https:\/\/www.catpowertools.com\/es\/soporte\/propuesta-65-de-california\/#breadcrumb"},"inLanguage":"es","potentialAction":[{"@type":"ReadAction","target":["https:\/\/www.catpowertools.com\/es\/soporte\/propuesta-65-de-california\/"]}]},{"@type":"BreadcrumbList","@id":"https:\/\/www.catpowertools.com\/es\/soporte\/propuesta-65-de-california\/#breadcrumb","itemListElement":[{"@type":"ListItem","position":1,"name":"Home","item":"https:\/\/www.catpowertools.com\/es\/"},{"@type":"ListItem","position":2,"name":"Soporte","item":"https:\/\/www.catpowertools.com\/es\/support\/"},{"@type":"ListItem","position":3,"name":"Propuesta 65 de California"}]},{"@type":"WebSite","@id":"https:\/\/www.catpowertools.com\/es\/#website","url":"https:\/\/www.catpowertools.com\/es\/","name":"Cat Power Tools","description":"Just another WordPress site","potentialAction":[{"@type":"SearchAction","target":{"@type":"EntryPoint","urlTemplate":"https:\/\/www.catpowertools.com\/es\/?s={search_term_string}"},"query-input":{"@type":"PropertyValueSpecification","valueRequired":true,"valueName":"search_term_string"}}],"inLanguage":"es"}]}},"_links":{"self":[{"href":"https:\/\/www.catpowertools.com\/es\/wp-json\/wp\/v2\/pages\/5144","targetHints":{"allow":["GET"]}}],"collection":[{"href":"https:\/\/www.catpowertools.com\/es\/wp-json\/wp\/v2\/pages"}],"about":[{"href":"https:\/\/www.catpowertools.com\/es\/wp-json\/wp\/v2\/types\/page"}],"author":[{"embeddable":true,"href":"https:\/\/www.catpowertools.com\/es\/wp-json\/wp\/v2\/users\/1"}],"replies":[{"embeddable":true,"href":"https:\/\/www.catpowertools.com\/es\/wp-json\/wp\/v2\/comments?post=5144"}],"version-history":[{"count":0,"href":"https:\/\/www.catpowertools.com\/es\/wp-json\/wp\/v2\/pages\/5144\/revisions"}],"up":[{"embeddable":true,"href":"https:\/\/www.catpowertools.com\/es\/wp-json\/wp\/v2\/pages\/5090"}],"wp:attachment":[{"href":"https:\/\/www.catpowertools.com\/es\/wp-json\/wp\/v2\/media?parent=5144"}],"curies":[{"name":"wp","href":"https:\/\/api.w.org\/{rel}","templated":true}]}}