{"id":5174,"date":"2021-11-18T16:12:29","date_gmt":"2021-11-18T21:12:29","guid":{"rendered":"https:\/\/www.catpowertools.com\/terminos-y-condiciones\/"},"modified":"2022-02-01T12:29:41","modified_gmt":"2022-02-01T17:29:41","slug":"terminos-y-condiciones","status":"publish","type":"page","link":"https:\/\/www.catpowertools.com\/es\/terminos-y-condiciones\/","title":{"rendered":"T\u00e9rminos y condiciones"},"content":{"rendered":"\t\t<div data-elementor-type=\"wp-page\" data-elementor-id=\"5174\" class=\"elementor elementor-5174 elementor-3870\" data-elementor-post-type=\"page\">\n\t\t\t\t\t\t<section class=\"elementor-section elementor-top-section elementor-element elementor-element-42975af row__container elementor-section-boxed elementor-section-height-default elementor-section-height-default\" data-id=\"42975af\" data-element_type=\"section\">\n\t\t\t\t\t\t<div class=\"elementor-container elementor-column-gap-default\">\n\t\t\t\t\t<div class=\"elementor-column elementor-col-100 elementor-top-column elementor-element elementor-element-352b343\" data-id=\"352b343\" data-element_type=\"column\">\n\t\t\t<div class=\"elementor-widget-wrap elementor-element-populated\">\n\t\t\t\t\t\t<div class=\"elementor-element elementor-element-3cb7c69 elementor-widget elementor-widget-heading\" data-id=\"3cb7c69\" data-element_type=\"widget\" data-widget_type=\"heading.default\">\n\t\t\t\t<div class=\"elementor-widget-container\">\n\t\t\t\t\t<h2 class=\"elementor-heading-title elementor-size-default\">CONDICIONES DE VENTA ONLINE (\"CONDICIONES\")<\/h2>\t\t\t\t<\/div>\n\t\t\t\t<\/div>\n\t\t\t\t\t<\/div>\n\t\t<\/div>\n\t\t\t\t\t<\/div>\n\t\t<\/section>\n\t\t\t\t<section class=\"elementor-section elementor-top-section elementor-element elementor-element-dab78d8 row__container elementor-section-boxed elementor-section-height-default elementor-section-height-default\" data-id=\"dab78d8\" data-element_type=\"section\">\n\t\t\t\t\t\t<div class=\"elementor-container elementor-column-gap-default\">\n\t\t\t\t\t<div class=\"elementor-column elementor-col-100 elementor-top-column elementor-element elementor-element-79d9cb7\" data-id=\"79d9cb7\" data-element_type=\"column\">\n\t\t\t<div class=\"elementor-widget-wrap elementor-element-populated\">\n\t\t\t\t\t\t<div class=\"elementor-element elementor-element-36c79f2 elementor-widget elementor-widget-text-editor\" data-id=\"36c79f2\" data-element_type=\"widget\" data-widget_type=\"text-editor.default\">\n\t\t\t\t<div class=\"elementor-widget-container\">\n\t\t\t\t\t\t\t\t\t<div id=\"wpj84l4yttswgbp4r1gkh\" class=\"page-title-wrapper\">En estos t\u00e9rminos y condiciones \u00abnosotros\u00bb y \u00abCATPOWERTOOLS\u00bb significa Positec Tool Corporation, sus filiales Positec USA, Inc. y RW Direct, Inc. y sus empresas afiliadas relacionadas. \u00abUsted\u00bb se refiere a usted como usuario de este sitio web o como cliente de CATPOWERTOOLS. Al visitar este sitio web o realizar un pedido a trav\u00e9s de este sitio web (\u00abSitio web\u00bb), usted acepta los t\u00e9rminos establecidos a continuaci\u00f3n junto con la <a class=\"ll-at-background\" href=\"https:\/\/www.worx.com\/privacy-policy\">Pol\u00edtica de Privacidad<\/a> de CATPOWERTOOLS. Estas condiciones, junto con su confirmaci\u00f3n de pedido, constituyen el contrato entre usted y nosotros para la compra de nuestros productos. No se aplicar\u00e1 ninguna otra condici\u00f3n. El contrato no puede ser modificado a menos que CATPOWERTOOLS est\u00e9 de acuerdo en modificarlo por escrito o por correo electr\u00f3nico.<\/div>\n<div> <\/div>\n<div class=\"columns columns-container\">\n<div class=\"column main\">\n<div data-content-type=\"row\" data-appearance=\"contained\" data-element=\"main\">\n<div data-enable-parallax=\"0\" data-parallax-speed=\"0.5\" data-background-images=\"{}\" data-background-type=\"image\" data-video-loop=\"true\" data-video-play-only-visible=\"true\" data-video-lazy-load=\"true\" data-video-fallback-src=\"\" data-element=\"inner\" data-pb-style=\"61812888C6B77\">\n<div data-content-type=\"text\" data-appearance=\"default\" data-element=\"main\" data-pb-style=\"61812888C6B97\">\n<p id=\"ASX2GPS\"><strong class=\"ll-at-background\">Contrase\u00f1as y seguridad<\/strong><\/p>\n<p>Si se registra para obtener una cuenta en el sitio web, acepta que es responsable de mantener la seguridad y la confidencialidad de su contrase\u00f1a, y que es totalmente responsable de todas las actividades o cargos que se realicen con su cuenta. Por lo tanto, debe tomar medidas razonables para asegurarse de que otros no tengan acceso a su contrase\u00f1a y cuenta. Los empleados de CATPOWERTOOLS nunca le pedir\u00e1n su contrase\u00f1a. La informaci\u00f3n que obtenemos a trav\u00e9s de su uso de este sitio web, incluida su informaci\u00f3n de registro, est\u00e1 sujeta a nuestra Pol\u00edtica de Privacidad, que se incorpora espec\u00edficamente por referencia a estas Condiciones. Tambi\u00e9n se compromete a cerrar su cuenta al final de cada sesi\u00f3n en el sitio web. Debe tener especial cuidado cuando acceda a su cuenta desde un ordenador p\u00fablico o compartido para que otros no puedan ver o registrar su contrase\u00f1a u otra informaci\u00f3n personal. Tenemos derecho a inhabilitar cualquier nombre de usuario, contrase\u00f1a u otro identificador, ya sea elegido por usted o proporcionado por nosotros, en cualquier momento (a nuestra entera discreci\u00f3n por cualquier raz\u00f3n o sin ella, incluso si, en nuestra opini\u00f3n, usted ha violado cualquier disposici\u00f3n de estos T\u00e9rminos).<\/p>\n<\/div>\n<div data-content-type=\"text\" data-appearance=\"default\" data-element=\"main\" data-pb-style=\"61812888C6BA3\">\n<p id=\"BFJ1APV\"><strong class=\"ll-at-background\">Pol\u00edtica de devoluciones<\/strong><\/p>\n<p>Para cualquier producto sin abrir, en su estado original y sin da\u00f1os, puede devolv\u00e9rnoslo junto con el recibo de compra en un plazo de 30 d\u00edas a partir de la fecha en que recibi\u00f3 el producto. Le devolveremos el precio de la compra, menos los gastos de env\u00edo del pedido original. Los gastos de env\u00edo corren a su cargo. Para devolver un producto, llame <a class=\"ll-at-background\" href=\"tel:1-866-354-9679\">al 1-866-354-WORX (9679)<\/a>. Puede encontrar m\u00e1s informaci\u00f3n sobre las devoluciones en nuestra p\u00e1gina de <a class=\"ll-at-background\" title=\"30 Day Guarantee\" href=\"https:\/\/www.worx.com\/en_CA\/30-day-guarantee\">Garant\u00eda de 30 d\u00edas<\/a>.<\/p>\n<\/div>\n<div data-content-type=\"text\" data-appearance=\"default\" data-element=\"main\" data-pb-style=\"61812888C6BAF\">\n<p id=\"K5L8RB7\"><strong class=\"ll-at-background\">Condiciones adicionales de los productos CATPOWERTOOLS<\/strong><\/p>\n<p class=\"ll-at-background\">La compra y uso de los productos CATPOWERTOOLS est\u00e1 sujeta a los t\u00e9rminos y condiciones adicionales que se encuentran en nuestra p\u00e1gina de <a class=\"ll-at-background\" title=\"3 Year Limited Warranty\" href=\"https:\/\/www.worx.com\/en_CA\/3-year-limited-warranty\">Garant\u00eda Limitada de 3 a\u00f1os<\/a>.<\/p>\n<\/div>\n<div data-content-type=\"text\" data-appearance=\"default\" data-element=\"main\" data-pb-style=\"61812888C6BBB\">\n<p id=\"U09W8OP\"><strong class=\"ll-at-background\">Precios y correcciones de precios y promociones<\/strong><\/p>\n<p class=\"ll-at-background\">CATPOWERTOOLS se reserva el derecho a modificar los precios de los productos expuestos en el Sitio Web en cualquier momento, as\u00ed como a corregir los errores de precios que puedan producirse inadvertidamente. S\u00f3lo se puede utilizar un c\u00f3digo de cup\u00f3n por pedido. CATPOWERTOOLS puede cancelar los c\u00f3digos de cupones o promociones en cualquier momento.<\/p>\n<\/div>\n<div data-content-type=\"text\" data-appearance=\"default\" data-element=\"main\" data-pb-style=\"61812888C6BC7\">\n<p><strong class=\"ll-at-background\">Aceptaci\u00f3n\/Confirmaci\u00f3n del pedido<\/strong><\/p>\n<p class=\"ll-at-background\">CATPOWERTOOLS podr\u00e1, a su sola discreci\u00f3n, rechazar o cancelar cualquier pedido y limitar la cantidad de los mismos. CATPOWERTOOLS tambi\u00e9n puede requerir informaci\u00f3n adicional de calificaci\u00f3n antes de aceptar o procesar cualquier pedido. Una vez que recibamos su pedido en l\u00ednea a trav\u00e9s del sitio web, le enviaremos una confirmaci\u00f3n de pedido por correo electr\u00f3nico. Sin embargo, la recepci\u00f3n de dicha confirmaci\u00f3n de pedido no significa la aceptaci\u00f3n de su pedido por parte de CATPOWERTOOLS, ni constituye una confirmaci\u00f3n de nuestra oferta de venta, sino que simplemente confirma que hemos recibido su pedido. CATPOWERTOOLS se reserva el derecho, en cualquier momento despu\u00e9s de recibir su pedido, de aceptar o rechazar su pedido por cualquier motivo. Si CATPOWERTOOLS cancela un pedido despu\u00e9s de que se le haya facturado, CATPOWERTOOLS le devolver\u00e1 el importe facturado. Este sitio web no procesa tarjetas de cr\u00e9dito, ni toma otra informaci\u00f3n de procesamiento de pagos. La tramitaci\u00f3n de los pagos se realiza a trav\u00e9s de servicios de terceros. Su tarjeta de cr\u00e9dito ser\u00e1 preautorizada por el total (o primer pago) en el momento del pedido, la tarjeta de cr\u00e9dito se cargar\u00e1 cuando se env\u00ede el producto.<\/p>\n<p class=\"ll-at-background\">CATPOWERTOOLS vende y env\u00eda productos \u00fanicamente a clientes finales. CATPOWERTOOLS se reserva el derecho de rechazar o cancelar su pedido si sospechamos que est\u00e1 comprando productos para su reventa. Si, por cualquier motivo, la compa\u00f1\u00eda de su tarjeta de cr\u00e9dito rechaza o se niega a pagar el importe adeudado por los productos que usted ha comprado, usted acepta que podemos, a nuestra elecci\u00f3n, exigirle que pague cualquier importe atrasado (incluyendo las tasas de devoluci\u00f3n de cargos de terceros o las penalizaciones) por cualquier medio aceptable para nosotros. En caso de que sea necesario emprender acciones legales para cobrar los saldos adeudados, usted se compromete a reembolsarnos todos los gastos incurridos para recuperar las sumas adeudadas, incluidos los honorarios razonables de los abogados y otros gastos legales.<\/p>\n<p class=\"ll-at-background\">Para evitar retrasos innecesarios en la tramitaci\u00f3n de su pedido, aseg\u00farese de que la direcci\u00f3n de facturaci\u00f3n de su pedido coincide con los datos de facturaci\u00f3n de la cuenta de su tarjeta de cr\u00e9dito. Si se ha mudado recientemente o no est\u00e1 seguro de si recibe el extracto de su tarjeta de cr\u00e9dito en la direcci\u00f3n de su trabajo o de su casa, p\u00f3ngase en contacto con el banco emisor de su tarjeta.<\/p>\n<\/div>\n<div data-content-type=\"text\" data-appearance=\"default\" data-element=\"main\" data-pb-style=\"61812888C6BD3\">\n<p id=\"NGK3TOJ\"><strong class=\"ll-at-background\">Env\u00edo y entrega<\/strong><\/p>\n<p class=\"ll-at-background\">CATPOWERTOOLS env\u00eda art\u00edculos dentro de los Estados Unidos continentales, Alaska, Hawai, Puerto Rico, Guam y Canad\u00e1. Se pueden hacer env\u00edos a direcciones de apartados de correos cuando se env\u00ede por Smartpost y si el env\u00edo pesa menos de 70 libras. Se pueden hacer env\u00edos a los territorios de Estados Unidos. No se pueden realizar env\u00edos a direcciones fuera de Estados Unidos o Canad\u00e1. No podr\u00e1 exportar ning\u00fan producto adquirido a trav\u00e9s del Sitio Web. En algunos pedidos pueden aplicarse recargos adicionales de env\u00edo en funci\u00f3n del producto seleccionado y\/o de la ubicaci\u00f3n del destinatario. La fecha de entrega de su pedido puede verse afectada por muchos acontecimientos que escapan al control de CATPOWERTOOLS una vez que sale de nuestras instalaciones. Por esta raz\u00f3n, CATPOWERTOOLS no se hace responsable de los retrasos en las entregas programadas.<\/p>\n<\/div>\n<div data-content-type=\"text\" data-appearance=\"default\" data-element=\"main\" data-pb-style=\"61812888C6BDF\">\n<p><strong class=\"ll-at-background\">Disponibilidad y limitaciones del producto<\/strong><\/p>\n<p class=\"ll-at-background\">Dada la popularidad y\/o las consideraciones de suministro de algunos de nuestros productos, CATPOWERTOOLS se reserva el derecho de limitar el n\u00famero de productos disponibles para la compra, y se reserva el derecho de cambiar las cantidades disponibles para la compra en cualquier momento, incluso despu\u00e9s de que usted realice un pedido. Adem\u00e1s, puede haber ocasiones en las que CATPOWERTOOLS confirme su pedido pero posteriormente se entere de que no puede suministrar el producto solicitado. En el caso de que CATPOWERTOOLS no pueda suministrar un producto que usted pidi\u00f3, cancelaremos el pedido y le devolveremos el precio de la compra en su totalidad.<\/p>\n<\/div>\n<div data-content-type=\"text\" data-appearance=\"default\" data-element=\"main\" data-pb-style=\"61812888C6BEB\">\n<p><strong id=\"UK4DRJR\" class=\"ll-at-background\">Limitaciones de responsabilidad, renuncias e indemnizaciones<\/strong><\/p>\n<p class=\"ll-at-background\">Su recurso exclusivo y toda nuestra responsabilidad, en su caso, por cualquier reclamaci\u00f3n derivada de estas Condiciones y de su uso de este sitio web se limitar\u00e1 al importe que nos haya pagado por los productos adquiridos en el sitio web durante el per\u00edodo de 12 meses anterior al acto que d\u00e9 lugar a la responsabilidad. Usted se compromete a defendernos, indemnizarnos y eximirnos a nosotros y a nuestras filiales de toda responsabilidad, reclamaci\u00f3n y gastos, incluidos los honorarios de los abogados, que puedan derivarse del uso que usted haga de este sitio web. Nos reservamos el derecho, a nuestro cargo, de asumir la defensa y el control exclusivos de cualquier asunto que est\u00e9 sujeto a indemnizaci\u00f3n por su parte, en cuyo caso usted cooperar\u00e1 con nosotros para hacer valer cualquier defensa disponible.<\/p>\n<\/div>\n<div data-content-type=\"text\" data-appearance=\"default\" data-element=\"main\" data-pb-style=\"61812888C6BF7\">\n<p class=\"ll-at-background\">EN NING\u00daN CASO CATPOWERTOOLS O SUS AFILIADOS SER\u00c1N RESPONSABLES ANTE USTED O ANTE TERCEROS DE NING\u00daN DA\u00d1O ESPECIAL, PUNITIVO, INCIDENTAL, INDIRECTO O CONSECUENTE DE NING\u00daN TIPO, NI DE NING\u00daN DA\u00d1O, INCLUYENDO, SIN LIMITACI\u00d3N, LOS RESULTANTES DE LA P\u00c9RDIDA DE USO, DE DATOS O DE BENEFICIOS, HAYAMOS SIDO ADVERTIDOS O NO DE LA POSIBILIDAD DE TALES DA\u00d1OS, Y EN CUALQUIER TEOR\u00cdA DE RESPONSABILIDAD, QUE SURJA DE O EN CONEXI\u00d3N CON EL USO DE ESTE SITIO WEB O DE CUALQUIER SITIO WEB REFERENCIADO O ENLAZADO DESDE ESTE SITIO. ADEM\u00c1S, NO SEREMOS RESPONSABLES EN MODO ALGUNO DE LA ASISTENCIA DE TERCEROS (COMO PROCESADORES DE TARJETAS DE CR\u00c9DITO) EN LA REALIZACI\u00d3N DE TRANSACCIONES COMERCIALES A TRAV\u00c9S DE ESTE SITIO, INCLUYENDO, SIN LIMITACI\u00d3N, LA TRAMITACI\u00d3N DE PEDIDOS. ALGUNAS JURISDICCIONES PROH\u00cdBEN LA EXCLUSI\u00d3N O LIMITACI\u00d3N DE LA RESPONSABILIDAD POR DA\u00d1OS CONSECUENTES O INCIDENTALES, POR LO QUE ES POSIBLE QUE LAS LIMITACIONES ANTERIORES NO SE APLIQUEN EN SU CASO. CONSULTE LA LEGISLACI\u00d3N DE SU JURISDICCI\u00d3N.<\/p>\n<p class=\"ll-at-background\">ESTE SITIO WEB PODR\u00cdA INCLUIR ERRORES T\u00c9CNICOS O DE OTRO TIPO, INEXACTITUDES O ERRORES TIPOGR\u00c1FICOS. PODEMOS REALIZAR CAMBIOS EN EL CONTENIDO DE ESTE SITIO WEB, INCLUIDOS LOS PRECIOS Y LAS DESCRIPCIONES DE LOS PRODUCTOS QUE FIGURAN EN \u00c9L, EN CUALQUIER MOMENTO Y SIN PREVIO AVISO.<\/p>\n<p class=\"ll-at-background\">CATPOWERTOOLS RECHAZA POR LA PRESENTE TODAS LAS GARANT\u00cdAS DE CUALQUIER TIPO, YA SEAN EXPRESAS O IMPL\u00cdCITAS, ESTATUTARIAS O DE OTRO TIPO, INCLUYENDO, PERO SIN LIMITARSE A, CUALQUIER GARANT\u00cdA DE COMERCIABILIDAD, NO INFRACCI\u00d3N E IDONEIDAD PARA UN PROP\u00d3SITO PARTICULAR. LO ANTERIOR NO AFECTA A LAS GARANT\u00cdAS QUE NO PUEDEN SER EXCLUIDAS O LIMITADAS EN VIRTUD DE LA LEGISLACI\u00d3N APLICABLE.<\/p>\n<p class=\"ll-at-background\">CUALQUIER CAUSA DE ACCI\u00d3N O RECLAMACI\u00d3N QUE PUEDA SURGIR DE ESTAS CONDICIONES O DEL SITIO WEB, O RELACIONADA CON ELLOS, DEBE INICIARSE EN EL PLAZO DE UN (1) A\u00d1O A PARTIR DE LA FECHA EN QUE SE PRODUZCA LA CAUSA DE ACCI\u00d3N; DE LO CONTRARIO, DICHA CAUSA DE ACCI\u00d3N O RECLAMACI\u00d3N PRESCRIBIR\u00c1 PERMANENTEMENTE.<\/p>\n<\/div>\n<div data-content-type=\"text\" data-appearance=\"default\" data-element=\"main\" data-pb-style=\"61812888C6C02\">\n<p><strong class=\"ll-at-background\">Derecho aplicable<\/strong><\/p>\n<p class=\"ll-at-background\">Este sitio web (excluyendo cualquier sitio web de terceros) est\u00e1 controlado por nosotros desde nuestras oficinas ubicadas en Carolina del Norte, y los estatutos y leyes del estado de Carolina del Norte ser\u00e1n los que controlen, sin tener en cuenta los conflictos de principios legales. Con respecto a todos los asuntos que surjan en virtud de estas Condiciones, usted acepta y se somete por la presente a la jurisdicci\u00f3n personal exclusiva y a la competencia de los tribunales federales y estatales del estado de Carolina del Norte que tengan jurisdicci\u00f3n competente en la materia.<\/p>\n<\/div>\n<div data-content-type=\"text\" data-appearance=\"default\" data-element=\"main\" data-pb-style=\"61812888C6C0E\">\n<p class=\"ll-at-background\">AL UTILIZAR ESTE SITIO WEB, USTED:<\/p>\n<ol data-pb-style=\"61812888C6C1A\">\n<li class=\"ll-at-background\">reconoce que ha le\u00eddo y comprendido este acuerdo en su totalidad;<\/li>\n<li class=\"ll-at-background\">Declarar que tiene al menos 18 a\u00f1os de edad y que tiene la autoridad para firmar este acuerdo;<\/li>\n<li class=\"ll-at-background\">aceptan someterse a las obligaciones de este acuerdo y cumplirlas;<\/li>\n<li class=\"ll-at-background\">acepta que CATPOWERTOOLS pueda cargar en la cuenta de su tarjeta de cr\u00e9dito el precio de compra de los productos, incluidos los gastos de env\u00edo y manipulaci\u00f3n relacionados, as\u00ed como los impuestos aplicables que estemos obligados a cobrarle (si los hubiera) en virtud de este acuerdo; y<\/li>\n<li class=\"ll-at-background\">Declarar que toda la informaci\u00f3n proporcionada por usted a CATPOWERTOOLS es verdadera y exacta a su leal saber y entender.Se recomienda encarecidamente que imprima una copia de este acuerdo para sus registros en este momento.<\/li>\n<\/ol>\n<\/div>\n<\/div>\n<\/div>\n<\/div>\n<\/div>\n\t\t\t\t\t\t\t\t<\/div>\n\t\t\t\t<\/div>\n\t\t\t\t\t<\/div>\n\t\t<\/div>\n\t\t\t\t\t<\/div>\n\t\t<\/section>\n\t\t\t\t<\/div>\n\t\t","protected":false},"excerpt":{"rendered":"<p>CONDICIONES DE VENTA ONLINE (\u00abCONDICIONES\u00bb) En estos t\u00e9rminos y condiciones \u00abnosotros\u00bb y \u00abCATPOWERTOOLS\u00bb significa Positec Tool Corporation, sus filiales Positec USA, Inc. y RW Direct, Inc. y sus empresas afiliadas relacionadas. \u00abUsted\u00bb se refiere a usted como usuario de este sitio web o como cliente de CATPOWERTOOLS. Al visitar este sitio web o realizar un [&hellip;]<\/p>\n","protected":false},"author":1,"featured_media":0,"parent":0,"menu_order":0,"comment_status":"closed","ping_status":"closed","template":"","meta":{"_acf_changed":false,"footnotes":""},"class_list":["post-5174","page","type-page","status-publish","hentry"],"acf":[],"yoast_head":"<!-- This site is optimized with the Yoast SEO plugin v26.6 - https:\/\/yoast.com\/wordpress\/plugins\/seo\/ -->\n<title>T\u00e9rminos y condiciones - Cat Power Tools<\/title>\n<meta name=\"robots\" content=\"index, follow, max-snippet:-1, max-image-preview:large, max-video-preview:-1\" \/>\n<link rel=\"canonical\" href=\"https:\/\/www.catpowertools.com\/es\/terminos-y-condiciones\/\" \/>\n<meta property=\"og:locale\" content=\"es_ES\" \/>\n<meta property=\"og:type\" content=\"article\" \/>\n<meta property=\"og:title\" content=\"T\u00e9rminos y condiciones - Cat Power Tools\" \/>\n<meta property=\"og:description\" content=\"CONDICIONES DE VENTA ONLINE (\u00abCONDICIONES\u00bb) En estos t\u00e9rminos y condiciones \u00abnosotros\u00bb y \u00abCATPOWERTOOLS\u00bb significa Positec Tool Corporation, sus filiales Positec USA, Inc. y RW Direct, Inc. y sus empresas afiliadas relacionadas. \u00abUsted\u00bb se refiere a usted como usuario de este sitio web o como cliente de CATPOWERTOOLS. Al visitar este sitio web o realizar un [&hellip;]\" \/>\n<meta property=\"og:url\" content=\"https:\/\/www.catpowertools.com\/es\/terminos-y-condiciones\/\" \/>\n<meta property=\"og:site_name\" content=\"Cat Power Tools\" \/>\n<meta property=\"article:modified_time\" content=\"2022-02-01T17:29:41+00:00\" \/>\n<meta name=\"twitter:card\" content=\"summary_large_image\" \/>\n<meta name=\"twitter:label1\" content=\"Tiempo de lectura\" \/>\n\t<meta name=\"twitter:data1\" content=\"10 minutos\" \/>\n<script type=\"application\/ld+json\" class=\"yoast-schema-graph\">{\"@context\":\"https:\/\/schema.org\",\"@graph\":[{\"@type\":\"WebPage\",\"@id\":\"https:\/\/www.catpowertools.com\/es\/terminos-y-condiciones\/\",\"url\":\"https:\/\/www.catpowertools.com\/es\/terminos-y-condiciones\/\",\"name\":\"T\u00e9rminos y condiciones - Cat Power Tools\",\"isPartOf\":{\"@id\":\"https:\/\/www.catpowertools.com\/es\/#website\"},\"datePublished\":\"2021-11-18T21:12:29+00:00\",\"dateModified\":\"2022-02-01T17:29:41+00:00\",\"breadcrumb\":{\"@id\":\"https:\/\/www.catpowertools.com\/es\/terminos-y-condiciones\/#breadcrumb\"},\"inLanguage\":\"es\",\"potentialAction\":[{\"@type\":\"ReadAction\",\"target\":[\"https:\/\/www.catpowertools.com\/es\/terminos-y-condiciones\/\"]}]},{\"@type\":\"BreadcrumbList\",\"@id\":\"https:\/\/www.catpowertools.com\/es\/terminos-y-condiciones\/#breadcrumb\",\"itemListElement\":[{\"@type\":\"ListItem\",\"position\":1,\"name\":\"Home\",\"item\":\"https:\/\/www.catpowertools.com\/es\/\"},{\"@type\":\"ListItem\",\"position\":2,\"name\":\"T\u00e9rminos y condiciones\"}]},{\"@type\":\"WebSite\",\"@id\":\"https:\/\/www.catpowertools.com\/es\/#website\",\"url\":\"https:\/\/www.catpowertools.com\/es\/\",\"name\":\"Cat Power Tools\",\"description\":\"Just another WordPress site\",\"potentialAction\":[{\"@type\":\"SearchAction\",\"target\":{\"@type\":\"EntryPoint\",\"urlTemplate\":\"https:\/\/www.catpowertools.com\/es\/?s={search_term_string}\"},\"query-input\":{\"@type\":\"PropertyValueSpecification\",\"valueRequired\":true,\"valueName\":\"search_term_string\"}}],\"inLanguage\":\"es\"}]}<\/script>\n<!-- \/ Yoast SEO plugin. -->","yoast_head_json":{"title":"T\u00e9rminos y condiciones - Cat Power Tools","robots":{"index":"index","follow":"follow","max-snippet":"max-snippet:-1","max-image-preview":"max-image-preview:large","max-video-preview":"max-video-preview:-1"},"canonical":"https:\/\/www.catpowertools.com\/es\/terminos-y-condiciones\/","og_locale":"es_ES","og_type":"article","og_title":"T\u00e9rminos y condiciones - Cat Power Tools","og_description":"CONDICIONES DE VENTA ONLINE (\u00abCONDICIONES\u00bb) En estos t\u00e9rminos y condiciones \u00abnosotros\u00bb y \u00abCATPOWERTOOLS\u00bb significa Positec Tool Corporation, sus filiales Positec USA, Inc. y RW Direct, Inc. y sus empresas afiliadas relacionadas. \u00abUsted\u00bb se refiere a usted como usuario de este sitio web o como cliente de CATPOWERTOOLS. Al visitar este sitio web o realizar un [&hellip;]","og_url":"https:\/\/www.catpowertools.com\/es\/terminos-y-condiciones\/","og_site_name":"Cat Power Tools","article_modified_time":"2022-02-01T17:29:41+00:00","twitter_card":"summary_large_image","twitter_misc":{"Tiempo de lectura":"10 minutos"},"schema":{"@context":"https:\/\/schema.org","@graph":[{"@type":"WebPage","@id":"https:\/\/www.catpowertools.com\/es\/terminos-y-condiciones\/","url":"https:\/\/www.catpowertools.com\/es\/terminos-y-condiciones\/","name":"T\u00e9rminos y condiciones - Cat Power Tools","isPartOf":{"@id":"https:\/\/www.catpowertools.com\/es\/#website"},"datePublished":"2021-11-18T21:12:29+00:00","dateModified":"2022-02-01T17:29:41+00:00","breadcrumb":{"@id":"https:\/\/www.catpowertools.com\/es\/terminos-y-condiciones\/#breadcrumb"},"inLanguage":"es","potentialAction":[{"@type":"ReadAction","target":["https:\/\/www.catpowertools.com\/es\/terminos-y-condiciones\/"]}]},{"@type":"BreadcrumbList","@id":"https:\/\/www.catpowertools.com\/es\/terminos-y-condiciones\/#breadcrumb","itemListElement":[{"@type":"ListItem","position":1,"name":"Home","item":"https:\/\/www.catpowertools.com\/es\/"},{"@type":"ListItem","position":2,"name":"T\u00e9rminos y condiciones"}]},{"@type":"WebSite","@id":"https:\/\/www.catpowertools.com\/es\/#website","url":"https:\/\/www.catpowertools.com\/es\/","name":"Cat Power Tools","description":"Just another WordPress site","potentialAction":[{"@type":"SearchAction","target":{"@type":"EntryPoint","urlTemplate":"https:\/\/www.catpowertools.com\/es\/?s={search_term_string}"},"query-input":{"@type":"PropertyValueSpecification","valueRequired":true,"valueName":"search_term_string"}}],"inLanguage":"es"}]}},"_links":{"self":[{"href":"https:\/\/www.catpowertools.com\/es\/wp-json\/wp\/v2\/pages\/5174","targetHints":{"allow":["GET"]}}],"collection":[{"href":"https:\/\/www.catpowertools.com\/es\/wp-json\/wp\/v2\/pages"}],"about":[{"href":"https:\/\/www.catpowertools.com\/es\/wp-json\/wp\/v2\/types\/page"}],"author":[{"embeddable":true,"href":"https:\/\/www.catpowertools.com\/es\/wp-json\/wp\/v2\/users\/1"}],"replies":[{"embeddable":true,"href":"https:\/\/www.catpowertools.com\/es\/wp-json\/wp\/v2\/comments?post=5174"}],"version-history":[{"count":0,"href":"https:\/\/www.catpowertools.com\/es\/wp-json\/wp\/v2\/pages\/5174\/revisions"}],"wp:attachment":[{"href":"https:\/\/www.catpowertools.com\/es\/wp-json\/wp\/v2\/media?parent=5174"}],"curies":[{"name":"wp","href":"https:\/\/api.w.org\/{rel}","templated":true}]}}