{"id":5037,"date":"2021-10-11T14:41:43","date_gmt":"2021-10-11T18:41:43","guid":{"rendered":"https:\/\/www.catpowertools.com\/product\/bateria-de-grafeno-18v-5ah-1-para-todos\/"},"modified":"2022-02-08T15:49:26","modified_gmt":"2022-02-08T20:49:26","slug":"18v-i-para-todo-bateria-de-grafeno-5ah","status":"publish","type":"product","link":"https:\/\/www.catpowertools.com\/es\/producto\/18v-i-para-todo-bateria-de-grafeno-5ah\/","title":{"rendered":"BATER\u00cdA DE GRAFENO 18V 5AH 1 PARA TODOS"},"content":{"rendered":"","protected":false},"excerpt":{"rendered":"<p>Esta bater\u00eda de 18V 5.0Ah Graphene es la pr\u00f3xima innovaci\u00f3n en tecnolog\u00eda de bater\u00edas sin cable. Ofrece una carga 4 veces m\u00e1s r\u00e1pida, un ciclo de vida 3 veces m\u00e1s largo y 2 veces m\u00e1s potencia que las bater\u00edas de iones de litio tradicionales. La comunicaci\u00f3n entre la bater\u00eda y la herramienta optimiza el rendimiento de todas las aplicaciones. El indicador LED de combustible proporciona informaci\u00f3n inmediata sobre el estado de carga. Las bater\u00edas Cat\u00ae 18V Graphene est\u00e1n respaldadas por una garant\u00eda de 5 a\u00f1os.<\/p>\n","protected":false},"featured_media":2835,"comment_status":"closed","ping_status":"closed","template":"","meta":{"_acf_changed":false},"product_brand":[],"product_cat":[236],"product_tag":[],"class_list":{"0":"post-5037","1":"product","2":"type-product","3":"status-publish","4":"has-post-thumbnail","6":"product_cat-baterias-de-18v","8":"first","9":"instock","10":"product-type-external"},"acf":[],"yoast_head":"<!-- This site is optimized with the Yoast SEO plugin v26.6 - https:\/\/yoast.com\/wordpress\/plugins\/seo\/ -->\n<title>BATER\u00cdA DE GRAFENO 18V 5AH 1 PARA TODOS - Cat Power Tools<\/title>\n<meta name=\"robots\" content=\"index, follow, max-snippet:-1, max-image-preview:large, max-video-preview:-1\" \/>\n<link rel=\"canonical\" href=\"https:\/\/www.catpowertools.com\/es\/producto\/18v-i-para-todo-bateria-de-grafeno-5ah\/\" \/>\n<meta property=\"og:locale\" content=\"es_ES\" \/>\n<meta property=\"og:type\" content=\"article\" \/>\n<meta property=\"og:title\" content=\"BATER\u00cdA DE GRAFENO 18V 5AH 1 PARA TODOS - Cat Power Tools\" \/>\n<meta property=\"og:description\" content=\"Esta bater\u00eda de 18V 5.0Ah Graphene es la pr\u00f3xima innovaci\u00f3n en tecnolog\u00eda de bater\u00edas sin cable. Ofrece una carga 4 veces m\u00e1s r\u00e1pida, un ciclo de vida 3 veces m\u00e1s largo y 2 veces m\u00e1s potencia que las bater\u00edas de iones de litio tradicionales. La comunicaci\u00f3n entre la bater\u00eda y la herramienta optimiza el rendimiento de todas las aplicaciones. El indicador LED de combustible proporciona informaci\u00f3n inmediata sobre el estado de carga. Las bater\u00edas Cat\u00ae 18V Graphene est\u00e1n respaldadas por una garant\u00eda de 5 a\u00f1os.\" \/>\n<meta property=\"og:url\" content=\"https:\/\/www.catpowertools.com\/es\/producto\/18v-i-para-todo-bateria-de-grafeno-5ah\/\" \/>\n<meta property=\"og:site_name\" content=\"Cat Power Tools\" \/>\n<meta property=\"article:modified_time\" content=\"2022-02-08T20:49:26+00:00\" \/>\n<meta property=\"og:image\" content=\"https:\/\/www.catpowertools.com\/wp-content\/uploads\/2021\/10\/gxb5-carousel-image-1.png\" \/>\n\t<meta property=\"og:image:width\" content=\"960\" \/>\n\t<meta property=\"og:image:height\" content=\"525\" \/>\n\t<meta property=\"og:image:type\" content=\"image\/png\" \/>\n<meta name=\"twitter:card\" content=\"summary_large_image\" \/>\n<script type=\"application\/ld+json\" class=\"yoast-schema-graph\">{\"@context\":\"https:\/\/schema.org\",\"@graph\":[{\"@type\":\"WebPage\",\"@id\":\"https:\/\/www.catpowertools.com\/es\/producto\/18v-i-para-todo-bateria-de-grafeno-5ah\/\",\"url\":\"https:\/\/www.catpowertools.com\/es\/producto\/18v-i-para-todo-bateria-de-grafeno-5ah\/\",\"name\":\"BATER\u00cdA DE GRAFENO 18V 5AH 1 PARA TODOS - Cat Power Tools\",\"isPartOf\":{\"@id\":\"https:\/\/www.catpowertools.com\/es\/#website\"},\"primaryImageOfPage\":{\"@id\":\"https:\/\/www.catpowertools.com\/es\/producto\/18v-i-para-todo-bateria-de-grafeno-5ah\/#primaryimage\"},\"image\":{\"@id\":\"https:\/\/www.catpowertools.com\/es\/producto\/18v-i-para-todo-bateria-de-grafeno-5ah\/#primaryimage\"},\"thumbnailUrl\":\"https:\/\/www.catpowertools.com\/wp-content\/uploads\/2021\/10\/gxb5-carousel-image-1.png\",\"datePublished\":\"2021-10-11T18:41:43+00:00\",\"dateModified\":\"2022-02-08T20:49:26+00:00\",\"breadcrumb\":{\"@id\":\"https:\/\/www.catpowertools.com\/es\/producto\/18v-i-para-todo-bateria-de-grafeno-5ah\/#breadcrumb\"},\"inLanguage\":\"es\",\"potentialAction\":[{\"@type\":\"ReadAction\",\"target\":[\"https:\/\/www.catpowertools.com\/es\/producto\/18v-i-para-todo-bateria-de-grafeno-5ah\/\"]}]},{\"@type\":\"ImageObject\",\"inLanguage\":\"es\",\"@id\":\"https:\/\/www.catpowertools.com\/es\/producto\/18v-i-para-todo-bateria-de-grafeno-5ah\/#primaryimage\",\"url\":\"https:\/\/www.catpowertools.com\/wp-content\/uploads\/2021\/10\/gxb5-carousel-image-1.png\",\"contentUrl\":\"https:\/\/www.catpowertools.com\/wp-content\/uploads\/2021\/10\/gxb5-carousel-image-1.png\",\"width\":960,\"height\":525},{\"@type\":\"BreadcrumbList\",\"@id\":\"https:\/\/www.catpowertools.com\/es\/producto\/18v-i-para-todo-bateria-de-grafeno-5ah\/#breadcrumb\",\"itemListElement\":[{\"@type\":\"ListItem\",\"position\":1,\"name\":\"Home\",\"item\":\"https:\/\/www.catpowertools.com\/es\/\"},{\"@type\":\"ListItem\",\"position\":2,\"name\":\"Tienda\",\"item\":\"https:\/\/www.catpowertools.com\/shop\/\"},{\"@type\":\"ListItem\",\"position\":3,\"name\":\"BATER\u00cdA DE GRAFENO 18V 5AH 1 PARA TODOS\"}]},{\"@type\":\"WebSite\",\"@id\":\"https:\/\/www.catpowertools.com\/es\/#website\",\"url\":\"https:\/\/www.catpowertools.com\/es\/\",\"name\":\"Cat Power Tools\",\"description\":\"Just another WordPress site\",\"potentialAction\":[{\"@type\":\"SearchAction\",\"target\":{\"@type\":\"EntryPoint\",\"urlTemplate\":\"https:\/\/www.catpowertools.com\/es\/?s={search_term_string}\"},\"query-input\":{\"@type\":\"PropertyValueSpecification\",\"valueRequired\":true,\"valueName\":\"search_term_string\"}}],\"inLanguage\":\"es\"}]}<\/script>\n<!-- \/ Yoast SEO plugin. -->","yoast_head_json":{"title":"BATER\u00cdA DE GRAFENO 18V 5AH 1 PARA TODOS - Cat Power Tools","robots":{"index":"index","follow":"follow","max-snippet":"max-snippet:-1","max-image-preview":"max-image-preview:large","max-video-preview":"max-video-preview:-1"},"canonical":"https:\/\/www.catpowertools.com\/es\/producto\/18v-i-para-todo-bateria-de-grafeno-5ah\/","og_locale":"es_ES","og_type":"article","og_title":"BATER\u00cdA DE GRAFENO 18V 5AH 1 PARA TODOS - Cat Power Tools","og_description":"Esta bater\u00eda de 18V 5.0Ah Graphene es la pr\u00f3xima innovaci\u00f3n en tecnolog\u00eda de bater\u00edas sin cable. Ofrece una carga 4 veces m\u00e1s r\u00e1pida, un ciclo de vida 3 veces m\u00e1s largo y 2 veces m\u00e1s potencia que las bater\u00edas de iones de litio tradicionales. La comunicaci\u00f3n entre la bater\u00eda y la herramienta optimiza el rendimiento de todas las aplicaciones. El indicador LED de combustible proporciona informaci\u00f3n inmediata sobre el estado de carga. Las bater\u00edas Cat\u00ae 18V Graphene est\u00e1n respaldadas por una garant\u00eda de 5 a\u00f1os.","og_url":"https:\/\/www.catpowertools.com\/es\/producto\/18v-i-para-todo-bateria-de-grafeno-5ah\/","og_site_name":"Cat Power Tools","article_modified_time":"2022-02-08T20:49:26+00:00","og_image":[{"width":960,"height":525,"url":"https:\/\/www.catpowertools.com\/wp-content\/uploads\/2021\/10\/gxb5-carousel-image-1.png","type":"image\/png"}],"twitter_card":"summary_large_image","schema":{"@context":"https:\/\/schema.org","@graph":[{"@type":"WebPage","@id":"https:\/\/www.catpowertools.com\/es\/producto\/18v-i-para-todo-bateria-de-grafeno-5ah\/","url":"https:\/\/www.catpowertools.com\/es\/producto\/18v-i-para-todo-bateria-de-grafeno-5ah\/","name":"BATER\u00cdA DE GRAFENO 18V 5AH 1 PARA TODOS - Cat Power Tools","isPartOf":{"@id":"https:\/\/www.catpowertools.com\/es\/#website"},"primaryImageOfPage":{"@id":"https:\/\/www.catpowertools.com\/es\/producto\/18v-i-para-todo-bateria-de-grafeno-5ah\/#primaryimage"},"image":{"@id":"https:\/\/www.catpowertools.com\/es\/producto\/18v-i-para-todo-bateria-de-grafeno-5ah\/#primaryimage"},"thumbnailUrl":"https:\/\/www.catpowertools.com\/wp-content\/uploads\/2021\/10\/gxb5-carousel-image-1.png","datePublished":"2021-10-11T18:41:43+00:00","dateModified":"2022-02-08T20:49:26+00:00","breadcrumb":{"@id":"https:\/\/www.catpowertools.com\/es\/producto\/18v-i-para-todo-bateria-de-grafeno-5ah\/#breadcrumb"},"inLanguage":"es","potentialAction":[{"@type":"ReadAction","target":["https:\/\/www.catpowertools.com\/es\/producto\/18v-i-para-todo-bateria-de-grafeno-5ah\/"]}]},{"@type":"ImageObject","inLanguage":"es","@id":"https:\/\/www.catpowertools.com\/es\/producto\/18v-i-para-todo-bateria-de-grafeno-5ah\/#primaryimage","url":"https:\/\/www.catpowertools.com\/wp-content\/uploads\/2021\/10\/gxb5-carousel-image-1.png","contentUrl":"https:\/\/www.catpowertools.com\/wp-content\/uploads\/2021\/10\/gxb5-carousel-image-1.png","width":960,"height":525},{"@type":"BreadcrumbList","@id":"https:\/\/www.catpowertools.com\/es\/producto\/18v-i-para-todo-bateria-de-grafeno-5ah\/#breadcrumb","itemListElement":[{"@type":"ListItem","position":1,"name":"Home","item":"https:\/\/www.catpowertools.com\/es\/"},{"@type":"ListItem","position":2,"name":"Tienda","item":"https:\/\/www.catpowertools.com\/shop\/"},{"@type":"ListItem","position":3,"name":"BATER\u00cdA DE GRAFENO 18V 5AH 1 PARA TODOS"}]},{"@type":"WebSite","@id":"https:\/\/www.catpowertools.com\/es\/#website","url":"https:\/\/www.catpowertools.com\/es\/","name":"Cat Power Tools","description":"Just another WordPress site","potentialAction":[{"@type":"SearchAction","target":{"@type":"EntryPoint","urlTemplate":"https:\/\/www.catpowertools.com\/es\/?s={search_term_string}"},"query-input":{"@type":"PropertyValueSpecification","valueRequired":true,"valueName":"search_term_string"}}],"inLanguage":"es"}]}},"_links":{"self":[{"href":"https:\/\/www.catpowertools.com\/es\/wp-json\/wp\/v2\/product\/5037","targetHints":{"allow":["GET"]}}],"collection":[{"href":"https:\/\/www.catpowertools.com\/es\/wp-json\/wp\/v2\/product"}],"about":[{"href":"https:\/\/www.catpowertools.com\/es\/wp-json\/wp\/v2\/types\/product"}],"replies":[{"embeddable":true,"href":"https:\/\/www.catpowertools.com\/es\/wp-json\/wp\/v2\/comments?post=5037"}],"wp:featuredmedia":[{"embeddable":true,"href":"https:\/\/www.catpowertools.com\/es\/wp-json\/wp\/v2\/media\/2835"}],"wp:attachment":[{"href":"https:\/\/www.catpowertools.com\/es\/wp-json\/wp\/v2\/media?parent=5037"}],"wp:term":[{"taxonomy":"product_brand","embeddable":true,"href":"https:\/\/www.catpowertools.com\/es\/wp-json\/wp\/v2\/product_brand?post=5037"},{"taxonomy":"product_cat","embeddable":true,"href":"https:\/\/www.catpowertools.com\/es\/wp-json\/wp\/v2\/product_cat?post=5037"},{"taxonomy":"product_tag","embeddable":true,"href":"https:\/\/www.catpowertools.com\/es\/wp-json\/wp\/v2\/product_tag?post=5037"}],"curies":[{"name":"wp","href":"https:\/\/api.w.org\/{rel}","templated":true}]}}