{"id":5055,"date":"2021-10-11T14:41:43","date_gmt":"2021-10-11T18:41:43","guid":{"rendered":"https:\/\/www.catpowertools.com\/product\/multiherramienta-oscilante-con-cable-de-35a\/"},"modified":"2022-02-08T15:49:56","modified_gmt":"2022-02-08T20:49:56","slug":"3-5a-cordon-oscilante-multiherramienta","status":"publish","type":"product","link":"https:\/\/www.catpowertools.com\/es\/producto\/3-5a-cordon-oscilante-multiherramienta\/","title":{"rendered":"MULTIHERRAMIENTA OSCILANTE CON CABLE DE 3,5A"},"content":{"rendered":"","protected":false},"excerpt":{"rendered":"<p>Esta multiherramienta oscilante de 3,5 amperios ofrece 3,2\u00b0 de oscilaci\u00f3n a 11.000 &#8211; 20.000 OPM. El dise\u00f1o del cuerpo delgado, el control de velocidad variable y el interruptor deslizante ofrecen facilidad de uso. El accesorio de cuchilla universal sin herramientas facilita el cambio de accesorios para cualquier aplicaci\u00f3n. Las herramientas el\u00e9ctricas Cat\u00ae est\u00e1n respaldadas por una garant\u00eda de 3 a\u00f1os.<\/p>\n","protected":false},"featured_media":2753,"comment_status":"closed","ping_status":"closed","template":"","meta":{"_acf_changed":false},"product_brand":[],"product_cat":[242,261],"product_tag":[],"class_list":{"0":"post-5055","1":"product","2":"type-product","3":"status-publish","4":"has-post-thumbnail","6":"product_cat-herramientas-electricas-con-cable-de-ca","7":"product_cat-oscilante-es","9":"first","10":"instock","11":"product-type-external"},"acf":[],"yoast_head":"<!-- This site is optimized with the Yoast SEO plugin v26.6 - https:\/\/yoast.com\/wordpress\/plugins\/seo\/ -->\n<title>MULTIHERRAMIENTA OSCILANTE CON CABLE DE 3,5A - Cat Power Tools<\/title>\n<meta name=\"robots\" content=\"index, follow, max-snippet:-1, max-image-preview:large, max-video-preview:-1\" \/>\n<link rel=\"canonical\" href=\"https:\/\/www.catpowertools.com\/es\/producto\/3-5a-cordon-oscilante-multiherramienta\/\" \/>\n<meta property=\"og:locale\" content=\"es_ES\" \/>\n<meta property=\"og:type\" content=\"article\" \/>\n<meta property=\"og:title\" content=\"MULTIHERRAMIENTA OSCILANTE CON CABLE DE 3,5A - Cat Power Tools\" \/>\n<meta property=\"og:description\" content=\"Esta multiherramienta oscilante de 3,5 amperios ofrece 3,2\u00b0 de oscilaci\u00f3n a 11.000 - 20.000 OPM. El dise\u00f1o del cuerpo delgado, el control de velocidad variable y el interruptor deslizante ofrecen facilidad de uso. El accesorio de cuchilla universal sin herramientas facilita el cambio de accesorios para cualquier aplicaci\u00f3n. Las herramientas el\u00e9ctricas Cat\u00ae est\u00e1n respaldadas por una garant\u00eda de 3 a\u00f1os.\" \/>\n<meta property=\"og:url\" content=\"https:\/\/www.catpowertools.com\/es\/producto\/3-5a-cordon-oscilante-multiherramienta\/\" \/>\n<meta property=\"og:site_name\" content=\"Cat Power Tools\" \/>\n<meta property=\"article:modified_time\" content=\"2022-02-08T20:49:56+00:00\" \/>\n<meta property=\"og:image\" content=\"https:\/\/www.catpowertools.com\/wp-content\/uploads\/2021\/10\/dx49u-carousel-image-1.png\" \/>\n\t<meta property=\"og:image:width\" content=\"960\" \/>\n\t<meta property=\"og:image:height\" content=\"525\" \/>\n\t<meta property=\"og:image:type\" content=\"image\/png\" \/>\n<meta name=\"twitter:card\" content=\"summary_large_image\" \/>\n<script type=\"application\/ld+json\" class=\"yoast-schema-graph\">{\"@context\":\"https:\/\/schema.org\",\"@graph\":[{\"@type\":\"WebPage\",\"@id\":\"https:\/\/www.catpowertools.com\/es\/producto\/3-5a-cordon-oscilante-multiherramienta\/\",\"url\":\"https:\/\/www.catpowertools.com\/es\/producto\/3-5a-cordon-oscilante-multiherramienta\/\",\"name\":\"MULTIHERRAMIENTA OSCILANTE CON CABLE DE 3,5A - Cat Power Tools\",\"isPartOf\":{\"@id\":\"https:\/\/www.catpowertools.com\/es\/#website\"},\"primaryImageOfPage\":{\"@id\":\"https:\/\/www.catpowertools.com\/es\/producto\/3-5a-cordon-oscilante-multiherramienta\/#primaryimage\"},\"image\":{\"@id\":\"https:\/\/www.catpowertools.com\/es\/producto\/3-5a-cordon-oscilante-multiherramienta\/#primaryimage\"},\"thumbnailUrl\":\"https:\/\/www.catpowertools.com\/wp-content\/uploads\/2021\/10\/dx49u-carousel-image-1.png\",\"datePublished\":\"2021-10-11T18:41:43+00:00\",\"dateModified\":\"2022-02-08T20:49:56+00:00\",\"breadcrumb\":{\"@id\":\"https:\/\/www.catpowertools.com\/es\/producto\/3-5a-cordon-oscilante-multiherramienta\/#breadcrumb\"},\"inLanguage\":\"es\",\"potentialAction\":[{\"@type\":\"ReadAction\",\"target\":[\"https:\/\/www.catpowertools.com\/es\/producto\/3-5a-cordon-oscilante-multiherramienta\/\"]}]},{\"@type\":\"ImageObject\",\"inLanguage\":\"es\",\"@id\":\"https:\/\/www.catpowertools.com\/es\/producto\/3-5a-cordon-oscilante-multiherramienta\/#primaryimage\",\"url\":\"https:\/\/www.catpowertools.com\/wp-content\/uploads\/2021\/10\/dx49u-carousel-image-1.png\",\"contentUrl\":\"https:\/\/www.catpowertools.com\/wp-content\/uploads\/2021\/10\/dx49u-carousel-image-1.png\",\"width\":960,\"height\":525},{\"@type\":\"BreadcrumbList\",\"@id\":\"https:\/\/www.catpowertools.com\/es\/producto\/3-5a-cordon-oscilante-multiherramienta\/#breadcrumb\",\"itemListElement\":[{\"@type\":\"ListItem\",\"position\":1,\"name\":\"Home\",\"item\":\"https:\/\/www.catpowertools.com\/es\/\"},{\"@type\":\"ListItem\",\"position\":2,\"name\":\"Tienda\",\"item\":\"https:\/\/www.catpowertools.com\/shop\/\"},{\"@type\":\"ListItem\",\"position\":3,\"name\":\"MULTIHERRAMIENTA OSCILANTE CON CABLE DE 3,5A\"}]},{\"@type\":\"WebSite\",\"@id\":\"https:\/\/www.catpowertools.com\/es\/#website\",\"url\":\"https:\/\/www.catpowertools.com\/es\/\",\"name\":\"Cat Power Tools\",\"description\":\"Just another WordPress site\",\"potentialAction\":[{\"@type\":\"SearchAction\",\"target\":{\"@type\":\"EntryPoint\",\"urlTemplate\":\"https:\/\/www.catpowertools.com\/es\/?s={search_term_string}\"},\"query-input\":{\"@type\":\"PropertyValueSpecification\",\"valueRequired\":true,\"valueName\":\"search_term_string\"}}],\"inLanguage\":\"es\"}]}<\/script>\n<!-- \/ Yoast SEO plugin. -->","yoast_head_json":{"title":"MULTIHERRAMIENTA OSCILANTE CON CABLE DE 3,5A - Cat Power Tools","robots":{"index":"index","follow":"follow","max-snippet":"max-snippet:-1","max-image-preview":"max-image-preview:large","max-video-preview":"max-video-preview:-1"},"canonical":"https:\/\/www.catpowertools.com\/es\/producto\/3-5a-cordon-oscilante-multiherramienta\/","og_locale":"es_ES","og_type":"article","og_title":"MULTIHERRAMIENTA OSCILANTE CON CABLE DE 3,5A - Cat Power Tools","og_description":"Esta multiherramienta oscilante de 3,5 amperios ofrece 3,2\u00b0 de oscilaci\u00f3n a 11.000 - 20.000 OPM. El dise\u00f1o del cuerpo delgado, el control de velocidad variable y el interruptor deslizante ofrecen facilidad de uso. El accesorio de cuchilla universal sin herramientas facilita el cambio de accesorios para cualquier aplicaci\u00f3n. Las herramientas el\u00e9ctricas Cat\u00ae est\u00e1n respaldadas por una garant\u00eda de 3 a\u00f1os.","og_url":"https:\/\/www.catpowertools.com\/es\/producto\/3-5a-cordon-oscilante-multiherramienta\/","og_site_name":"Cat Power Tools","article_modified_time":"2022-02-08T20:49:56+00:00","og_image":[{"width":960,"height":525,"url":"https:\/\/www.catpowertools.com\/wp-content\/uploads\/2021\/10\/dx49u-carousel-image-1.png","type":"image\/png"}],"twitter_card":"summary_large_image","schema":{"@context":"https:\/\/schema.org","@graph":[{"@type":"WebPage","@id":"https:\/\/www.catpowertools.com\/es\/producto\/3-5a-cordon-oscilante-multiherramienta\/","url":"https:\/\/www.catpowertools.com\/es\/producto\/3-5a-cordon-oscilante-multiherramienta\/","name":"MULTIHERRAMIENTA OSCILANTE CON CABLE DE 3,5A - Cat Power Tools","isPartOf":{"@id":"https:\/\/www.catpowertools.com\/es\/#website"},"primaryImageOfPage":{"@id":"https:\/\/www.catpowertools.com\/es\/producto\/3-5a-cordon-oscilante-multiherramienta\/#primaryimage"},"image":{"@id":"https:\/\/www.catpowertools.com\/es\/producto\/3-5a-cordon-oscilante-multiherramienta\/#primaryimage"},"thumbnailUrl":"https:\/\/www.catpowertools.com\/wp-content\/uploads\/2021\/10\/dx49u-carousel-image-1.png","datePublished":"2021-10-11T18:41:43+00:00","dateModified":"2022-02-08T20:49:56+00:00","breadcrumb":{"@id":"https:\/\/www.catpowertools.com\/es\/producto\/3-5a-cordon-oscilante-multiherramienta\/#breadcrumb"},"inLanguage":"es","potentialAction":[{"@type":"ReadAction","target":["https:\/\/www.catpowertools.com\/es\/producto\/3-5a-cordon-oscilante-multiherramienta\/"]}]},{"@type":"ImageObject","inLanguage":"es","@id":"https:\/\/www.catpowertools.com\/es\/producto\/3-5a-cordon-oscilante-multiherramienta\/#primaryimage","url":"https:\/\/www.catpowertools.com\/wp-content\/uploads\/2021\/10\/dx49u-carousel-image-1.png","contentUrl":"https:\/\/www.catpowertools.com\/wp-content\/uploads\/2021\/10\/dx49u-carousel-image-1.png","width":960,"height":525},{"@type":"BreadcrumbList","@id":"https:\/\/www.catpowertools.com\/es\/producto\/3-5a-cordon-oscilante-multiherramienta\/#breadcrumb","itemListElement":[{"@type":"ListItem","position":1,"name":"Home","item":"https:\/\/www.catpowertools.com\/es\/"},{"@type":"ListItem","position":2,"name":"Tienda","item":"https:\/\/www.catpowertools.com\/shop\/"},{"@type":"ListItem","position":3,"name":"MULTIHERRAMIENTA OSCILANTE CON CABLE DE 3,5A"}]},{"@type":"WebSite","@id":"https:\/\/www.catpowertools.com\/es\/#website","url":"https:\/\/www.catpowertools.com\/es\/","name":"Cat Power Tools","description":"Just another WordPress site","potentialAction":[{"@type":"SearchAction","target":{"@type":"EntryPoint","urlTemplate":"https:\/\/www.catpowertools.com\/es\/?s={search_term_string}"},"query-input":{"@type":"PropertyValueSpecification","valueRequired":true,"valueName":"search_term_string"}}],"inLanguage":"es"}]}},"_links":{"self":[{"href":"https:\/\/www.catpowertools.com\/es\/wp-json\/wp\/v2\/product\/5055","targetHints":{"allow":["GET"]}}],"collection":[{"href":"https:\/\/www.catpowertools.com\/es\/wp-json\/wp\/v2\/product"}],"about":[{"href":"https:\/\/www.catpowertools.com\/es\/wp-json\/wp\/v2\/types\/product"}],"replies":[{"embeddable":true,"href":"https:\/\/www.catpowertools.com\/es\/wp-json\/wp\/v2\/comments?post=5055"}],"wp:featuredmedia":[{"embeddable":true,"href":"https:\/\/www.catpowertools.com\/es\/wp-json\/wp\/v2\/media\/2753"}],"wp:attachment":[{"href":"https:\/\/www.catpowertools.com\/es\/wp-json\/wp\/v2\/media?parent=5055"}],"wp:term":[{"taxonomy":"product_brand","embeddable":true,"href":"https:\/\/www.catpowertools.com\/es\/wp-json\/wp\/v2\/product_brand?post=5055"},{"taxonomy":"product_cat","embeddable":true,"href":"https:\/\/www.catpowertools.com\/es\/wp-json\/wp\/v2\/product_cat?post=5055"},{"taxonomy":"product_tag","embeddable":true,"href":"https:\/\/www.catpowertools.com\/es\/wp-json\/wp\/v2\/product_tag?post=5055"}],"curies":[{"name":"wp","href":"https:\/\/api.w.org\/{rel}","templated":true}]}}