{"id":5056,"date":"2021-10-11T14:41:43","date_gmt":"2021-10-11T18:41:43","guid":{"rendered":"https:\/\/www.catpowertools.com\/product\/18v-15a-1-para-todos-los-cargadores-de-rayos\/"},"modified":"2022-02-08T15:49:58","modified_gmt":"2022-02-08T20:49:58","slug":"18v-1-for-all-15a-quick-charger-2","status":"publish","type":"product","link":"https:\/\/www.catpowertools.com\/es\/producto\/18v-1-for-all-15a-quick-charger-2\/","title":{"rendered":"18V 15A 1 PARA TODOS LOS CARGADORES DE RAYOS"},"content":{"rendered":"","protected":false},"excerpt":{"rendered":"<p>Este cargador de 18V incluye un sistema de gesti\u00f3n de la carga que identifica de forma inteligente los amperios hora del paquete de bater\u00edas para proporcionar la carga m\u00e1s r\u00e1pida posible. Tambi\u00e9n diagnostica la bater\u00eda antes de cargarla para optimizar su duraci\u00f3n. Este cargador carga la bater\u00eda Graphene de 5,0 Ah en s\u00f3lo 20 minutos.<\/p>\n","protected":false},"featured_media":2853,"comment_status":"closed","ping_status":"closed","template":"","meta":{"_acf_changed":false},"product_brand":[],"product_cat":[237],"product_tag":[],"class_list":{"0":"post-5056","1":"product","2":"type-product","3":"status-publish","4":"has-post-thumbnail","6":"product_cat-cargadores-de-18v","8":"first","9":"instock","10":"product-type-external"},"acf":[],"yoast_head":"<!-- This site is optimized with the Yoast SEO plugin v26.6 - https:\/\/yoast.com\/wordpress\/plugins\/seo\/ -->\n<title>18V 15A 1 PARA TODOS LOS CARGADORES DE RAYOS - Cat Power Tools<\/title>\n<meta name=\"robots\" content=\"index, follow, max-snippet:-1, max-image-preview:large, max-video-preview:-1\" \/>\n<link rel=\"canonical\" href=\"https:\/\/www.catpowertools.com\/es\/producto\/18v-1-for-all-15a-quick-charger-2\/\" \/>\n<meta property=\"og:locale\" content=\"es_ES\" \/>\n<meta property=\"og:type\" content=\"article\" \/>\n<meta property=\"og:title\" content=\"18V 15A 1 PARA TODOS LOS CARGADORES DE RAYOS - Cat Power Tools\" \/>\n<meta property=\"og:description\" content=\"Este cargador de 18V incluye un sistema de gesti\u00f3n de la carga que identifica de forma inteligente los amperios hora del paquete de bater\u00edas para proporcionar la carga m\u00e1s r\u00e1pida posible. Tambi\u00e9n diagnostica la bater\u00eda antes de cargarla para optimizar su duraci\u00f3n. Este cargador carga la bater\u00eda Graphene de 5,0 Ah en s\u00f3lo 20 minutos.\" \/>\n<meta property=\"og:url\" content=\"https:\/\/www.catpowertools.com\/es\/producto\/18v-1-for-all-15a-quick-charger-2\/\" \/>\n<meta property=\"og:site_name\" content=\"Cat Power Tools\" \/>\n<meta property=\"article:modified_time\" content=\"2022-02-08T20:49:58+00:00\" \/>\n<meta property=\"og:image\" content=\"https:\/\/www.catpowertools.com\/wp-content\/uploads\/2021\/10\/dxc15-carousel-image-1.png\" \/>\n\t<meta property=\"og:image:width\" content=\"960\" \/>\n\t<meta property=\"og:image:height\" content=\"525\" \/>\n\t<meta property=\"og:image:type\" content=\"image\/png\" \/>\n<meta name=\"twitter:card\" content=\"summary_large_image\" \/>\n<script type=\"application\/ld+json\" class=\"yoast-schema-graph\">{\"@context\":\"https:\/\/schema.org\",\"@graph\":[{\"@type\":\"WebPage\",\"@id\":\"https:\/\/www.catpowertools.com\/es\/producto\/18v-1-for-all-15a-quick-charger-2\/\",\"url\":\"https:\/\/www.catpowertools.com\/es\/producto\/18v-1-for-all-15a-quick-charger-2\/\",\"name\":\"18V 15A 1 PARA TODOS LOS CARGADORES DE RAYOS - Cat Power Tools\",\"isPartOf\":{\"@id\":\"https:\/\/www.catpowertools.com\/es\/#website\"},\"primaryImageOfPage\":{\"@id\":\"https:\/\/www.catpowertools.com\/es\/producto\/18v-1-for-all-15a-quick-charger-2\/#primaryimage\"},\"image\":{\"@id\":\"https:\/\/www.catpowertools.com\/es\/producto\/18v-1-for-all-15a-quick-charger-2\/#primaryimage\"},\"thumbnailUrl\":\"https:\/\/www.catpowertools.com\/wp-content\/uploads\/2021\/10\/dxc15-carousel-image-1.png\",\"datePublished\":\"2021-10-11T18:41:43+00:00\",\"dateModified\":\"2022-02-08T20:49:58+00:00\",\"breadcrumb\":{\"@id\":\"https:\/\/www.catpowertools.com\/es\/producto\/18v-1-for-all-15a-quick-charger-2\/#breadcrumb\"},\"inLanguage\":\"es\",\"potentialAction\":[{\"@type\":\"ReadAction\",\"target\":[\"https:\/\/www.catpowertools.com\/es\/producto\/18v-1-for-all-15a-quick-charger-2\/\"]}]},{\"@type\":\"ImageObject\",\"inLanguage\":\"es\",\"@id\":\"https:\/\/www.catpowertools.com\/es\/producto\/18v-1-for-all-15a-quick-charger-2\/#primaryimage\",\"url\":\"https:\/\/www.catpowertools.com\/wp-content\/uploads\/2021\/10\/dxc15-carousel-image-1.png\",\"contentUrl\":\"https:\/\/www.catpowertools.com\/wp-content\/uploads\/2021\/10\/dxc15-carousel-image-1.png\",\"width\":960,\"height\":525},{\"@type\":\"BreadcrumbList\",\"@id\":\"https:\/\/www.catpowertools.com\/es\/producto\/18v-1-for-all-15a-quick-charger-2\/#breadcrumb\",\"itemListElement\":[{\"@type\":\"ListItem\",\"position\":1,\"name\":\"Home\",\"item\":\"https:\/\/www.catpowertools.com\/es\/\"},{\"@type\":\"ListItem\",\"position\":2,\"name\":\"Tienda\",\"item\":\"https:\/\/www.catpowertools.com\/shop\/\"},{\"@type\":\"ListItem\",\"position\":3,\"name\":\"18V 15A 1 PARA TODOS LOS CARGADORES DE RAYOS\"}]},{\"@type\":\"WebSite\",\"@id\":\"https:\/\/www.catpowertools.com\/es\/#website\",\"url\":\"https:\/\/www.catpowertools.com\/es\/\",\"name\":\"Cat Power Tools\",\"description\":\"Just another WordPress site\",\"potentialAction\":[{\"@type\":\"SearchAction\",\"target\":{\"@type\":\"EntryPoint\",\"urlTemplate\":\"https:\/\/www.catpowertools.com\/es\/?s={search_term_string}\"},\"query-input\":{\"@type\":\"PropertyValueSpecification\",\"valueRequired\":true,\"valueName\":\"search_term_string\"}}],\"inLanguage\":\"es\"}]}<\/script>\n<!-- \/ Yoast SEO plugin. -->","yoast_head_json":{"title":"18V 15A 1 PARA TODOS LOS CARGADORES DE RAYOS - Cat Power Tools","robots":{"index":"index","follow":"follow","max-snippet":"max-snippet:-1","max-image-preview":"max-image-preview:large","max-video-preview":"max-video-preview:-1"},"canonical":"https:\/\/www.catpowertools.com\/es\/producto\/18v-1-for-all-15a-quick-charger-2\/","og_locale":"es_ES","og_type":"article","og_title":"18V 15A 1 PARA TODOS LOS CARGADORES DE RAYOS - Cat Power Tools","og_description":"Este cargador de 18V incluye un sistema de gesti\u00f3n de la carga que identifica de forma inteligente los amperios hora del paquete de bater\u00edas para proporcionar la carga m\u00e1s r\u00e1pida posible. Tambi\u00e9n diagnostica la bater\u00eda antes de cargarla para optimizar su duraci\u00f3n. Este cargador carga la bater\u00eda Graphene de 5,0 Ah en s\u00f3lo 20 minutos.","og_url":"https:\/\/www.catpowertools.com\/es\/producto\/18v-1-for-all-15a-quick-charger-2\/","og_site_name":"Cat Power Tools","article_modified_time":"2022-02-08T20:49:58+00:00","og_image":[{"width":960,"height":525,"url":"https:\/\/www.catpowertools.com\/wp-content\/uploads\/2021\/10\/dxc15-carousel-image-1.png","type":"image\/png"}],"twitter_card":"summary_large_image","schema":{"@context":"https:\/\/schema.org","@graph":[{"@type":"WebPage","@id":"https:\/\/www.catpowertools.com\/es\/producto\/18v-1-for-all-15a-quick-charger-2\/","url":"https:\/\/www.catpowertools.com\/es\/producto\/18v-1-for-all-15a-quick-charger-2\/","name":"18V 15A 1 PARA TODOS LOS CARGADORES DE RAYOS - Cat Power Tools","isPartOf":{"@id":"https:\/\/www.catpowertools.com\/es\/#website"},"primaryImageOfPage":{"@id":"https:\/\/www.catpowertools.com\/es\/producto\/18v-1-for-all-15a-quick-charger-2\/#primaryimage"},"image":{"@id":"https:\/\/www.catpowertools.com\/es\/producto\/18v-1-for-all-15a-quick-charger-2\/#primaryimage"},"thumbnailUrl":"https:\/\/www.catpowertools.com\/wp-content\/uploads\/2021\/10\/dxc15-carousel-image-1.png","datePublished":"2021-10-11T18:41:43+00:00","dateModified":"2022-02-08T20:49:58+00:00","breadcrumb":{"@id":"https:\/\/www.catpowertools.com\/es\/producto\/18v-1-for-all-15a-quick-charger-2\/#breadcrumb"},"inLanguage":"es","potentialAction":[{"@type":"ReadAction","target":["https:\/\/www.catpowertools.com\/es\/producto\/18v-1-for-all-15a-quick-charger-2\/"]}]},{"@type":"ImageObject","inLanguage":"es","@id":"https:\/\/www.catpowertools.com\/es\/producto\/18v-1-for-all-15a-quick-charger-2\/#primaryimage","url":"https:\/\/www.catpowertools.com\/wp-content\/uploads\/2021\/10\/dxc15-carousel-image-1.png","contentUrl":"https:\/\/www.catpowertools.com\/wp-content\/uploads\/2021\/10\/dxc15-carousel-image-1.png","width":960,"height":525},{"@type":"BreadcrumbList","@id":"https:\/\/www.catpowertools.com\/es\/producto\/18v-1-for-all-15a-quick-charger-2\/#breadcrumb","itemListElement":[{"@type":"ListItem","position":1,"name":"Home","item":"https:\/\/www.catpowertools.com\/es\/"},{"@type":"ListItem","position":2,"name":"Tienda","item":"https:\/\/www.catpowertools.com\/shop\/"},{"@type":"ListItem","position":3,"name":"18V 15A 1 PARA TODOS LOS CARGADORES DE RAYOS"}]},{"@type":"WebSite","@id":"https:\/\/www.catpowertools.com\/es\/#website","url":"https:\/\/www.catpowertools.com\/es\/","name":"Cat Power Tools","description":"Just another WordPress site","potentialAction":[{"@type":"SearchAction","target":{"@type":"EntryPoint","urlTemplate":"https:\/\/www.catpowertools.com\/es\/?s={search_term_string}"},"query-input":{"@type":"PropertyValueSpecification","valueRequired":true,"valueName":"search_term_string"}}],"inLanguage":"es"}]}},"_links":{"self":[{"href":"https:\/\/www.catpowertools.com\/es\/wp-json\/wp\/v2\/product\/5056","targetHints":{"allow":["GET"]}}],"collection":[{"href":"https:\/\/www.catpowertools.com\/es\/wp-json\/wp\/v2\/product"}],"about":[{"href":"https:\/\/www.catpowertools.com\/es\/wp-json\/wp\/v2\/types\/product"}],"replies":[{"embeddable":true,"href":"https:\/\/www.catpowertools.com\/es\/wp-json\/wp\/v2\/comments?post=5056"}],"wp:featuredmedia":[{"embeddable":true,"href":"https:\/\/www.catpowertools.com\/es\/wp-json\/wp\/v2\/media\/2853"}],"wp:attachment":[{"href":"https:\/\/www.catpowertools.com\/es\/wp-json\/wp\/v2\/media?parent=5056"}],"wp:term":[{"taxonomy":"product_brand","embeddable":true,"href":"https:\/\/www.catpowertools.com\/es\/wp-json\/wp\/v2\/product_brand?post=5056"},{"taxonomy":"product_cat","embeddable":true,"href":"https:\/\/www.catpowertools.com\/es\/wp-json\/wp\/v2\/product_cat?post=5056"},{"taxonomy":"product_tag","embeddable":true,"href":"https:\/\/www.catpowertools.com\/es\/wp-json\/wp\/v2\/product_tag?post=5056"}],"curies":[{"name":"wp","href":"https:\/\/api.w.org\/{rel}","templated":true}]}}