{"id":5060,"date":"2021-10-11T14:41:43","date_gmt":"2021-10-11T18:41:43","guid":{"rendered":"https:\/\/www.catpowertools.com\/product\/lijadora-de-banda-con-cable-8-5a-3-x21\/"},"modified":"2022-02-08T15:50:07","modified_gmt":"2022-02-08T20:50:07","slug":"8-5a-3x21-corded-belt-sander-2","status":"publish","type":"product","link":"https:\/\/www.catpowertools.com\/es\/producto\/8-5a-3x21-corded-belt-sander-2\/","title":{"rendered":"lijadora de banda con cable 8.5a 3 \u00abx21\u00bb"},"content":{"rendered":"","protected":false},"excerpt":{"rendered":"<p>La lijadora de banda de 3 \u00abx21\u00bb y 8,5 amperios tiene una velocidad sin carga de 790-1.150 FPM, cuenta con una suave empu\u00f1adura ergon\u00f3mica sobremoldeada para mayor comodidad del usuario, una palanca de liberaci\u00f3n r\u00e1pida para facilitar la instalaci\u00f3n de la banda y un interruptor de bloqueo para el funcionamiento continuo cuando sea necesario. Las herramientas el\u00e9ctricas Cat\u00ae est\u00e1n respaldadas por una garant\u00eda de 3 a\u00f1os.<\/p>\n","protected":false},"featured_media":2726,"comment_status":"closed","ping_status":"closed","template":"","meta":{"_acf_changed":false},"product_brand":[],"product_cat":[270],"product_tag":[],"class_list":{"0":"post-5060","1":"product","2":"type-product","3":"status-publish","4":"has-post-thumbnail","6":"product_cat-lijado","8":"first","9":"instock","10":"product-type-external"},"acf":[],"yoast_head":"<!-- This site is optimized with the Yoast SEO plugin v26.6 - https:\/\/yoast.com\/wordpress\/plugins\/seo\/ -->\n<title>lijadora de banda con cable 8.5a 3 &quot;x21&quot; - Cat Power Tools<\/title>\n<meta name=\"robots\" content=\"index, follow, max-snippet:-1, max-image-preview:large, max-video-preview:-1\" \/>\n<link rel=\"canonical\" href=\"https:\/\/www.catpowertools.com\/es\/producto\/8-5a-3x21-corded-belt-sander-2\/\" \/>\n<meta property=\"og:locale\" content=\"es_ES\" \/>\n<meta property=\"og:type\" content=\"article\" \/>\n<meta property=\"og:title\" content=\"lijadora de banda con cable 8.5a 3 &quot;x21&quot; - Cat Power Tools\" \/>\n<meta property=\"og:description\" content=\"La lijadora de banda de 3 &quot;x21&quot; y 8,5 amperios tiene una velocidad sin carga de 790-1.150 FPM, cuenta con una suave empu\u00f1adura ergon\u00f3mica sobremoldeada para mayor comodidad del usuario, una palanca de liberaci\u00f3n r\u00e1pida para facilitar la instalaci\u00f3n de la banda y un interruptor de bloqueo para el funcionamiento continuo cuando sea necesario. Las herramientas el\u00e9ctricas Cat\u00ae est\u00e1n respaldadas por una garant\u00eda de 3 a\u00f1os.\" \/>\n<meta property=\"og:url\" content=\"https:\/\/www.catpowertools.com\/es\/producto\/8-5a-3x21-corded-belt-sander-2\/\" \/>\n<meta property=\"og:site_name\" content=\"Cat Power Tools\" \/>\n<meta property=\"article:modified_time\" content=\"2022-02-08T20:50:07+00:00\" \/>\n<meta property=\"og:image\" content=\"https:\/\/www.catpowertools.com\/wp-content\/uploads\/2021\/10\/dx48u-carousel-image-1.png\" \/>\n\t<meta property=\"og:image:width\" content=\"960\" \/>\n\t<meta property=\"og:image:height\" content=\"525\" \/>\n\t<meta property=\"og:image:type\" content=\"image\/png\" \/>\n<meta name=\"twitter:card\" content=\"summary_large_image\" \/>\n<script type=\"application\/ld+json\" class=\"yoast-schema-graph\">{\"@context\":\"https:\/\/schema.org\",\"@graph\":[{\"@type\":\"WebPage\",\"@id\":\"https:\/\/www.catpowertools.com\/es\/producto\/8-5a-3x21-corded-belt-sander-2\/\",\"url\":\"https:\/\/www.catpowertools.com\/es\/producto\/8-5a-3x21-corded-belt-sander-2\/\",\"name\":\"lijadora de banda con cable 8.5a 3 \\\"x21\\\" - Cat Power Tools\",\"isPartOf\":{\"@id\":\"https:\/\/www.catpowertools.com\/es\/#website\"},\"primaryImageOfPage\":{\"@id\":\"https:\/\/www.catpowertools.com\/es\/producto\/8-5a-3x21-corded-belt-sander-2\/#primaryimage\"},\"image\":{\"@id\":\"https:\/\/www.catpowertools.com\/es\/producto\/8-5a-3x21-corded-belt-sander-2\/#primaryimage\"},\"thumbnailUrl\":\"https:\/\/www.catpowertools.com\/wp-content\/uploads\/2021\/10\/dx48u-carousel-image-1.png\",\"datePublished\":\"2021-10-11T18:41:43+00:00\",\"dateModified\":\"2022-02-08T20:50:07+00:00\",\"breadcrumb\":{\"@id\":\"https:\/\/www.catpowertools.com\/es\/producto\/8-5a-3x21-corded-belt-sander-2\/#breadcrumb\"},\"inLanguage\":\"es\",\"potentialAction\":[{\"@type\":\"ReadAction\",\"target\":[\"https:\/\/www.catpowertools.com\/es\/producto\/8-5a-3x21-corded-belt-sander-2\/\"]}]},{\"@type\":\"ImageObject\",\"inLanguage\":\"es\",\"@id\":\"https:\/\/www.catpowertools.com\/es\/producto\/8-5a-3x21-corded-belt-sander-2\/#primaryimage\",\"url\":\"https:\/\/www.catpowertools.com\/wp-content\/uploads\/2021\/10\/dx48u-carousel-image-1.png\",\"contentUrl\":\"https:\/\/www.catpowertools.com\/wp-content\/uploads\/2021\/10\/dx48u-carousel-image-1.png\",\"width\":960,\"height\":525},{\"@type\":\"BreadcrumbList\",\"@id\":\"https:\/\/www.catpowertools.com\/es\/producto\/8-5a-3x21-corded-belt-sander-2\/#breadcrumb\",\"itemListElement\":[{\"@type\":\"ListItem\",\"position\":1,\"name\":\"Home\",\"item\":\"https:\/\/www.catpowertools.com\/es\/\"},{\"@type\":\"ListItem\",\"position\":2,\"name\":\"Tienda\",\"item\":\"https:\/\/www.catpowertools.com\/shop\/\"},{\"@type\":\"ListItem\",\"position\":3,\"name\":\"lijadora de banda con cable 8.5a 3 &#8220;x21&#8221;\"}]},{\"@type\":\"WebSite\",\"@id\":\"https:\/\/www.catpowertools.com\/es\/#website\",\"url\":\"https:\/\/www.catpowertools.com\/es\/\",\"name\":\"Cat Power Tools\",\"description\":\"Just another WordPress site\",\"potentialAction\":[{\"@type\":\"SearchAction\",\"target\":{\"@type\":\"EntryPoint\",\"urlTemplate\":\"https:\/\/www.catpowertools.com\/es\/?s={search_term_string}\"},\"query-input\":{\"@type\":\"PropertyValueSpecification\",\"valueRequired\":true,\"valueName\":\"search_term_string\"}}],\"inLanguage\":\"es\"}]}<\/script>\n<!-- \/ Yoast SEO plugin. -->","yoast_head_json":{"title":"lijadora de banda con cable 8.5a 3 \"x21\" - Cat Power Tools","robots":{"index":"index","follow":"follow","max-snippet":"max-snippet:-1","max-image-preview":"max-image-preview:large","max-video-preview":"max-video-preview:-1"},"canonical":"https:\/\/www.catpowertools.com\/es\/producto\/8-5a-3x21-corded-belt-sander-2\/","og_locale":"es_ES","og_type":"article","og_title":"lijadora de banda con cable 8.5a 3 \"x21\" - Cat Power Tools","og_description":"La lijadora de banda de 3 \"x21\" y 8,5 amperios tiene una velocidad sin carga de 790-1.150 FPM, cuenta con una suave empu\u00f1adura ergon\u00f3mica sobremoldeada para mayor comodidad del usuario, una palanca de liberaci\u00f3n r\u00e1pida para facilitar la instalaci\u00f3n de la banda y un interruptor de bloqueo para el funcionamiento continuo cuando sea necesario. Las herramientas el\u00e9ctricas Cat\u00ae est\u00e1n respaldadas por una garant\u00eda de 3 a\u00f1os.","og_url":"https:\/\/www.catpowertools.com\/es\/producto\/8-5a-3x21-corded-belt-sander-2\/","og_site_name":"Cat Power Tools","article_modified_time":"2022-02-08T20:50:07+00:00","og_image":[{"width":960,"height":525,"url":"https:\/\/www.catpowertools.com\/wp-content\/uploads\/2021\/10\/dx48u-carousel-image-1.png","type":"image\/png"}],"twitter_card":"summary_large_image","schema":{"@context":"https:\/\/schema.org","@graph":[{"@type":"WebPage","@id":"https:\/\/www.catpowertools.com\/es\/producto\/8-5a-3x21-corded-belt-sander-2\/","url":"https:\/\/www.catpowertools.com\/es\/producto\/8-5a-3x21-corded-belt-sander-2\/","name":"lijadora de banda con cable 8.5a 3 \"x21\" - Cat Power Tools","isPartOf":{"@id":"https:\/\/www.catpowertools.com\/es\/#website"},"primaryImageOfPage":{"@id":"https:\/\/www.catpowertools.com\/es\/producto\/8-5a-3x21-corded-belt-sander-2\/#primaryimage"},"image":{"@id":"https:\/\/www.catpowertools.com\/es\/producto\/8-5a-3x21-corded-belt-sander-2\/#primaryimage"},"thumbnailUrl":"https:\/\/www.catpowertools.com\/wp-content\/uploads\/2021\/10\/dx48u-carousel-image-1.png","datePublished":"2021-10-11T18:41:43+00:00","dateModified":"2022-02-08T20:50:07+00:00","breadcrumb":{"@id":"https:\/\/www.catpowertools.com\/es\/producto\/8-5a-3x21-corded-belt-sander-2\/#breadcrumb"},"inLanguage":"es","potentialAction":[{"@type":"ReadAction","target":["https:\/\/www.catpowertools.com\/es\/producto\/8-5a-3x21-corded-belt-sander-2\/"]}]},{"@type":"ImageObject","inLanguage":"es","@id":"https:\/\/www.catpowertools.com\/es\/producto\/8-5a-3x21-corded-belt-sander-2\/#primaryimage","url":"https:\/\/www.catpowertools.com\/wp-content\/uploads\/2021\/10\/dx48u-carousel-image-1.png","contentUrl":"https:\/\/www.catpowertools.com\/wp-content\/uploads\/2021\/10\/dx48u-carousel-image-1.png","width":960,"height":525},{"@type":"BreadcrumbList","@id":"https:\/\/www.catpowertools.com\/es\/producto\/8-5a-3x21-corded-belt-sander-2\/#breadcrumb","itemListElement":[{"@type":"ListItem","position":1,"name":"Home","item":"https:\/\/www.catpowertools.com\/es\/"},{"@type":"ListItem","position":2,"name":"Tienda","item":"https:\/\/www.catpowertools.com\/shop\/"},{"@type":"ListItem","position":3,"name":"lijadora de banda con cable 8.5a 3 &#8220;x21&#8221;"}]},{"@type":"WebSite","@id":"https:\/\/www.catpowertools.com\/es\/#website","url":"https:\/\/www.catpowertools.com\/es\/","name":"Cat Power Tools","description":"Just another WordPress site","potentialAction":[{"@type":"SearchAction","target":{"@type":"EntryPoint","urlTemplate":"https:\/\/www.catpowertools.com\/es\/?s={search_term_string}"},"query-input":{"@type":"PropertyValueSpecification","valueRequired":true,"valueName":"search_term_string"}}],"inLanguage":"es"}]}},"_links":{"self":[{"href":"https:\/\/www.catpowertools.com\/es\/wp-json\/wp\/v2\/product\/5060","targetHints":{"allow":["GET"]}}],"collection":[{"href":"https:\/\/www.catpowertools.com\/es\/wp-json\/wp\/v2\/product"}],"about":[{"href":"https:\/\/www.catpowertools.com\/es\/wp-json\/wp\/v2\/types\/product"}],"replies":[{"embeddable":true,"href":"https:\/\/www.catpowertools.com\/es\/wp-json\/wp\/v2\/comments?post=5060"}],"wp:featuredmedia":[{"embeddable":true,"href":"https:\/\/www.catpowertools.com\/es\/wp-json\/wp\/v2\/media\/2726"}],"wp:attachment":[{"href":"https:\/\/www.catpowertools.com\/es\/wp-json\/wp\/v2\/media?parent=5060"}],"wp:term":[{"taxonomy":"product_brand","embeddable":true,"href":"https:\/\/www.catpowertools.com\/es\/wp-json\/wp\/v2\/product_brand?post=5060"},{"taxonomy":"product_cat","embeddable":true,"href":"https:\/\/www.catpowertools.com\/es\/wp-json\/wp\/v2\/product_cat?post=5060"},{"taxonomy":"product_tag","embeddable":true,"href":"https:\/\/www.catpowertools.com\/es\/wp-json\/wp\/v2\/product_tag?post=5060"}],"curies":[{"name":"wp","href":"https:\/\/api.w.org\/{rel}","templated":true}]}}