{"id":5071,"date":"2021-10-11T14:41:43","date_gmt":"2021-10-11T18:41:43","guid":{"rendered":"https:\/\/www.catpowertools.com\/product\/lijadora-de-orbita-aleatoria-de-18v-de-5-pulidora-de-6-solo-herramienta\/"},"modified":"2022-02-08T15:50:30","modified_gmt":"2022-02-08T20:50:30","slug":"lijadora-sin-cable-de-18v-y-6-herramientas-de-pulido","status":"publish","type":"product","link":"https:\/\/www.catpowertools.com\/es\/producto\/lijadora-sin-cable-de-18v-y-6-herramientas-de-pulido\/","title":{"rendered":"LIJADORA DE \u00d3RBITA ALEATORIA DE 18V DE 5&#8243; \/ PULIDORA DE 6&#8243; &#8211; S\u00d3LO HERRAMIENTA"},"content":{"rendered":"","protected":false},"excerpt":{"rendered":"<p>La lijadora\/pulidora de \u00f3rbita aleatoria de 5&#8243; sin escobillas de 18V (S\u00d3LO HERRAMIENTA) proporciona potencia en un dise\u00f1o compacto y ligero con un peso de s\u00f3lo 3 libras. El dial de velocidad variable permite que la unidad funcione entre 3.000-11.000 OPM para optimizar el acabado en diferentes materiales. Esta lijadora de \u00f3rbita aleatoria se puede utilizar con casi todas las lijas de gancho y bucle y el agarre suave sobre el molde permite el control mientras se trabaja cerca de la superficie de trabajo. La bolsa antipolvo incluida mantiene limpia la superficie de trabajo. Este listado es s\u00f3lo para la herramienta y no incluye una bater\u00eda o un cargador. Las herramientas el\u00e9ctricas Cat\u00ae est\u00e1n respaldadas por una garant\u00eda de 3 a\u00f1os.<\/p>\n","protected":false},"featured_media":2904,"comment_status":"closed","ping_status":"closed","template":"","meta":{"_acf_changed":false},"product_brand":[],"product_cat":[239,257],"product_tag":[],"class_list":{"0":"post-5071","1":"product","2":"type-product","3":"status-publish","4":"has-post-thumbnail","6":"product_cat-herramientas-electricas-de-18v","7":"product_cat-retirada-de-material","9":"first","10":"instock","11":"product-type-external"},"acf":[],"yoast_head":"<!-- This site is optimized with the Yoast SEO plugin v26.6 - https:\/\/yoast.com\/wordpress\/plugins\/seo\/ -->\n<title>LIJADORA DE \u00d3RBITA ALEATORIA DE 18V DE 5&quot; \/ PULIDORA DE 6&quot; - S\u00d3LO HERRAMIENTA - Cat Power Tools<\/title>\n<meta name=\"robots\" content=\"index, follow, max-snippet:-1, max-image-preview:large, max-video-preview:-1\" \/>\n<link rel=\"canonical\" href=\"https:\/\/www.catpowertools.com\/es\/producto\/lijadora-sin-cable-de-18v-y-6-herramientas-de-pulido\/\" \/>\n<meta property=\"og:locale\" content=\"es_ES\" \/>\n<meta property=\"og:type\" content=\"article\" \/>\n<meta property=\"og:title\" content=\"LIJADORA DE \u00d3RBITA ALEATORIA DE 18V DE 5&quot; \/ PULIDORA DE 6&quot; - S\u00d3LO HERRAMIENTA - Cat Power Tools\" \/>\n<meta property=\"og:description\" content=\"La lijadora\/pulidora de \u00f3rbita aleatoria de 5&quot; sin escobillas de 18V (S\u00d3LO HERRAMIENTA) proporciona potencia en un dise\u00f1o compacto y ligero con un peso de s\u00f3lo 3 libras. El dial de velocidad variable permite que la unidad funcione entre 3.000-11.000 OPM para optimizar el acabado en diferentes materiales. Esta lijadora de \u00f3rbita aleatoria se puede utilizar con casi todas las lijas de gancho y bucle y el agarre suave sobre el molde permite el control mientras se trabaja cerca de la superficie de trabajo. La bolsa antipolvo incluida mantiene limpia la superficie de trabajo. Este listado es s\u00f3lo para la herramienta y no incluye una bater\u00eda o un cargador. Las herramientas el\u00e9ctricas Cat\u00ae est\u00e1n respaldadas por una garant\u00eda de 3 a\u00f1os.\" \/>\n<meta property=\"og:url\" content=\"https:\/\/www.catpowertools.com\/es\/producto\/lijadora-sin-cable-de-18v-y-6-herramientas-de-pulido\/\" \/>\n<meta property=\"og:site_name\" content=\"Cat Power Tools\" \/>\n<meta property=\"article:modified_time\" content=\"2022-02-08T20:50:30+00:00\" \/>\n<meta property=\"og:image\" content=\"https:\/\/www.catpowertools.com\/wp-content\/uploads\/2021\/10\/dx42b-carousel-image-1.png\" \/>\n\t<meta property=\"og:image:width\" content=\"960\" \/>\n\t<meta property=\"og:image:height\" content=\"525\" \/>\n\t<meta property=\"og:image:type\" content=\"image\/png\" \/>\n<meta name=\"twitter:card\" content=\"summary_large_image\" \/>\n<script type=\"application\/ld+json\" class=\"yoast-schema-graph\">{\"@context\":\"https:\/\/schema.org\",\"@graph\":[{\"@type\":\"WebPage\",\"@id\":\"https:\/\/www.catpowertools.com\/es\/producto\/lijadora-sin-cable-de-18v-y-6-herramientas-de-pulido\/\",\"url\":\"https:\/\/www.catpowertools.com\/es\/producto\/lijadora-sin-cable-de-18v-y-6-herramientas-de-pulido\/\",\"name\":\"LIJADORA DE \u00d3RBITA ALEATORIA DE 18V DE 5\\\" \/ PULIDORA DE 6\\\" - S\u00d3LO HERRAMIENTA - Cat Power Tools\",\"isPartOf\":{\"@id\":\"https:\/\/www.catpowertools.com\/es\/#website\"},\"primaryImageOfPage\":{\"@id\":\"https:\/\/www.catpowertools.com\/es\/producto\/lijadora-sin-cable-de-18v-y-6-herramientas-de-pulido\/#primaryimage\"},\"image\":{\"@id\":\"https:\/\/www.catpowertools.com\/es\/producto\/lijadora-sin-cable-de-18v-y-6-herramientas-de-pulido\/#primaryimage\"},\"thumbnailUrl\":\"https:\/\/www.catpowertools.com\/wp-content\/uploads\/2021\/10\/dx42b-carousel-image-1.png\",\"datePublished\":\"2021-10-11T18:41:43+00:00\",\"dateModified\":\"2022-02-08T20:50:30+00:00\",\"breadcrumb\":{\"@id\":\"https:\/\/www.catpowertools.com\/es\/producto\/lijadora-sin-cable-de-18v-y-6-herramientas-de-pulido\/#breadcrumb\"},\"inLanguage\":\"es\",\"potentialAction\":[{\"@type\":\"ReadAction\",\"target\":[\"https:\/\/www.catpowertools.com\/es\/producto\/lijadora-sin-cable-de-18v-y-6-herramientas-de-pulido\/\"]}]},{\"@type\":\"ImageObject\",\"inLanguage\":\"es\",\"@id\":\"https:\/\/www.catpowertools.com\/es\/producto\/lijadora-sin-cable-de-18v-y-6-herramientas-de-pulido\/#primaryimage\",\"url\":\"https:\/\/www.catpowertools.com\/wp-content\/uploads\/2021\/10\/dx42b-carousel-image-1.png\",\"contentUrl\":\"https:\/\/www.catpowertools.com\/wp-content\/uploads\/2021\/10\/dx42b-carousel-image-1.png\",\"width\":960,\"height\":525},{\"@type\":\"BreadcrumbList\",\"@id\":\"https:\/\/www.catpowertools.com\/es\/producto\/lijadora-sin-cable-de-18v-y-6-herramientas-de-pulido\/#breadcrumb\",\"itemListElement\":[{\"@type\":\"ListItem\",\"position\":1,\"name\":\"Home\",\"item\":\"https:\/\/www.catpowertools.com\/es\/\"},{\"@type\":\"ListItem\",\"position\":2,\"name\":\"Tienda\",\"item\":\"https:\/\/www.catpowertools.com\/shop\/\"},{\"@type\":\"ListItem\",\"position\":3,\"name\":\"LIJADORA DE \u00d3RBITA ALEATORIA DE 18V DE 5&#8243; \/ PULIDORA DE 6&#8243; &#8211; S\u00d3LO HERRAMIENTA\"}]},{\"@type\":\"WebSite\",\"@id\":\"https:\/\/www.catpowertools.com\/es\/#website\",\"url\":\"https:\/\/www.catpowertools.com\/es\/\",\"name\":\"Cat Power Tools\",\"description\":\"Just another WordPress site\",\"potentialAction\":[{\"@type\":\"SearchAction\",\"target\":{\"@type\":\"EntryPoint\",\"urlTemplate\":\"https:\/\/www.catpowertools.com\/es\/?s={search_term_string}\"},\"query-input\":{\"@type\":\"PropertyValueSpecification\",\"valueRequired\":true,\"valueName\":\"search_term_string\"}}],\"inLanguage\":\"es\"}]}<\/script>\n<!-- \/ Yoast SEO plugin. -->","yoast_head_json":{"title":"LIJADORA DE \u00d3RBITA ALEATORIA DE 18V DE 5\" \/ PULIDORA DE 6\" - S\u00d3LO HERRAMIENTA - Cat Power Tools","robots":{"index":"index","follow":"follow","max-snippet":"max-snippet:-1","max-image-preview":"max-image-preview:large","max-video-preview":"max-video-preview:-1"},"canonical":"https:\/\/www.catpowertools.com\/es\/producto\/lijadora-sin-cable-de-18v-y-6-herramientas-de-pulido\/","og_locale":"es_ES","og_type":"article","og_title":"LIJADORA DE \u00d3RBITA ALEATORIA DE 18V DE 5\" \/ PULIDORA DE 6\" - S\u00d3LO HERRAMIENTA - Cat Power Tools","og_description":"La lijadora\/pulidora de \u00f3rbita aleatoria de 5\" sin escobillas de 18V (S\u00d3LO HERRAMIENTA) proporciona potencia en un dise\u00f1o compacto y ligero con un peso de s\u00f3lo 3 libras. El dial de velocidad variable permite que la unidad funcione entre 3.000-11.000 OPM para optimizar el acabado en diferentes materiales. Esta lijadora de \u00f3rbita aleatoria se puede utilizar con casi todas las lijas de gancho y bucle y el agarre suave sobre el molde permite el control mientras se trabaja cerca de la superficie de trabajo. La bolsa antipolvo incluida mantiene limpia la superficie de trabajo. Este listado es s\u00f3lo para la herramienta y no incluye una bater\u00eda o un cargador. Las herramientas el\u00e9ctricas Cat\u00ae est\u00e1n respaldadas por una garant\u00eda de 3 a\u00f1os.","og_url":"https:\/\/www.catpowertools.com\/es\/producto\/lijadora-sin-cable-de-18v-y-6-herramientas-de-pulido\/","og_site_name":"Cat Power Tools","article_modified_time":"2022-02-08T20:50:30+00:00","og_image":[{"width":960,"height":525,"url":"https:\/\/www.catpowertools.com\/wp-content\/uploads\/2021\/10\/dx42b-carousel-image-1.png","type":"image\/png"}],"twitter_card":"summary_large_image","schema":{"@context":"https:\/\/schema.org","@graph":[{"@type":"WebPage","@id":"https:\/\/www.catpowertools.com\/es\/producto\/lijadora-sin-cable-de-18v-y-6-herramientas-de-pulido\/","url":"https:\/\/www.catpowertools.com\/es\/producto\/lijadora-sin-cable-de-18v-y-6-herramientas-de-pulido\/","name":"LIJADORA DE \u00d3RBITA ALEATORIA DE 18V DE 5\" \/ PULIDORA DE 6\" - S\u00d3LO HERRAMIENTA - Cat Power Tools","isPartOf":{"@id":"https:\/\/www.catpowertools.com\/es\/#website"},"primaryImageOfPage":{"@id":"https:\/\/www.catpowertools.com\/es\/producto\/lijadora-sin-cable-de-18v-y-6-herramientas-de-pulido\/#primaryimage"},"image":{"@id":"https:\/\/www.catpowertools.com\/es\/producto\/lijadora-sin-cable-de-18v-y-6-herramientas-de-pulido\/#primaryimage"},"thumbnailUrl":"https:\/\/www.catpowertools.com\/wp-content\/uploads\/2021\/10\/dx42b-carousel-image-1.png","datePublished":"2021-10-11T18:41:43+00:00","dateModified":"2022-02-08T20:50:30+00:00","breadcrumb":{"@id":"https:\/\/www.catpowertools.com\/es\/producto\/lijadora-sin-cable-de-18v-y-6-herramientas-de-pulido\/#breadcrumb"},"inLanguage":"es","potentialAction":[{"@type":"ReadAction","target":["https:\/\/www.catpowertools.com\/es\/producto\/lijadora-sin-cable-de-18v-y-6-herramientas-de-pulido\/"]}]},{"@type":"ImageObject","inLanguage":"es","@id":"https:\/\/www.catpowertools.com\/es\/producto\/lijadora-sin-cable-de-18v-y-6-herramientas-de-pulido\/#primaryimage","url":"https:\/\/www.catpowertools.com\/wp-content\/uploads\/2021\/10\/dx42b-carousel-image-1.png","contentUrl":"https:\/\/www.catpowertools.com\/wp-content\/uploads\/2021\/10\/dx42b-carousel-image-1.png","width":960,"height":525},{"@type":"BreadcrumbList","@id":"https:\/\/www.catpowertools.com\/es\/producto\/lijadora-sin-cable-de-18v-y-6-herramientas-de-pulido\/#breadcrumb","itemListElement":[{"@type":"ListItem","position":1,"name":"Home","item":"https:\/\/www.catpowertools.com\/es\/"},{"@type":"ListItem","position":2,"name":"Tienda","item":"https:\/\/www.catpowertools.com\/shop\/"},{"@type":"ListItem","position":3,"name":"LIJADORA DE \u00d3RBITA ALEATORIA DE 18V DE 5&#8243; \/ PULIDORA DE 6&#8243; &#8211; S\u00d3LO HERRAMIENTA"}]},{"@type":"WebSite","@id":"https:\/\/www.catpowertools.com\/es\/#website","url":"https:\/\/www.catpowertools.com\/es\/","name":"Cat Power Tools","description":"Just another WordPress site","potentialAction":[{"@type":"SearchAction","target":{"@type":"EntryPoint","urlTemplate":"https:\/\/www.catpowertools.com\/es\/?s={search_term_string}"},"query-input":{"@type":"PropertyValueSpecification","valueRequired":true,"valueName":"search_term_string"}}],"inLanguage":"es"}]}},"_links":{"self":[{"href":"https:\/\/www.catpowertools.com\/es\/wp-json\/wp\/v2\/product\/5071","targetHints":{"allow":["GET"]}}],"collection":[{"href":"https:\/\/www.catpowertools.com\/es\/wp-json\/wp\/v2\/product"}],"about":[{"href":"https:\/\/www.catpowertools.com\/es\/wp-json\/wp\/v2\/types\/product"}],"replies":[{"embeddable":true,"href":"https:\/\/www.catpowertools.com\/es\/wp-json\/wp\/v2\/comments?post=5071"}],"wp:featuredmedia":[{"embeddable":true,"href":"https:\/\/www.catpowertools.com\/es\/wp-json\/wp\/v2\/media\/2904"}],"wp:attachment":[{"href":"https:\/\/www.catpowertools.com\/es\/wp-json\/wp\/v2\/media?parent=5071"}],"wp:term":[{"taxonomy":"product_brand","embeddable":true,"href":"https:\/\/www.catpowertools.com\/es\/wp-json\/wp\/v2\/product_brand?post=5071"},{"taxonomy":"product_cat","embeddable":true,"href":"https:\/\/www.catpowertools.com\/es\/wp-json\/wp\/v2\/product_cat?post=5071"},{"taxonomy":"product_tag","embeddable":true,"href":"https:\/\/www.catpowertools.com\/es\/wp-json\/wp\/v2\/product_tag?post=5071"}],"curies":[{"name":"wp","href":"https:\/\/api.w.org\/{rel}","templated":true}]}}