{"id":5074,"date":"2021-10-11T14:41:43","date_gmt":"2021-10-11T18:41:43","guid":{"rendered":"https:\/\/www.catpowertools.com\/product\/taladro-percutor-sin-cable-de-18v-y-1-2-con-bateria-de-grafeno\/"},"modified":"2022-02-08T15:50:36","modified_gmt":"2022-02-08T20:50:36","slug":"martillo-sin-escobillas-1-2-de-18v-con-bateria-de-grafeno","status":"publish","type":"product","link":"https:\/\/www.catpowertools.com\/es\/producto\/martillo-sin-escobillas-1-2-de-18v-con-bateria-de-grafeno\/","title":{"rendered":"TALADRO PERCUTOR SIN CABLE DE 18V Y 1\/2&#8243; CON BATER\u00cdA DE GRAFENO"},"content":{"rendered":"","protected":false},"excerpt":{"rendered":"<p>Este taladro percutor de 18V sin escobillas de 1\/2&#8243; est\u00e1 equipado con la nueva generaci\u00f3n de tecnolog\u00eda de bater\u00edas. La bater\u00eda Graphene ofrece una carga 4 veces m\u00e1s r\u00e1pida, un ciclo de vida 3 veces m\u00e1s largo y 2 veces m\u00e1s potencia. Impulsado por un motor sin escobillas de alta eficiencia y una caja de engranajes de 2 velocidades, esta unidad ofrece un par de 700 in\/lbs. y hasta 35.200 BPM. Portabrocas met\u00e1lico de 1\/2&#8243; para mejorar la retenci\u00f3n de la broca, luz LED para iluminar las zonas m\u00e1s oscuras y mango ergon\u00f3mico de agarre suave para una sensaci\u00f3n de equilibrio. Se incluye (1) bater\u00eda Graphene de 5.0Ah, cargador r\u00e1pido de 15A, clip de cintur\u00f3n extra\u00edble y las \u00fanicas herramientas profesionales que vienen con un estuche apilable. El cargador de 15A incluido carga la bater\u00eda Graphene de 5Ah en s\u00f3lo 20 minutos. Las herramientas el\u00e9ctricas Cat\u00ae est\u00e1n respaldadas por una garant\u00eda de 3 a\u00f1os.<\/p>\n","protected":false},"featured_media":2594,"comment_status":"closed","ping_status":"closed","template":"","meta":{"_acf_changed":false},"product_brand":[],"product_cat":[239,254,251],"product_tag":[],"class_list":{"0":"post-5074","1":"product","2":"type-product","3":"status-publish","4":"has-post-thumbnail","6":"product_cat-herramientas-electricas-de-18v","7":"product_cat-martillos-perforadores","8":"product_cat-perforacion","10":"first","11":"instock","12":"product-type-external"},"acf":[],"yoast_head":"<!-- This site is optimized with the Yoast SEO plugin v26.6 - https:\/\/yoast.com\/wordpress\/plugins\/seo\/ -->\n<title>TALADRO PERCUTOR SIN CABLE DE 18V Y 1\/2&quot; CON BATER\u00cdA DE GRAFENO - Cat Power Tools<\/title>\n<meta name=\"robots\" content=\"index, follow, max-snippet:-1, max-image-preview:large, max-video-preview:-1\" \/>\n<link rel=\"canonical\" href=\"https:\/\/www.catpowertools.com\/es\/producto\/martillo-sin-escobillas-1-2-de-18v-con-bateria-de-grafeno\/\" \/>\n<meta property=\"og:locale\" content=\"es_ES\" \/>\n<meta property=\"og:type\" content=\"article\" \/>\n<meta property=\"og:title\" content=\"TALADRO PERCUTOR SIN CABLE DE 18V Y 1\/2&quot; CON BATER\u00cdA DE GRAFENO - Cat Power Tools\" \/>\n<meta property=\"og:description\" content=\"Este taladro percutor de 18V sin escobillas de 1\/2&quot; est\u00e1 equipado con la nueva generaci\u00f3n de tecnolog\u00eda de bater\u00edas. La bater\u00eda Graphene ofrece una carga 4 veces m\u00e1s r\u00e1pida, un ciclo de vida 3 veces m\u00e1s largo y 2 veces m\u00e1s potencia. Impulsado por un motor sin escobillas de alta eficiencia y una caja de engranajes de 2 velocidades, esta unidad ofrece un par de 700 in\/lbs. y hasta 35.200 BPM. Portabrocas met\u00e1lico de 1\/2&quot; para mejorar la retenci\u00f3n de la broca, luz LED para iluminar las zonas m\u00e1s oscuras y mango ergon\u00f3mico de agarre suave para una sensaci\u00f3n de equilibrio. Se incluye (1) bater\u00eda Graphene de 5.0Ah, cargador r\u00e1pido de 15A, clip de cintur\u00f3n extra\u00edble y las \u00fanicas herramientas profesionales que vienen con un estuche apilable. El cargador de 15A incluido carga la bater\u00eda Graphene de 5Ah en s\u00f3lo 20 minutos. Las herramientas el\u00e9ctricas Cat\u00ae est\u00e1n respaldadas por una garant\u00eda de 3 a\u00f1os.\" \/>\n<meta property=\"og:url\" content=\"https:\/\/www.catpowertools.com\/es\/producto\/martillo-sin-escobillas-1-2-de-18v-con-bateria-de-grafeno\/\" \/>\n<meta property=\"og:site_name\" content=\"Cat Power Tools\" \/>\n<meta property=\"article:modified_time\" content=\"2022-02-08T20:50:36+00:00\" \/>\n<meta property=\"og:image\" content=\"https:\/\/www.catpowertools.com\/wp-content\/uploads\/2021\/10\/dx13-carousel-image-1.png\" \/>\n\t<meta property=\"og:image:width\" content=\"960\" \/>\n\t<meta property=\"og:image:height\" content=\"525\" \/>\n\t<meta property=\"og:image:type\" content=\"image\/png\" \/>\n<meta name=\"twitter:card\" content=\"summary_large_image\" \/>\n<script type=\"application\/ld+json\" class=\"yoast-schema-graph\">{\"@context\":\"https:\/\/schema.org\",\"@graph\":[{\"@type\":\"WebPage\",\"@id\":\"https:\/\/www.catpowertools.com\/es\/producto\/martillo-sin-escobillas-1-2-de-18v-con-bateria-de-grafeno\/\",\"url\":\"https:\/\/www.catpowertools.com\/es\/producto\/martillo-sin-escobillas-1-2-de-18v-con-bateria-de-grafeno\/\",\"name\":\"TALADRO PERCUTOR SIN CABLE DE 18V Y 1\/2\\\" CON BATER\u00cdA DE GRAFENO - Cat Power Tools\",\"isPartOf\":{\"@id\":\"https:\/\/www.catpowertools.com\/es\/#website\"},\"primaryImageOfPage\":{\"@id\":\"https:\/\/www.catpowertools.com\/es\/producto\/martillo-sin-escobillas-1-2-de-18v-con-bateria-de-grafeno\/#primaryimage\"},\"image\":{\"@id\":\"https:\/\/www.catpowertools.com\/es\/producto\/martillo-sin-escobillas-1-2-de-18v-con-bateria-de-grafeno\/#primaryimage\"},\"thumbnailUrl\":\"https:\/\/www.catpowertools.com\/wp-content\/uploads\/2021\/10\/dx13-carousel-image-1.png\",\"datePublished\":\"2021-10-11T18:41:43+00:00\",\"dateModified\":\"2022-02-08T20:50:36+00:00\",\"breadcrumb\":{\"@id\":\"https:\/\/www.catpowertools.com\/es\/producto\/martillo-sin-escobillas-1-2-de-18v-con-bateria-de-grafeno\/#breadcrumb\"},\"inLanguage\":\"es\",\"potentialAction\":[{\"@type\":\"ReadAction\",\"target\":[\"https:\/\/www.catpowertools.com\/es\/producto\/martillo-sin-escobillas-1-2-de-18v-con-bateria-de-grafeno\/\"]}]},{\"@type\":\"ImageObject\",\"inLanguage\":\"es\",\"@id\":\"https:\/\/www.catpowertools.com\/es\/producto\/martillo-sin-escobillas-1-2-de-18v-con-bateria-de-grafeno\/#primaryimage\",\"url\":\"https:\/\/www.catpowertools.com\/wp-content\/uploads\/2021\/10\/dx13-carousel-image-1.png\",\"contentUrl\":\"https:\/\/www.catpowertools.com\/wp-content\/uploads\/2021\/10\/dx13-carousel-image-1.png\",\"width\":960,\"height\":525},{\"@type\":\"BreadcrumbList\",\"@id\":\"https:\/\/www.catpowertools.com\/es\/producto\/martillo-sin-escobillas-1-2-de-18v-con-bateria-de-grafeno\/#breadcrumb\",\"itemListElement\":[{\"@type\":\"ListItem\",\"position\":1,\"name\":\"Home\",\"item\":\"https:\/\/www.catpowertools.com\/es\/\"},{\"@type\":\"ListItem\",\"position\":2,\"name\":\"Tienda\",\"item\":\"https:\/\/www.catpowertools.com\/shop\/\"},{\"@type\":\"ListItem\",\"position\":3,\"name\":\"TALADRO PERCUTOR SIN CABLE DE 18V Y 1\/2&#8243; CON BATER\u00cdA DE GRAFENO\"}]},{\"@type\":\"WebSite\",\"@id\":\"https:\/\/www.catpowertools.com\/es\/#website\",\"url\":\"https:\/\/www.catpowertools.com\/es\/\",\"name\":\"Cat Power Tools\",\"description\":\"Just another WordPress site\",\"potentialAction\":[{\"@type\":\"SearchAction\",\"target\":{\"@type\":\"EntryPoint\",\"urlTemplate\":\"https:\/\/www.catpowertools.com\/es\/?s={search_term_string}\"},\"query-input\":{\"@type\":\"PropertyValueSpecification\",\"valueRequired\":true,\"valueName\":\"search_term_string\"}}],\"inLanguage\":\"es\"}]}<\/script>\n<!-- \/ Yoast SEO plugin. -->","yoast_head_json":{"title":"TALADRO PERCUTOR SIN CABLE DE 18V Y 1\/2\" CON BATER\u00cdA DE GRAFENO - Cat Power Tools","robots":{"index":"index","follow":"follow","max-snippet":"max-snippet:-1","max-image-preview":"max-image-preview:large","max-video-preview":"max-video-preview:-1"},"canonical":"https:\/\/www.catpowertools.com\/es\/producto\/martillo-sin-escobillas-1-2-de-18v-con-bateria-de-grafeno\/","og_locale":"es_ES","og_type":"article","og_title":"TALADRO PERCUTOR SIN CABLE DE 18V Y 1\/2\" CON BATER\u00cdA DE GRAFENO - Cat Power Tools","og_description":"Este taladro percutor de 18V sin escobillas de 1\/2\" est\u00e1 equipado con la nueva generaci\u00f3n de tecnolog\u00eda de bater\u00edas. La bater\u00eda Graphene ofrece una carga 4 veces m\u00e1s r\u00e1pida, un ciclo de vida 3 veces m\u00e1s largo y 2 veces m\u00e1s potencia. Impulsado por un motor sin escobillas de alta eficiencia y una caja de engranajes de 2 velocidades, esta unidad ofrece un par de 700 in\/lbs. y hasta 35.200 BPM. Portabrocas met\u00e1lico de 1\/2\" para mejorar la retenci\u00f3n de la broca, luz LED para iluminar las zonas m\u00e1s oscuras y mango ergon\u00f3mico de agarre suave para una sensaci\u00f3n de equilibrio. Se incluye (1) bater\u00eda Graphene de 5.0Ah, cargador r\u00e1pido de 15A, clip de cintur\u00f3n extra\u00edble y las \u00fanicas herramientas profesionales que vienen con un estuche apilable. El cargador de 15A incluido carga la bater\u00eda Graphene de 5Ah en s\u00f3lo 20 minutos. Las herramientas el\u00e9ctricas Cat\u00ae est\u00e1n respaldadas por una garant\u00eda de 3 a\u00f1os.","og_url":"https:\/\/www.catpowertools.com\/es\/producto\/martillo-sin-escobillas-1-2-de-18v-con-bateria-de-grafeno\/","og_site_name":"Cat Power Tools","article_modified_time":"2022-02-08T20:50:36+00:00","og_image":[{"width":960,"height":525,"url":"https:\/\/www.catpowertools.com\/wp-content\/uploads\/2021\/10\/dx13-carousel-image-1.png","type":"image\/png"}],"twitter_card":"summary_large_image","schema":{"@context":"https:\/\/schema.org","@graph":[{"@type":"WebPage","@id":"https:\/\/www.catpowertools.com\/es\/producto\/martillo-sin-escobillas-1-2-de-18v-con-bateria-de-grafeno\/","url":"https:\/\/www.catpowertools.com\/es\/producto\/martillo-sin-escobillas-1-2-de-18v-con-bateria-de-grafeno\/","name":"TALADRO PERCUTOR SIN CABLE DE 18V Y 1\/2\" CON BATER\u00cdA DE GRAFENO - Cat Power Tools","isPartOf":{"@id":"https:\/\/www.catpowertools.com\/es\/#website"},"primaryImageOfPage":{"@id":"https:\/\/www.catpowertools.com\/es\/producto\/martillo-sin-escobillas-1-2-de-18v-con-bateria-de-grafeno\/#primaryimage"},"image":{"@id":"https:\/\/www.catpowertools.com\/es\/producto\/martillo-sin-escobillas-1-2-de-18v-con-bateria-de-grafeno\/#primaryimage"},"thumbnailUrl":"https:\/\/www.catpowertools.com\/wp-content\/uploads\/2021\/10\/dx13-carousel-image-1.png","datePublished":"2021-10-11T18:41:43+00:00","dateModified":"2022-02-08T20:50:36+00:00","breadcrumb":{"@id":"https:\/\/www.catpowertools.com\/es\/producto\/martillo-sin-escobillas-1-2-de-18v-con-bateria-de-grafeno\/#breadcrumb"},"inLanguage":"es","potentialAction":[{"@type":"ReadAction","target":["https:\/\/www.catpowertools.com\/es\/producto\/martillo-sin-escobillas-1-2-de-18v-con-bateria-de-grafeno\/"]}]},{"@type":"ImageObject","inLanguage":"es","@id":"https:\/\/www.catpowertools.com\/es\/producto\/martillo-sin-escobillas-1-2-de-18v-con-bateria-de-grafeno\/#primaryimage","url":"https:\/\/www.catpowertools.com\/wp-content\/uploads\/2021\/10\/dx13-carousel-image-1.png","contentUrl":"https:\/\/www.catpowertools.com\/wp-content\/uploads\/2021\/10\/dx13-carousel-image-1.png","width":960,"height":525},{"@type":"BreadcrumbList","@id":"https:\/\/www.catpowertools.com\/es\/producto\/martillo-sin-escobillas-1-2-de-18v-con-bateria-de-grafeno\/#breadcrumb","itemListElement":[{"@type":"ListItem","position":1,"name":"Home","item":"https:\/\/www.catpowertools.com\/es\/"},{"@type":"ListItem","position":2,"name":"Tienda","item":"https:\/\/www.catpowertools.com\/shop\/"},{"@type":"ListItem","position":3,"name":"TALADRO PERCUTOR SIN CABLE DE 18V Y 1\/2&#8243; CON BATER\u00cdA DE GRAFENO"}]},{"@type":"WebSite","@id":"https:\/\/www.catpowertools.com\/es\/#website","url":"https:\/\/www.catpowertools.com\/es\/","name":"Cat Power Tools","description":"Just another WordPress site","potentialAction":[{"@type":"SearchAction","target":{"@type":"EntryPoint","urlTemplate":"https:\/\/www.catpowertools.com\/es\/?s={search_term_string}"},"query-input":{"@type":"PropertyValueSpecification","valueRequired":true,"valueName":"search_term_string"}}],"inLanguage":"es"}]}},"_links":{"self":[{"href":"https:\/\/www.catpowertools.com\/es\/wp-json\/wp\/v2\/product\/5074","targetHints":{"allow":["GET"]}}],"collection":[{"href":"https:\/\/www.catpowertools.com\/es\/wp-json\/wp\/v2\/product"}],"about":[{"href":"https:\/\/www.catpowertools.com\/es\/wp-json\/wp\/v2\/types\/product"}],"replies":[{"embeddable":true,"href":"https:\/\/www.catpowertools.com\/es\/wp-json\/wp\/v2\/comments?post=5074"}],"wp:featuredmedia":[{"embeddable":true,"href":"https:\/\/www.catpowertools.com\/es\/wp-json\/wp\/v2\/media\/2594"}],"wp:attachment":[{"href":"https:\/\/www.catpowertools.com\/es\/wp-json\/wp\/v2\/media?parent=5074"}],"wp:term":[{"taxonomy":"product_brand","embeddable":true,"href":"https:\/\/www.catpowertools.com\/es\/wp-json\/wp\/v2\/product_brand?post=5074"},{"taxonomy":"product_cat","embeddable":true,"href":"https:\/\/www.catpowertools.com\/es\/wp-json\/wp\/v2\/product_cat?post=5074"},{"taxonomy":"product_tag","embeddable":true,"href":"https:\/\/www.catpowertools.com\/es\/wp-json\/wp\/v2\/product_tag?post=5074"}],"curies":[{"name":"wp","href":"https:\/\/api.w.org\/{rel}","templated":true}]}}