{"id":23335,"date":"2022-10-10T16:05:02","date_gmt":"2022-10-10T20:05:02","guid":{"rendered":"https:\/\/stage.catpowertools.com\/accueil-2\/"},"modified":"2023-04-18T12:38:20","modified_gmt":"2023-04-18T16:38:20","slug":"accueil-2","status":"publish","type":"page","link":"https:\/\/www.catpowertools.com\/fr\/","title":{"rendered":"Accueil"},"content":{"rendered":"<h1>Outils pour y arriver<\/h1>\n<p>\t\t\t\t\t\t\t\t\t\t\t\t\t\t\t\t<a href=\"https:\/\/stage.catpowertools.com\/fr\/outils-electriques\/\"><br \/>\n\t\t\t\t\t\t\t<img fetchpriority=\"high\" decoding=\"async\" width=\"664\" height=\"259\" src=\"https:\/\/stage.catpowertools.com\/wp-content\/uploads\/2021\/10\/Power-Tools.png\" alt=\"\" srcset=\"https:\/\/stage.catpowertools.com\/wp-content\/uploads\/2021\/10\/Power-Tools.png 664w, https:\/\/stage.catpowertools.com\/wp-content\/uploads\/2021\/10\/Power-Tools-234x91.png 234w, https:\/\/stage.catpowertools.com\/wp-content\/uploads\/2021\/10\/Power-Tools-64x25.png 64w, https:\/\/stage.catpowertools.com\/wp-content\/uploads\/2021\/10\/Power-Tools-300x117.png 300w, https:\/\/stage.catpowertools.com\/wp-content\/uploads\/2021\/10\/Power-Tools-416x162.png 416w\" sizes=\"(max-width: 664px) 100vw, 664px\" \/>\t\t\t\t\t\t\t\t<\/a><br \/>\n\t\t\t\t\t\t\t\t\t\t\t\t\t\t\t\t<a href=\"https:\/\/www.catpowertools.com\/60v-outdoor-power-equipment\/\"><br \/>\n\t\t\t\t\t\t\t<img decoding=\"async\" width=\"700\" height=\"275\" src=\"https:\/\/stage.catpowertools.com\/wp-content\/uploads\/2022\/09\/featured-category-2.png\" alt=\"\" srcset=\"https:\/\/stage.catpowertools.com\/wp-content\/uploads\/2022\/09\/featured-category-2.png 700w, https:\/\/stage.catpowertools.com\/wp-content\/uploads\/2022\/09\/featured-category-2-300x118.png 300w, https:\/\/stage.catpowertools.com\/wp-content\/uploads\/2022\/09\/featured-category-2-234x92.png 234w, https:\/\/stage.catpowertools.com\/wp-content\/uploads\/2022\/09\/featured-category-2-64x25.png 64w\" sizes=\"(max-width: 700px) 100vw, 700px\" \/>\t\t\t\t\t\t\t\t<\/a><\/p>\n<h2>Cat\u00e9gories d&rsquo;outils<\/h2>\n<p>\t\t\t\t\t\t\t<a href=\"\/ponceuses-filaires\/\"><br \/>\n\t\t\t\tSANDING<br \/>\n\t\t\t<\/a><br \/>\n\t\t\t\t\t\t\t<a href=\"\/oscillants-sans-fil\/\"><br \/>\n\t\t\t\tOSCILLATING<br \/>\n\t\t\t<\/a><br \/>\n\t\t\t\t\t\t\t<a href=\"\/visseuses-\u00e0-chocs-sans-fil\/\"><br \/>\n\t\t\t\tIMPACTS<br \/>\n\t\t\t<\/a><br \/>\n\t\t\t\t\t\t\t<a href=\"\/forages\/\"><br \/>\n\t\t\t\tHAMMERS<br \/>\n\t\t\t<\/a><br \/>\n\t\t\t\t\t\t\t<a href=\"\/d\u00e9coupage-sans-fils\/\"><br \/>\n\t\t\t\tSAWS<br \/>\n\t\t\t<\/a><br \/>\n\t\t\t\t\t\t\t<a href=\"\/perceuses\/\"><br \/>\n\t\t\t\tDRILLS<br \/>\n\t\t\t<\/a><br \/>\n\t\t\t\t\t\t\t\t\t\t\t\t\t\tPrevious<br \/>\n\t\t\t\t\t\t\t\t\t\t\t\t\t\tNext<br \/>\n\t\t\t\t\t\t\t\t\t\t\t\t\t\t\t<img decoding=\"async\" width=\"810\" height=\"530\" src=\"https:\/\/stage.catpowertools.com\/wp-content\/uploads\/2021\/11\/1-for-all-18v-batteries.png\" alt=\"\" srcset=\"https:\/\/stage.catpowertools.com\/wp-content\/uploads\/2021\/11\/1-for-all-18v-batteries.png 810w, https:\/\/stage.catpowertools.com\/wp-content\/uploads\/2021\/11\/1-for-all-18v-batteries-234x153.png 234w, https:\/\/stage.catpowertools.com\/wp-content\/uploads\/2021\/11\/1-for-all-18v-batteries-64x42.png 64w, https:\/\/stage.catpowertools.com\/wp-content\/uploads\/2021\/11\/1-for-all-18v-batteries-300x196.png 300w, https:\/\/stage.catpowertools.com\/wp-content\/uploads\/2021\/11\/1-for-all-18v-batteries-768x503.png 768w\" sizes=\"(max-width: 810px) 100vw, 810px\" \/><br \/>\n\t\t\t\t\t\t\t\t\t\t\t\t\t\t\t<img loading=\"lazy\" decoding=\"async\" width=\"241\" height=\"98\" src=\"https:\/\/stage.catpowertools.com\/wp-content\/uploads\/2021\/11\/1-4-all_logo.png\" alt=\"\" srcset=\"https:\/\/stage.catpowertools.com\/wp-content\/uploads\/2021\/11\/1-4-all_logo.png 241w, https:\/\/stage.catpowertools.com\/wp-content\/uploads\/2021\/11\/1-4-all_logo-234x95.png 234w, https:\/\/stage.catpowertools.com\/wp-content\/uploads\/2021\/11\/1-4-all_logo-64x26.png 64w\" sizes=\"(max-width: 241px) 100vw, 241px\" \/>\t\t\t\t\t\t\t\t\t\t\t\t\t\t\t<\/p>\n<p>UNE SEULE BATTERIE POUR TOUS LES OUTILS \u00c9LECTROPORTATIFS<\/p>\n<p>Construites avec les derni\u00e8res innovations en mati\u00e8re de technologie de batterie pour affronter les conditions de chantier les plus difficiles, les batteries 18 V Cat\u00ae sont disponibles en 2, 4 et 5 Ah et sont compatibles avec tous les outils de la plate-forme.<\/p>\n<h2>M\u00caME BATTERIE<br \/>ALIMENTE TOUT<\/h2>\n<h2>Les Outils \u00c9lectroportatifs CAT\u00ae &nbsp;<\/h2>\n<p>\t\t\t<a href=\"https:\/\/stage.catpowertools.com\/fr\/technologies\/graphene\/\" role=\"button\"><br \/>\n\t\t\t\t\t\tEn savoir plus<br \/>\n\t\t\t\t\t<\/a><\/p>\n<h2>M\u00caME BATTERIE<br \/>ALIMENTE TOUT<\/h2>\n<h2>Les Outils \u00c9lectroportatifs CAT\u00ae &nbsp;<\/h2>\n<p>\t\t\t<a href=\"https:\/\/stage.catpowertools.com\/fr\/technologies\/graphene\/\" role=\"button\"><br \/>\n\t\t\t\t\t\tEn savoir plus<br \/>\n\t\t\t\t\t<\/a><br \/>\n\t\t\t\t\t\t\t\t\t\t\t\t\t\t\t<img loading=\"lazy\" decoding=\"async\" width=\"375\" height=\"293\" src=\"https:\/\/stage.catpowertools.com\/wp-content\/uploads\/2021\/12\/1-for-all-18v-batteries-mobile.png\" alt=\"\" srcset=\"https:\/\/stage.catpowertools.com\/wp-content\/uploads\/2021\/12\/1-for-all-18v-batteries-mobile.png 375w, https:\/\/stage.catpowertools.com\/wp-content\/uploads\/2021\/12\/1-for-all-18v-batteries-mobile-218x170.png 218w, https:\/\/stage.catpowertools.com\/wp-content\/uploads\/2021\/12\/1-for-all-18v-batteries-mobile-64x50.png 64w, https:\/\/stage.catpowertools.com\/wp-content\/uploads\/2021\/12\/1-for-all-18v-batteries-mobile-300x234.png 300w\" sizes=\"(max-width: 375px) 100vw, 375px\" \/><br \/>\n\t\t\t\t\t\t\t\t\t\t\t\t\t\t\t<img loading=\"lazy\" decoding=\"async\" width=\"152\" height=\"62\" src=\"https:\/\/stage.catpowertools.com\/wp-content\/uploads\/2021\/12\/1-4-all_logo-mobile.png\" alt=\"\" srcset=\"https:\/\/stage.catpowertools.com\/wp-content\/uploads\/2021\/12\/1-4-all_logo-mobile.png 152w, https:\/\/stage.catpowertools.com\/wp-content\/uploads\/2021\/12\/1-4-all_logo-mobile-64x26.png 64w, https:\/\/stage.catpowertools.com\/wp-content\/uploads\/2021\/12\/1-4-all_logo-mobile-150x62.png 150w\" sizes=\"(max-width: 152px) 100vw, 152px\" \/>\t\t\t\t\t\t\t\t\t\t\t\t\t\t\t<\/p>\n<p>UNE SEULE BATTERIE POUR TOUS LES OUTILS \u00c9LECTROPORTATIFS<\/p>\n<p>Construites avec les derni\u00e8res innovations en mati\u00e8re de technologie de batterie pour affronter les conditions de chantier les plus difficiles, les batteries 18 V Cat\u00ae sont disponibles en 2, 4 et 5 Ah et sont compatibles avec tous les outils de la plate-forme.<\/p>\n<p>\t\t\t<a href=\"https:\/\/stage.catpowertools.com\/fr\/technologies\/graphene\/\" role=\"button\"><br \/>\n\t\t\t\t\t\tEn savoir plus<br \/>\n\t\t\t\t\t<\/a><\/p>\n","protected":false},"excerpt":{"rendered":"<p>Outils pour y arriver Cat\u00e9gories d&rsquo;outils SANDING OSCILLATING IMPACTS HAMMERS SAWS DRILLS Previous Next UNE SEULE BATTERIE POUR TOUS LES OUTILS \u00c9LECTROPORTATIFS Construites avec les derni\u00e8res innovations en mati\u00e8re de technologie de batterie pour affronter les conditions de chantier les plus difficiles, les batteries 18 V Cat\u00ae sont disponibles en 2, 4 et 5 Ah [&hellip;]<\/p>\n","protected":false},"author":1,"featured_media":0,"parent":0,"menu_order":0,"comment_status":"closed","ping_status":"closed","template":"","meta":{"_acf_changed":false,"footnotes":""},"class_list":["post-23335","page","type-page","status-publish","hentry"],"acf":[],"yoast_head":"<!-- This site is optimized with the Yoast SEO plugin v26.6 - https:\/\/yoast.com\/wordpress\/plugins\/seo\/ -->\n<title>Accueil - Cat Power Tools<\/title>\n<meta name=\"robots\" content=\"index, follow, max-snippet:-1, max-image-preview:large, max-video-preview:-1\" \/>\n<link rel=\"canonical\" href=\"https:\/\/www.catpowertools.com\/fr\/\" \/>\n<meta property=\"og:locale\" content=\"fr_FR\" \/>\n<meta property=\"og:type\" content=\"article\" \/>\n<meta property=\"og:title\" content=\"Accueil - Cat Power Tools\" \/>\n<meta property=\"og:description\" content=\"Outils pour y arriver Cat\u00e9gories d&rsquo;outils SANDING OSCILLATING IMPACTS HAMMERS SAWS DRILLS Previous Next UNE SEULE BATTERIE POUR TOUS LES OUTILS \u00c9LECTROPORTATIFS Construites avec les derni\u00e8res innovations en mati\u00e8re de technologie de batterie pour affronter les conditions de chantier les plus difficiles, les batteries 18 V Cat\u00ae sont disponibles en 2, 4 et 5 Ah [&hellip;]\" \/>\n<meta property=\"og:url\" content=\"https:\/\/www.catpowertools.com\/fr\/\" \/>\n<meta property=\"og:site_name\" content=\"Cat Power Tools\" \/>\n<meta property=\"article:modified_time\" content=\"2023-04-18T16:38:20+00:00\" \/>\n<meta property=\"og:image\" content=\"https:\/\/stage.catpowertools.com\/wp-content\/uploads\/2021\/10\/Power-Tools.png\" \/>\n<meta name=\"twitter:card\" content=\"summary_large_image\" \/>\n<meta name=\"twitter:label1\" content=\"Dur\u00e9e de lecture estim\u00e9e\" \/>\n\t<meta name=\"twitter:data1\" content=\"1 minute\" \/>\n<script type=\"application\/ld+json\" class=\"yoast-schema-graph\">{\"@context\":\"https:\/\/schema.org\",\"@graph\":[{\"@type\":\"WebPage\",\"@id\":\"https:\/\/www.catpowertools.com\/fr\/\",\"url\":\"https:\/\/www.catpowertools.com\/fr\/\",\"name\":\"Accueil - Cat Power Tools\",\"isPartOf\":{\"@id\":\"https:\/\/www.catpowertools.com\/fr\/#website\"},\"primaryImageOfPage\":{\"@id\":\"https:\/\/www.catpowertools.com\/fr\/#primaryimage\"},\"image\":{\"@id\":\"https:\/\/www.catpowertools.com\/fr\/#primaryimage\"},\"thumbnailUrl\":\"https:\/\/stage.catpowertools.com\/wp-content\/uploads\/2021\/10\/Power-Tools.png\",\"datePublished\":\"2022-10-10T20:05:02+00:00\",\"dateModified\":\"2023-04-18T16:38:20+00:00\",\"breadcrumb\":{\"@id\":\"https:\/\/www.catpowertools.com\/fr\/#breadcrumb\"},\"inLanguage\":\"fr-FR\",\"potentialAction\":[{\"@type\":\"ReadAction\",\"target\":[\"https:\/\/www.catpowertools.com\/fr\/\"]}]},{\"@type\":\"ImageObject\",\"inLanguage\":\"fr-FR\",\"@id\":\"https:\/\/www.catpowertools.com\/fr\/#primaryimage\",\"url\":\"https:\/\/stage.catpowertools.com\/wp-content\/uploads\/2021\/10\/Power-Tools.png\",\"contentUrl\":\"https:\/\/stage.catpowertools.com\/wp-content\/uploads\/2021\/10\/Power-Tools.png\"},{\"@type\":\"BreadcrumbList\",\"@id\":\"https:\/\/www.catpowertools.com\/fr\/#breadcrumb\",\"itemListElement\":[{\"@type\":\"ListItem\",\"position\":1,\"name\":\"Home\",\"item\":\"https:\/\/www.catpowertools.com\/fr\/\"},{\"@type\":\"ListItem\",\"position\":2,\"name\":\"Accueil\"}]},{\"@type\":\"WebSite\",\"@id\":\"https:\/\/www.catpowertools.com\/fr\/#website\",\"url\":\"https:\/\/www.catpowertools.com\/fr\/\",\"name\":\"Cat Power Tools\",\"description\":\"Just another WordPress site\",\"potentialAction\":[{\"@type\":\"SearchAction\",\"target\":{\"@type\":\"EntryPoint\",\"urlTemplate\":\"https:\/\/www.catpowertools.com\/fr\/?s={search_term_string}\"},\"query-input\":{\"@type\":\"PropertyValueSpecification\",\"valueRequired\":true,\"valueName\":\"search_term_string\"}}],\"inLanguage\":\"fr-FR\"}]}<\/script>\n<!-- \/ Yoast SEO plugin. -->","yoast_head_json":{"title":"Accueil - Cat Power Tools","robots":{"index":"index","follow":"follow","max-snippet":"max-snippet:-1","max-image-preview":"max-image-preview:large","max-video-preview":"max-video-preview:-1"},"canonical":"https:\/\/www.catpowertools.com\/fr\/","og_locale":"fr_FR","og_type":"article","og_title":"Accueil - Cat Power Tools","og_description":"Outils pour y arriver Cat\u00e9gories d&rsquo;outils SANDING OSCILLATING IMPACTS HAMMERS SAWS DRILLS Previous Next UNE SEULE BATTERIE POUR TOUS LES OUTILS \u00c9LECTROPORTATIFS Construites avec les derni\u00e8res innovations en mati\u00e8re de technologie de batterie pour affronter les conditions de chantier les plus difficiles, les batteries 18 V Cat\u00ae sont disponibles en 2, 4 et 5 Ah [&hellip;]","og_url":"https:\/\/www.catpowertools.com\/fr\/","og_site_name":"Cat Power Tools","article_modified_time":"2023-04-18T16:38:20+00:00","og_image":[{"url":"https:\/\/stage.catpowertools.com\/wp-content\/uploads\/2021\/10\/Power-Tools.png","type":"","width":"","height":""}],"twitter_card":"summary_large_image","twitter_misc":{"Dur\u00e9e de lecture estim\u00e9e":"1 minute"},"schema":{"@context":"https:\/\/schema.org","@graph":[{"@type":"WebPage","@id":"https:\/\/www.catpowertools.com\/fr\/","url":"https:\/\/www.catpowertools.com\/fr\/","name":"Accueil - Cat Power Tools","isPartOf":{"@id":"https:\/\/www.catpowertools.com\/fr\/#website"},"primaryImageOfPage":{"@id":"https:\/\/www.catpowertools.com\/fr\/#primaryimage"},"image":{"@id":"https:\/\/www.catpowertools.com\/fr\/#primaryimage"},"thumbnailUrl":"https:\/\/stage.catpowertools.com\/wp-content\/uploads\/2021\/10\/Power-Tools.png","datePublished":"2022-10-10T20:05:02+00:00","dateModified":"2023-04-18T16:38:20+00:00","breadcrumb":{"@id":"https:\/\/www.catpowertools.com\/fr\/#breadcrumb"},"inLanguage":"fr-FR","potentialAction":[{"@type":"ReadAction","target":["https:\/\/www.catpowertools.com\/fr\/"]}]},{"@type":"ImageObject","inLanguage":"fr-FR","@id":"https:\/\/www.catpowertools.com\/fr\/#primaryimage","url":"https:\/\/stage.catpowertools.com\/wp-content\/uploads\/2021\/10\/Power-Tools.png","contentUrl":"https:\/\/stage.catpowertools.com\/wp-content\/uploads\/2021\/10\/Power-Tools.png"},{"@type":"BreadcrumbList","@id":"https:\/\/www.catpowertools.com\/fr\/#breadcrumb","itemListElement":[{"@type":"ListItem","position":1,"name":"Home","item":"https:\/\/www.catpowertools.com\/fr\/"},{"@type":"ListItem","position":2,"name":"Accueil"}]},{"@type":"WebSite","@id":"https:\/\/www.catpowertools.com\/fr\/#website","url":"https:\/\/www.catpowertools.com\/fr\/","name":"Cat Power Tools","description":"Just another WordPress site","potentialAction":[{"@type":"SearchAction","target":{"@type":"EntryPoint","urlTemplate":"https:\/\/www.catpowertools.com\/fr\/?s={search_term_string}"},"query-input":{"@type":"PropertyValueSpecification","valueRequired":true,"valueName":"search_term_string"}}],"inLanguage":"fr-FR"}]}},"_links":{"self":[{"href":"https:\/\/www.catpowertools.com\/fr\/wp-json\/wp\/v2\/pages\/23335","targetHints":{"allow":["GET"]}}],"collection":[{"href":"https:\/\/www.catpowertools.com\/fr\/wp-json\/wp\/v2\/pages"}],"about":[{"href":"https:\/\/www.catpowertools.com\/fr\/wp-json\/wp\/v2\/types\/page"}],"author":[{"embeddable":true,"href":"https:\/\/www.catpowertools.com\/fr\/wp-json\/wp\/v2\/users\/1"}],"replies":[{"embeddable":true,"href":"https:\/\/www.catpowertools.com\/fr\/wp-json\/wp\/v2\/comments?post=23335"}],"version-history":[{"count":0,"href":"https:\/\/www.catpowertools.com\/fr\/wp-json\/wp\/v2\/pages\/23335\/revisions"}],"wp:attachment":[{"href":"https:\/\/www.catpowertools.com\/fr\/wp-json\/wp\/v2\/media?parent=23335"}],"curies":[{"name":"wp","href":"https:\/\/api.w.org\/{rel}","templated":true}]}}