{"id":5045,"date":"2021-10-01T15:07:37","date_gmt":"2021-10-01T19:07:37","guid":{"rendered":"https:\/\/www.catpowertools.com\/souffleurs\/"},"modified":"2022-09-28T15:45:20","modified_gmt":"2022-09-28T19:45:20","slug":"souffleurs","status":"publish","type":"page","link":"https:\/\/www.catpowertools.com\/fr\/equipements-electriques-dexterieur\/equipement-motorise-dexterieur-60v\/souffleurs\/","title":{"rendered":"Souffleurs"},"content":{"rendered":"\t\t<div data-elementor-type=\"wp-page\" data-elementor-id=\"5045\" class=\"elementor elementor-5045 elementor-2167\" data-elementor-post-type=\"page\">\n\t\t\t\t\t\t<section class=\"elementor-section elementor-top-section elementor-element elementor-element-3dbfd3bf elementor-section-full_width elementor-section-content-middle elementor-section-height-default elementor-section-height-default\" data-id=\"3dbfd3bf\" data-element_type=\"section\" data-settings=\"{&quot;background_background&quot;:&quot;classic&quot;}\">\n\t\t\t\t\t\t<div class=\"elementor-container elementor-column-gap-default\">\n\t\t\t\t\t<div class=\"elementor-column elementor-col-50 elementor-top-column elementor-element elementor-element-65ff1e7b\" data-id=\"65ff1e7b\" data-element_type=\"column\">\n\t\t\t<div class=\"elementor-widget-wrap elementor-element-populated\">\n\t\t\t\t\t\t<div class=\"elementor-element elementor-element-713188d elementor-widget__width-auto elementor-widget-tablet__width-initial elementor-widget elementor-widget-heading\" data-id=\"713188d\" data-element_type=\"widget\" data-widget_type=\"heading.default\">\n\t\t\t\t<div class=\"elementor-widget-container\">\n\t\t\t\t\t<h1 class=\"elementor-heading-title elementor-size-default\">Souffleurs<\/h1>\t\t\t\t<\/div>\n\t\t\t\t<\/div>\n\t\t\t\t\t<\/div>\n\t\t<\/div>\n\t\t\t\t<div class=\"elementor-column elementor-col-50 elementor-top-column elementor-element elementor-element-67f9e623\" data-id=\"67f9e623\" data-element_type=\"column\">\n\t\t\t<div class=\"elementor-widget-wrap elementor-element-populated\">\n\t\t\t\t\t\t<div class=\"elementor-element elementor-element-4e4d7861 elementor-widget elementor-widget-image\" data-id=\"4e4d7861\" data-element_type=\"widget\" data-widget_type=\"image.default\">\n\t\t\t\t<div class=\"elementor-widget-container\">\n\t\t\t\t\t\t\t\t\t\t\t\t\t\t\t<img fetchpriority=\"high\" decoding=\"async\" width=\"1200\" height=\"370\" src=\"https:\/\/www.catpowertools.com\/wp-content\/uploads\/2022\/01\/blowers-plp-hero.jpg\" class=\"attachment-full size-full wp-image-4489\" alt=\"\" srcset=\"https:\/\/www.catpowertools.com\/wp-content\/uploads\/2022\/01\/blowers-plp-hero.jpg 1200w, https:\/\/www.catpowertools.com\/wp-content\/uploads\/2022\/01\/blowers-plp-hero-234x72.jpg 234w, https:\/\/www.catpowertools.com\/wp-content\/uploads\/2022\/01\/blowers-plp-hero-64x20.jpg 64w, https:\/\/www.catpowertools.com\/wp-content\/uploads\/2022\/01\/blowers-plp-hero-300x93.jpg 300w, https:\/\/www.catpowertools.com\/wp-content\/uploads\/2022\/01\/blowers-plp-hero-1024x316.jpg 1024w, https:\/\/www.catpowertools.com\/wp-content\/uploads\/2022\/01\/blowers-plp-hero-768x237.jpg 768w\" sizes=\"(max-width: 1200px) 100vw, 1200px\" \/>\t\t\t\t\t\t\t\t\t\t\t\t\t\t\t<\/div>\n\t\t\t\t<\/div>\n\t\t\t\t\t<\/div>\n\t\t<\/div>\n\t\t\t\t\t<\/div>\n\t\t<\/section>\n\t\t\t\t<section class=\"elementor-section elementor-top-section elementor-element elementor-element-19fe3c8 elementor-section-full_width elementor-section-height-default elementor-section-height-default\" data-id=\"19fe3c8\" data-element_type=\"section\">\n\t\t\t\t\t\t<div class=\"elementor-container elementor-column-gap-no\">\n\t\t\t\t\t<div class=\"elementor-column elementor-col-100 elementor-top-column elementor-element elementor-element-d30ad69\" data-id=\"d30ad69\" data-element_type=\"column\">\n\t\t\t<div class=\"elementor-widget-wrap elementor-element-populated\">\n\t\t\t\t\t\t<section class=\"elementor-section elementor-inner-section elementor-element elementor-element-f228b37 elementor-section-full_width row__container elementor-section-height-default elementor-section-height-default\" data-id=\"f228b37\" data-element_type=\"section\">\n\t\t\t\t\t\t<div class=\"elementor-container elementor-column-gap-no\">\n\t\t\t\t\t<div class=\"elementor-column elementor-col-100 elementor-inner-column elementor-element elementor-element-6e3d73f\" data-id=\"6e3d73f\" data-element_type=\"column\">\n\t\t\t<div class=\"elementor-widget-wrap elementor-element-populated\">\n\t\t\t\t\t\t<div class=\"elementor-element elementor-element-405f011 elementor-widget elementor-widget-breadcrumbs\" data-id=\"405f011\" data-element_type=\"widget\" data-widget_type=\"breadcrumbs.default\">\n\t\t\t\t<div class=\"elementor-widget-container\">\n\t\t\t\t\t<p id=\"breadcrumbs\"><span><span><a href=\"https:\/\/www.catpowertools.com\/fr\/\">Home<\/a><\/span><\/span><\/p>\t\t\t\t<\/div>\n\t\t\t\t<\/div>\n\t\t\t\t\t<\/div>\n\t\t<\/div>\n\t\t\t\t\t<\/div>\n\t\t<\/section>\n\t\t\t\t\t<\/div>\n\t\t<\/div>\n\t\t\t\t\t<\/div>\n\t\t<\/section>\n\t\t\t\t<section class=\"elementor-section elementor-top-section elementor-element elementor-element-9a1ef11 product-listing-page__container products-on-cms elementor-section-boxed elementor-section-height-default elementor-section-height-default\" data-id=\"9a1ef11\" data-element_type=\"section\">\n\t\t\t\t\t\t<div class=\"elementor-container elementor-column-gap-wider\">\n\t\t\t\t\t<div class=\"elementor-column elementor-col-16 elementor-top-column elementor-element elementor-element-bba93b3\" data-id=\"bba93b3\" data-element_type=\"column\">\n\t\t\t<div class=\"elementor-widget-wrap elementor-element-populated\">\n\t\t\t\t\t\t<div class=\"elementor-element elementor-element-59d4266 elementor-nav-menu--dropdown-none elementor-widget elementor-widget-nav-menu\" data-id=\"59d4266\" data-element_type=\"widget\" data-settings=\"{&quot;layout&quot;:&quot;vertical&quot;,&quot;submenu_icon&quot;:{&quot;value&quot;:&quot;&lt;i class=\\&quot;fas fa-caret-down\\&quot; aria-hidden=\\&quot;true\\&quot;&gt;&lt;\\\/i&gt;&quot;,&quot;library&quot;:&quot;fa-solid&quot;}}\" data-widget_type=\"nav-menu.default\">\n\t\t\t\t<div class=\"elementor-widget-container\">\n\t\t\t\t\t\t\t\t<nav aria-label=\"Menu\" class=\"elementor-nav-menu--main elementor-nav-menu__container elementor-nav-menu--layout-vertical e--pointer-underline e--animation-none\">\n\t\t\t\t<ul id=\"menu-1-59d4266\" class=\"elementor-nav-menu sm-vertical\"><li class=\"menu-item menu-item-type-custom menu-item-object-custom menu-item-4926\"><a href=\"https:\/\/#\" class=\"elementor-item elementor-item-anchor\">\u00c9QUIPEMENT D&rsquo;EXT\u00c9RIEUR 60V<\/a><\/li>\n<li class=\"menu-item menu-item-type-post_type menu-item-object-page menu-item-5318\"><a href=\"https:\/\/www.catpowertools.com\/fr\/equipements-electriques-dexterieur\/equipement-motorise-dexterieur-60v\/coupe-bordures-a-fil\/\" class=\"elementor-item\">Coupe-bordures \u00e0 fil<\/a><\/li>\n<li class=\"menu-item menu-item-type-post_type menu-item-object-page menu-item-5319\"><a href=\"https:\/\/www.catpowertools.com\/fr\/equipements-electriques-dexterieur\/equipement-motorise-dexterieur-60v\/tondeuses\/\" class=\"elementor-item\">Tondeuses<\/a><\/li>\n<li class=\"menu-item menu-item-type-post_type menu-item-object-page menu-item-5320\"><a href=\"https:\/\/www.catpowertools.com\/fr\/equipements-electriques-dexterieur\/equipement-motorise-dexterieur-60v\/tronconneuses\/\" class=\"elementor-item\">Tron\u00e7onneuses<\/a><\/li>\n<li class=\"menu-item menu-item-type-post_type menu-item-object-page menu-item-5321\"><a href=\"https:\/\/www.catpowertools.com\/fr\/equipements-electriques-dexterieur\/equipement-motorise-dexterieur-60v\/souffleurs\/\" class=\"elementor-item\">Souffleurs<\/a><\/li>\n<\/ul>\t\t\t<\/nav>\n\t\t\t\t\t\t<nav class=\"elementor-nav-menu--dropdown elementor-nav-menu__container\" aria-hidden=\"true\">\n\t\t\t\t<ul id=\"menu-2-59d4266\" class=\"elementor-nav-menu sm-vertical\"><li class=\"menu-item menu-item-type-custom menu-item-object-custom menu-item-4926\"><a href=\"https:\/\/#\" class=\"elementor-item elementor-item-anchor\" tabindex=\"-1\">\u00c9QUIPEMENT D&rsquo;EXT\u00c9RIEUR 60V<\/a><\/li>\n<li class=\"menu-item menu-item-type-post_type menu-item-object-page menu-item-5318\"><a href=\"https:\/\/www.catpowertools.com\/fr\/equipements-electriques-dexterieur\/equipement-motorise-dexterieur-60v\/coupe-bordures-a-fil\/\" class=\"elementor-item\" tabindex=\"-1\">Coupe-bordures \u00e0 fil<\/a><\/li>\n<li class=\"menu-item menu-item-type-post_type menu-item-object-page menu-item-5319\"><a href=\"https:\/\/www.catpowertools.com\/fr\/equipements-electriques-dexterieur\/equipement-motorise-dexterieur-60v\/tondeuses\/\" class=\"elementor-item\" tabindex=\"-1\">Tondeuses<\/a><\/li>\n<li class=\"menu-item menu-item-type-post_type menu-item-object-page menu-item-5320\"><a href=\"https:\/\/www.catpowertools.com\/fr\/equipements-electriques-dexterieur\/equipement-motorise-dexterieur-60v\/tronconneuses\/\" class=\"elementor-item\" tabindex=\"-1\">Tron\u00e7onneuses<\/a><\/li>\n<li class=\"menu-item menu-item-type-post_type menu-item-object-page menu-item-5321\"><a href=\"https:\/\/www.catpowertools.com\/fr\/equipements-electriques-dexterieur\/equipement-motorise-dexterieur-60v\/souffleurs\/\" class=\"elementor-item\" tabindex=\"-1\">Souffleurs<\/a><\/li>\n<\/ul>\t\t\t<\/nav>\n\t\t\t\t\t\t<\/div>\n\t\t\t\t<\/div>\n\t\t\t\t\t<\/div>\n\t\t<\/div>\n\t\t\t\t<div class=\"elementor-column elementor-col-66 elementor-top-column elementor-element elementor-element-d2ccb3e\" data-id=\"d2ccb3e\" data-element_type=\"column\">\n\t\t\t<div class=\"elementor-widget-wrap elementor-element-populated\">\n\t\t\t\t\t\t\t<\/div>\n\t\t<\/div>\n\t\t\t\t<div class=\"elementor-column elementor-col-16 elementor-top-column elementor-element elementor-element-bed761a\" data-id=\"bed761a\" data-element_type=\"column\">\n\t\t\t<div class=\"elementor-widget-wrap\">\n\t\t\t\t\t\t\t<\/div>\n\t\t<\/div>\n\t\t\t\t\t<\/div>\n\t\t<\/section>\n\t\t\t\t<\/div>\n\t\t","protected":false},"excerpt":{"rendered":"<p>Souffleurs<\/p>\n","protected":false},"author":1,"featured_media":1707,"parent":5218,"menu_order":0,"comment_status":"closed","ping_status":"closed","template":"","meta":{"_acf_changed":false,"footnotes":""},"class_list":["post-5045","page","type-page","status-publish","has-post-thumbnail","hentry"],"acf":[],"yoast_head":"<!-- This site is optimized with the Yoast SEO plugin v26.6 - https:\/\/yoast.com\/wordpress\/plugins\/seo\/ -->\n<title>Souffleurs - Cat Power Tools<\/title>\n<meta name=\"robots\" content=\"index, follow, max-snippet:-1, max-image-preview:large, max-video-preview:-1\" \/>\n<link rel=\"canonical\" href=\"https:\/\/www.catpowertools.com\/fr\/equipements-electriques-dexterieur\/equipement-motorise-dexterieur-60v\/souffleurs\/\" \/>\n<meta property=\"og:locale\" content=\"fr_FR\" \/>\n<meta property=\"og:type\" content=\"article\" \/>\n<meta property=\"og:title\" content=\"Souffleurs - Cat Power Tools\" \/>\n<meta property=\"og:description\" content=\"Souffleurs\" \/>\n<meta property=\"og:url\" content=\"https:\/\/www.catpowertools.com\/fr\/equipements-electriques-dexterieur\/equipement-motorise-dexterieur-60v\/souffleurs\/\" \/>\n<meta property=\"og:site_name\" content=\"Cat Power Tools\" \/>\n<meta property=\"article:modified_time\" content=\"2022-09-28T19:45:20+00:00\" \/>\n<meta property=\"og:image\" content=\"https:\/\/www.catpowertools.com\/wp-content\/uploads\/2021\/09\/60v-ope-category-listing-blowers.png\" \/>\n\t<meta property=\"og:image:width\" content=\"245\" \/>\n\t<meta property=\"og:image:height\" content=\"245\" \/>\n\t<meta property=\"og:image:type\" content=\"image\/png\" \/>\n<meta name=\"twitter:card\" content=\"summary_large_image\" \/>\n<script type=\"application\/ld+json\" class=\"yoast-schema-graph\">{\"@context\":\"https:\/\/schema.org\",\"@graph\":[{\"@type\":\"WebPage\",\"@id\":\"https:\/\/www.catpowertools.com\/fr\/equipements-electriques-dexterieur\/equipement-motorise-dexterieur-60v\/souffleurs\/\",\"url\":\"https:\/\/www.catpowertools.com\/fr\/equipements-electriques-dexterieur\/equipement-motorise-dexterieur-60v\/souffleurs\/\",\"name\":\"Souffleurs - Cat Power Tools\",\"isPartOf\":{\"@id\":\"https:\/\/www.catpowertools.com\/fr\/#website\"},\"primaryImageOfPage\":{\"@id\":\"https:\/\/www.catpowertools.com\/fr\/equipements-electriques-dexterieur\/equipement-motorise-dexterieur-60v\/souffleurs\/#primaryimage\"},\"image\":{\"@id\":\"https:\/\/www.catpowertools.com\/fr\/equipements-electriques-dexterieur\/equipement-motorise-dexterieur-60v\/souffleurs\/#primaryimage\"},\"thumbnailUrl\":\"https:\/\/www.catpowertools.com\/wp-content\/uploads\/2021\/09\/60v-ope-category-listing-blowers.png\",\"datePublished\":\"2021-10-01T19:07:37+00:00\",\"dateModified\":\"2022-09-28T19:45:20+00:00\",\"breadcrumb\":{\"@id\":\"https:\/\/www.catpowertools.com\/fr\/equipements-electriques-dexterieur\/equipement-motorise-dexterieur-60v\/souffleurs\/#breadcrumb\"},\"inLanguage\":\"fr-FR\",\"potentialAction\":[{\"@type\":\"ReadAction\",\"target\":[\"https:\/\/www.catpowertools.com\/fr\/equipements-electriques-dexterieur\/equipement-motorise-dexterieur-60v\/souffleurs\/\"]}]},{\"@type\":\"ImageObject\",\"inLanguage\":\"fr-FR\",\"@id\":\"https:\/\/www.catpowertools.com\/fr\/equipements-electriques-dexterieur\/equipement-motorise-dexterieur-60v\/souffleurs\/#primaryimage\",\"url\":\"https:\/\/www.catpowertools.com\/wp-content\/uploads\/2021\/09\/60v-ope-category-listing-blowers.png\",\"contentUrl\":\"https:\/\/www.catpowertools.com\/wp-content\/uploads\/2021\/09\/60v-ope-category-listing-blowers.png\",\"width\":245,\"height\":245,\"caption\":\"Souffleurs\"},{\"@type\":\"BreadcrumbList\",\"@id\":\"https:\/\/www.catpowertools.com\/fr\/equipements-electriques-dexterieur\/equipement-motorise-dexterieur-60v\/souffleurs\/#breadcrumb\",\"itemListElement\":[{\"@type\":\"ListItem\",\"position\":1,\"name\":\"Home\",\"item\":\"https:\/\/www.catpowertools.com\/fr\/\"},{\"@type\":\"ListItem\",\"position\":2,\"name\":\"\u00c9quipements \u00e9lectriques d&#8217;ext\u00e9rieur\",\"item\":\"https:\/\/www.catpowertools.com\/fr\/outdoor-power-equipment\/\"},{\"@type\":\"ListItem\",\"position\":3,\"name\":\"\u00c9quipement motoris\u00e9 d&#8217;ext\u00e9rieur 60V\",\"item\":\"https:\/\/www.catpowertools.com\/fr\/outdoor-power-equipment\/60v\/\"},{\"@type\":\"ListItem\",\"position\":4,\"name\":\"Souffleurs\"}]},{\"@type\":\"WebSite\",\"@id\":\"https:\/\/www.catpowertools.com\/fr\/#website\",\"url\":\"https:\/\/www.catpowertools.com\/fr\/\",\"name\":\"Cat Power Tools\",\"description\":\"Just another WordPress site\",\"potentialAction\":[{\"@type\":\"SearchAction\",\"target\":{\"@type\":\"EntryPoint\",\"urlTemplate\":\"https:\/\/www.catpowertools.com\/fr\/?s={search_term_string}\"},\"query-input\":{\"@type\":\"PropertyValueSpecification\",\"valueRequired\":true,\"valueName\":\"search_term_string\"}}],\"inLanguage\":\"fr-FR\"}]}<\/script>\n<!-- \/ Yoast SEO plugin. -->","yoast_head_json":{"title":"Souffleurs - Cat Power Tools","robots":{"index":"index","follow":"follow","max-snippet":"max-snippet:-1","max-image-preview":"max-image-preview:large","max-video-preview":"max-video-preview:-1"},"canonical":"https:\/\/www.catpowertools.com\/fr\/equipements-electriques-dexterieur\/equipement-motorise-dexterieur-60v\/souffleurs\/","og_locale":"fr_FR","og_type":"article","og_title":"Souffleurs - Cat Power Tools","og_description":"Souffleurs","og_url":"https:\/\/www.catpowertools.com\/fr\/equipements-electriques-dexterieur\/equipement-motorise-dexterieur-60v\/souffleurs\/","og_site_name":"Cat Power Tools","article_modified_time":"2022-09-28T19:45:20+00:00","og_image":[{"width":245,"height":245,"url":"https:\/\/www.catpowertools.com\/wp-content\/uploads\/2021\/09\/60v-ope-category-listing-blowers.png","type":"image\/png"}],"twitter_card":"summary_large_image","schema":{"@context":"https:\/\/schema.org","@graph":[{"@type":"WebPage","@id":"https:\/\/www.catpowertools.com\/fr\/equipements-electriques-dexterieur\/equipement-motorise-dexterieur-60v\/souffleurs\/","url":"https:\/\/www.catpowertools.com\/fr\/equipements-electriques-dexterieur\/equipement-motorise-dexterieur-60v\/souffleurs\/","name":"Souffleurs - Cat Power Tools","isPartOf":{"@id":"https:\/\/www.catpowertools.com\/fr\/#website"},"primaryImageOfPage":{"@id":"https:\/\/www.catpowertools.com\/fr\/equipements-electriques-dexterieur\/equipement-motorise-dexterieur-60v\/souffleurs\/#primaryimage"},"image":{"@id":"https:\/\/www.catpowertools.com\/fr\/equipements-electriques-dexterieur\/equipement-motorise-dexterieur-60v\/souffleurs\/#primaryimage"},"thumbnailUrl":"https:\/\/www.catpowertools.com\/wp-content\/uploads\/2021\/09\/60v-ope-category-listing-blowers.png","datePublished":"2021-10-01T19:07:37+00:00","dateModified":"2022-09-28T19:45:20+00:00","breadcrumb":{"@id":"https:\/\/www.catpowertools.com\/fr\/equipements-electriques-dexterieur\/equipement-motorise-dexterieur-60v\/souffleurs\/#breadcrumb"},"inLanguage":"fr-FR","potentialAction":[{"@type":"ReadAction","target":["https:\/\/www.catpowertools.com\/fr\/equipements-electriques-dexterieur\/equipement-motorise-dexterieur-60v\/souffleurs\/"]}]},{"@type":"ImageObject","inLanguage":"fr-FR","@id":"https:\/\/www.catpowertools.com\/fr\/equipements-electriques-dexterieur\/equipement-motorise-dexterieur-60v\/souffleurs\/#primaryimage","url":"https:\/\/www.catpowertools.com\/wp-content\/uploads\/2021\/09\/60v-ope-category-listing-blowers.png","contentUrl":"https:\/\/www.catpowertools.com\/wp-content\/uploads\/2021\/09\/60v-ope-category-listing-blowers.png","width":245,"height":245,"caption":"Souffleurs"},{"@type":"BreadcrumbList","@id":"https:\/\/www.catpowertools.com\/fr\/equipements-electriques-dexterieur\/equipement-motorise-dexterieur-60v\/souffleurs\/#breadcrumb","itemListElement":[{"@type":"ListItem","position":1,"name":"Home","item":"https:\/\/www.catpowertools.com\/fr\/"},{"@type":"ListItem","position":2,"name":"\u00c9quipements \u00e9lectriques d&#8217;ext\u00e9rieur","item":"https:\/\/www.catpowertools.com\/fr\/outdoor-power-equipment\/"},{"@type":"ListItem","position":3,"name":"\u00c9quipement motoris\u00e9 d&#8217;ext\u00e9rieur 60V","item":"https:\/\/www.catpowertools.com\/fr\/outdoor-power-equipment\/60v\/"},{"@type":"ListItem","position":4,"name":"Souffleurs"}]},{"@type":"WebSite","@id":"https:\/\/www.catpowertools.com\/fr\/#website","url":"https:\/\/www.catpowertools.com\/fr\/","name":"Cat Power Tools","description":"Just another WordPress site","potentialAction":[{"@type":"SearchAction","target":{"@type":"EntryPoint","urlTemplate":"https:\/\/www.catpowertools.com\/fr\/?s={search_term_string}"},"query-input":{"@type":"PropertyValueSpecification","valueRequired":true,"valueName":"search_term_string"}}],"inLanguage":"fr-FR"}]}},"_links":{"self":[{"href":"https:\/\/www.catpowertools.com\/fr\/wp-json\/wp\/v2\/pages\/5045","targetHints":{"allow":["GET"]}}],"collection":[{"href":"https:\/\/www.catpowertools.com\/fr\/wp-json\/wp\/v2\/pages"}],"about":[{"href":"https:\/\/www.catpowertools.com\/fr\/wp-json\/wp\/v2\/types\/page"}],"author":[{"embeddable":true,"href":"https:\/\/www.catpowertools.com\/fr\/wp-json\/wp\/v2\/users\/1"}],"replies":[{"embeddable":true,"href":"https:\/\/www.catpowertools.com\/fr\/wp-json\/wp\/v2\/comments?post=5045"}],"version-history":[{"count":0,"href":"https:\/\/www.catpowertools.com\/fr\/wp-json\/wp\/v2\/pages\/5045\/revisions"}],"up":[{"embeddable":true,"href":"https:\/\/www.catpowertools.com\/fr\/wp-json\/wp\/v2\/pages\/5218"}],"wp:featuredmedia":[{"embeddable":true,"href":"https:\/\/www.catpowertools.com\/fr\/wp-json\/wp\/v2\/media\/1707"}],"wp:attachment":[{"href":"https:\/\/www.catpowertools.com\/fr\/wp-json\/wp\/v2\/media?parent=5045"}],"curies":[{"name":"wp","href":"https:\/\/api.w.org\/{rel}","templated":true}]}}