{"id":5135,"date":"2021-11-18T16:12:54","date_gmt":"2021-11-18T21:12:54","guid":{"rendered":"https:\/\/www.catpowertools.com\/declaration-daccessibilite\/"},"modified":"2022-02-01T12:22:57","modified_gmt":"2022-02-01T17:22:57","slug":"declaration-daccessibilite","status":"publish","type":"page","link":"https:\/\/www.catpowertools.com\/fr\/declaration-daccessibilite\/","title":{"rendered":"D\u00e9claration d&rsquo;accessibilit\u00e9"},"content":{"rendered":"\t\t<div data-elementor-type=\"wp-page\" data-elementor-id=\"5135\" class=\"elementor elementor-5135 elementor-3871\" data-elementor-post-type=\"page\">\n\t\t\t\t\t\t<section class=\"elementor-section elementor-top-section elementor-element elementor-element-fd3658b row__container elementor-section-boxed elementor-section-height-default elementor-section-height-default\" data-id=\"fd3658b\" data-element_type=\"section\">\n\t\t\t\t\t\t<div class=\"elementor-container elementor-column-gap-default\">\n\t\t\t\t\t<div class=\"elementor-column elementor-col-100 elementor-top-column elementor-element elementor-element-f3afc5a\" data-id=\"f3afc5a\" data-element_type=\"column\">\n\t\t\t<div class=\"elementor-widget-wrap elementor-element-populated\">\n\t\t\t\t\t\t<div class=\"elementor-element elementor-element-526c56b elementor-widget elementor-widget-heading\" data-id=\"526c56b\" data-element_type=\"widget\" data-widget_type=\"heading.default\">\n\t\t\t\t<div class=\"elementor-widget-container\">\n\t\t\t\t\t<h2 class=\"elementor-heading-title elementor-size-default\">D\u00c9CLARATION D'ACCESSIBILIT\u00c9<\/h2>\t\t\t\t<\/div>\n\t\t\t\t<\/div>\n\t\t\t\t\t<\/div>\n\t\t<\/div>\n\t\t\t\t\t<\/div>\n\t\t<\/section>\n\t\t\t\t<section class=\"elementor-section elementor-top-section elementor-element elementor-element-4426885 row__container elementor-section-boxed elementor-section-height-default elementor-section-height-default\" data-id=\"4426885\" data-element_type=\"section\">\n\t\t\t\t\t\t<div class=\"elementor-container elementor-column-gap-default\">\n\t\t\t\t\t<div class=\"elementor-column elementor-col-100 elementor-top-column elementor-element elementor-element-0a89e08\" data-id=\"0a89e08\" data-element_type=\"column\">\n\t\t\t<div class=\"elementor-widget-wrap elementor-element-populated\">\n\t\t\t\t\t\t<div class=\"elementor-element elementor-element-9e71f9a elementor-widget elementor-widget-text-editor\" data-id=\"9e71f9a\" data-element_type=\"widget\" data-widget_type=\"text-editor.default\">\n\t\t\t\t<div class=\"elementor-widget-container\">\n\t\t\t\t\t\t\t\t\t<p class=\"ll-at-background\" data-content-type=\"heading\" data-appearance=\"default\" data-element=\"main\" data-pb-style=\"6181288917978\">Positec consid\u00e8re l&rsquo;accessibilit\u00e9 num\u00e9rique comme un sujet essentiel \u00e0 prendre en compte dans le paysage num\u00e9rique actuel. Il est important pour nous de veiller \u00e0 ce que le site catpowertools.com de Positec soit perceptible, utilisable et compr\u00e9hensible par les personnes souffrant d&rsquo;un ou plusieurs handicaps physiques ou cognitifs, qu&rsquo;ils soient temporaires ou permanents. Pour nous aider \u00e0 atteindre et \u00e0 maintenir la conformit\u00e9 dans le temps, nous avons install\u00e9 le service de rem\u00e9diation Max Access pilot\u00e9 par l&rsquo;IA, cr\u00e9\u00e9 par Online ADA, un leader national des services de conseil en accessibilit\u00e9 num\u00e9rique. Notre objectif est de faire en sorte que tous les utilisateurs puissent percevoir, exploiter et comprendre le contenu pr\u00e9sent\u00e9 sur notre site catpowertools.com. Max Access nous aide \u00e0 atteindre cet objectif en identifiant de nombreux probl\u00e8mes d&rsquo;accessibilit\u00e9, en rem\u00e9diant \u00e0 une partie importante de ces probl\u00e8mes et en fournissant un rapport sur les probl\u00e8mes restants qui n\u00e9cessitent une rem\u00e9diation manuelle. Max Access scanne notre site quotidiennement pour rem\u00e9dier aux probl\u00e8mes et les signaler.<\/p>\n<div class=\"no-arrow no-arrow-link\" data-content-type=\"text\" data-appearance=\"default\" data-element=\"main\" data-pb-style=\"6181288917984\">\n<p><strong class=\"ll-at-background\">Commentaires et plaintes formelles<\/strong><\/p>\n<p class=\"ll-at-background\">Nous nous engageons envers nos clients \u00e0 d\u00e9ployer des efforts commerciaux raisonnables pour faire en sorte que les principales fonctions de notre site catpowertools.com soient accessibles \u00e0 tous les utilisateurs. L&rsquo;audit et la rem\u00e9diation automatis\u00e9s sont toutefois des outils limit\u00e9s qui ne peuvent pas identifier toutes les limitations d&rsquo;accessibilit\u00e9. Si, pour une raison quelconque, vous estimez qu&rsquo;une partie de cette plate-forme est inutilisable pour vous ou que son accessibilit\u00e9 pourrait \u00eatre am\u00e9lior\u00e9e d&rsquo;une mani\u00e8re sp\u00e9cifique, veuillez nous contacter et nous examinerons vos commentaires rapidement et attentivement.<\/p>\n<ul>\n<li class=\"ll-at-background\">Courriel : <a class=\"ll-at-background\" href=\"mailto:accessibility@catpowertools.com\">accessibility@catpowertools.com<\/a><\/li>\n<\/ul>\n<p><strong class=\"ll-at-background\">Exigences en mati\u00e8re de technologie Web<\/strong><\/p>\n<p class=\"ll-at-background\">L&rsquo;accessibilit\u00e9 de worx.com repose sur les technologies suivantes pour fonctionner avec la combinaison particuli\u00e8re du navigateur web et de toute technologie d&rsquo;assistance ou plugin install\u00e9 sur votre ordinateur :<\/p>\n<ul>\n<li class=\"ll-at-background\">HTML<\/li>\n<li class=\"ll-at-background\">WAI-ARIA<\/li>\n<li class=\"ll-at-background\">CSS<\/li>\n<li class=\"ll-at-background\">JavaScript<\/li>\n<\/ul>\n<p class=\"ll-at-background\">La conformit\u00e9 aux normes d&rsquo;accessibilit\u00e9 utilis\u00e9es repose sur ces technologies.<\/p>\n<\/div>\n\t\t\t\t\t\t\t\t<\/div>\n\t\t\t\t<\/div>\n\t\t\t\t\t<\/div>\n\t\t<\/div>\n\t\t\t\t\t<\/div>\n\t\t<\/section>\n\t\t\t\t<\/div>\n\t\t","protected":false},"excerpt":{"rendered":"<p>D\u00c9CLARATION D&rsquo;ACCESSIBILIT\u00c9 Positec consid\u00e8re l&rsquo;accessibilit\u00e9 num\u00e9rique comme un sujet essentiel \u00e0 prendre en compte dans le paysage num\u00e9rique actuel. Il est important pour nous de veiller \u00e0 ce que le site catpowertools.com de Positec soit perceptible, utilisable et compr\u00e9hensible par les personnes souffrant d&rsquo;un ou plusieurs handicaps physiques ou cognitifs, qu&rsquo;ils soient temporaires ou permanents. [&hellip;]<\/p>\n","protected":false},"author":1,"featured_media":0,"parent":0,"menu_order":0,"comment_status":"closed","ping_status":"closed","template":"","meta":{"_acf_changed":false,"footnotes":""},"class_list":["post-5135","page","type-page","status-publish","hentry"],"acf":[],"yoast_head":"<!-- This site is optimized with the Yoast SEO plugin v26.6 - https:\/\/yoast.com\/wordpress\/plugins\/seo\/ -->\n<title>D\u00e9claration d&#039;accessibilit\u00e9 - Cat Power Tools<\/title>\n<meta name=\"robots\" content=\"index, follow, max-snippet:-1, max-image-preview:large, max-video-preview:-1\" \/>\n<link rel=\"canonical\" href=\"https:\/\/www.catpowertools.com\/fr\/declaration-daccessibilite\/\" \/>\n<meta property=\"og:locale\" content=\"fr_FR\" \/>\n<meta property=\"og:type\" content=\"article\" \/>\n<meta property=\"og:title\" content=\"D\u00e9claration d&#039;accessibilit\u00e9 - Cat Power Tools\" \/>\n<meta property=\"og:description\" content=\"D\u00c9CLARATION D&rsquo;ACCESSIBILIT\u00c9 Positec consid\u00e8re l&rsquo;accessibilit\u00e9 num\u00e9rique comme un sujet essentiel \u00e0 prendre en compte dans le paysage num\u00e9rique actuel. Il est important pour nous de veiller \u00e0 ce que le site catpowertools.com de Positec soit perceptible, utilisable et compr\u00e9hensible par les personnes souffrant d&rsquo;un ou plusieurs handicaps physiques ou cognitifs, qu&rsquo;ils soient temporaires ou permanents. [&hellip;]\" \/>\n<meta property=\"og:url\" content=\"https:\/\/www.catpowertools.com\/fr\/declaration-daccessibilite\/\" \/>\n<meta property=\"og:site_name\" content=\"Cat Power Tools\" \/>\n<meta property=\"article:modified_time\" content=\"2022-02-01T17:22:57+00:00\" \/>\n<meta name=\"twitter:card\" content=\"summary_large_image\" \/>\n<meta name=\"twitter:label1\" content=\"Dur\u00e9e de lecture estim\u00e9e\" \/>\n\t<meta name=\"twitter:data1\" content=\"2 minutes\" \/>\n<script type=\"application\/ld+json\" class=\"yoast-schema-graph\">{\"@context\":\"https:\/\/schema.org\",\"@graph\":[{\"@type\":\"WebPage\",\"@id\":\"https:\/\/www.catpowertools.com\/fr\/declaration-daccessibilite\/\",\"url\":\"https:\/\/www.catpowertools.com\/fr\/declaration-daccessibilite\/\",\"name\":\"D\u00e9claration d'accessibilit\u00e9 - Cat Power Tools\",\"isPartOf\":{\"@id\":\"https:\/\/www.catpowertools.com\/fr\/#website\"},\"datePublished\":\"2021-11-18T21:12:54+00:00\",\"dateModified\":\"2022-02-01T17:22:57+00:00\",\"breadcrumb\":{\"@id\":\"https:\/\/www.catpowertools.com\/fr\/declaration-daccessibilite\/#breadcrumb\"},\"inLanguage\":\"fr-FR\",\"potentialAction\":[{\"@type\":\"ReadAction\",\"target\":[\"https:\/\/www.catpowertools.com\/fr\/declaration-daccessibilite\/\"]}]},{\"@type\":\"BreadcrumbList\",\"@id\":\"https:\/\/www.catpowertools.com\/fr\/declaration-daccessibilite\/#breadcrumb\",\"itemListElement\":[{\"@type\":\"ListItem\",\"position\":1,\"name\":\"Home\",\"item\":\"https:\/\/www.catpowertools.com\/fr\/\"},{\"@type\":\"ListItem\",\"position\":2,\"name\":\"D\u00e9claration d&#8217;accessibilit\u00e9\"}]},{\"@type\":\"WebSite\",\"@id\":\"https:\/\/www.catpowertools.com\/fr\/#website\",\"url\":\"https:\/\/www.catpowertools.com\/fr\/\",\"name\":\"Cat Power Tools\",\"description\":\"Just another WordPress site\",\"potentialAction\":[{\"@type\":\"SearchAction\",\"target\":{\"@type\":\"EntryPoint\",\"urlTemplate\":\"https:\/\/www.catpowertools.com\/fr\/?s={search_term_string}\"},\"query-input\":{\"@type\":\"PropertyValueSpecification\",\"valueRequired\":true,\"valueName\":\"search_term_string\"}}],\"inLanguage\":\"fr-FR\"}]}<\/script>\n<!-- \/ Yoast SEO plugin. -->","yoast_head_json":{"title":"D\u00e9claration d'accessibilit\u00e9 - Cat Power Tools","robots":{"index":"index","follow":"follow","max-snippet":"max-snippet:-1","max-image-preview":"max-image-preview:large","max-video-preview":"max-video-preview:-1"},"canonical":"https:\/\/www.catpowertools.com\/fr\/declaration-daccessibilite\/","og_locale":"fr_FR","og_type":"article","og_title":"D\u00e9claration d'accessibilit\u00e9 - Cat Power Tools","og_description":"D\u00c9CLARATION D&rsquo;ACCESSIBILIT\u00c9 Positec consid\u00e8re l&rsquo;accessibilit\u00e9 num\u00e9rique comme un sujet essentiel \u00e0 prendre en compte dans le paysage num\u00e9rique actuel. Il est important pour nous de veiller \u00e0 ce que le site catpowertools.com de Positec soit perceptible, utilisable et compr\u00e9hensible par les personnes souffrant d&rsquo;un ou plusieurs handicaps physiques ou cognitifs, qu&rsquo;ils soient temporaires ou permanents. [&hellip;]","og_url":"https:\/\/www.catpowertools.com\/fr\/declaration-daccessibilite\/","og_site_name":"Cat Power Tools","article_modified_time":"2022-02-01T17:22:57+00:00","twitter_card":"summary_large_image","twitter_misc":{"Dur\u00e9e de lecture estim\u00e9e":"2 minutes"},"schema":{"@context":"https:\/\/schema.org","@graph":[{"@type":"WebPage","@id":"https:\/\/www.catpowertools.com\/fr\/declaration-daccessibilite\/","url":"https:\/\/www.catpowertools.com\/fr\/declaration-daccessibilite\/","name":"D\u00e9claration d'accessibilit\u00e9 - Cat Power Tools","isPartOf":{"@id":"https:\/\/www.catpowertools.com\/fr\/#website"},"datePublished":"2021-11-18T21:12:54+00:00","dateModified":"2022-02-01T17:22:57+00:00","breadcrumb":{"@id":"https:\/\/www.catpowertools.com\/fr\/declaration-daccessibilite\/#breadcrumb"},"inLanguage":"fr-FR","potentialAction":[{"@type":"ReadAction","target":["https:\/\/www.catpowertools.com\/fr\/declaration-daccessibilite\/"]}]},{"@type":"BreadcrumbList","@id":"https:\/\/www.catpowertools.com\/fr\/declaration-daccessibilite\/#breadcrumb","itemListElement":[{"@type":"ListItem","position":1,"name":"Home","item":"https:\/\/www.catpowertools.com\/fr\/"},{"@type":"ListItem","position":2,"name":"D\u00e9claration d&#8217;accessibilit\u00e9"}]},{"@type":"WebSite","@id":"https:\/\/www.catpowertools.com\/fr\/#website","url":"https:\/\/www.catpowertools.com\/fr\/","name":"Cat Power Tools","description":"Just another WordPress site","potentialAction":[{"@type":"SearchAction","target":{"@type":"EntryPoint","urlTemplate":"https:\/\/www.catpowertools.com\/fr\/?s={search_term_string}"},"query-input":{"@type":"PropertyValueSpecification","valueRequired":true,"valueName":"search_term_string"}}],"inLanguage":"fr-FR"}]}},"_links":{"self":[{"href":"https:\/\/www.catpowertools.com\/fr\/wp-json\/wp\/v2\/pages\/5135","targetHints":{"allow":["GET"]}}],"collection":[{"href":"https:\/\/www.catpowertools.com\/fr\/wp-json\/wp\/v2\/pages"}],"about":[{"href":"https:\/\/www.catpowertools.com\/fr\/wp-json\/wp\/v2\/types\/page"}],"author":[{"embeddable":true,"href":"https:\/\/www.catpowertools.com\/fr\/wp-json\/wp\/v2\/users\/1"}],"replies":[{"embeddable":true,"href":"https:\/\/www.catpowertools.com\/fr\/wp-json\/wp\/v2\/comments?post=5135"}],"version-history":[{"count":0,"href":"https:\/\/www.catpowertools.com\/fr\/wp-json\/wp\/v2\/pages\/5135\/revisions"}],"wp:attachment":[{"href":"https:\/\/www.catpowertools.com\/fr\/wp-json\/wp\/v2\/media?parent=5135"}],"curies":[{"name":"wp","href":"https:\/\/api.w.org\/{rel}","templated":true}]}}