{"id":5163,"date":"2021-11-18T16:12:29","date_gmt":"2021-11-18T21:12:29","guid":{"rendered":"https:\/\/www.catpowertools.com\/modalites-et-conditions\/"},"modified":"2022-02-01T12:23:01","modified_gmt":"2022-02-01T17:23:01","slug":"modalites-et-conditions","status":"publish","type":"page","link":"https:\/\/www.catpowertools.com\/fr\/modalites-et-conditions\/","title":{"rendered":"Modalit\u00e9s et conditions"},"content":{"rendered":"\t\t<div data-elementor-type=\"wp-page\" data-elementor-id=\"5163\" class=\"elementor elementor-5163 elementor-3870\" data-elementor-post-type=\"page\">\n\t\t\t\t\t\t<section class=\"elementor-section elementor-top-section elementor-element elementor-element-42975af row__container elementor-section-boxed elementor-section-height-default elementor-section-height-default\" data-id=\"42975af\" data-element_type=\"section\">\n\t\t\t\t\t\t<div class=\"elementor-container elementor-column-gap-default\">\n\t\t\t\t\t<div class=\"elementor-column elementor-col-100 elementor-top-column elementor-element elementor-element-352b343\" data-id=\"352b343\" data-element_type=\"column\">\n\t\t\t<div class=\"elementor-widget-wrap elementor-element-populated\">\n\t\t\t\t\t\t<div class=\"elementor-element elementor-element-3cb7c69 elementor-widget elementor-widget-heading\" data-id=\"3cb7c69\" data-element_type=\"widget\" data-widget_type=\"heading.default\">\n\t\t\t\t<div class=\"elementor-widget-container\">\n\t\t\t\t\t<h2 class=\"elementor-heading-title elementor-size-default\">CONDITIONS G\u00c9N\u00c9RALES DE VENTE EN LIGNE (\"CONDITIONS\")<\/h2>\t\t\t\t<\/div>\n\t\t\t\t<\/div>\n\t\t\t\t\t<\/div>\n\t\t<\/div>\n\t\t\t\t\t<\/div>\n\t\t<\/section>\n\t\t\t\t<section class=\"elementor-section elementor-top-section elementor-element elementor-element-dab78d8 row__container elementor-section-boxed elementor-section-height-default elementor-section-height-default\" data-id=\"dab78d8\" data-element_type=\"section\">\n\t\t\t\t\t\t<div class=\"elementor-container elementor-column-gap-default\">\n\t\t\t\t\t<div class=\"elementor-column elementor-col-100 elementor-top-column elementor-element elementor-element-79d9cb7\" data-id=\"79d9cb7\" data-element_type=\"column\">\n\t\t\t<div class=\"elementor-widget-wrap elementor-element-populated\">\n\t\t\t\t\t\t<div class=\"elementor-element elementor-element-36c79f2 elementor-widget elementor-widget-text-editor\" data-id=\"36c79f2\" data-element_type=\"widget\" data-widget_type=\"text-editor.default\">\n\t\t\t\t<div class=\"elementor-widget-container\">\n\t\t\t\t\t\t\t\t\t<div id=\"wpj84l4yttswgbp4r1gkh\" class=\"page-title-wrapper\">Dans ces termes et conditions, \u00ab\u00a0nous\u00a0\u00bb et \u00ab\u00a0CATPOWERTOOLS\u00a0\u00bb d\u00e9signent Positec Tool Corporation, ses filiales Positec USA, Inc. et RW Direct, Inc. et ses soci\u00e9t\u00e9s affili\u00e9es. \u00ab\u00a0Vous\u00a0\u00bb signifie vous en tant qu&rsquo;utilisateur de ce site Web ou en tant que client de CATPOWERTOOLS. En visitant ce site web ou en passant une commande par le biais de ce site web (\u00ab\u00a0site web\u00a0\u00bb), vous acceptez les conditions \u00e9nonc\u00e9es ci-dessous ainsi que la <a class=\"ll-at-background\" href=\"https:\/\/www.worx.com\/privacy-policy\">politique de confidentialit\u00e9<\/a> de CATPOWERTOOLS. Les pr\u00e9sentes conditions ainsi que votre confirmation de commande constituent le contrat entre nous et vous pour l&rsquo;achat de nos produits. Aucune autre condition n&rsquo;est applicable. Le contrat ne peut pas \u00eatre modifi\u00e9 sauf si CATPOWERTOOLS accepte de le modifier par \u00e9crit ou par e-mail.<\/div>\n<div> <\/div>\n<div class=\"columns columns-container\">\n<div class=\"column main\">\n<div data-content-type=\"row\" data-appearance=\"contained\" data-element=\"main\">\n<div data-enable-parallax=\"0\" data-parallax-speed=\"0.5\" data-background-images=\"{}\" data-background-type=\"image\" data-video-loop=\"true\" data-video-play-only-visible=\"true\" data-video-lazy-load=\"true\" data-video-fallback-src=\"\" data-element=\"inner\" data-pb-style=\"61812888C6B77\">\n<div data-content-type=\"text\" data-appearance=\"default\" data-element=\"main\" data-pb-style=\"61812888C6B97\">\n<p id=\"ASX2GPS\"><strong class=\"ll-at-background\">Mots de passe et s\u00e9curit\u00e9<\/strong><\/p>\n<p>Si vous cr\u00e9ez un compte sur le site Web, vous convenez que vous \u00eates responsable du maintien de la s\u00e9curit\u00e9 et de la confidentialit\u00e9 de votre mot de passe et que vous \u00eates enti\u00e8rement responsable de toutes les activit\u00e9s ou de tous les frais encourus dans le cadre de votre compte. Par cons\u00e9quent, vous devez prendre des mesures raisonnables pour veiller \u00e0 ce que d&rsquo;autres personnes n&rsquo;aient pas acc\u00e8s \u00e0 votre mot de passe et \u00e0 votre compte. Les employ\u00e9s de CATPOWERTOOLS ne vous demanderont jamais votre mot de passe. Les informations que nous obtenons par votre utilisation de ce site Web, y compris vos informations d&rsquo;enregistrement, sont soumises \u00e0 notre politique de confidentialit\u00e9, qui est sp\u00e9cifiquement incorpor\u00e9e par r\u00e9f\u00e9rence dans les pr\u00e9sentes conditions. Vous acceptez \u00e9galement de vous assurer que vous vous d\u00e9connectez de votre compte \u00e0 la fin de chaque session sur le site web. Vous devez faire preuve d&rsquo;une prudence particuli\u00e8re lorsque vous acc\u00e9dez \u00e0 votre compte \u00e0 partir d&rsquo;un ordinateur public ou partag\u00e9, afin que d&rsquo;autres personnes ne soient pas en mesure de voir ou d&rsquo;enregistrer votre mot de passe ou d&rsquo;autres informations personnelles. Nous avons le droit de d\u00e9sactiver tout nom d&rsquo;utilisateur, mot de passe ou autre identifiant, qu&rsquo;il soit choisi par vous ou fourni par nous, \u00e0 tout moment (\u00e0 notre seule discr\u00e9tion, pour une raison quelconque ou non, y compris si, \u00e0 notre avis, vous avez viol\u00e9 une disposition des pr\u00e9sentes conditions).<\/p>\n<\/div>\n<div data-content-type=\"text\" data-appearance=\"default\" data-element=\"main\" data-pb-style=\"61812888C6BA3\">\n<p id=\"BFJ1APV\"><strong class=\"ll-at-background\">Politique de retour<\/strong><\/p>\n<p>Pour tout produit non ouvert, dans son \u00e9tat d&rsquo;origine et non endommag\u00e9, vous pouvez nous le retourner accompagn\u00e9 du ticket de caisse dans les 30 jours suivant la date de r\u00e9ception du produit. Nous vous rembourserons le prix d&rsquo;achat, moins les frais d&rsquo;exp\u00e9dition et de manutention de la commande initiale. Les frais d&rsquo;exp\u00e9dition sont \u00e0 votre charge. Pour retourner un produit, appelez le <a class=\"ll-at-background\" href=\"tel:1-866-354-9679\">1-866-354-WORX (9679<\/a>). Vous trouverez de plus amples informations sur les retours sur notre page <a class=\"ll-at-background\" title=\"30 Day Guarantee\" href=\"https:\/\/www.worx.com\/en_CA\/30-day-guarantee\">Garantie de 30 jours<\/a>.<\/p>\n<\/div>\n<div data-content-type=\"text\" data-appearance=\"default\" data-element=\"main\" data-pb-style=\"61812888C6BAF\">\n<p id=\"K5L8RB7\"><strong class=\"ll-at-background\">Conditions suppl\u00e9mentaires relatives aux produits CATPOWERTOOLS<\/strong><\/p>\n<p class=\"ll-at-background\">L&rsquo;achat et l&rsquo;utilisation des produits CATPOWERTOOLS sont soumis \u00e0 des termes et conditions suppl\u00e9mentaires trouv\u00e9s dans notre page de <a class=\"ll-at-background\" title=\"3 Year Limited Warranty\" href=\"https:\/\/www.worx.com\/en_CA\/3-year-limited-warranty\">garantie limit\u00e9e de 3 ans<\/a>.<\/p>\n<\/div>\n<div data-content-type=\"text\" data-appearance=\"default\" data-element=\"main\" data-pb-style=\"61812888C6BBB\">\n<p id=\"U09W8OP\"><strong class=\"ll-at-background\">Tarification, corrections de prix et promotions<\/strong><\/p>\n<p class=\"ll-at-background\">CATPOWERTOOLS se r\u00e9serve le droit de modifier les prix des produits affich\u00e9s sur le site Web \u00e0 tout moment, et de corriger les erreurs de prix qui peuvent se produire par inadvertance. Un seul code promo peut \u00eatre utilis\u00e9 par commande. CATPOWERTOOLS peut annuler les codes de coupon ou les promotions \u00e0 tout moment.<\/p>\n<\/div>\n<div data-content-type=\"text\" data-appearance=\"default\" data-element=\"main\" data-pb-style=\"61812888C6BC7\">\n<p><strong class=\"ll-at-background\">Acceptation\/Confirmation de la commande<\/strong><\/p>\n<p class=\"ll-at-background\">CATPOWERTOOLS peut, \u00e0 sa seule discr\u00e9tion, refuser ou annuler toute commande et limiter la quantit\u00e9 command\u00e9e. CATPOWERTOOLS peut \u00e9galement demander des informations suppl\u00e9mentaires avant d&rsquo;accepter ou de traiter une commande. Une fois que nous aurons re\u00e7u votre commande en ligne sur le site Web, nous vous enverrons un courriel de confirmation de la commande. La r\u00e9ception de cette confirmation de commande ne signifie toutefois pas que CATPOWERTOOLS accepte votre commande et ne constitue pas une confirmation de notre offre de vente &#8211; elle confirme simplement que nous avons re\u00e7u votre commande. CATPOWERTOOLS se r\u00e9serve le droit, \u00e0 tout moment apr\u00e8s r\u00e9ception de votre commande, d&rsquo;accepter ou de refuser votre commande pour n&rsquo;importe quelle raison. Si CATPOWERTOOLS annule une commande apr\u00e8s que vous avez d\u00e9j\u00e0 \u00e9t\u00e9 factur\u00e9, CATPOWERTOOLS remboursera le montant factur\u00e9. Ce site Web ne traite pas les cartes de cr\u00e9dit et ne prend pas d&rsquo;autres informations relatives au traitement des paiements. Le traitement des paiements est assur\u00e9 par des services tiers. Votre carte de cr\u00e9dit sera pr\u00e9-autoris\u00e9e pour le total (ou le premier paiement) lors de la commande, la carte de cr\u00e9dit est d\u00e9bit\u00e9e lorsque le produit est exp\u00e9di\u00e9.<\/p>\n<p class=\"ll-at-background\">CATPOWERTOOLS vend et exp\u00e9die des produits uniquement \u00e0 des clients utilisateurs finaux. CATPOWERTOOLS se r\u00e9serve le droit de refuser ou d&rsquo;annuler votre commande si nous soup\u00e7onnons que vous achetez des produits pour les revendre. Si, pour quelque raison que ce soit, la soci\u00e9t\u00e9 \u00e9mettrice de votre carte de cr\u00e9dit refuse de payer le montant d\u00fb pour les produits que vous avez achet\u00e9s, vous acceptez que nous puissions, \u00e0 notre discr\u00e9tion, vous demander de payer tous les montants en souffrance encourus (y compris tous les frais de r\u00e9trofacturation ou p\u00e9nalit\u00e9s de tiers) par tout moyen acceptable pour nous. Dans le cas o\u00f9 une action en justice serait n\u00e9cessaire pour recouvrer les soldes dus, vous acceptez de nous rembourser toutes les d\u00e9penses engag\u00e9es pour recouvrer les sommes dues, y compris les honoraires raisonnables d&rsquo;avocats et autres frais de justice.<\/p>\n<p class=\"ll-at-background\">Pour \u00e9viter tout retard inutile dans le traitement de votre commande, veuillez vous assurer que l&rsquo;adresse de facturation figurant sur votre commande correspond aux informations de facturation figurant sur votre compte de carte de cr\u00e9dit. Si vous avez r\u00e9cemment d\u00e9m\u00e9nag\u00e9, ou si vous n&rsquo;\u00eates pas s\u00fbr de recevoir votre relev\u00e9 de carte de cr\u00e9dit \u00e0 votre adresse professionnelle ou personnelle, veuillez contacter la banque \u00e9mettrice de votre carte.<\/p>\n<\/div>\n<div data-content-type=\"text\" data-appearance=\"default\" data-element=\"main\" data-pb-style=\"61812888C6BD3\">\n<p id=\"NGK3TOJ\"><strong class=\"ll-at-background\">Exp\u00e9dition et livraison<\/strong><\/p>\n<p class=\"ll-at-background\">CATPOWERTOOLS exp\u00e9die des articles dans la zone continentale des \u00c9tats-Unis, en Alaska, \u00e0 Hawa\u00ef, \u00e0 Porto Rico, \u00e0 Guam et au Canada. Les envois peuvent \u00eatre effectu\u00e9s \u00e0 des adresses de bo\u00eetes postales lorsque l&rsquo;envoi est effectu\u00e9 par Smartpost et si l&rsquo;envoi est inf\u00e9rieur \u00e0 70lbs. Les envois peuvent \u00eatre effectu\u00e9s vers les territoires des \u00c9tats-Unis. Les envois ne peuvent \u00eatre effectu\u00e9s \u00e0 des adresses situ\u00e9es en dehors des \u00c9tats-Unis ou du Canada. Vous ne pouvez pas exporter les produits achet\u00e9s sur le site web. Des frais d&rsquo;exp\u00e9dition suppl\u00e9mentaires peuvent \u00eatre appliqu\u00e9s sur certaines commandes en fonction du produit s\u00e9lectionn\u00e9 et\/ou de la localisation du destinataire. La date de livraison de votre commande peut \u00eatre affect\u00e9e par de nombreux \u00e9v\u00e9nements ind\u00e9pendants de la volont\u00e9 de CATPOWERTOOLS une fois qu&rsquo;elle a quitt\u00e9 nos installations. Pour cette raison, CATPOWERTOOLS ne peut \u00eatre tenu responsable des retards dans les livraisons pr\u00e9vues.<\/p>\n<\/div>\n<div data-content-type=\"text\" data-appearance=\"default\" data-element=\"main\" data-pb-style=\"61812888C6BDF\">\n<p><strong class=\"ll-at-background\">Disponibilit\u00e9 et limites du produit<\/strong><\/p>\n<p class=\"ll-at-background\">\u00c9tant donn\u00e9 la popularit\u00e9 et\/ou les consid\u00e9rations d&rsquo;approvisionnement de certains de nos produits, CATPOWERTOOLS se r\u00e9serve le droit de limiter le nombre de produits disponibles \u00e0 l&rsquo;achat, et se r\u00e9serve le droit de modifier les quantit\u00e9s disponibles \u00e0 l&rsquo;achat \u00e0 tout moment, m\u00eame apr\u00e8s que vous ayez pass\u00e9 une commande. En outre, il peut arriver que CATPOWERTOOLS confirme votre commande mais apprenne par la suite qu&rsquo;elle ne peut pas fournir le produit command\u00e9. Dans le cas o\u00f9 CATPOWERTOOLS ne peut pas fournir un produit que vous avez command\u00e9, nous annulerons la commande et vous rembourserons int\u00e9gralement le prix d&rsquo;achat.<\/p>\n<\/div>\n<div data-content-type=\"text\" data-appearance=\"default\" data-element=\"main\" data-pb-style=\"61812888C6BEB\">\n<p><strong id=\"UK4DRJR\" class=\"ll-at-background\">Limitations de la responsabilit\u00e9, d\u00e9nis de responsabilit\u00e9 et indemnisations<\/strong><\/p>\n<p class=\"ll-at-background\">Votre recours exclusif et notre enti\u00e8re responsabilit\u00e9, le cas \u00e9ch\u00e9ant, pour toute r\u00e9clamation d\u00e9coulant des pr\u00e9sentes conditions et de votre utilisation de ce site Web, seront limit\u00e9s au montant que vous nous avez pay\u00e9 pour les produits achet\u00e9s sur le site Web au cours de la p\u00e9riode de 12 mois pr\u00e9c\u00e9dant l&rsquo;acte donnant lieu \u00e0 la responsabilit\u00e9. Vous acceptez de nous d\u00e9fendre, de nous indemniser et de nous d\u00e9gager, ainsi que nos soci\u00e9t\u00e9s affili\u00e9es, de toute responsabilit\u00e9, de toute r\u00e9clamation et de toute d\u00e9pense, y compris les honoraires d&rsquo;avocat, pouvant r\u00e9sulter de votre utilisation ou de votre mauvaise utilisation de ce site Web. Nous nous r\u00e9servons le droit, \u00e0 nos propres frais, d&rsquo;assumer la d\u00e9fense et le contr\u00f4le exclusifs de toute question autrement soumise \u00e0 une indemnisation de votre part, auquel cas vous coop\u00e9rerez avec nous pour faire valoir toute d\u00e9fense disponible.<\/p>\n<\/div>\n<div data-content-type=\"text\" data-appearance=\"default\" data-element=\"main\" data-pb-style=\"61812888C6BF7\">\n<p class=\"ll-at-background\">EN AUCUN CAS CATPOWERTOOLS OU SES AFFILI\u00c9S NE POURRONT \u00caTRE TENUS RESPONSABLES ENVERS VOUS OU UN TIERS DE TOUT DOMMAGE SP\u00c9CIAL, PUNITIF, ACCIDENTEL, INDIRECT OU CONS\u00c9CUTIF DE QUELQUE NATURE QUE CE SOIT, OU DE TOUT DOMMAGE QUEL QU&rsquo;IL SOIT, Y COMPRIS, MAIS SANS S&rsquo;Y LIMITER, CEUX R\u00c9SULTANT DE LA PERTE D&rsquo;UTILISATION, DE DONN\u00c9ES OU DE B\u00c9N\u00c9FICES, QUE NOUS AYONS OU NON \u00c9T\u00c9 INFORM\u00c9S DE LA POSSIBILIT\u00c9 DE TELS DOMMAGES, ET SUR TOUTE TH\u00c9ORIE DE RESPONSABILIT\u00c9, D\u00c9COULANT DE OU EN RELATION AVEC L&rsquo;UTILISATION DE CE SITE WEB OU DE TOUT SITE WEB R\u00c9F\u00c9RENC\u00c9 OU LI\u00c9 \u00c0 CE SITE. EN OUTRE, NOUS NE SERONS EN AUCUN CAS RESPONSABLES DE L&rsquo;ASSISTANCE DE TIERS (TELS QUE LES PROCESSEURS DE CARTES DE CR\u00c9DIT) DANS LA R\u00c9ALISATION DE TRANSACTIONS COMMERCIALES PAR LE BIAIS DE CE SITE, Y COMPRIS, MAIS SANS S&rsquo;Y LIMITER, LE TRAITEMENT DES COMMANDES. CERTAINES JURIDICTIONS INTERDISENT L&rsquo;EXCLUSION OU LA LIMITATION DE LA RESPONSABILIT\u00c9 POUR LES DOMMAGES INDIRECTS OU ACCESSOIRES, DE SORTE QUE LES LIMITATIONS CI-DESSUS PEUVENT NE PAS S&rsquo;APPLIQUER \u00c0 VOUS. VEUILLEZ CONSULTER LES LOIS EN VIGUEUR DANS VOTRE JURIDICTION.<\/p>\n<p class=\"ll-at-background\">CE SITE WEB PEUT CONTENIR DES ERREURS TECHNIQUES OU AUTRES, DES INEXACTITUDES OU DES ERREURS TYPOGRAPHIQUES. NOUS POUVONS APPORTER DES MODIFICATIONS AU CONTENU DE CE SITE WEB, Y COMPRIS AUX PRIX ET AUX DESCRIPTIONS DES PRODUITS QUI Y FIGURENT, \u00c0 TOUT MOMENT ET SANS PR\u00c9AVIS.<\/p>\n<p class=\"ll-at-background\">CATPOWERTOOLS D\u00c9CLINE PAR LA PR\u00c9SENTE TOUTE GARANTIE DE QUELQUE NATURE QUE CE SOIT, QU&rsquo;ELLE SOIT EXPRESSE OU IMPLICITE, STATUTAIRE OU AUTRE, Y COMPRIS, MAIS SANS S&rsquo;Y LIMITER, TOUTE GARANTIE DE QUALIT\u00c9 MARCHANDE, DE NON-CONTREFA\u00c7ON ET D&rsquo;AD\u00c9QUATION \u00c0 UN USAGE PARTICULIER. CE QUI PR\u00c9C\u00c8DE N&rsquo;AFFECTE PAS LES GARANTIES QUI NE PEUVENT \u00caTRE EXCLUES OU LIMIT\u00c9ES EN VERTU DE LA LOI APPLICABLE.<\/p>\n<p class=\"ll-at-background\">TOUTE CAUSE D&rsquo;ACTION OU R\u00c9CLAMATION QUE VOUS POUVEZ AVOIR D\u00c9COULANT DE CES CONDITIONS OU DU SITE WEB, OU S&rsquo;Y RAPPORTANT, DOIT \u00caTRE ENTAM\u00c9E DANS UN D\u00c9LAI D&rsquo;UN (1) AN APR\u00c8S LA SURVENANCE DE LA CAUSE D&rsquo;ACTION, SINON, CETTE CAUSE D&rsquo;ACTION OU R\u00c9CLAMATION EST D\u00c9FINITIVEMENT PRESCRITE.<\/p>\n<\/div>\n<div data-content-type=\"text\" data-appearance=\"default\" data-element=\"main\" data-pb-style=\"61812888C6C02\">\n<p><strong class=\"ll-at-background\">Loi applicable<\/strong><\/p>\n<p class=\"ll-at-background\">Ce site Web (\u00e0 l&rsquo;exclusion des sites Web de tiers) est contr\u00f4l\u00e9 par nous depuis nos bureaux situ\u00e9s en Caroline du Nord, et les statuts et les lois de l&rsquo;\u00c9tat de Caroline du Nord sont d\u00e9terminants, sans \u00e9gard aux principes de conflits de lois. En ce qui concerne toutes les questions d\u00e9coulant des pr\u00e9sentes conditions, vous acceptez de vous soumettre \u00e0 la comp\u00e9tence personnelle exclusive des tribunaux f\u00e9d\u00e9raux et d&rsquo;\u00c9tat de l&rsquo;\u00c9tat de Caroline du Nord comp\u00e9tents en la mati\u00e8re.<\/p>\n<\/div>\n<div data-content-type=\"text\" data-appearance=\"default\" data-element=\"main\" data-pb-style=\"61812888C6C0E\">\n<p class=\"ll-at-background\">EN UTILISANT CE SITE WEB, VOUS :<\/p>\n<ol data-pb-style=\"61812888C6C1A\">\n<li class=\"ll-at-background\">reconnaissez que vous avez lu et compris le pr\u00e9sent accord dans son int\u00e9gralit\u00e9 ;<\/li>\n<li class=\"ll-at-background\">d\u00e9clarez que vous \u00eates \u00e2g\u00e9 d&rsquo;au moins 18 ans et que vous avez le pouvoir de conclure le pr\u00e9sent accord ;<\/li>\n<li class=\"ll-at-background\">accepter d&rsquo;\u00eatre li\u00e9 par les obligations du pr\u00e9sent accord et de les ex\u00e9cuter ;<\/li>\n<li class=\"ll-at-background\">accepter que CATPOWERTOOLS puisse d\u00e9biter le compte de votre carte de cr\u00e9dit du prix d&rsquo;achat des produits, y compris les frais d&rsquo;exp\u00e9dition et de manutention associ\u00e9s, et les taxes applicables que nous sommes oblig\u00e9s de collecter aupr\u00e8s de vous (le cas \u00e9ch\u00e9ant) en vertu du pr\u00e9sent contrat ; et<\/li>\n<li class=\"ll-at-background\">d\u00e9clarez que toutes les informations que vous avez fournies \u00e0 CATPOWERTOOLS sont vraies et exactes au meilleur de votre connaissance.il est fortement recommand\u00e9 d&rsquo;imprimer une copie de cet accord pour vos dossiers \u00e0 ce moment.<\/li>\n<\/ol>\n<\/div>\n<\/div>\n<\/div>\n<\/div>\n<\/div>\n\t\t\t\t\t\t\t\t<\/div>\n\t\t\t\t<\/div>\n\t\t\t\t\t<\/div>\n\t\t<\/div>\n\t\t\t\t\t<\/div>\n\t\t<\/section>\n\t\t\t\t<\/div>\n\t\t","protected":false},"excerpt":{"rendered":"<p>CONDITIONS G\u00c9N\u00c9RALES DE VENTE EN LIGNE (\u00ab\u00a0CONDITIONS\u00a0\u00bb) Dans ces termes et conditions, \u00ab\u00a0nous\u00a0\u00bb et \u00ab\u00a0CATPOWERTOOLS\u00a0\u00bb d\u00e9signent Positec Tool Corporation, ses filiales Positec USA, Inc. et RW Direct, Inc. et ses soci\u00e9t\u00e9s affili\u00e9es. \u00ab\u00a0Vous\u00a0\u00bb signifie vous en tant qu&rsquo;utilisateur de ce site Web ou en tant que client de CATPOWERTOOLS. En visitant ce site web ou [&hellip;]<\/p>\n","protected":false},"author":1,"featured_media":0,"parent":0,"menu_order":0,"comment_status":"closed","ping_status":"closed","template":"","meta":{"_acf_changed":false,"footnotes":""},"class_list":["post-5163","page","type-page","status-publish","hentry"],"acf":[],"yoast_head":"<!-- This site is optimized with the Yoast SEO plugin v26.6 - https:\/\/yoast.com\/wordpress\/plugins\/seo\/ -->\n<title>Modalit\u00e9s et conditions - Cat Power Tools<\/title>\n<meta name=\"robots\" content=\"index, follow, max-snippet:-1, max-image-preview:large, max-video-preview:-1\" \/>\n<link rel=\"canonical\" href=\"https:\/\/www.catpowertools.com\/fr\/modalites-et-conditions\/\" \/>\n<meta property=\"og:locale\" content=\"fr_FR\" \/>\n<meta property=\"og:type\" content=\"article\" \/>\n<meta property=\"og:title\" content=\"Modalit\u00e9s et conditions - Cat Power Tools\" \/>\n<meta property=\"og:description\" content=\"CONDITIONS G\u00c9N\u00c9RALES DE VENTE EN LIGNE (\u00ab\u00a0CONDITIONS\u00a0\u00bb) Dans ces termes et conditions, \u00ab\u00a0nous\u00a0\u00bb et \u00ab\u00a0CATPOWERTOOLS\u00a0\u00bb d\u00e9signent Positec Tool Corporation, ses filiales Positec USA, Inc. et RW Direct, Inc. et ses soci\u00e9t\u00e9s affili\u00e9es. \u00ab\u00a0Vous\u00a0\u00bb signifie vous en tant qu&rsquo;utilisateur de ce site Web ou en tant que client de CATPOWERTOOLS. En visitant ce site web ou [&hellip;]\" \/>\n<meta property=\"og:url\" content=\"https:\/\/www.catpowertools.com\/fr\/modalites-et-conditions\/\" \/>\n<meta property=\"og:site_name\" content=\"Cat Power Tools\" \/>\n<meta property=\"article:modified_time\" content=\"2022-02-01T17:23:01+00:00\" \/>\n<meta name=\"twitter:card\" content=\"summary_large_image\" \/>\n<meta name=\"twitter:label1\" content=\"Dur\u00e9e de lecture estim\u00e9e\" \/>\n\t<meta name=\"twitter:data1\" content=\"10 minutes\" \/>\n<script type=\"application\/ld+json\" class=\"yoast-schema-graph\">{\"@context\":\"https:\/\/schema.org\",\"@graph\":[{\"@type\":\"WebPage\",\"@id\":\"https:\/\/www.catpowertools.com\/fr\/modalites-et-conditions\/\",\"url\":\"https:\/\/www.catpowertools.com\/fr\/modalites-et-conditions\/\",\"name\":\"Modalit\u00e9s et conditions - Cat Power Tools\",\"isPartOf\":{\"@id\":\"https:\/\/www.catpowertools.com\/fr\/#website\"},\"datePublished\":\"2021-11-18T21:12:29+00:00\",\"dateModified\":\"2022-02-01T17:23:01+00:00\",\"breadcrumb\":{\"@id\":\"https:\/\/www.catpowertools.com\/fr\/modalites-et-conditions\/#breadcrumb\"},\"inLanguage\":\"fr-FR\",\"potentialAction\":[{\"@type\":\"ReadAction\",\"target\":[\"https:\/\/www.catpowertools.com\/fr\/modalites-et-conditions\/\"]}]},{\"@type\":\"BreadcrumbList\",\"@id\":\"https:\/\/www.catpowertools.com\/fr\/modalites-et-conditions\/#breadcrumb\",\"itemListElement\":[{\"@type\":\"ListItem\",\"position\":1,\"name\":\"Home\",\"item\":\"https:\/\/www.catpowertools.com\/fr\/\"},{\"@type\":\"ListItem\",\"position\":2,\"name\":\"Modalit\u00e9s et conditions\"}]},{\"@type\":\"WebSite\",\"@id\":\"https:\/\/www.catpowertools.com\/fr\/#website\",\"url\":\"https:\/\/www.catpowertools.com\/fr\/\",\"name\":\"Cat Power Tools\",\"description\":\"Just another WordPress site\",\"potentialAction\":[{\"@type\":\"SearchAction\",\"target\":{\"@type\":\"EntryPoint\",\"urlTemplate\":\"https:\/\/www.catpowertools.com\/fr\/?s={search_term_string}\"},\"query-input\":{\"@type\":\"PropertyValueSpecification\",\"valueRequired\":true,\"valueName\":\"search_term_string\"}}],\"inLanguage\":\"fr-FR\"}]}<\/script>\n<!-- \/ Yoast SEO plugin. -->","yoast_head_json":{"title":"Modalit\u00e9s et conditions - Cat Power Tools","robots":{"index":"index","follow":"follow","max-snippet":"max-snippet:-1","max-image-preview":"max-image-preview:large","max-video-preview":"max-video-preview:-1"},"canonical":"https:\/\/www.catpowertools.com\/fr\/modalites-et-conditions\/","og_locale":"fr_FR","og_type":"article","og_title":"Modalit\u00e9s et conditions - Cat Power Tools","og_description":"CONDITIONS G\u00c9N\u00c9RALES DE VENTE EN LIGNE (\u00ab\u00a0CONDITIONS\u00a0\u00bb) Dans ces termes et conditions, \u00ab\u00a0nous\u00a0\u00bb et \u00ab\u00a0CATPOWERTOOLS\u00a0\u00bb d\u00e9signent Positec Tool Corporation, ses filiales Positec USA, Inc. et RW Direct, Inc. et ses soci\u00e9t\u00e9s affili\u00e9es. \u00ab\u00a0Vous\u00a0\u00bb signifie vous en tant qu&rsquo;utilisateur de ce site Web ou en tant que client de CATPOWERTOOLS. En visitant ce site web ou [&hellip;]","og_url":"https:\/\/www.catpowertools.com\/fr\/modalites-et-conditions\/","og_site_name":"Cat Power Tools","article_modified_time":"2022-02-01T17:23:01+00:00","twitter_card":"summary_large_image","twitter_misc":{"Dur\u00e9e de lecture estim\u00e9e":"10 minutes"},"schema":{"@context":"https:\/\/schema.org","@graph":[{"@type":"WebPage","@id":"https:\/\/www.catpowertools.com\/fr\/modalites-et-conditions\/","url":"https:\/\/www.catpowertools.com\/fr\/modalites-et-conditions\/","name":"Modalit\u00e9s et conditions - Cat Power Tools","isPartOf":{"@id":"https:\/\/www.catpowertools.com\/fr\/#website"},"datePublished":"2021-11-18T21:12:29+00:00","dateModified":"2022-02-01T17:23:01+00:00","breadcrumb":{"@id":"https:\/\/www.catpowertools.com\/fr\/modalites-et-conditions\/#breadcrumb"},"inLanguage":"fr-FR","potentialAction":[{"@type":"ReadAction","target":["https:\/\/www.catpowertools.com\/fr\/modalites-et-conditions\/"]}]},{"@type":"BreadcrumbList","@id":"https:\/\/www.catpowertools.com\/fr\/modalites-et-conditions\/#breadcrumb","itemListElement":[{"@type":"ListItem","position":1,"name":"Home","item":"https:\/\/www.catpowertools.com\/fr\/"},{"@type":"ListItem","position":2,"name":"Modalit\u00e9s et conditions"}]},{"@type":"WebSite","@id":"https:\/\/www.catpowertools.com\/fr\/#website","url":"https:\/\/www.catpowertools.com\/fr\/","name":"Cat Power Tools","description":"Just another WordPress site","potentialAction":[{"@type":"SearchAction","target":{"@type":"EntryPoint","urlTemplate":"https:\/\/www.catpowertools.com\/fr\/?s={search_term_string}"},"query-input":{"@type":"PropertyValueSpecification","valueRequired":true,"valueName":"search_term_string"}}],"inLanguage":"fr-FR"}]}},"_links":{"self":[{"href":"https:\/\/www.catpowertools.com\/fr\/wp-json\/wp\/v2\/pages\/5163","targetHints":{"allow":["GET"]}}],"collection":[{"href":"https:\/\/www.catpowertools.com\/fr\/wp-json\/wp\/v2\/pages"}],"about":[{"href":"https:\/\/www.catpowertools.com\/fr\/wp-json\/wp\/v2\/types\/page"}],"author":[{"embeddable":true,"href":"https:\/\/www.catpowertools.com\/fr\/wp-json\/wp\/v2\/users\/1"}],"replies":[{"embeddable":true,"href":"https:\/\/www.catpowertools.com\/fr\/wp-json\/wp\/v2\/comments?post=5163"}],"version-history":[{"count":0,"href":"https:\/\/www.catpowertools.com\/fr\/wp-json\/wp\/v2\/pages\/5163\/revisions"}],"wp:attachment":[{"href":"https:\/\/www.catpowertools.com\/fr\/wp-json\/wp\/v2\/media?parent=5163"}],"curies":[{"name":"wp","href":"https:\/\/api.w.org\/{rel}","templated":true}]}}