{"id":5180,"date":"2021-09-20T13:44:37","date_gmt":"2021-09-20T17:44:37","guid":{"rendered":"https:\/\/www.catpowertools.com\/plateformes\/"},"modified":"2022-03-11T11:54:31","modified_gmt":"2022-03-11T16:54:31","slug":"plateformes","status":"publish","type":"page","link":"https:\/\/www.catpowertools.com\/fr\/plateformes\/","title":{"rendered":"Plateformes"},"content":{"rendered":"\t\t<div data-elementor-type=\"wp-page\" data-elementor-id=\"5180\" class=\"elementor elementor-5180 elementor-1824\" data-elementor-post-type=\"page\">\n\t\t\t\t\t\t<section class=\"elementor-section elementor-top-section elementor-element elementor-element-f9990ac elementor-section-full_width elementor-section-height-default elementor-section-height-default\" data-id=\"f9990ac\" data-element_type=\"section\">\n\t\t\t\t\t\t<div class=\"elementor-container elementor-column-gap-default\">\n\t\t\t\t\t<div class=\"elementor-column elementor-col-100 elementor-top-column elementor-element elementor-element-0ec07e7\" data-id=\"0ec07e7\" data-element_type=\"column\">\n\t\t\t<div class=\"elementor-widget-wrap elementor-element-populated\">\n\t\t\t\t\t\t<section class=\"elementor-section elementor-inner-section elementor-element elementor-element-ab7178b elementor-section-full_width row__container elementor-section-height-default elementor-section-height-default\" data-id=\"ab7178b\" data-element_type=\"section\">\n\t\t\t\t\t\t<div class=\"elementor-container elementor-column-gap-default\">\n\t\t\t\t\t<div class=\"elementor-column elementor-col-100 elementor-inner-column elementor-element elementor-element-cbd860d\" data-id=\"cbd860d\" data-element_type=\"column\">\n\t\t\t<div class=\"elementor-widget-wrap elementor-element-populated\">\n\t\t\t\t\t\t<div class=\"elementor-element elementor-element-96a967e elementor-widget elementor-widget-breadcrumbs\" data-id=\"96a967e\" data-element_type=\"widget\" data-widget_type=\"breadcrumbs.default\">\n\t\t\t\t<div class=\"elementor-widget-container\">\n\t\t\t\t\t<p id=\"breadcrumbs\"><span><span><a href=\"https:\/\/www.catpowertools.com\/fr\/\">Home<\/a><\/span><\/span><\/p>\t\t\t\t<\/div>\n\t\t\t\t<\/div>\n\t\t\t\t\t<\/div>\n\t\t<\/div>\n\t\t\t\t\t<\/div>\n\t\t<\/section>\n\t\t\t\t\t<\/div>\n\t\t<\/div>\n\t\t\t\t\t<\/div>\n\t\t<\/section>\n\t\t\t\t<section class=\"elementor-section elementor-top-section elementor-element elementor-element-b4ae9fb elementor-section-full_width elementor-section-height-min-height elementor-section-height-default elementor-section-items-middle\" data-id=\"b4ae9fb\" data-element_type=\"section\" data-settings=\"{&quot;background_background&quot;:&quot;classic&quot;}\">\n\t\t\t\t\t\t<div class=\"elementor-container elementor-column-gap-no\">\n\t\t\t\t\t<div class=\"elementor-column elementor-col-100 elementor-top-column elementor-element elementor-element-4bf1911\" data-id=\"4bf1911\" data-element_type=\"column\">\n\t\t\t<div class=\"elementor-widget-wrap elementor-element-populated\">\n\t\t\t\t\t\t<section class=\"elementor-section elementor-inner-section elementor-element elementor-element-ddc36b4 elementor-section-full_width row__container elementor-section-height-default elementor-section-height-default\" data-id=\"ddc36b4\" data-element_type=\"section\">\n\t\t\t\t\t\t<div class=\"elementor-container elementor-column-gap-no\">\n\t\t\t\t\t<div class=\"elementor-column elementor-col-100 elementor-inner-column elementor-element elementor-element-8b3fee3\" data-id=\"8b3fee3\" data-element_type=\"column\">\n\t\t\t<div class=\"elementor-widget-wrap elementor-element-populated\">\n\t\t\t\t\t\t<div class=\"elementor-element elementor-element-6f4a5d0 elementor-widget elementor-widget-heading\" data-id=\"6f4a5d0\" data-element_type=\"widget\" data-widget_type=\"heading.default\">\n\t\t\t\t<div class=\"elementor-widget-container\">\n\t\t\t\t\t<h1 class=\"elementor-heading-title elementor-size-default\">Conqu\u00e9rir le chantier et la terrasse<\/h1>\t\t\t\t<\/div>\n\t\t\t\t<\/div>\n\t\t\t\t\t<\/div>\n\t\t<\/div>\n\t\t\t\t\t<\/div>\n\t\t<\/section>\n\t\t\t\t\t<\/div>\n\t\t<\/div>\n\t\t\t\t\t<\/div>\n\t\t<\/section>\n\t\t\t\t<section class=\"elementor-section elementor-top-section elementor-element elementor-element-a3e180f elementor-section-full_width elementor-section-height-default elementor-section-height-default\" data-id=\"a3e180f\" data-element_type=\"section\" data-settings=\"{&quot;background_background&quot;:&quot;classic&quot;}\">\n\t\t\t\t\t\t<div class=\"elementor-container elementor-column-gap-no\">\n\t\t\t\t\t<div class=\"elementor-column elementor-col-100 elementor-top-column elementor-element elementor-element-90d04df\" data-id=\"90d04df\" data-element_type=\"column\">\n\t\t\t<div class=\"elementor-widget-wrap elementor-element-populated\">\n\t\t\t\t\t\t<section class=\"elementor-section elementor-inner-section elementor-element elementor-element-bdadad1 elementor-section-full_width row__container elementor-section-height-default elementor-section-height-default\" data-id=\"bdadad1\" data-element_type=\"section\">\n\t\t\t\t\t\t<div class=\"elementor-container elementor-column-gap-no\">\n\t\t\t\t\t<div class=\"elementor-column elementor-col-50 elementor-inner-column elementor-element elementor-element-621e849\" data-id=\"621e849\" data-element_type=\"column\">\n\t\t\t<div class=\"elementor-widget-wrap elementor-element-populated\">\n\t\t\t\t\t\t<div class=\"elementor-element elementor-element-eca0d8e elementor-widget elementor-widget-image\" data-id=\"eca0d8e\" data-element_type=\"widget\" data-widget_type=\"image.default\">\n\t\t\t\t<div class=\"elementor-widget-container\">\n\t\t\t\t\t\t\t\t\t\t\t\t\t\t\t\t<a href=\"https:\/\/www.catpowertools.com\/fr\/outils-electriques\/outils-electriques-18v\/\">\n\t\t\t\t\t\t\t<img fetchpriority=\"high\" decoding=\"async\" width=\"469\" height=\"147\" src=\"https:\/\/www.catpowertools.com\/wp-content\/uploads\/2021\/12\/Component-156-\u2013-1.png\" class=\"attachment-full size-full wp-image-4157\" alt=\"\" srcset=\"https:\/\/www.catpowertools.com\/wp-content\/uploads\/2021\/12\/Component-156-\u2013-1.png 469w, https:\/\/www.catpowertools.com\/wp-content\/uploads\/2021\/12\/Component-156-\u2013-1-234x73.png 234w, https:\/\/www.catpowertools.com\/wp-content\/uploads\/2021\/12\/Component-156-\u2013-1-64x20.png 64w, https:\/\/www.catpowertools.com\/wp-content\/uploads\/2021\/12\/Component-156-\u2013-1-300x94.png 300w\" sizes=\"(max-width: 469px) 100vw, 469px\" \/>\t\t\t\t\t\t\t\t<\/a>\n\t\t\t\t\t\t\t\t\t\t\t\t\t\t\t<\/div>\n\t\t\t\t<\/div>\n\t\t\t\t\t<\/div>\n\t\t<\/div>\n\t\t\t\t<div class=\"elementor-column elementor-col-50 elementor-inner-column elementor-element elementor-element-49250d2\" data-id=\"49250d2\" data-element_type=\"column\">\n\t\t\t<div class=\"elementor-widget-wrap elementor-element-populated\">\n\t\t\t\t\t\t<div class=\"elementor-element elementor-element-8c391f1 elementor-widget elementor-widget-image\" data-id=\"8c391f1\" data-element_type=\"widget\" data-widget_type=\"image.default\">\n\t\t\t\t<div class=\"elementor-widget-container\">\n\t\t\t\t\t\t\t\t\t\t\t\t\t\t\t<img decoding=\"async\" width=\"482\" height=\"147\" src=\"https:\/\/www.catpowertools.com\/wp-content\/uploads\/2021\/12\/60V-ope-tab-medium-coming-soon-1.png\" class=\"attachment-full size-full wp-image-4166\" alt=\"\" srcset=\"https:\/\/www.catpowertools.com\/wp-content\/uploads\/2021\/12\/60V-ope-tab-medium-coming-soon-1.png 482w, https:\/\/www.catpowertools.com\/wp-content\/uploads\/2021\/12\/60V-ope-tab-medium-coming-soon-1-234x71.png 234w, https:\/\/www.catpowertools.com\/wp-content\/uploads\/2021\/12\/60V-ope-tab-medium-coming-soon-1-64x20.png 64w, https:\/\/www.catpowertools.com\/wp-content\/uploads\/2021\/12\/60V-ope-tab-medium-coming-soon-1-300x91.png 300w\" sizes=\"(max-width: 482px) 100vw, 482px\" \/>\t\t\t\t\t\t\t\t\t\t\t\t\t\t\t<\/div>\n\t\t\t\t<\/div>\n\t\t\t\t\t<\/div>\n\t\t<\/div>\n\t\t\t\t\t<\/div>\n\t\t<\/section>\n\t\t\t\t\t<\/div>\n\t\t<\/div>\n\t\t\t\t\t<\/div>\n\t\t<\/section>\n\t\t\t\t<section class=\"elementor-section elementor-top-section elementor-element elementor-element-ac94b7e elementor-section-full_width elementor-section-height-default elementor-section-height-default\" data-id=\"ac94b7e\" data-element_type=\"section\">\n\t\t\t\t\t\t<div class=\"elementor-container elementor-column-gap-no\">\n\t\t\t\t\t<div class=\"elementor-column elementor-col-100 elementor-top-column elementor-element elementor-element-82fea98\" data-id=\"82fea98\" data-element_type=\"column\">\n\t\t\t<div class=\"elementor-widget-wrap elementor-element-populated\">\n\t\t\t\t\t\t<section class=\"elementor-section elementor-inner-section elementor-element elementor-element-c699048 elementor-section-full_width row__container elementor-section-content-middle elementor-reverse-mobile elementor-section-height-default elementor-section-height-default\" data-id=\"c699048\" data-element_type=\"section\">\n\t\t\t\t\t\t<div class=\"elementor-container elementor-column-gap-no\">\n\t\t\t\t\t<div class=\"elementor-column elementor-col-50 elementor-inner-column elementor-element elementor-element-cc24a71\" data-id=\"cc24a71\" data-element_type=\"column\">\n\t\t\t<div class=\"elementor-widget-wrap elementor-element-populated\">\n\t\t\t\t\t\t<div class=\"elementor-element elementor-element-53898b2 elementor-widget elementor-widget-image\" data-id=\"53898b2\" data-element_type=\"widget\" data-widget_type=\"image.default\">\n\t\t\t\t<div class=\"elementor-widget-container\">\n\t\t\t\t\t\t\t\t\t\t\t\t\t\t\t<img decoding=\"async\" width=\"176\" height=\"75\" src=\"https:\/\/www.catpowertools.com\/wp-content\/uploads\/2021\/09\/18v-logo.png\" class=\"attachment-large size-large wp-image-1841\" alt=\"\" srcset=\"https:\/\/www.catpowertools.com\/wp-content\/uploads\/2021\/09\/18v-logo.png 176w, https:\/\/www.catpowertools.com\/wp-content\/uploads\/2021\/09\/18v-logo-64x27.png 64w\" sizes=\"(max-width: 176px) 100vw, 176px\" \/>\t\t\t\t\t\t\t\t\t\t\t\t\t\t\t<\/div>\n\t\t\t\t<\/div>\n\t\t\t\t<div class=\"elementor-element elementor-element-e368793 elementor-widget-divider--view-line elementor-widget elementor-widget-divider\" data-id=\"e368793\" data-element_type=\"widget\" data-widget_type=\"divider.default\">\n\t\t\t\t<div class=\"elementor-widget-container\">\n\t\t\t\t\t\t\t<div class=\"elementor-divider\">\n\t\t\t<span class=\"elementor-divider-separator\">\n\t\t\t\t\t\t<\/span>\n\t\t<\/div>\n\t\t\t\t\t\t<\/div>\n\t\t\t\t<\/div>\n\t\t\t\t<div class=\"elementor-element elementor-element-8404dbe elementor-widget elementor-widget-heading\" data-id=\"8404dbe\" data-element_type=\"widget\" data-widget_type=\"heading.default\">\n\t\t\t\t<div class=\"elementor-widget-container\">\n\t\t\t\t\t<h3 class=\"elementor-heading-title elementor-size-default\">Outillages<\/h3>\t\t\t\t<\/div>\n\t\t\t\t<\/div>\n\t\t\t\t<div class=\"elementor-element elementor-element-ae535eb elementor-widget elementor-widget-heading\" data-id=\"ae535eb\" data-element_type=\"widget\" data-widget_type=\"heading.default\">\n\t\t\t\t<div class=\"elementor-widget-container\">\n\t\t\t\t\t<p class=\"elementor-heading-title elementor-size-default\">La gamme d'outils \u00e9lectroportatifs 18 V Cat<sup>\u00ae<\/sup> est con\u00e7ue pour r\u00e9sister aux conditions de chantier les plus difficiles.<\/p>\t\t\t\t<\/div>\n\t\t\t\t<\/div>\n\t\t\t\t<div class=\"elementor-element elementor-element-6d14f9c elementor-align-left elementor-widget elementor-widget-button\" data-id=\"6d14f9c\" data-element_type=\"widget\" data-widget_type=\"button.default\">\n\t\t\t\t<div class=\"elementor-widget-container\">\n\t\t\t\t\t\t\t\t\t<div class=\"elementor-button-wrapper\">\n\t\t\t\t\t<a class=\"elementor-button elementor-button-link elementor-size-lg\" href=\"https:\/\/www.catpowertools.com\/fr\/plateformes\/18v\/\">\n\t\t\t\t\t\t<span class=\"elementor-button-content-wrapper\">\n\t\t\t\t\t\t\t\t\t<span class=\"elementor-button-text\">EN SAVOIR PLUS<\/span>\n\t\t\t\t\t<\/span>\n\t\t\t\t\t<\/a>\n\t\t\t\t<\/div>\n\t\t\t\t\t\t\t\t<\/div>\n\t\t\t\t<\/div>\n\t\t\t\t\t<\/div>\n\t\t<\/div>\n\t\t\t\t<div class=\"elementor-column elementor-col-50 elementor-inner-column elementor-element elementor-element-f7a7fff\" data-id=\"f7a7fff\" data-element_type=\"column\">\n\t\t\t<div class=\"elementor-widget-wrap elementor-element-populated\">\n\t\t\t\t\t\t<div class=\"elementor-element elementor-element-0cdc880 elementor-widget elementor-widget-image\" data-id=\"0cdc880\" data-element_type=\"widget\" data-widget_type=\"image.default\">\n\t\t\t\t<div class=\"elementor-widget-container\">\n\t\t\t\t\t\t\t\t\t\t\t\t\t\t\t<img loading=\"lazy\" decoding=\"async\" width=\"700\" height=\"495\" src=\"https:\/\/www.catpowertools.com\/wp-content\/uploads\/2021\/09\/cms-platforms-options-18v-1-1.jpg\" class=\"attachment-large size-large wp-image-1838\" alt=\"\" srcset=\"https:\/\/www.catpowertools.com\/wp-content\/uploads\/2021\/09\/cms-platforms-options-18v-1-1.jpg 700w, https:\/\/www.catpowertools.com\/wp-content\/uploads\/2021\/09\/cms-platforms-options-18v-1-1-234x165.jpg 234w, https:\/\/www.catpowertools.com\/wp-content\/uploads\/2021\/09\/cms-platforms-options-18v-1-1-64x45.jpg 64w, https:\/\/www.catpowertools.com\/wp-content\/uploads\/2021\/09\/cms-platforms-options-18v-1-1-300x212.jpg 300w, https:\/\/www.catpowertools.com\/wp-content\/uploads\/2021\/09\/cms-platforms-options-18v-1-1-416x294.jpg 416w\" sizes=\"(max-width: 700px) 100vw, 700px\" \/>\t\t\t\t\t\t\t\t\t\t\t\t\t\t\t<\/div>\n\t\t\t\t<\/div>\n\t\t\t\t\t<\/div>\n\t\t<\/div>\n\t\t\t\t\t<\/div>\n\t\t<\/section>\n\t\t\t\t\t<\/div>\n\t\t<\/div>\n\t\t\t\t\t<\/div>\n\t\t<\/section>\n\t\t\t\t<section class=\"elementor-section elementor-top-section elementor-element elementor-element-a29aae1 elementor-section-full_width elementor-section-height-default elementor-section-height-default\" data-id=\"a29aae1\" data-element_type=\"section\">\n\t\t\t\t\t\t<div class=\"elementor-container elementor-column-gap-no\">\n\t\t\t\t\t<div class=\"elementor-column elementor-col-100 elementor-top-column elementor-element elementor-element-b32e70d\" data-id=\"b32e70d\" data-element_type=\"column\">\n\t\t\t<div class=\"elementor-widget-wrap elementor-element-populated\">\n\t\t\t\t\t\t<section class=\"elementor-section elementor-inner-section elementor-element elementor-element-42efc2a elementor-section-full_width row__container elementor-section-content-middle elementor-section-height-default elementor-section-height-default\" data-id=\"42efc2a\" data-element_type=\"section\">\n\t\t\t\t\t\t<div class=\"elementor-container elementor-column-gap-no\">\n\t\t\t\t\t<div class=\"elementor-column elementor-col-50 elementor-inner-column elementor-element elementor-element-16e0e3c\" data-id=\"16e0e3c\" data-element_type=\"column\">\n\t\t\t<div class=\"elementor-widget-wrap elementor-element-populated\">\n\t\t\t\t\t\t<div class=\"elementor-element elementor-element-47a56ee elementor-widget elementor-widget-image\" data-id=\"47a56ee\" data-element_type=\"widget\" data-widget_type=\"image.default\">\n\t\t\t\t<div class=\"elementor-widget-container\">\n\t\t\t\t\t\t\t\t\t\t\t\t\t\t\t<img loading=\"lazy\" decoding=\"async\" width=\"700\" height=\"495\" src=\"https:\/\/www.catpowertools.com\/wp-content\/uploads\/2021\/09\/cms-platforms-options-60v-1-1.jpg\" class=\"attachment-large size-large wp-image-1845\" alt=\"\" srcset=\"https:\/\/www.catpowertools.com\/wp-content\/uploads\/2021\/09\/cms-platforms-options-60v-1-1.jpg 700w, https:\/\/www.catpowertools.com\/wp-content\/uploads\/2021\/09\/cms-platforms-options-60v-1-1-234x165.jpg 234w, https:\/\/www.catpowertools.com\/wp-content\/uploads\/2021\/09\/cms-platforms-options-60v-1-1-64x45.jpg 64w, https:\/\/www.catpowertools.com\/wp-content\/uploads\/2021\/09\/cms-platforms-options-60v-1-1-300x212.jpg 300w, https:\/\/www.catpowertools.com\/wp-content\/uploads\/2021\/09\/cms-platforms-options-60v-1-1-416x294.jpg 416w\" sizes=\"(max-width: 700px) 100vw, 700px\" \/>\t\t\t\t\t\t\t\t\t\t\t\t\t\t\t<\/div>\n\t\t\t\t<\/div>\n\t\t\t\t\t<\/div>\n\t\t<\/div>\n\t\t\t\t<div class=\"elementor-column elementor-col-50 elementor-inner-column elementor-element elementor-element-68b0f07\" data-id=\"68b0f07\" data-element_type=\"column\">\n\t\t\t<div class=\"elementor-widget-wrap elementor-element-populated\">\n\t\t\t\t\t\t<div class=\"elementor-element elementor-element-73d4a92 elementor-widget elementor-widget-image\" data-id=\"73d4a92\" data-element_type=\"widget\" data-widget_type=\"image.default\">\n\t\t\t\t<div class=\"elementor-widget-container\">\n\t\t\t\t\t\t\t\t\t\t\t\t\t\t\t<img loading=\"lazy\" decoding=\"async\" width=\"206\" height=\"75\" src=\"https:\/\/www.catpowertools.com\/wp-content\/uploads\/2021\/09\/60v-max-logo-2.png\" class=\"attachment-large size-large wp-image-1848\" alt=\"\" srcset=\"https:\/\/www.catpowertools.com\/wp-content\/uploads\/2021\/09\/60v-max-logo-2.png 206w, https:\/\/www.catpowertools.com\/wp-content\/uploads\/2021\/09\/60v-max-logo-2-64x23.png 64w\" sizes=\"(max-width: 206px) 100vw, 206px\" \/>\t\t\t\t\t\t\t\t\t\t\t\t\t\t\t<\/div>\n\t\t\t\t<\/div>\n\t\t\t\t<div class=\"elementor-element elementor-element-1f537d9 elementor-widget-divider--view-line elementor-widget elementor-widget-divider\" data-id=\"1f537d9\" data-element_type=\"widget\" data-widget_type=\"divider.default\">\n\t\t\t\t<div class=\"elementor-widget-container\">\n\t\t\t\t\t\t\t<div class=\"elementor-divider\">\n\t\t\t<span class=\"elementor-divider-separator\">\n\t\t\t\t\t\t<\/span>\n\t\t<\/div>\n\t\t\t\t\t\t<\/div>\n\t\t\t\t<\/div>\n\t\t\t\t<div class=\"elementor-element elementor-element-f595850 elementor-widget elementor-widget-heading\" data-id=\"f595850\" data-element_type=\"widget\" data-widget_type=\"heading.default\">\n\t\t\t\t<div class=\"elementor-widget-container\">\n\t\t\t\t\t<h3 class=\"elementor-heading-title elementor-size-default\">Outillages d\u2019ext\u00e9rieur<\/h3>\t\t\t\t<\/div>\n\t\t\t\t<\/div>\n\t\t\t\t<div class=\"elementor-element elementor-element-b4880e9 elementor-widget elementor-widget-heading\" data-id=\"b4880e9\" data-element_type=\"widget\" data-widget_type=\"heading.default\">\n\t\t\t\t<div class=\"elementor-widget-container\">\n\t\t\t\t\t<p class=\"elementor-heading-title elementor-size-default\">60 volts de puissance associ\u00e9s \u00e0 la technologie de moteur sans balais offrent des performances comparables \u00e0 celles du moteur \u00e0 l\u2019essence sans les tracas ni les \u00e9manations.<\/p>\t\t\t\t<\/div>\n\t\t\t\t<\/div>\n\t\t\t\t<div class=\"elementor-element elementor-element-d408a81 elementor-align-left elementor-widget elementor-widget-button\" data-id=\"d408a81\" data-element_type=\"widget\" data-widget_type=\"button.default\">\n\t\t\t\t<div class=\"elementor-widget-container\">\n\t\t\t\t\t\t\t\t\t<div class=\"elementor-button-wrapper\">\n\t\t\t\t\t<a class=\"elementor-button elementor-size-lg\" role=\"button\">\n\t\t\t\t\t\t<span class=\"elementor-button-content-wrapper\">\n\t\t\t\t\t\t\t\t\t<span class=\"elementor-button-text\">BIENT\u00d4T DISPONIBLE<\/span>\n\t\t\t\t\t<\/span>\n\t\t\t\t\t<\/a>\n\t\t\t\t<\/div>\n\t\t\t\t\t\t\t\t<\/div>\n\t\t\t\t<\/div>\n\t\t\t\t\t<\/div>\n\t\t<\/div>\n\t\t\t\t\t<\/div>\n\t\t<\/section>\n\t\t\t\t\t<\/div>\n\t\t<\/div>\n\t\t\t\t\t<\/div>\n\t\t<\/section>\n\t\t\t\t<\/div>\n\t\t","protected":false},"excerpt":{"rendered":"<p>Conqu\u00e9rir le chantier et la terrasse Outillages La gamme d&rsquo;outils \u00e9lectroportatifs 18 V Cat\u00ae est con\u00e7ue pour r\u00e9sister aux conditions de chantier les plus difficiles. EN SAVOIR PLUS Outillages d\u2019ext\u00e9rieur 60 volts de puissance associ\u00e9s \u00e0 la technologie de moteur sans balais offrent des performances comparables \u00e0 celles du moteur \u00e0 l\u2019essence sans les tracas [&hellip;]<\/p>\n","protected":false},"author":1,"featured_media":0,"parent":0,"menu_order":0,"comment_status":"closed","ping_status":"closed","template":"","meta":{"_acf_changed":false,"footnotes":""},"class_list":["post-5180","page","type-page","status-publish","hentry"],"acf":[],"yoast_head":"<!-- This site is optimized with the Yoast SEO plugin v26.6 - https:\/\/yoast.com\/wordpress\/plugins\/seo\/ -->\n<title>Plateformes - Cat Power Tools<\/title>\n<meta name=\"robots\" content=\"index, follow, max-snippet:-1, max-image-preview:large, max-video-preview:-1\" \/>\n<link rel=\"canonical\" href=\"https:\/\/www.catpowertools.com\/fr\/plateformes\/\" \/>\n<meta property=\"og:locale\" content=\"fr_FR\" \/>\n<meta property=\"og:type\" content=\"article\" \/>\n<meta property=\"og:title\" content=\"Plateformes - Cat Power Tools\" \/>\n<meta property=\"og:description\" content=\"Conqu\u00e9rir le chantier et la terrasse Outillages La gamme d&rsquo;outils \u00e9lectroportatifs 18 V Cat\u00ae est con\u00e7ue pour r\u00e9sister aux conditions de chantier les plus difficiles. EN SAVOIR PLUS Outillages d\u2019ext\u00e9rieur 60 volts de puissance associ\u00e9s \u00e0 la technologie de moteur sans balais offrent des performances comparables \u00e0 celles du moteur \u00e0 l\u2019essence sans les tracas [&hellip;]\" \/>\n<meta property=\"og:url\" content=\"https:\/\/www.catpowertools.com\/fr\/plateformes\/\" \/>\n<meta property=\"og:site_name\" content=\"Cat Power Tools\" \/>\n<meta property=\"article:modified_time\" content=\"2022-03-11T16:54:31+00:00\" \/>\n<meta property=\"og:image\" content=\"https:\/\/www.catpowertools.com\/wp-content\/uploads\/2021\/12\/60V-ope-tab-medium-coming-soon-1.png\" \/>\n<meta name=\"twitter:card\" content=\"summary_large_image\" \/>\n<script type=\"application\/ld+json\" class=\"yoast-schema-graph\">{\"@context\":\"https:\/\/schema.org\",\"@graph\":[{\"@type\":\"WebPage\",\"@id\":\"https:\/\/www.catpowertools.com\/fr\/plateformes\/\",\"url\":\"https:\/\/www.catpowertools.com\/fr\/plateformes\/\",\"name\":\"Plateformes - Cat Power Tools\",\"isPartOf\":{\"@id\":\"https:\/\/www.catpowertools.com\/fr\/#website\"},\"primaryImageOfPage\":{\"@id\":\"https:\/\/www.catpowertools.com\/fr\/plateformes\/#primaryimage\"},\"image\":{\"@id\":\"https:\/\/www.catpowertools.com\/fr\/plateformes\/#primaryimage\"},\"thumbnailUrl\":\"https:\/\/www.catpowertools.com\/wp-content\/uploads\/2021\/12\/60V-ope-tab-medium-coming-soon-1.png\",\"datePublished\":\"2021-09-20T17:44:37+00:00\",\"dateModified\":\"2022-03-11T16:54:31+00:00\",\"breadcrumb\":{\"@id\":\"https:\/\/www.catpowertools.com\/fr\/plateformes\/#breadcrumb\"},\"inLanguage\":\"fr-FR\",\"potentialAction\":[{\"@type\":\"ReadAction\",\"target\":[\"https:\/\/www.catpowertools.com\/fr\/plateformes\/\"]}]},{\"@type\":\"ImageObject\",\"inLanguage\":\"fr-FR\",\"@id\":\"https:\/\/www.catpowertools.com\/fr\/plateformes\/#primaryimage\",\"url\":\"https:\/\/www.catpowertools.com\/wp-content\/uploads\/2021\/12\/60V-ope-tab-medium-coming-soon-1.png\",\"contentUrl\":\"https:\/\/www.catpowertools.com\/wp-content\/uploads\/2021\/12\/60V-ope-tab-medium-coming-soon-1.png\"},{\"@type\":\"BreadcrumbList\",\"@id\":\"https:\/\/www.catpowertools.com\/fr\/plateformes\/#breadcrumb\",\"itemListElement\":[{\"@type\":\"ListItem\",\"position\":1,\"name\":\"Home\",\"item\":\"https:\/\/www.catpowertools.com\/fr\/\"},{\"@type\":\"ListItem\",\"position\":2,\"name\":\"Plateformes\"}]},{\"@type\":\"WebSite\",\"@id\":\"https:\/\/www.catpowertools.com\/fr\/#website\",\"url\":\"https:\/\/www.catpowertools.com\/fr\/\",\"name\":\"Cat Power Tools\",\"description\":\"Just another WordPress site\",\"potentialAction\":[{\"@type\":\"SearchAction\",\"target\":{\"@type\":\"EntryPoint\",\"urlTemplate\":\"https:\/\/www.catpowertools.com\/fr\/?s={search_term_string}\"},\"query-input\":{\"@type\":\"PropertyValueSpecification\",\"valueRequired\":true,\"valueName\":\"search_term_string\"}}],\"inLanguage\":\"fr-FR\"}]}<\/script>\n<!-- \/ Yoast SEO plugin. -->","yoast_head_json":{"title":"Plateformes - Cat Power Tools","robots":{"index":"index","follow":"follow","max-snippet":"max-snippet:-1","max-image-preview":"max-image-preview:large","max-video-preview":"max-video-preview:-1"},"canonical":"https:\/\/www.catpowertools.com\/fr\/plateformes\/","og_locale":"fr_FR","og_type":"article","og_title":"Plateformes - Cat Power Tools","og_description":"Conqu\u00e9rir le chantier et la terrasse Outillages La gamme d&rsquo;outils \u00e9lectroportatifs 18 V Cat\u00ae est con\u00e7ue pour r\u00e9sister aux conditions de chantier les plus difficiles. EN SAVOIR PLUS Outillages d\u2019ext\u00e9rieur 60 volts de puissance associ\u00e9s \u00e0 la technologie de moteur sans balais offrent des performances comparables \u00e0 celles du moteur \u00e0 l\u2019essence sans les tracas [&hellip;]","og_url":"https:\/\/www.catpowertools.com\/fr\/plateformes\/","og_site_name":"Cat Power Tools","article_modified_time":"2022-03-11T16:54:31+00:00","og_image":[{"url":"https:\/\/www.catpowertools.com\/wp-content\/uploads\/2021\/12\/60V-ope-tab-medium-coming-soon-1.png","type":"","width":"","height":""}],"twitter_card":"summary_large_image","schema":{"@context":"https:\/\/schema.org","@graph":[{"@type":"WebPage","@id":"https:\/\/www.catpowertools.com\/fr\/plateformes\/","url":"https:\/\/www.catpowertools.com\/fr\/plateformes\/","name":"Plateformes - Cat Power Tools","isPartOf":{"@id":"https:\/\/www.catpowertools.com\/fr\/#website"},"primaryImageOfPage":{"@id":"https:\/\/www.catpowertools.com\/fr\/plateformes\/#primaryimage"},"image":{"@id":"https:\/\/www.catpowertools.com\/fr\/plateformes\/#primaryimage"},"thumbnailUrl":"https:\/\/www.catpowertools.com\/wp-content\/uploads\/2021\/12\/60V-ope-tab-medium-coming-soon-1.png","datePublished":"2021-09-20T17:44:37+00:00","dateModified":"2022-03-11T16:54:31+00:00","breadcrumb":{"@id":"https:\/\/www.catpowertools.com\/fr\/plateformes\/#breadcrumb"},"inLanguage":"fr-FR","potentialAction":[{"@type":"ReadAction","target":["https:\/\/www.catpowertools.com\/fr\/plateformes\/"]}]},{"@type":"ImageObject","inLanguage":"fr-FR","@id":"https:\/\/www.catpowertools.com\/fr\/plateformes\/#primaryimage","url":"https:\/\/www.catpowertools.com\/wp-content\/uploads\/2021\/12\/60V-ope-tab-medium-coming-soon-1.png","contentUrl":"https:\/\/www.catpowertools.com\/wp-content\/uploads\/2021\/12\/60V-ope-tab-medium-coming-soon-1.png"},{"@type":"BreadcrumbList","@id":"https:\/\/www.catpowertools.com\/fr\/plateformes\/#breadcrumb","itemListElement":[{"@type":"ListItem","position":1,"name":"Home","item":"https:\/\/www.catpowertools.com\/fr\/"},{"@type":"ListItem","position":2,"name":"Plateformes"}]},{"@type":"WebSite","@id":"https:\/\/www.catpowertools.com\/fr\/#website","url":"https:\/\/www.catpowertools.com\/fr\/","name":"Cat Power Tools","description":"Just another WordPress site","potentialAction":[{"@type":"SearchAction","target":{"@type":"EntryPoint","urlTemplate":"https:\/\/www.catpowertools.com\/fr\/?s={search_term_string}"},"query-input":{"@type":"PropertyValueSpecification","valueRequired":true,"valueName":"search_term_string"}}],"inLanguage":"fr-FR"}]}},"_links":{"self":[{"href":"https:\/\/www.catpowertools.com\/fr\/wp-json\/wp\/v2\/pages\/5180","targetHints":{"allow":["GET"]}}],"collection":[{"href":"https:\/\/www.catpowertools.com\/fr\/wp-json\/wp\/v2\/pages"}],"about":[{"href":"https:\/\/www.catpowertools.com\/fr\/wp-json\/wp\/v2\/types\/page"}],"author":[{"embeddable":true,"href":"https:\/\/www.catpowertools.com\/fr\/wp-json\/wp\/v2\/users\/1"}],"replies":[{"embeddable":true,"href":"https:\/\/www.catpowertools.com\/fr\/wp-json\/wp\/v2\/comments?post=5180"}],"version-history":[{"count":0,"href":"https:\/\/www.catpowertools.com\/fr\/wp-json\/wp\/v2\/pages\/5180\/revisions"}],"wp:attachment":[{"href":"https:\/\/www.catpowertools.com\/fr\/wp-json\/wp\/v2\/media?parent=5180"}],"curies":[{"name":"wp","href":"https:\/\/api.w.org\/{rel}","templated":true}]}}