{"id":5218,"date":"2021-09-14T16:28:55","date_gmt":"2021-09-14T20:28:55","guid":{"rendered":"https:\/\/www.catpowertools.com\/outils-electriques\/equipement-motorise-dexterieur-60v\/"},"modified":"2022-12-08T11:34:47","modified_gmt":"2022-12-08T16:34:47","slug":"equipement-motorise-dexterieur-60v","status":"publish","type":"page","link":"https:\/\/www.catpowertools.com\/fr\/equipements-electriques-dexterieur\/equipement-motorise-dexterieur-60v\/","title":{"rendered":"\u00c9quipement motoris\u00e9 d&rsquo;ext\u00e9rieur 60V"},"content":{"rendered":"\t\t<div data-elementor-type=\"wp-page\" data-elementor-id=\"5218\" class=\"elementor elementor-5218 elementor-1527\" data-elementor-post-type=\"page\">\n\t\t\t\t\t\t<section class=\"elementor-section elementor-top-section elementor-element elementor-element-22fadfad elementor-section-full_width elementor-section-content-middle elementor-section-height-default elementor-section-height-default\" data-id=\"22fadfad\" data-element_type=\"section\" data-settings=\"{&quot;background_background&quot;:&quot;classic&quot;}\">\n\t\t\t\t\t\t<div class=\"elementor-container elementor-column-gap-default\">\n\t\t\t\t\t<div class=\"elementor-column elementor-col-50 elementor-top-column elementor-element elementor-element-2e6d05cf\" data-id=\"2e6d05cf\" data-element_type=\"column\">\n\t\t\t<div class=\"elementor-widget-wrap elementor-element-populated\">\n\t\t\t\t\t\t<div class=\"elementor-element elementor-element-7381cbaf elementor-widget__width-auto elementor-widget-tablet__width-initial elementor-widget elementor-widget-heading\" data-id=\"7381cbaf\" data-element_type=\"widget\" data-widget_type=\"heading.default\">\n\t\t\t\t<div class=\"elementor-widget-container\">\n\t\t\t\t\t<h1 class=\"elementor-heading-title elementor-size-default\">\u00c9quipement \u00e9lectrique ext\u00e9rieur 60V<\/h1>\t\t\t\t<\/div>\n\t\t\t\t<\/div>\n\t\t\t\t\t<\/div>\n\t\t<\/div>\n\t\t\t\t<div class=\"elementor-column elementor-col-50 elementor-top-column elementor-element elementor-element-1ff01dbc\" data-id=\"1ff01dbc\" data-element_type=\"column\">\n\t\t\t<div class=\"elementor-widget-wrap elementor-element-populated\">\n\t\t\t\t\t\t<div class=\"elementor-element elementor-element-7cba17e3 elementor-widget elementor-widget-image\" data-id=\"7cba17e3\" data-element_type=\"widget\" data-widget_type=\"image.default\">\n\t\t\t\t<div class=\"elementor-widget-container\">\n\t\t\t\t\t\t\t\t\t\t\t\t\t\t\t<img fetchpriority=\"high\" decoding=\"async\" width=\"1200\" height=\"370\" src=\"https:\/\/www.catpowertools.com\/wp-content\/uploads\/2022\/01\/60v-ope-category-page-hero.jpg\" class=\"attachment-full size-full wp-image-4498\" alt=\"\" srcset=\"https:\/\/www.catpowertools.com\/wp-content\/uploads\/2022\/01\/60v-ope-category-page-hero.jpg 1200w, https:\/\/www.catpowertools.com\/wp-content\/uploads\/2022\/01\/60v-ope-category-page-hero-234x72.jpg 234w, https:\/\/www.catpowertools.com\/wp-content\/uploads\/2022\/01\/60v-ope-category-page-hero-64x20.jpg 64w, https:\/\/www.catpowertools.com\/wp-content\/uploads\/2022\/01\/60v-ope-category-page-hero-300x93.jpg 300w, https:\/\/www.catpowertools.com\/wp-content\/uploads\/2022\/01\/60v-ope-category-page-hero-1024x316.jpg 1024w, https:\/\/www.catpowertools.com\/wp-content\/uploads\/2022\/01\/60v-ope-category-page-hero-768x237.jpg 768w\" sizes=\"(max-width: 1200px) 100vw, 1200px\" \/>\t\t\t\t\t\t\t\t\t\t\t\t\t\t\t<\/div>\n\t\t\t\t<\/div>\n\t\t\t\t\t<\/div>\n\t\t<\/div>\n\t\t\t\t\t<\/div>\n\t\t<\/section>\n\t\t\t\t<section class=\"elementor-section elementor-top-section elementor-element elementor-element-44fdf4e elementor-section-full_width elementor-section-height-default elementor-section-height-default\" data-id=\"44fdf4e\" data-element_type=\"section\">\n\t\t\t\t\t\t<div class=\"elementor-container elementor-column-gap-no\">\n\t\t\t\t\t<div class=\"elementor-column elementor-col-100 elementor-top-column elementor-element elementor-element-26d5334\" data-id=\"26d5334\" data-element_type=\"column\">\n\t\t\t<div class=\"elementor-widget-wrap elementor-element-populated\">\n\t\t\t\t\t\t<section class=\"elementor-section elementor-inner-section elementor-element elementor-element-1fec62f elementor-section-full_width row__container elementor-section-height-default elementor-section-height-default\" data-id=\"1fec62f\" data-element_type=\"section\">\n\t\t\t\t\t\t<div class=\"elementor-container elementor-column-gap-no\">\n\t\t\t\t\t<div class=\"elementor-column elementor-col-100 elementor-inner-column elementor-element elementor-element-d8666bc\" data-id=\"d8666bc\" data-element_type=\"column\">\n\t\t\t<div class=\"elementor-widget-wrap elementor-element-populated\">\n\t\t\t\t\t\t<div class=\"elementor-element elementor-element-0e04a79 elementor-widget elementor-widget-breadcrumbs\" data-id=\"0e04a79\" data-element_type=\"widget\" data-widget_type=\"breadcrumbs.default\">\n\t\t\t\t<div class=\"elementor-widget-container\">\n\t\t\t\t\t<p id=\"breadcrumbs\"><span><span><a href=\"https:\/\/www.catpowertools.com\/fr\/\">Home<\/a><\/span><\/span><\/p>\t\t\t\t<\/div>\n\t\t\t\t<\/div>\n\t\t\t\t\t<\/div>\n\t\t<\/div>\n\t\t\t\t\t<\/div>\n\t\t<\/section>\n\t\t\t\t\t<\/div>\n\t\t<\/div>\n\t\t\t\t\t<\/div>\n\t\t<\/section>\n\t\t\t\t<section class=\"elementor-section elementor-top-section elementor-element elementor-element-c442ab6 product-category-page__container categories-on-cms elementor-section-boxed elementor-section-height-default elementor-section-height-default\" data-id=\"c442ab6\" data-element_type=\"section\">\n\t\t\t\t\t\t<div class=\"elementor-container elementor-column-gap-default\">\n\t\t\t\t\t<div class=\"elementor-column elementor-col-100 elementor-top-column elementor-element elementor-element-4d73b46\" data-id=\"4d73b46\" data-element_type=\"column\">\n\t\t\t<div class=\"elementor-widget-wrap elementor-element-populated\">\n\t\t\t\t\t\t<div class=\"elementor-element elementor-element-c733568 elementor-widget elementor-widget-shortcode\" data-id=\"c733568\" data-element_type=\"widget\" data-widget_type=\"shortcode.default\">\n\t\t\t\t<div class=\"elementor-widget-container\">\n\t\t\t\t\t\t\t<div class=\"elementor-shortcode\">        <div class=\"elementor-element elementor-element-085855a elementor-grid-4 elementor-grid-tablet-3 elementor-grid-mobile-2 elementor-products-grid elementor-wc-products elementor-widget elementor-widget-wc-categories\">\n            <div class=\"elementor-widget-container\">\n                <div class=\"woocommerce columns-4\">\n                    <ul class=\"products elementor-grid columns-4\">\n                                                    <li class=\"product-category product\">\n                                <a href=\"https:\/\/www.catpowertools.com\/fr\/equipements-electriques-dexterieur\/equipement-motorise-dexterieur-60v\/coupe-bordures-a-fil\/\">\n                                                                            <div>\n                                            <img decoding=\"async\" width=\"240\" height=\"240\" src=\"https:\/\/www.catpowertools.com\/wp-content\/uploads\/2021\/09\/60v-ope-category-listing-string-trimmers.png\" class=\"attachment-240x240 size-240x240 wp-post-image\" alt=\"\" srcset=\"https:\/\/www.catpowertools.com\/wp-content\/uploads\/2021\/09\/60v-ope-category-listing-string-trimmers.png 245w, https:\/\/www.catpowertools.com\/wp-content\/uploads\/2021\/09\/60v-ope-category-listing-string-trimmers-170x170.png 170w, https:\/\/www.catpowertools.com\/wp-content\/uploads\/2021\/09\/60v-ope-category-listing-string-trimmers-64x64.png 64w, https:\/\/www.catpowertools.com\/wp-content\/uploads\/2021\/09\/60v-ope-category-listing-string-trimmers-150x150.png 150w\" sizes=\"(max-width: 240px) 100vw, 240px\" \/>                                        <\/div>\n                                                                        <h2 class=\"woocommerce-loop-category__title\">\n                                        Coupe-bordures \u00e0 fil                                    <\/h2>\n                                <\/a>\n                            <\/li>\n                                                    <li class=\"product-category product\">\n                                <a href=\"https:\/\/www.catpowertools.com\/fr\/equipements-electriques-dexterieur\/equipement-motorise-dexterieur-60v\/souffleurs\/\">\n                                                                            <div>\n                                            <img decoding=\"async\" width=\"240\" height=\"240\" src=\"https:\/\/www.catpowertools.com\/wp-content\/uploads\/2021\/09\/60v-ope-category-listing-blowers.png\" class=\"attachment-240x240 size-240x240 wp-post-image\" alt=\"\" srcset=\"https:\/\/www.catpowertools.com\/wp-content\/uploads\/2021\/09\/60v-ope-category-listing-blowers.png 245w, https:\/\/www.catpowertools.com\/wp-content\/uploads\/2021\/09\/60v-ope-category-listing-blowers-170x170.png 170w, https:\/\/www.catpowertools.com\/wp-content\/uploads\/2021\/09\/60v-ope-category-listing-blowers-64x64.png 64w, https:\/\/www.catpowertools.com\/wp-content\/uploads\/2021\/09\/60v-ope-category-listing-blowers-150x150.png 150w\" sizes=\"(max-width: 240px) 100vw, 240px\" \/>                                        <\/div>\n                                                                        <h2 class=\"woocommerce-loop-category__title\">\n                                        Souffleurs                                    <\/h2>\n                                <\/a>\n                            <\/li>\n                                                    <li class=\"product-category product\">\n                                <a href=\"https:\/\/www.catpowertools.com\/fr\/equipements-electriques-dexterieur\/equipement-motorise-dexterieur-60v\/tondeuses\/\">\n                                                                            <div>\n                                            <img loading=\"lazy\" decoding=\"async\" width=\"240\" height=\"240\" src=\"https:\/\/www.catpowertools.com\/wp-content\/uploads\/2021\/09\/60v-ope-category-listing-mowers.png\" class=\"attachment-240x240 size-240x240 wp-post-image\" alt=\"\" srcset=\"https:\/\/www.catpowertools.com\/wp-content\/uploads\/2021\/09\/60v-ope-category-listing-mowers.png 245w, https:\/\/www.catpowertools.com\/wp-content\/uploads\/2021\/09\/60v-ope-category-listing-mowers-170x170.png 170w, https:\/\/www.catpowertools.com\/wp-content\/uploads\/2021\/09\/60v-ope-category-listing-mowers-64x64.png 64w, https:\/\/www.catpowertools.com\/wp-content\/uploads\/2021\/09\/60v-ope-category-listing-mowers-150x150.png 150w\" sizes=\"(max-width: 240px) 100vw, 240px\" \/>                                        <\/div>\n                                                                        <h2 class=\"woocommerce-loop-category__title\">\n                                        Tondeuses                                    <\/h2>\n                                <\/a>\n                            <\/li>\n                                                    <li class=\"product-category product\">\n                                <a href=\"https:\/\/www.catpowertools.com\/fr\/equipements-electriques-dexterieur\/equipement-motorise-dexterieur-60v\/tronconneuses\/\">\n                                                                            <div>\n                                            <img loading=\"lazy\" decoding=\"async\" width=\"240\" height=\"240\" src=\"https:\/\/www.catpowertools.com\/wp-content\/uploads\/2021\/09\/60v-ope-category-listing-chainsaws.png\" class=\"attachment-240x240 size-240x240 wp-post-image\" alt=\"\" srcset=\"https:\/\/www.catpowertools.com\/wp-content\/uploads\/2021\/09\/60v-ope-category-listing-chainsaws.png 245w, https:\/\/www.catpowertools.com\/wp-content\/uploads\/2021\/09\/60v-ope-category-listing-chainsaws-170x170.png 170w, https:\/\/www.catpowertools.com\/wp-content\/uploads\/2021\/09\/60v-ope-category-listing-chainsaws-64x64.png 64w, https:\/\/www.catpowertools.com\/wp-content\/uploads\/2021\/09\/60v-ope-category-listing-chainsaws-150x150.png 150w\" sizes=\"(max-width: 240px) 100vw, 240px\" \/>                                        <\/div>\n                                                                        <h2 class=\"woocommerce-loop-category__title\">\n                                        Tron\u00e7onneuses                                    <\/h2>\n                                <\/a>\n                            <\/li>\n                                            <\/ul>\n                <\/div>\n            <\/div>\n        <\/div>\n<\/div>\n\t\t\t\t\t\t<\/div>\n\t\t\t\t<\/div>\n\t\t\t\t\t<\/div>\n\t\t<\/div>\n\t\t\t\t\t<\/div>\n\t\t<\/section>\n\t\t\t\t<\/div>\n\t\t","protected":false},"excerpt":{"rendered":"<p>\u00c9quipement \u00e9lectrique ext\u00e9rieur 60V<\/p>\n","protected":false},"author":1,"featured_media":0,"parent":5156,"menu_order":0,"comment_status":"closed","ping_status":"closed","template":"","meta":{"_acf_changed":false,"footnotes":""},"class_list":["post-5218","page","type-page","status-publish","hentry"],"acf":[],"yoast_head":"<!-- This site is optimized with the Yoast SEO plugin v26.6 - https:\/\/yoast.com\/wordpress\/plugins\/seo\/ -->\n<title>\u00c9quipement motoris\u00e9 d&#039;ext\u00e9rieur 60V - Cat Power Tools<\/title>\n<meta name=\"robots\" content=\"index, follow, max-snippet:-1, max-image-preview:large, max-video-preview:-1\" \/>\n<link rel=\"canonical\" href=\"https:\/\/www.catpowertools.com\/fr\/equipements-electriques-dexterieur\/equipement-motorise-dexterieur-60v\/\" \/>\n<meta property=\"og:locale\" content=\"fr_FR\" \/>\n<meta property=\"og:type\" content=\"article\" \/>\n<meta property=\"og:title\" content=\"\u00c9quipement motoris\u00e9 d&#039;ext\u00e9rieur 60V - Cat Power Tools\" \/>\n<meta property=\"og:description\" content=\"\u00c9quipement \u00e9lectrique ext\u00e9rieur 60V\" \/>\n<meta property=\"og:url\" content=\"https:\/\/www.catpowertools.com\/fr\/equipements-electriques-dexterieur\/equipement-motorise-dexterieur-60v\/\" \/>\n<meta property=\"og:site_name\" content=\"Cat Power Tools\" \/>\n<meta property=\"article:modified_time\" content=\"2022-12-08T16:34:47+00:00\" \/>\n<meta property=\"og:image\" content=\"https:\/\/www.catpowertools.com\/wp-content\/uploads\/2022\/01\/60v-ope-category-page-hero.jpg\" \/>\n<meta name=\"twitter:card\" content=\"summary_large_image\" \/>\n<script type=\"application\/ld+json\" class=\"yoast-schema-graph\">{\"@context\":\"https:\/\/schema.org\",\"@graph\":[{\"@type\":\"WebPage\",\"@id\":\"https:\/\/www.catpowertools.com\/fr\/equipements-electriques-dexterieur\/equipement-motorise-dexterieur-60v\/\",\"url\":\"https:\/\/www.catpowertools.com\/fr\/equipements-electriques-dexterieur\/equipement-motorise-dexterieur-60v\/\",\"name\":\"\u00c9quipement motoris\u00e9 d'ext\u00e9rieur 60V - Cat Power Tools\",\"isPartOf\":{\"@id\":\"https:\/\/www.catpowertools.com\/fr\/#website\"},\"primaryImageOfPage\":{\"@id\":\"https:\/\/www.catpowertools.com\/fr\/equipements-electriques-dexterieur\/equipement-motorise-dexterieur-60v\/#primaryimage\"},\"image\":{\"@id\":\"https:\/\/www.catpowertools.com\/fr\/equipements-electriques-dexterieur\/equipement-motorise-dexterieur-60v\/#primaryimage\"},\"thumbnailUrl\":\"https:\/\/www.catpowertools.com\/wp-content\/uploads\/2022\/01\/60v-ope-category-page-hero.jpg\",\"datePublished\":\"2021-09-14T20:28:55+00:00\",\"dateModified\":\"2022-12-08T16:34:47+00:00\",\"breadcrumb\":{\"@id\":\"https:\/\/www.catpowertools.com\/fr\/equipements-electriques-dexterieur\/equipement-motorise-dexterieur-60v\/#breadcrumb\"},\"inLanguage\":\"fr-FR\",\"potentialAction\":[{\"@type\":\"ReadAction\",\"target\":[\"https:\/\/www.catpowertools.com\/fr\/equipements-electriques-dexterieur\/equipement-motorise-dexterieur-60v\/\"]}]},{\"@type\":\"ImageObject\",\"inLanguage\":\"fr-FR\",\"@id\":\"https:\/\/www.catpowertools.com\/fr\/equipements-electriques-dexterieur\/equipement-motorise-dexterieur-60v\/#primaryimage\",\"url\":\"https:\/\/www.catpowertools.com\/wp-content\/uploads\/2022\/01\/60v-ope-category-page-hero.jpg\",\"contentUrl\":\"https:\/\/www.catpowertools.com\/wp-content\/uploads\/2022\/01\/60v-ope-category-page-hero.jpg\"},{\"@type\":\"BreadcrumbList\",\"@id\":\"https:\/\/www.catpowertools.com\/fr\/equipements-electriques-dexterieur\/equipement-motorise-dexterieur-60v\/#breadcrumb\",\"itemListElement\":[{\"@type\":\"ListItem\",\"position\":1,\"name\":\"Home\",\"item\":\"https:\/\/www.catpowertools.com\/fr\/\"},{\"@type\":\"ListItem\",\"position\":2,\"name\":\"\u00c9quipements \u00e9lectriques d&#8217;ext\u00e9rieur\",\"item\":\"https:\/\/www.catpowertools.com\/fr\/outdoor-power-equipment\/\"},{\"@type\":\"ListItem\",\"position\":3,\"name\":\"\u00c9quipement motoris\u00e9 d&#8217;ext\u00e9rieur 60V\"}]},{\"@type\":\"WebSite\",\"@id\":\"https:\/\/www.catpowertools.com\/fr\/#website\",\"url\":\"https:\/\/www.catpowertools.com\/fr\/\",\"name\":\"Cat Power Tools\",\"description\":\"Just another WordPress site\",\"potentialAction\":[{\"@type\":\"SearchAction\",\"target\":{\"@type\":\"EntryPoint\",\"urlTemplate\":\"https:\/\/www.catpowertools.com\/fr\/?s={search_term_string}\"},\"query-input\":{\"@type\":\"PropertyValueSpecification\",\"valueRequired\":true,\"valueName\":\"search_term_string\"}}],\"inLanguage\":\"fr-FR\"}]}<\/script>\n<!-- \/ Yoast SEO plugin. -->","yoast_head_json":{"title":"\u00c9quipement motoris\u00e9 d'ext\u00e9rieur 60V - Cat Power Tools","robots":{"index":"index","follow":"follow","max-snippet":"max-snippet:-1","max-image-preview":"max-image-preview:large","max-video-preview":"max-video-preview:-1"},"canonical":"https:\/\/www.catpowertools.com\/fr\/equipements-electriques-dexterieur\/equipement-motorise-dexterieur-60v\/","og_locale":"fr_FR","og_type":"article","og_title":"\u00c9quipement motoris\u00e9 d'ext\u00e9rieur 60V - Cat Power Tools","og_description":"\u00c9quipement \u00e9lectrique ext\u00e9rieur 60V","og_url":"https:\/\/www.catpowertools.com\/fr\/equipements-electriques-dexterieur\/equipement-motorise-dexterieur-60v\/","og_site_name":"Cat Power Tools","article_modified_time":"2022-12-08T16:34:47+00:00","og_image":[{"url":"https:\/\/www.catpowertools.com\/wp-content\/uploads\/2022\/01\/60v-ope-category-page-hero.jpg","type":"","width":"","height":""}],"twitter_card":"summary_large_image","schema":{"@context":"https:\/\/schema.org","@graph":[{"@type":"WebPage","@id":"https:\/\/www.catpowertools.com\/fr\/equipements-electriques-dexterieur\/equipement-motorise-dexterieur-60v\/","url":"https:\/\/www.catpowertools.com\/fr\/equipements-electriques-dexterieur\/equipement-motorise-dexterieur-60v\/","name":"\u00c9quipement motoris\u00e9 d'ext\u00e9rieur 60V - Cat Power Tools","isPartOf":{"@id":"https:\/\/www.catpowertools.com\/fr\/#website"},"primaryImageOfPage":{"@id":"https:\/\/www.catpowertools.com\/fr\/equipements-electriques-dexterieur\/equipement-motorise-dexterieur-60v\/#primaryimage"},"image":{"@id":"https:\/\/www.catpowertools.com\/fr\/equipements-electriques-dexterieur\/equipement-motorise-dexterieur-60v\/#primaryimage"},"thumbnailUrl":"https:\/\/www.catpowertools.com\/wp-content\/uploads\/2022\/01\/60v-ope-category-page-hero.jpg","datePublished":"2021-09-14T20:28:55+00:00","dateModified":"2022-12-08T16:34:47+00:00","breadcrumb":{"@id":"https:\/\/www.catpowertools.com\/fr\/equipements-electriques-dexterieur\/equipement-motorise-dexterieur-60v\/#breadcrumb"},"inLanguage":"fr-FR","potentialAction":[{"@type":"ReadAction","target":["https:\/\/www.catpowertools.com\/fr\/equipements-electriques-dexterieur\/equipement-motorise-dexterieur-60v\/"]}]},{"@type":"ImageObject","inLanguage":"fr-FR","@id":"https:\/\/www.catpowertools.com\/fr\/equipements-electriques-dexterieur\/equipement-motorise-dexterieur-60v\/#primaryimage","url":"https:\/\/www.catpowertools.com\/wp-content\/uploads\/2022\/01\/60v-ope-category-page-hero.jpg","contentUrl":"https:\/\/www.catpowertools.com\/wp-content\/uploads\/2022\/01\/60v-ope-category-page-hero.jpg"},{"@type":"BreadcrumbList","@id":"https:\/\/www.catpowertools.com\/fr\/equipements-electriques-dexterieur\/equipement-motorise-dexterieur-60v\/#breadcrumb","itemListElement":[{"@type":"ListItem","position":1,"name":"Home","item":"https:\/\/www.catpowertools.com\/fr\/"},{"@type":"ListItem","position":2,"name":"\u00c9quipements \u00e9lectriques d&#8217;ext\u00e9rieur","item":"https:\/\/www.catpowertools.com\/fr\/outdoor-power-equipment\/"},{"@type":"ListItem","position":3,"name":"\u00c9quipement motoris\u00e9 d&#8217;ext\u00e9rieur 60V"}]},{"@type":"WebSite","@id":"https:\/\/www.catpowertools.com\/fr\/#website","url":"https:\/\/www.catpowertools.com\/fr\/","name":"Cat Power Tools","description":"Just another WordPress site","potentialAction":[{"@type":"SearchAction","target":{"@type":"EntryPoint","urlTemplate":"https:\/\/www.catpowertools.com\/fr\/?s={search_term_string}"},"query-input":{"@type":"PropertyValueSpecification","valueRequired":true,"valueName":"search_term_string"}}],"inLanguage":"fr-FR"}]}},"_links":{"self":[{"href":"https:\/\/www.catpowertools.com\/fr\/wp-json\/wp\/v2\/pages\/5218","targetHints":{"allow":["GET"]}}],"collection":[{"href":"https:\/\/www.catpowertools.com\/fr\/wp-json\/wp\/v2\/pages"}],"about":[{"href":"https:\/\/www.catpowertools.com\/fr\/wp-json\/wp\/v2\/types\/page"}],"author":[{"embeddable":true,"href":"https:\/\/www.catpowertools.com\/fr\/wp-json\/wp\/v2\/users\/1"}],"replies":[{"embeddable":true,"href":"https:\/\/www.catpowertools.com\/fr\/wp-json\/wp\/v2\/comments?post=5218"}],"version-history":[{"count":0,"href":"https:\/\/www.catpowertools.com\/fr\/wp-json\/wp\/v2\/pages\/5218\/revisions"}],"up":[{"embeddable":true,"href":"https:\/\/www.catpowertools.com\/fr\/wp-json\/wp\/v2\/pages\/5156"}],"wp:attachment":[{"href":"https:\/\/www.catpowertools.com\/fr\/wp-json\/wp\/v2\/media?parent=5218"}],"curies":[{"name":"wp","href":"https:\/\/api.w.org\/{rel}","templated":true}]}}