{"id":5026,"date":"2021-10-11T14:43:14","date_gmt":"2021-10-11T18:43:14","guid":{"rendered":"https:\/\/www.catpowertools.com\/product\/marteau-perforateur-rotatif-sds-plus-18v-sans-brosse-1-sans-fil-avec-deux-batteries\/"},"modified":"2022-03-18T11:39:35","modified_gmt":"2022-03-18T15:39:35","slug":"18v-brushless-1-cordless-sds-plus-rotary-hammer-drill-with-two-batteries","status":"publish","type":"product","link":"https:\/\/www.catpowertools.com\/fr\/produit\/18v-brushless-1-cordless-sds-plus-rotary-hammer-drill-with-two-batteries\/","title":{"rendered":"MARTEAU ROTATIF \u00c9LECTROPORTATIFSDS-PLUS 18V SANS BALAIS 1 PO-2.54 cm AVEC DEUX BATTERIES"},"content":{"rendered":"","protected":false},"excerpt":{"rendered":"<p>Ce marteau rotatif SDS-Plus 18V 1po-25.4mm sans balais a un punch de 1,6 lb-pi. 2,2 Joules (1,6 lb\/pi) d&rsquo;\u00e9nergie d&rsquo;impact et une vitesse d&rsquo;impact de 0-5400 coups\/min. La poign\u00e9e textur\u00e9e et anti-vibration permet de r\u00e9duire la fatigue de l&rsquo;utilisateur. La poign\u00e9e lat\u00e9rale \u00e0 360\u00b0 permet de percer \u00e0 n&rsquo;importe quel angle tandis que le syst\u00e8me d&#8217;embrayage m\u00e9canique \u00e0 double s\u00e9curit\u00e9 \u00e9lectronique automatique offre une protection accrue. Choisissez parmi 4 fonctions diff\u00e9rentes: Perceuse, perceuse \u00e0 percussion, burin, et per\u00e7age par impulsion. Comprend (2) batteries li-ion de 4,0 Ah, un chargeur rapide, une jauge de profondeur, une poign\u00e9e auxiliaire et le seul outil professionnel livr\u00e9 avec un coffret de rangement empilable. Les outils \u00e9lectroportatifs Cat\u00ae sont couverts par une garantie de 3 ans.<\/p>\n","protected":false},"featured_media":3063,"comment_status":"closed","ping_status":"closed","template":"","meta":{"_acf_changed":false},"product_brand":[],"product_cat":[202,214,217],"product_tag":[],"class_list":{"0":"post-5026","1":"product","2":"type-product","3":"status-publish","4":"has-post-thumbnail","6":"product_cat-outils-electriques-18v","7":"product_cat-18v-percage","8":"product_cat-perceuses-a-percussion-18v","10":"first","11":"instock","12":"product-type-external"},"acf":[],"yoast_head":"<!-- This site is optimized with the Yoast SEO plugin v26.6 - https:\/\/yoast.com\/wordpress\/plugins\/seo\/ -->\n<title>MARTEAU ROTATIF \u00c9LECTROPORTATIFSDS-PLUS 18V SANS BALAIS 1 PO-2.54 cm AVEC DEUX BATTERIES - Cat Power Tools<\/title>\n<meta name=\"robots\" content=\"index, follow, max-snippet:-1, max-image-preview:large, max-video-preview:-1\" \/>\n<link rel=\"canonical\" href=\"https:\/\/www.catpowertools.com\/fr\/produit\/18v-brushless-1-cordless-sds-plus-rotary-hammer-drill-with-two-batteries\/\" \/>\n<meta property=\"og:locale\" content=\"fr_FR\" \/>\n<meta property=\"og:type\" content=\"article\" \/>\n<meta property=\"og:title\" content=\"MARTEAU ROTATIF \u00c9LECTROPORTATIFSDS-PLUS 18V SANS BALAIS 1 PO-2.54 cm AVEC DEUX BATTERIES - Cat Power Tools\" \/>\n<meta property=\"og:description\" content=\"Ce marteau rotatif SDS-Plus 18V 1po-25.4mm sans balais a un punch de 1,6 lb-pi. 2,2 Joules (1,6 lb\/pi) d&#039;\u00e9nergie d&#039;impact et une vitesse d&#039;impact de 0-5400 coups\/min. La poign\u00e9e textur\u00e9e et anti-vibration permet de r\u00e9duire la fatigue de l&#039;utilisateur. La poign\u00e9e lat\u00e9rale \u00e0 360\u00b0 permet de percer \u00e0 n&#039;importe quel angle tandis que le syst\u00e8me d&#039;embrayage m\u00e9canique \u00e0 double s\u00e9curit\u00e9 \u00e9lectronique automatique offre une protection accrue. Choisissez parmi 4 fonctions diff\u00e9rentes: Perceuse, perceuse \u00e0 percussion, burin, et per\u00e7age par impulsion. Comprend (2) batteries li-ion de 4,0 Ah, un chargeur rapide, une jauge de profondeur, une poign\u00e9e auxiliaire et le seul outil professionnel livr\u00e9 avec un coffret de rangement empilable. Les outils \u00e9lectroportatifs Cat\u00ae sont couverts par une garantie de 3 ans.\" \/>\n<meta property=\"og:url\" content=\"https:\/\/www.catpowertools.com\/fr\/produit\/18v-brushless-1-cordless-sds-plus-rotary-hammer-drill-with-two-batteries\/\" \/>\n<meta property=\"og:site_name\" content=\"Cat Power Tools\" \/>\n<meta property=\"article:modified_time\" content=\"2022-03-18T15:39:35+00:00\" \/>\n<meta property=\"og:image\" content=\"https:\/\/www.catpowertools.com\/wp-content\/uploads\/2021\/10\/dx21-carousel-image-1.png\" \/>\n\t<meta property=\"og:image:width\" content=\"960\" \/>\n\t<meta property=\"og:image:height\" content=\"525\" \/>\n\t<meta property=\"og:image:type\" content=\"image\/png\" \/>\n<meta name=\"twitter:card\" content=\"summary_large_image\" \/>\n<script type=\"application\/ld+json\" class=\"yoast-schema-graph\">{\"@context\":\"https:\/\/schema.org\",\"@graph\":[{\"@type\":\"WebPage\",\"@id\":\"https:\/\/www.catpowertools.com\/fr\/produit\/18v-brushless-1-cordless-sds-plus-rotary-hammer-drill-with-two-batteries\/\",\"url\":\"https:\/\/www.catpowertools.com\/fr\/produit\/18v-brushless-1-cordless-sds-plus-rotary-hammer-drill-with-two-batteries\/\",\"name\":\"MARTEAU ROTATIF \u00c9LECTROPORTATIFSDS-PLUS 18V SANS BALAIS 1 PO-2.54 cm AVEC DEUX BATTERIES - Cat Power Tools\",\"isPartOf\":{\"@id\":\"https:\/\/www.catpowertools.com\/fr\/#website\"},\"primaryImageOfPage\":{\"@id\":\"https:\/\/www.catpowertools.com\/fr\/produit\/18v-brushless-1-cordless-sds-plus-rotary-hammer-drill-with-two-batteries\/#primaryimage\"},\"image\":{\"@id\":\"https:\/\/www.catpowertools.com\/fr\/produit\/18v-brushless-1-cordless-sds-plus-rotary-hammer-drill-with-two-batteries\/#primaryimage\"},\"thumbnailUrl\":\"https:\/\/www.catpowertools.com\/wp-content\/uploads\/2021\/10\/dx21-carousel-image-1.png\",\"datePublished\":\"2021-10-11T18:43:14+00:00\",\"dateModified\":\"2022-03-18T15:39:35+00:00\",\"breadcrumb\":{\"@id\":\"https:\/\/www.catpowertools.com\/fr\/produit\/18v-brushless-1-cordless-sds-plus-rotary-hammer-drill-with-two-batteries\/#breadcrumb\"},\"inLanguage\":\"fr-FR\",\"potentialAction\":[{\"@type\":\"ReadAction\",\"target\":[\"https:\/\/www.catpowertools.com\/fr\/produit\/18v-brushless-1-cordless-sds-plus-rotary-hammer-drill-with-two-batteries\/\"]}]},{\"@type\":\"ImageObject\",\"inLanguage\":\"fr-FR\",\"@id\":\"https:\/\/www.catpowertools.com\/fr\/produit\/18v-brushless-1-cordless-sds-plus-rotary-hammer-drill-with-two-batteries\/#primaryimage\",\"url\":\"https:\/\/www.catpowertools.com\/wp-content\/uploads\/2021\/10\/dx21-carousel-image-1.png\",\"contentUrl\":\"https:\/\/www.catpowertools.com\/wp-content\/uploads\/2021\/10\/dx21-carousel-image-1.png\",\"width\":960,\"height\":525},{\"@type\":\"BreadcrumbList\",\"@id\":\"https:\/\/www.catpowertools.com\/fr\/produit\/18v-brushless-1-cordless-sds-plus-rotary-hammer-drill-with-two-batteries\/#breadcrumb\",\"itemListElement\":[{\"@type\":\"ListItem\",\"position\":1,\"name\":\"Home\",\"item\":\"https:\/\/www.catpowertools.com\/fr\/\"},{\"@type\":\"ListItem\",\"position\":2,\"name\":\"Boutique\",\"item\":\"https:\/\/www.catpowertools.com\/shop\/\"},{\"@type\":\"ListItem\",\"position\":3,\"name\":\"MARTEAU ROTATIF \u00c9LECTROPORTATIFSDS-PLUS 18V SANS BALAIS 1 PO-2.54 cm AVEC DEUX BATTERIES\"}]},{\"@type\":\"WebSite\",\"@id\":\"https:\/\/www.catpowertools.com\/fr\/#website\",\"url\":\"https:\/\/www.catpowertools.com\/fr\/\",\"name\":\"Cat Power Tools\",\"description\":\"Just another WordPress site\",\"potentialAction\":[{\"@type\":\"SearchAction\",\"target\":{\"@type\":\"EntryPoint\",\"urlTemplate\":\"https:\/\/www.catpowertools.com\/fr\/?s={search_term_string}\"},\"query-input\":{\"@type\":\"PropertyValueSpecification\",\"valueRequired\":true,\"valueName\":\"search_term_string\"}}],\"inLanguage\":\"fr-FR\"}]}<\/script>\n<!-- \/ Yoast SEO plugin. -->","yoast_head_json":{"title":"MARTEAU ROTATIF \u00c9LECTROPORTATIFSDS-PLUS 18V SANS BALAIS 1 PO-2.54 cm AVEC DEUX BATTERIES - Cat Power Tools","robots":{"index":"index","follow":"follow","max-snippet":"max-snippet:-1","max-image-preview":"max-image-preview:large","max-video-preview":"max-video-preview:-1"},"canonical":"https:\/\/www.catpowertools.com\/fr\/produit\/18v-brushless-1-cordless-sds-plus-rotary-hammer-drill-with-two-batteries\/","og_locale":"fr_FR","og_type":"article","og_title":"MARTEAU ROTATIF \u00c9LECTROPORTATIFSDS-PLUS 18V SANS BALAIS 1 PO-2.54 cm AVEC DEUX BATTERIES - Cat Power Tools","og_description":"Ce marteau rotatif SDS-Plus 18V 1po-25.4mm sans balais a un punch de 1,6 lb-pi. 2,2 Joules (1,6 lb\/pi) d'\u00e9nergie d'impact et une vitesse d'impact de 0-5400 coups\/min. La poign\u00e9e textur\u00e9e et anti-vibration permet de r\u00e9duire la fatigue de l'utilisateur. La poign\u00e9e lat\u00e9rale \u00e0 360\u00b0 permet de percer \u00e0 n'importe quel angle tandis que le syst\u00e8me d'embrayage m\u00e9canique \u00e0 double s\u00e9curit\u00e9 \u00e9lectronique automatique offre une protection accrue. Choisissez parmi 4 fonctions diff\u00e9rentes: Perceuse, perceuse \u00e0 percussion, burin, et per\u00e7age par impulsion. Comprend (2) batteries li-ion de 4,0 Ah, un chargeur rapide, une jauge de profondeur, une poign\u00e9e auxiliaire et le seul outil professionnel livr\u00e9 avec un coffret de rangement empilable. Les outils \u00e9lectroportatifs Cat\u00ae sont couverts par une garantie de 3 ans.","og_url":"https:\/\/www.catpowertools.com\/fr\/produit\/18v-brushless-1-cordless-sds-plus-rotary-hammer-drill-with-two-batteries\/","og_site_name":"Cat Power Tools","article_modified_time":"2022-03-18T15:39:35+00:00","og_image":[{"width":960,"height":525,"url":"https:\/\/www.catpowertools.com\/wp-content\/uploads\/2021\/10\/dx21-carousel-image-1.png","type":"image\/png"}],"twitter_card":"summary_large_image","schema":{"@context":"https:\/\/schema.org","@graph":[{"@type":"WebPage","@id":"https:\/\/www.catpowertools.com\/fr\/produit\/18v-brushless-1-cordless-sds-plus-rotary-hammer-drill-with-two-batteries\/","url":"https:\/\/www.catpowertools.com\/fr\/produit\/18v-brushless-1-cordless-sds-plus-rotary-hammer-drill-with-two-batteries\/","name":"MARTEAU ROTATIF \u00c9LECTROPORTATIFSDS-PLUS 18V SANS BALAIS 1 PO-2.54 cm AVEC DEUX BATTERIES - Cat Power Tools","isPartOf":{"@id":"https:\/\/www.catpowertools.com\/fr\/#website"},"primaryImageOfPage":{"@id":"https:\/\/www.catpowertools.com\/fr\/produit\/18v-brushless-1-cordless-sds-plus-rotary-hammer-drill-with-two-batteries\/#primaryimage"},"image":{"@id":"https:\/\/www.catpowertools.com\/fr\/produit\/18v-brushless-1-cordless-sds-plus-rotary-hammer-drill-with-two-batteries\/#primaryimage"},"thumbnailUrl":"https:\/\/www.catpowertools.com\/wp-content\/uploads\/2021\/10\/dx21-carousel-image-1.png","datePublished":"2021-10-11T18:43:14+00:00","dateModified":"2022-03-18T15:39:35+00:00","breadcrumb":{"@id":"https:\/\/www.catpowertools.com\/fr\/produit\/18v-brushless-1-cordless-sds-plus-rotary-hammer-drill-with-two-batteries\/#breadcrumb"},"inLanguage":"fr-FR","potentialAction":[{"@type":"ReadAction","target":["https:\/\/www.catpowertools.com\/fr\/produit\/18v-brushless-1-cordless-sds-plus-rotary-hammer-drill-with-two-batteries\/"]}]},{"@type":"ImageObject","inLanguage":"fr-FR","@id":"https:\/\/www.catpowertools.com\/fr\/produit\/18v-brushless-1-cordless-sds-plus-rotary-hammer-drill-with-two-batteries\/#primaryimage","url":"https:\/\/www.catpowertools.com\/wp-content\/uploads\/2021\/10\/dx21-carousel-image-1.png","contentUrl":"https:\/\/www.catpowertools.com\/wp-content\/uploads\/2021\/10\/dx21-carousel-image-1.png","width":960,"height":525},{"@type":"BreadcrumbList","@id":"https:\/\/www.catpowertools.com\/fr\/produit\/18v-brushless-1-cordless-sds-plus-rotary-hammer-drill-with-two-batteries\/#breadcrumb","itemListElement":[{"@type":"ListItem","position":1,"name":"Home","item":"https:\/\/www.catpowertools.com\/fr\/"},{"@type":"ListItem","position":2,"name":"Boutique","item":"https:\/\/www.catpowertools.com\/shop\/"},{"@type":"ListItem","position":3,"name":"MARTEAU ROTATIF \u00c9LECTROPORTATIFSDS-PLUS 18V SANS BALAIS 1 PO-2.54 cm AVEC DEUX BATTERIES"}]},{"@type":"WebSite","@id":"https:\/\/www.catpowertools.com\/fr\/#website","url":"https:\/\/www.catpowertools.com\/fr\/","name":"Cat Power Tools","description":"Just another WordPress site","potentialAction":[{"@type":"SearchAction","target":{"@type":"EntryPoint","urlTemplate":"https:\/\/www.catpowertools.com\/fr\/?s={search_term_string}"},"query-input":{"@type":"PropertyValueSpecification","valueRequired":true,"valueName":"search_term_string"}}],"inLanguage":"fr-FR"}]}},"_links":{"self":[{"href":"https:\/\/www.catpowertools.com\/fr\/wp-json\/wp\/v2\/product\/5026","targetHints":{"allow":["GET"]}}],"collection":[{"href":"https:\/\/www.catpowertools.com\/fr\/wp-json\/wp\/v2\/product"}],"about":[{"href":"https:\/\/www.catpowertools.com\/fr\/wp-json\/wp\/v2\/types\/product"}],"replies":[{"embeddable":true,"href":"https:\/\/www.catpowertools.com\/fr\/wp-json\/wp\/v2\/comments?post=5026"}],"wp:featuredmedia":[{"embeddable":true,"href":"https:\/\/www.catpowertools.com\/fr\/wp-json\/wp\/v2\/media\/3063"}],"wp:attachment":[{"href":"https:\/\/www.catpowertools.com\/fr\/wp-json\/wp\/v2\/media?parent=5026"}],"wp:term":[{"taxonomy":"product_brand","embeddable":true,"href":"https:\/\/www.catpowertools.com\/fr\/wp-json\/wp\/v2\/product_brand?post=5026"},{"taxonomy":"product_cat","embeddable":true,"href":"https:\/\/www.catpowertools.com\/fr\/wp-json\/wp\/v2\/product_cat?post=5026"},{"taxonomy":"product_tag","embeddable":true,"href":"https:\/\/www.catpowertools.com\/fr\/wp-json\/wp\/v2\/product_tag?post=5026"}],"curies":[{"name":"wp","href":"https:\/\/api.w.org\/{rel}","templated":true}]}}