{"id":5039,"date":"2021-10-11T14:41:43","date_gmt":"2021-10-11T18:41:43","guid":{"rendered":"https:\/\/www.catpowertools.com\/product\/meuleuse-dangle-13a-5-avec-cordon\/"},"modified":"2022-03-16T13:29:58","modified_gmt":"2022-03-16T17:29:58","slug":"meuleuse-a-angle-electriques","status":"publish","type":"product","link":"https:\/\/www.catpowertools.com\/fr\/produit\/meuleuse-a-angle-electriques\/","title":{"rendered":"MEULEUSE \u00c0 ANGLE \u00c9LECTRIQUE 13A 5po-12.7 cm"},"content":{"rendered":"","protected":false},"excerpt":{"rendered":"<p>La meuleuse \u00e0 angle 5po-12.7cm, 13 amp\u00e8res est \u00e9quip\u00e9e d&rsquo;une poign\u00e9e lat\u00e9rale anti-vibration \u00e0 2 positions et d&rsquo;un syst\u00e8me avanc\u00e9 de ventilation du moteur pour maximiser les performances sur les travaux les plus difficiles. Il offre une vitesse \u00e0 vide de 0 \u00e0 10 000 tr\/min tandis que la poign\u00e9e ergonomique mince avec une prise en main douce surmoul\u00e9e augmente le confort de l&rsquo;utilisateur pour une utilisation prolong\u00e9e. Les outils \u00e9lectriques Cat\u00ae sont couverts par une garantie de 3 ans.<\/p>\n","protected":false},"featured_media":4336,"comment_status":"closed","ping_status":"closed","template":"","meta":{"_acf_changed":false},"product_brand":[],"product_cat":[216,205],"product_tag":[],"class_list":{"0":"post-5039","1":"product","2":"type-product","3":"status-publish","4":"has-post-thumbnail","6":"product_cat-meulage","7":"product_cat-outils-electriques-filaires-ca","9":"first","10":"instock","11":"product-type-external"},"acf":[],"yoast_head":"<!-- This site is optimized with the Yoast SEO plugin v26.6 - https:\/\/yoast.com\/wordpress\/plugins\/seo\/ -->\n<title>MEULEUSE \u00c0 ANGLE \u00c9LECTRIQUE 13A 5po-12.7 cm - Cat Power Tools<\/title>\n<meta name=\"robots\" content=\"index, follow, max-snippet:-1, max-image-preview:large, max-video-preview:-1\" \/>\n<link rel=\"canonical\" href=\"https:\/\/www.catpowertools.com\/fr\/produit\/meuleuse-a-angle-electriques\/\" \/>\n<meta property=\"og:locale\" content=\"fr_FR\" \/>\n<meta property=\"og:type\" content=\"article\" \/>\n<meta property=\"og:title\" content=\"MEULEUSE \u00c0 ANGLE \u00c9LECTRIQUE 13A 5po-12.7 cm - Cat Power Tools\" \/>\n<meta property=\"og:description\" content=\"La meuleuse \u00e0 angle 5po-12.7cm, 13 amp\u00e8res est \u00e9quip\u00e9e d&#039;une poign\u00e9e lat\u00e9rale anti-vibration \u00e0 2 positions et d&#039;un syst\u00e8me avanc\u00e9 de ventilation du moteur pour maximiser les performances sur les travaux les plus difficiles. Il offre une vitesse \u00e0 vide de 0 \u00e0 10 000 tr\/min tandis que la poign\u00e9e ergonomique mince avec une prise en main douce surmoul\u00e9e augmente le confort de l&#039;utilisateur pour une utilisation prolong\u00e9e. Les outils \u00e9lectriques Cat\u00ae sont couverts par une garantie de 3 ans.\" \/>\n<meta property=\"og:url\" content=\"https:\/\/www.catpowertools.com\/fr\/produit\/meuleuse-a-angle-electriques\/\" \/>\n<meta property=\"og:site_name\" content=\"Cat Power Tools\" \/>\n<meta property=\"article:modified_time\" content=\"2022-03-16T17:29:58+00:00\" \/>\n<meta property=\"og:image\" content=\"https:\/\/www.catpowertools.com\/wp-content\/uploads\/2021\/10\/dx36u-carousel-image-1-1.png\" \/>\n\t<meta property=\"og:image:width\" content=\"960\" \/>\n\t<meta property=\"og:image:height\" content=\"525\" \/>\n\t<meta property=\"og:image:type\" content=\"image\/png\" \/>\n<meta name=\"twitter:card\" content=\"summary_large_image\" \/>\n<script type=\"application\/ld+json\" class=\"yoast-schema-graph\">{\"@context\":\"https:\/\/schema.org\",\"@graph\":[{\"@type\":\"WebPage\",\"@id\":\"https:\/\/www.catpowertools.com\/fr\/produit\/meuleuse-a-angle-electriques\/\",\"url\":\"https:\/\/www.catpowertools.com\/fr\/produit\/meuleuse-a-angle-electriques\/\",\"name\":\"MEULEUSE \u00c0 ANGLE \u00c9LECTRIQUE 13A 5po-12.7 cm - Cat Power Tools\",\"isPartOf\":{\"@id\":\"https:\/\/www.catpowertools.com\/fr\/#website\"},\"primaryImageOfPage\":{\"@id\":\"https:\/\/www.catpowertools.com\/fr\/produit\/meuleuse-a-angle-electriques\/#primaryimage\"},\"image\":{\"@id\":\"https:\/\/www.catpowertools.com\/fr\/produit\/meuleuse-a-angle-electriques\/#primaryimage\"},\"thumbnailUrl\":\"https:\/\/www.catpowertools.com\/wp-content\/uploads\/2021\/10\/dx36u-carousel-image-1-1.png\",\"datePublished\":\"2021-10-11T18:41:43+00:00\",\"dateModified\":\"2022-03-16T17:29:58+00:00\",\"breadcrumb\":{\"@id\":\"https:\/\/www.catpowertools.com\/fr\/produit\/meuleuse-a-angle-electriques\/#breadcrumb\"},\"inLanguage\":\"fr-FR\",\"potentialAction\":[{\"@type\":\"ReadAction\",\"target\":[\"https:\/\/www.catpowertools.com\/fr\/produit\/meuleuse-a-angle-electriques\/\"]}]},{\"@type\":\"ImageObject\",\"inLanguage\":\"fr-FR\",\"@id\":\"https:\/\/www.catpowertools.com\/fr\/produit\/meuleuse-a-angle-electriques\/#primaryimage\",\"url\":\"https:\/\/www.catpowertools.com\/wp-content\/uploads\/2021\/10\/dx36u-carousel-image-1-1.png\",\"contentUrl\":\"https:\/\/www.catpowertools.com\/wp-content\/uploads\/2021\/10\/dx36u-carousel-image-1-1.png\",\"width\":960,\"height\":525},{\"@type\":\"BreadcrumbList\",\"@id\":\"https:\/\/www.catpowertools.com\/fr\/produit\/meuleuse-a-angle-electriques\/#breadcrumb\",\"itemListElement\":[{\"@type\":\"ListItem\",\"position\":1,\"name\":\"Home\",\"item\":\"https:\/\/www.catpowertools.com\/fr\/\"},{\"@type\":\"ListItem\",\"position\":2,\"name\":\"Boutique\",\"item\":\"https:\/\/www.catpowertools.com\/shop\/\"},{\"@type\":\"ListItem\",\"position\":3,\"name\":\"MEULEUSE \u00c0 ANGLE \u00c9LECTRIQUE 13A 5po-12.7 cm\"}]},{\"@type\":\"WebSite\",\"@id\":\"https:\/\/www.catpowertools.com\/fr\/#website\",\"url\":\"https:\/\/www.catpowertools.com\/fr\/\",\"name\":\"Cat Power Tools\",\"description\":\"Just another WordPress site\",\"potentialAction\":[{\"@type\":\"SearchAction\",\"target\":{\"@type\":\"EntryPoint\",\"urlTemplate\":\"https:\/\/www.catpowertools.com\/fr\/?s={search_term_string}\"},\"query-input\":{\"@type\":\"PropertyValueSpecification\",\"valueRequired\":true,\"valueName\":\"search_term_string\"}}],\"inLanguage\":\"fr-FR\"}]}<\/script>\n<!-- \/ Yoast SEO plugin. -->","yoast_head_json":{"title":"MEULEUSE \u00c0 ANGLE \u00c9LECTRIQUE 13A 5po-12.7 cm - Cat Power Tools","robots":{"index":"index","follow":"follow","max-snippet":"max-snippet:-1","max-image-preview":"max-image-preview:large","max-video-preview":"max-video-preview:-1"},"canonical":"https:\/\/www.catpowertools.com\/fr\/produit\/meuleuse-a-angle-electriques\/","og_locale":"fr_FR","og_type":"article","og_title":"MEULEUSE \u00c0 ANGLE \u00c9LECTRIQUE 13A 5po-12.7 cm - Cat Power Tools","og_description":"La meuleuse \u00e0 angle 5po-12.7cm, 13 amp\u00e8res est \u00e9quip\u00e9e d'une poign\u00e9e lat\u00e9rale anti-vibration \u00e0 2 positions et d'un syst\u00e8me avanc\u00e9 de ventilation du moteur pour maximiser les performances sur les travaux les plus difficiles. Il offre une vitesse \u00e0 vide de 0 \u00e0 10 000 tr\/min tandis que la poign\u00e9e ergonomique mince avec une prise en main douce surmoul\u00e9e augmente le confort de l'utilisateur pour une utilisation prolong\u00e9e. Les outils \u00e9lectriques Cat\u00ae sont couverts par une garantie de 3 ans.","og_url":"https:\/\/www.catpowertools.com\/fr\/produit\/meuleuse-a-angle-electriques\/","og_site_name":"Cat Power Tools","article_modified_time":"2022-03-16T17:29:58+00:00","og_image":[{"width":960,"height":525,"url":"https:\/\/www.catpowertools.com\/wp-content\/uploads\/2021\/10\/dx36u-carousel-image-1-1.png","type":"image\/png"}],"twitter_card":"summary_large_image","schema":{"@context":"https:\/\/schema.org","@graph":[{"@type":"WebPage","@id":"https:\/\/www.catpowertools.com\/fr\/produit\/meuleuse-a-angle-electriques\/","url":"https:\/\/www.catpowertools.com\/fr\/produit\/meuleuse-a-angle-electriques\/","name":"MEULEUSE \u00c0 ANGLE \u00c9LECTRIQUE 13A 5po-12.7 cm - Cat Power Tools","isPartOf":{"@id":"https:\/\/www.catpowertools.com\/fr\/#website"},"primaryImageOfPage":{"@id":"https:\/\/www.catpowertools.com\/fr\/produit\/meuleuse-a-angle-electriques\/#primaryimage"},"image":{"@id":"https:\/\/www.catpowertools.com\/fr\/produit\/meuleuse-a-angle-electriques\/#primaryimage"},"thumbnailUrl":"https:\/\/www.catpowertools.com\/wp-content\/uploads\/2021\/10\/dx36u-carousel-image-1-1.png","datePublished":"2021-10-11T18:41:43+00:00","dateModified":"2022-03-16T17:29:58+00:00","breadcrumb":{"@id":"https:\/\/www.catpowertools.com\/fr\/produit\/meuleuse-a-angle-electriques\/#breadcrumb"},"inLanguage":"fr-FR","potentialAction":[{"@type":"ReadAction","target":["https:\/\/www.catpowertools.com\/fr\/produit\/meuleuse-a-angle-electriques\/"]}]},{"@type":"ImageObject","inLanguage":"fr-FR","@id":"https:\/\/www.catpowertools.com\/fr\/produit\/meuleuse-a-angle-electriques\/#primaryimage","url":"https:\/\/www.catpowertools.com\/wp-content\/uploads\/2021\/10\/dx36u-carousel-image-1-1.png","contentUrl":"https:\/\/www.catpowertools.com\/wp-content\/uploads\/2021\/10\/dx36u-carousel-image-1-1.png","width":960,"height":525},{"@type":"BreadcrumbList","@id":"https:\/\/www.catpowertools.com\/fr\/produit\/meuleuse-a-angle-electriques\/#breadcrumb","itemListElement":[{"@type":"ListItem","position":1,"name":"Home","item":"https:\/\/www.catpowertools.com\/fr\/"},{"@type":"ListItem","position":2,"name":"Boutique","item":"https:\/\/www.catpowertools.com\/shop\/"},{"@type":"ListItem","position":3,"name":"MEULEUSE \u00c0 ANGLE \u00c9LECTRIQUE 13A 5po-12.7 cm"}]},{"@type":"WebSite","@id":"https:\/\/www.catpowertools.com\/fr\/#website","url":"https:\/\/www.catpowertools.com\/fr\/","name":"Cat Power Tools","description":"Just another WordPress site","potentialAction":[{"@type":"SearchAction","target":{"@type":"EntryPoint","urlTemplate":"https:\/\/www.catpowertools.com\/fr\/?s={search_term_string}"},"query-input":{"@type":"PropertyValueSpecification","valueRequired":true,"valueName":"search_term_string"}}],"inLanguage":"fr-FR"}]}},"_links":{"self":[{"href":"https:\/\/www.catpowertools.com\/fr\/wp-json\/wp\/v2\/product\/5039","targetHints":{"allow":["GET"]}}],"collection":[{"href":"https:\/\/www.catpowertools.com\/fr\/wp-json\/wp\/v2\/product"}],"about":[{"href":"https:\/\/www.catpowertools.com\/fr\/wp-json\/wp\/v2\/types\/product"}],"replies":[{"embeddable":true,"href":"https:\/\/www.catpowertools.com\/fr\/wp-json\/wp\/v2\/comments?post=5039"}],"wp:featuredmedia":[{"embeddable":true,"href":"https:\/\/www.catpowertools.com\/fr\/wp-json\/wp\/v2\/media\/4336"}],"wp:attachment":[{"href":"https:\/\/www.catpowertools.com\/fr\/wp-json\/wp\/v2\/media?parent=5039"}],"wp:term":[{"taxonomy":"product_brand","embeddable":true,"href":"https:\/\/www.catpowertools.com\/fr\/wp-json\/wp\/v2\/product_brand?post=5039"},{"taxonomy":"product_cat","embeddable":true,"href":"https:\/\/www.catpowertools.com\/fr\/wp-json\/wp\/v2\/product_cat?post=5039"},{"taxonomy":"product_tag","embeddable":true,"href":"https:\/\/www.catpowertools.com\/fr\/wp-json\/wp\/v2\/product_tag?post=5039"}],"curies":[{"name":"wp","href":"https:\/\/api.w.org\/{rel}","templated":true}]}}