{"id":5042,"date":"2021-10-11T14:41:43","date_gmt":"2021-10-11T18:41:43","guid":{"rendered":"https:\/\/www.catpowertools.com\/product\/scie-sauteuse-sans-fil-18v-sans-brosse-outil-seulement\/"},"modified":"2022-03-21T10:15:35","modified_gmt":"2022-03-21T14:15:35","slug":"scie-sauteuse-electroportatifs-18v-sans-brushless-outil-seul","status":"publish","type":"product","link":"https:\/\/www.catpowertools.com\/fr\/produit\/scie-sauteuse-electroportatifs-18v-sans-brushless-outil-seul\/","title":{"rendered":"SCIE SAUTEUSE \u00c9LECTROPORTATIVE 18V SANS BALAIS &#8211; OUTIL SEULEMENT"},"content":{"rendered":"","protected":false},"excerpt":{"rendered":"<p>La scie sauteuse sans balais 18 V (OUTIL SEULEMENT) offre le confort et le contr\u00f4le n\u00e9cessaires \u00e0 tout projet. Le moteur sans balais \u00e0 haut rendement fournit jusqu&rsquo;\u00e0 3 500 cse\/min et la scie est \u00e9quip\u00e9e d&rsquo;un changement de lame sans outil et d&rsquo;un r\u00e9glage de biseau sans outil. Cette scie offre une longueur de course de 1po-2.54cm et peut \u00eatre utilis\u00e9e avec des lames \u00e0 tige en T et en U qui sont soutenues pour r\u00e9duire la d\u00e9viation de la lame pour une coupe plus pr\u00e9cise \u00e0 chaque fois. L&rsquo;outil dispose \u00e9galement d&rsquo;une poign\u00e9e textur\u00e9e souple sur la poign\u00e9e du moule pour le confort et le contr\u00f4le et une action orbitale \u00e0 4 positions pour les coupes plus agressives. Cette liste concerne uniquement l&rsquo;outil et n&rsquo;inclut pas de batterie ni de chargeur. Les outils \u00e9lectroportatifs Cat\u00ae sont couverts par une garantie de 3 ans.<\/p>\n","protected":false},"featured_media":2924,"comment_status":"closed","ping_status":"closed","template":"","meta":{"_acf_changed":false},"product_brand":[],"product_cat":[202,234],"product_tag":[],"class_list":{"0":"post-5042","1":"product","2":"type-product","3":"status-publish","4":"has-post-thumbnail","6":"product_cat-outils-electriques-18v","7":"product_cat-scies","9":"first","10":"instock","11":"product-type-external"},"acf":[],"yoast_head":"<!-- This site is optimized with the Yoast SEO plugin v26.6 - https:\/\/yoast.com\/wordpress\/plugins\/seo\/ -->\n<title>SCIE SAUTEUSE \u00c9LECTROPORTATIVE 18V SANS BALAIS - OUTIL SEULEMENT - Cat Power Tools<\/title>\n<meta name=\"robots\" content=\"index, follow, max-snippet:-1, max-image-preview:large, max-video-preview:-1\" \/>\n<link rel=\"canonical\" href=\"https:\/\/www.catpowertools.com\/fr\/produit\/scie-sauteuse-electroportatifs-18v-sans-brushless-outil-seul\/\" \/>\n<meta property=\"og:locale\" content=\"fr_FR\" \/>\n<meta property=\"og:type\" content=\"article\" \/>\n<meta property=\"og:title\" content=\"SCIE SAUTEUSE \u00c9LECTROPORTATIVE 18V SANS BALAIS - OUTIL SEULEMENT - Cat Power Tools\" \/>\n<meta property=\"og:description\" content=\"La scie sauteuse sans balais 18 V (OUTIL SEULEMENT) offre le confort et le contr\u00f4le n\u00e9cessaires \u00e0 tout projet. Le moteur sans balais \u00e0 haut rendement fournit jusqu&#039;\u00e0 3 500 cse\/min et la scie est \u00e9quip\u00e9e d&#039;un changement de lame sans outil et d&#039;un r\u00e9glage de biseau sans outil. Cette scie offre une longueur de course de 1po-2.54cm et peut \u00eatre utilis\u00e9e avec des lames \u00e0 tige en T et en U qui sont soutenues pour r\u00e9duire la d\u00e9viation de la lame pour une coupe plus pr\u00e9cise \u00e0 chaque fois. L&#039;outil dispose \u00e9galement d&#039;une poign\u00e9e textur\u00e9e souple sur la poign\u00e9e du moule pour le confort et le contr\u00f4le et une action orbitale \u00e0 4 positions pour les coupes plus agressives. Cette liste concerne uniquement l&#039;outil et n&#039;inclut pas de batterie ni de chargeur. Les outils \u00e9lectroportatifs Cat\u00ae sont couverts par une garantie de 3 ans.\" \/>\n<meta property=\"og:url\" content=\"https:\/\/www.catpowertools.com\/fr\/produit\/scie-sauteuse-electroportatifs-18v-sans-brushless-outil-seul\/\" \/>\n<meta property=\"og:site_name\" content=\"Cat Power Tools\" \/>\n<meta property=\"article:modified_time\" content=\"2022-03-21T14:15:35+00:00\" \/>\n<meta property=\"og:image\" content=\"https:\/\/www.catpowertools.com\/wp-content\/uploads\/2021\/10\/dx51b-carousel-image-1.png\" \/>\n\t<meta property=\"og:image:width\" content=\"960\" \/>\n\t<meta property=\"og:image:height\" content=\"525\" \/>\n\t<meta property=\"og:image:type\" content=\"image\/png\" \/>\n<meta name=\"twitter:card\" content=\"summary_large_image\" \/>\n<script type=\"application\/ld+json\" class=\"yoast-schema-graph\">{\"@context\":\"https:\/\/schema.org\",\"@graph\":[{\"@type\":\"WebPage\",\"@id\":\"https:\/\/www.catpowertools.com\/fr\/produit\/scie-sauteuse-electroportatifs-18v-sans-brushless-outil-seul\/\",\"url\":\"https:\/\/www.catpowertools.com\/fr\/produit\/scie-sauteuse-electroportatifs-18v-sans-brushless-outil-seul\/\",\"name\":\"SCIE SAUTEUSE \u00c9LECTROPORTATIVE 18V SANS BALAIS - OUTIL SEULEMENT - Cat Power Tools\",\"isPartOf\":{\"@id\":\"https:\/\/www.catpowertools.com\/fr\/#website\"},\"primaryImageOfPage\":{\"@id\":\"https:\/\/www.catpowertools.com\/fr\/produit\/scie-sauteuse-electroportatifs-18v-sans-brushless-outil-seul\/#primaryimage\"},\"image\":{\"@id\":\"https:\/\/www.catpowertools.com\/fr\/produit\/scie-sauteuse-electroportatifs-18v-sans-brushless-outil-seul\/#primaryimage\"},\"thumbnailUrl\":\"https:\/\/www.catpowertools.com\/wp-content\/uploads\/2021\/10\/dx51b-carousel-image-1.png\",\"datePublished\":\"2021-10-11T18:41:43+00:00\",\"dateModified\":\"2022-03-21T14:15:35+00:00\",\"breadcrumb\":{\"@id\":\"https:\/\/www.catpowertools.com\/fr\/produit\/scie-sauteuse-electroportatifs-18v-sans-brushless-outil-seul\/#breadcrumb\"},\"inLanguage\":\"fr-FR\",\"potentialAction\":[{\"@type\":\"ReadAction\",\"target\":[\"https:\/\/www.catpowertools.com\/fr\/produit\/scie-sauteuse-electroportatifs-18v-sans-brushless-outil-seul\/\"]}]},{\"@type\":\"ImageObject\",\"inLanguage\":\"fr-FR\",\"@id\":\"https:\/\/www.catpowertools.com\/fr\/produit\/scie-sauteuse-electroportatifs-18v-sans-brushless-outil-seul\/#primaryimage\",\"url\":\"https:\/\/www.catpowertools.com\/wp-content\/uploads\/2021\/10\/dx51b-carousel-image-1.png\",\"contentUrl\":\"https:\/\/www.catpowertools.com\/wp-content\/uploads\/2021\/10\/dx51b-carousel-image-1.png\",\"width\":960,\"height\":525},{\"@type\":\"BreadcrumbList\",\"@id\":\"https:\/\/www.catpowertools.com\/fr\/produit\/scie-sauteuse-electroportatifs-18v-sans-brushless-outil-seul\/#breadcrumb\",\"itemListElement\":[{\"@type\":\"ListItem\",\"position\":1,\"name\":\"Home\",\"item\":\"https:\/\/www.catpowertools.com\/fr\/\"},{\"@type\":\"ListItem\",\"position\":2,\"name\":\"Boutique\",\"item\":\"https:\/\/www.catpowertools.com\/shop\/\"},{\"@type\":\"ListItem\",\"position\":3,\"name\":\"SCIE SAUTEUSE \u00c9LECTROPORTATIVE 18V SANS BALAIS &#8211; OUTIL SEULEMENT\"}]},{\"@type\":\"WebSite\",\"@id\":\"https:\/\/www.catpowertools.com\/fr\/#website\",\"url\":\"https:\/\/www.catpowertools.com\/fr\/\",\"name\":\"Cat Power Tools\",\"description\":\"Just another WordPress site\",\"potentialAction\":[{\"@type\":\"SearchAction\",\"target\":{\"@type\":\"EntryPoint\",\"urlTemplate\":\"https:\/\/www.catpowertools.com\/fr\/?s={search_term_string}\"},\"query-input\":{\"@type\":\"PropertyValueSpecification\",\"valueRequired\":true,\"valueName\":\"search_term_string\"}}],\"inLanguage\":\"fr-FR\"}]}<\/script>\n<!-- \/ Yoast SEO plugin. -->","yoast_head_json":{"title":"SCIE SAUTEUSE \u00c9LECTROPORTATIVE 18V SANS BALAIS - OUTIL SEULEMENT - Cat Power Tools","robots":{"index":"index","follow":"follow","max-snippet":"max-snippet:-1","max-image-preview":"max-image-preview:large","max-video-preview":"max-video-preview:-1"},"canonical":"https:\/\/www.catpowertools.com\/fr\/produit\/scie-sauteuse-electroportatifs-18v-sans-brushless-outil-seul\/","og_locale":"fr_FR","og_type":"article","og_title":"SCIE SAUTEUSE \u00c9LECTROPORTATIVE 18V SANS BALAIS - OUTIL SEULEMENT - Cat Power Tools","og_description":"La scie sauteuse sans balais 18 V (OUTIL SEULEMENT) offre le confort et le contr\u00f4le n\u00e9cessaires \u00e0 tout projet. Le moteur sans balais \u00e0 haut rendement fournit jusqu'\u00e0 3 500 cse\/min et la scie est \u00e9quip\u00e9e d'un changement de lame sans outil et d'un r\u00e9glage de biseau sans outil. Cette scie offre une longueur de course de 1po-2.54cm et peut \u00eatre utilis\u00e9e avec des lames \u00e0 tige en T et en U qui sont soutenues pour r\u00e9duire la d\u00e9viation de la lame pour une coupe plus pr\u00e9cise \u00e0 chaque fois. L'outil dispose \u00e9galement d'une poign\u00e9e textur\u00e9e souple sur la poign\u00e9e du moule pour le confort et le contr\u00f4le et une action orbitale \u00e0 4 positions pour les coupes plus agressives. Cette liste concerne uniquement l'outil et n'inclut pas de batterie ni de chargeur. Les outils \u00e9lectroportatifs Cat\u00ae sont couverts par une garantie de 3 ans.","og_url":"https:\/\/www.catpowertools.com\/fr\/produit\/scie-sauteuse-electroportatifs-18v-sans-brushless-outil-seul\/","og_site_name":"Cat Power Tools","article_modified_time":"2022-03-21T14:15:35+00:00","og_image":[{"width":960,"height":525,"url":"https:\/\/www.catpowertools.com\/wp-content\/uploads\/2021\/10\/dx51b-carousel-image-1.png","type":"image\/png"}],"twitter_card":"summary_large_image","schema":{"@context":"https:\/\/schema.org","@graph":[{"@type":"WebPage","@id":"https:\/\/www.catpowertools.com\/fr\/produit\/scie-sauteuse-electroportatifs-18v-sans-brushless-outil-seul\/","url":"https:\/\/www.catpowertools.com\/fr\/produit\/scie-sauteuse-electroportatifs-18v-sans-brushless-outil-seul\/","name":"SCIE SAUTEUSE \u00c9LECTROPORTATIVE 18V SANS BALAIS - OUTIL SEULEMENT - Cat Power Tools","isPartOf":{"@id":"https:\/\/www.catpowertools.com\/fr\/#website"},"primaryImageOfPage":{"@id":"https:\/\/www.catpowertools.com\/fr\/produit\/scie-sauteuse-electroportatifs-18v-sans-brushless-outil-seul\/#primaryimage"},"image":{"@id":"https:\/\/www.catpowertools.com\/fr\/produit\/scie-sauteuse-electroportatifs-18v-sans-brushless-outil-seul\/#primaryimage"},"thumbnailUrl":"https:\/\/www.catpowertools.com\/wp-content\/uploads\/2021\/10\/dx51b-carousel-image-1.png","datePublished":"2021-10-11T18:41:43+00:00","dateModified":"2022-03-21T14:15:35+00:00","breadcrumb":{"@id":"https:\/\/www.catpowertools.com\/fr\/produit\/scie-sauteuse-electroportatifs-18v-sans-brushless-outil-seul\/#breadcrumb"},"inLanguage":"fr-FR","potentialAction":[{"@type":"ReadAction","target":["https:\/\/www.catpowertools.com\/fr\/produit\/scie-sauteuse-electroportatifs-18v-sans-brushless-outil-seul\/"]}]},{"@type":"ImageObject","inLanguage":"fr-FR","@id":"https:\/\/www.catpowertools.com\/fr\/produit\/scie-sauteuse-electroportatifs-18v-sans-brushless-outil-seul\/#primaryimage","url":"https:\/\/www.catpowertools.com\/wp-content\/uploads\/2021\/10\/dx51b-carousel-image-1.png","contentUrl":"https:\/\/www.catpowertools.com\/wp-content\/uploads\/2021\/10\/dx51b-carousel-image-1.png","width":960,"height":525},{"@type":"BreadcrumbList","@id":"https:\/\/www.catpowertools.com\/fr\/produit\/scie-sauteuse-electroportatifs-18v-sans-brushless-outil-seul\/#breadcrumb","itemListElement":[{"@type":"ListItem","position":1,"name":"Home","item":"https:\/\/www.catpowertools.com\/fr\/"},{"@type":"ListItem","position":2,"name":"Boutique","item":"https:\/\/www.catpowertools.com\/shop\/"},{"@type":"ListItem","position":3,"name":"SCIE SAUTEUSE \u00c9LECTROPORTATIVE 18V SANS BALAIS &#8211; OUTIL SEULEMENT"}]},{"@type":"WebSite","@id":"https:\/\/www.catpowertools.com\/fr\/#website","url":"https:\/\/www.catpowertools.com\/fr\/","name":"Cat Power Tools","description":"Just another WordPress site","potentialAction":[{"@type":"SearchAction","target":{"@type":"EntryPoint","urlTemplate":"https:\/\/www.catpowertools.com\/fr\/?s={search_term_string}"},"query-input":{"@type":"PropertyValueSpecification","valueRequired":true,"valueName":"search_term_string"}}],"inLanguage":"fr-FR"}]}},"_links":{"self":[{"href":"https:\/\/www.catpowertools.com\/fr\/wp-json\/wp\/v2\/product\/5042","targetHints":{"allow":["GET"]}}],"collection":[{"href":"https:\/\/www.catpowertools.com\/fr\/wp-json\/wp\/v2\/product"}],"about":[{"href":"https:\/\/www.catpowertools.com\/fr\/wp-json\/wp\/v2\/types\/product"}],"replies":[{"embeddable":true,"href":"https:\/\/www.catpowertools.com\/fr\/wp-json\/wp\/v2\/comments?post=5042"}],"wp:featuredmedia":[{"embeddable":true,"href":"https:\/\/www.catpowertools.com\/fr\/wp-json\/wp\/v2\/media\/2924"}],"wp:attachment":[{"href":"https:\/\/www.catpowertools.com\/fr\/wp-json\/wp\/v2\/media?parent=5042"}],"wp:term":[{"taxonomy":"product_brand","embeddable":true,"href":"https:\/\/www.catpowertools.com\/fr\/wp-json\/wp\/v2\/product_brand?post=5042"},{"taxonomy":"product_cat","embeddable":true,"href":"https:\/\/www.catpowertools.com\/fr\/wp-json\/wp\/v2\/product_cat?post=5042"},{"taxonomy":"product_tag","embeddable":true,"href":"https:\/\/www.catpowertools.com\/fr\/wp-json\/wp\/v2\/product_tag?post=5042"}],"curies":[{"name":"wp","href":"https:\/\/api.w.org\/{rel}","templated":true}]}}