{"id":5046,"date":"2021-10-11T14:43:14","date_gmt":"2021-10-11T18:43:14","guid":{"rendered":"https:\/\/www.catpowertools.com\/product\/kit-combo-marteau-perforateur-et-perceuse-a-percussion-sans-fil-18v-avec-2-batteries\/"},"modified":"2022-03-21T11:06:49","modified_gmt":"2022-03-21T15:06:49","slug":"perceuse-a-percussion-electroportative-18v-cle-a-chocs-ensemble-combine-avec-2-batteries","status":"publish","type":"product","link":"https:\/\/www.catpowertools.com\/fr\/produit\/perceuse-a-percussion-electroportative-18v-cle-a-chocs-ensemble-combine-avec-2-batteries\/","title":{"rendered":"L\u2019ENSEMBLE COMBIN\u00c9 DE CL\u00c9 \u00c0 CHOCS ET PERCEUSE \u00c0 PERCUSSION \u00c9LECTROPORTATIVES 18V AVEC 2 BATTERIES"},"content":{"rendered":"","protected":false},"excerpt":{"rendered":"<p>L\u2019ensemble combin\u00e9 18V comprend le cl\u00e9 \u00e0 chocs DX71B et le perceuse \u00e0 percussion DX12. L\u2019ensemble combin\u00e9 comprend \u00e9galement (2) batteries Li-Ion 18V 2Ah et un chargeur rapide 4A qui charge les batteries 2Ah en seulement 30 minutes. La cl\u00e9 \u00e0 chocs 1\/4po-6.35mm sans balais offre 3 vitesses et un couple de 1900 lb\/po. une conception compacte et l\u00e9g\u00e8re. La perceuse \u00e0 percussion sans balais 18V 1\/2po-12.7mm est con\u00e7u pour le chantier avec une bo\u00eete de vitesse \u00e0 2 vitesses produisant un couple de 600 lb\/po. de couple et un mandrin \u00e0 cliquet tout m\u00e9tal de 1\/2po-12.7mm pour une meilleure r\u00e9tention des m\u00e8ches. Les deux outils sont dot\u00e9s de lampes \u00e0 DEL pour \u00e9clairer les zones sombres, et de poign\u00e9es ergonomiques \u00e0 prise souple pour une sensation \u00e9quilibr\u00e9e. Les outils \u00e9lectroportatifs Cat\u00ae sont couverts par une garantie de 3 ans.<\/p>\n","protected":false},"featured_media":2993,"comment_status":"closed","ping_status":"closed","template":"","meta":{"_acf_changed":false},"product_brand":[],"product_cat":[212,202,201],"product_tag":[],"class_list":{"0":"post-5046","1":"product","2":"type-product","3":"status-publish","4":"has-post-thumbnail","6":"product_cat-combos","7":"product_cat-outils-electriques-18v","8":"product_cat-perceuses-a-percussion-18v-visseuse-a-chocs-18v","10":"first","11":"instock","12":"product-type-external"},"acf":[],"yoast_head":"<!-- This site is optimized with the Yoast SEO plugin v26.6 - https:\/\/yoast.com\/wordpress\/plugins\/seo\/ -->\n<title>L\u2019ENSEMBLE COMBIN\u00c9 DE CL\u00c9 \u00c0 CHOCS ET PERCEUSE \u00c0 PERCUSSION \u00c9LECTROPORTATIVES 18V AVEC 2 BATTERIES - Cat Power Tools<\/title>\n<meta name=\"robots\" content=\"index, follow, max-snippet:-1, max-image-preview:large, max-video-preview:-1\" \/>\n<link rel=\"canonical\" href=\"https:\/\/www.catpowertools.com\/fr\/produit\/perceuse-a-percussion-electroportative-18v-cle-a-chocs-ensemble-combine-avec-2-batteries\/\" \/>\n<meta property=\"og:locale\" content=\"fr_FR\" \/>\n<meta property=\"og:type\" content=\"article\" \/>\n<meta property=\"og:title\" content=\"L\u2019ENSEMBLE COMBIN\u00c9 DE CL\u00c9 \u00c0 CHOCS ET PERCEUSE \u00c0 PERCUSSION \u00c9LECTROPORTATIVES 18V AVEC 2 BATTERIES - Cat Power Tools\" \/>\n<meta property=\"og:description\" content=\"L\u2019ensemble combin\u00e9 18V comprend le cl\u00e9 \u00e0 chocs DX71B et le perceuse \u00e0 percussion DX12. L\u2019ensemble combin\u00e9 comprend \u00e9galement (2) batteries Li-Ion 18V 2Ah et un chargeur rapide 4A qui charge les batteries 2Ah en seulement 30 minutes. La cl\u00e9 \u00e0 chocs 1\/4po-6.35mm sans balais offre 3 vitesses et un couple de 1900 lb\/po. une conception compacte et l\u00e9g\u00e8re. La perceuse \u00e0 percussion sans balais 18V 1\/2po-12.7mm est con\u00e7u pour le chantier avec une bo\u00eete de vitesse \u00e0 2 vitesses produisant un couple de 600 lb\/po. de couple et un mandrin \u00e0 cliquet tout m\u00e9tal de 1\/2po-12.7mm pour une meilleure r\u00e9tention des m\u00e8ches. Les deux outils sont dot\u00e9s de lampes \u00e0 DEL pour \u00e9clairer les zones sombres, et de poign\u00e9es ergonomiques \u00e0 prise souple pour une sensation \u00e9quilibr\u00e9e. Les outils \u00e9lectroportatifs Cat\u00ae sont couverts par une garantie de 3 ans.\" \/>\n<meta property=\"og:url\" content=\"https:\/\/www.catpowertools.com\/fr\/produit\/perceuse-a-percussion-electroportative-18v-cle-a-chocs-ensemble-combine-avec-2-batteries\/\" \/>\n<meta property=\"og:site_name\" content=\"Cat Power Tools\" \/>\n<meta property=\"article:modified_time\" content=\"2022-03-21T15:06:49+00:00\" \/>\n<meta property=\"og:image\" content=\"https:\/\/www.catpowertools.com\/wp-content\/uploads\/2021\/10\/dx12k-carousel-image-1.png\" \/>\n\t<meta property=\"og:image:width\" content=\"960\" \/>\n\t<meta property=\"og:image:height\" content=\"525\" \/>\n\t<meta property=\"og:image:type\" content=\"image\/png\" \/>\n<meta name=\"twitter:card\" content=\"summary_large_image\" \/>\n<script type=\"application\/ld+json\" class=\"yoast-schema-graph\">{\"@context\":\"https:\/\/schema.org\",\"@graph\":[{\"@type\":\"WebPage\",\"@id\":\"https:\/\/www.catpowertools.com\/fr\/produit\/perceuse-a-percussion-electroportative-18v-cle-a-chocs-ensemble-combine-avec-2-batteries\/\",\"url\":\"https:\/\/www.catpowertools.com\/fr\/produit\/perceuse-a-percussion-electroportative-18v-cle-a-chocs-ensemble-combine-avec-2-batteries\/\",\"name\":\"L\u2019ENSEMBLE COMBIN\u00c9 DE CL\u00c9 \u00c0 CHOCS ET PERCEUSE \u00c0 PERCUSSION \u00c9LECTROPORTATIVES 18V AVEC 2 BATTERIES - Cat Power Tools\",\"isPartOf\":{\"@id\":\"https:\/\/www.catpowertools.com\/fr\/#website\"},\"primaryImageOfPage\":{\"@id\":\"https:\/\/www.catpowertools.com\/fr\/produit\/perceuse-a-percussion-electroportative-18v-cle-a-chocs-ensemble-combine-avec-2-batteries\/#primaryimage\"},\"image\":{\"@id\":\"https:\/\/www.catpowertools.com\/fr\/produit\/perceuse-a-percussion-electroportative-18v-cle-a-chocs-ensemble-combine-avec-2-batteries\/#primaryimage\"},\"thumbnailUrl\":\"https:\/\/www.catpowertools.com\/wp-content\/uploads\/2021\/10\/dx12k-carousel-image-1.png\",\"datePublished\":\"2021-10-11T18:43:14+00:00\",\"dateModified\":\"2022-03-21T15:06:49+00:00\",\"breadcrumb\":{\"@id\":\"https:\/\/www.catpowertools.com\/fr\/produit\/perceuse-a-percussion-electroportative-18v-cle-a-chocs-ensemble-combine-avec-2-batteries\/#breadcrumb\"},\"inLanguage\":\"fr-FR\",\"potentialAction\":[{\"@type\":\"ReadAction\",\"target\":[\"https:\/\/www.catpowertools.com\/fr\/produit\/perceuse-a-percussion-electroportative-18v-cle-a-chocs-ensemble-combine-avec-2-batteries\/\"]}]},{\"@type\":\"ImageObject\",\"inLanguage\":\"fr-FR\",\"@id\":\"https:\/\/www.catpowertools.com\/fr\/produit\/perceuse-a-percussion-electroportative-18v-cle-a-chocs-ensemble-combine-avec-2-batteries\/#primaryimage\",\"url\":\"https:\/\/www.catpowertools.com\/wp-content\/uploads\/2021\/10\/dx12k-carousel-image-1.png\",\"contentUrl\":\"https:\/\/www.catpowertools.com\/wp-content\/uploads\/2021\/10\/dx12k-carousel-image-1.png\",\"width\":960,\"height\":525},{\"@type\":\"BreadcrumbList\",\"@id\":\"https:\/\/www.catpowertools.com\/fr\/produit\/perceuse-a-percussion-electroportative-18v-cle-a-chocs-ensemble-combine-avec-2-batteries\/#breadcrumb\",\"itemListElement\":[{\"@type\":\"ListItem\",\"position\":1,\"name\":\"Home\",\"item\":\"https:\/\/www.catpowertools.com\/fr\/\"},{\"@type\":\"ListItem\",\"position\":2,\"name\":\"Boutique\",\"item\":\"https:\/\/www.catpowertools.com\/shop\/\"},{\"@type\":\"ListItem\",\"position\":3,\"name\":\"L\u2019ENSEMBLE COMBIN\u00c9 DE CL\u00c9 \u00c0 CHOCS ET PERCEUSE \u00c0 PERCUSSION \u00c9LECTROPORTATIVES 18V AVEC 2 BATTERIES\"}]},{\"@type\":\"WebSite\",\"@id\":\"https:\/\/www.catpowertools.com\/fr\/#website\",\"url\":\"https:\/\/www.catpowertools.com\/fr\/\",\"name\":\"Cat Power Tools\",\"description\":\"Just another WordPress site\",\"potentialAction\":[{\"@type\":\"SearchAction\",\"target\":{\"@type\":\"EntryPoint\",\"urlTemplate\":\"https:\/\/www.catpowertools.com\/fr\/?s={search_term_string}\"},\"query-input\":{\"@type\":\"PropertyValueSpecification\",\"valueRequired\":true,\"valueName\":\"search_term_string\"}}],\"inLanguage\":\"fr-FR\"}]}<\/script>\n<!-- \/ Yoast SEO plugin. -->","yoast_head_json":{"title":"L\u2019ENSEMBLE COMBIN\u00c9 DE CL\u00c9 \u00c0 CHOCS ET PERCEUSE \u00c0 PERCUSSION \u00c9LECTROPORTATIVES 18V AVEC 2 BATTERIES - Cat Power Tools","robots":{"index":"index","follow":"follow","max-snippet":"max-snippet:-1","max-image-preview":"max-image-preview:large","max-video-preview":"max-video-preview:-1"},"canonical":"https:\/\/www.catpowertools.com\/fr\/produit\/perceuse-a-percussion-electroportative-18v-cle-a-chocs-ensemble-combine-avec-2-batteries\/","og_locale":"fr_FR","og_type":"article","og_title":"L\u2019ENSEMBLE COMBIN\u00c9 DE CL\u00c9 \u00c0 CHOCS ET PERCEUSE \u00c0 PERCUSSION \u00c9LECTROPORTATIVES 18V AVEC 2 BATTERIES - Cat Power Tools","og_description":"L\u2019ensemble combin\u00e9 18V comprend le cl\u00e9 \u00e0 chocs DX71B et le perceuse \u00e0 percussion DX12. L\u2019ensemble combin\u00e9 comprend \u00e9galement (2) batteries Li-Ion 18V 2Ah et un chargeur rapide 4A qui charge les batteries 2Ah en seulement 30 minutes. La cl\u00e9 \u00e0 chocs 1\/4po-6.35mm sans balais offre 3 vitesses et un couple de 1900 lb\/po. une conception compacte et l\u00e9g\u00e8re. La perceuse \u00e0 percussion sans balais 18V 1\/2po-12.7mm est con\u00e7u pour le chantier avec une bo\u00eete de vitesse \u00e0 2 vitesses produisant un couple de 600 lb\/po. de couple et un mandrin \u00e0 cliquet tout m\u00e9tal de 1\/2po-12.7mm pour une meilleure r\u00e9tention des m\u00e8ches. Les deux outils sont dot\u00e9s de lampes \u00e0 DEL pour \u00e9clairer les zones sombres, et de poign\u00e9es ergonomiques \u00e0 prise souple pour une sensation \u00e9quilibr\u00e9e. Les outils \u00e9lectroportatifs Cat\u00ae sont couverts par une garantie de 3 ans.","og_url":"https:\/\/www.catpowertools.com\/fr\/produit\/perceuse-a-percussion-electroportative-18v-cle-a-chocs-ensemble-combine-avec-2-batteries\/","og_site_name":"Cat Power Tools","article_modified_time":"2022-03-21T15:06:49+00:00","og_image":[{"width":960,"height":525,"url":"https:\/\/www.catpowertools.com\/wp-content\/uploads\/2021\/10\/dx12k-carousel-image-1.png","type":"image\/png"}],"twitter_card":"summary_large_image","schema":{"@context":"https:\/\/schema.org","@graph":[{"@type":"WebPage","@id":"https:\/\/www.catpowertools.com\/fr\/produit\/perceuse-a-percussion-electroportative-18v-cle-a-chocs-ensemble-combine-avec-2-batteries\/","url":"https:\/\/www.catpowertools.com\/fr\/produit\/perceuse-a-percussion-electroportative-18v-cle-a-chocs-ensemble-combine-avec-2-batteries\/","name":"L\u2019ENSEMBLE COMBIN\u00c9 DE CL\u00c9 \u00c0 CHOCS ET PERCEUSE \u00c0 PERCUSSION \u00c9LECTROPORTATIVES 18V AVEC 2 BATTERIES - Cat Power Tools","isPartOf":{"@id":"https:\/\/www.catpowertools.com\/fr\/#website"},"primaryImageOfPage":{"@id":"https:\/\/www.catpowertools.com\/fr\/produit\/perceuse-a-percussion-electroportative-18v-cle-a-chocs-ensemble-combine-avec-2-batteries\/#primaryimage"},"image":{"@id":"https:\/\/www.catpowertools.com\/fr\/produit\/perceuse-a-percussion-electroportative-18v-cle-a-chocs-ensemble-combine-avec-2-batteries\/#primaryimage"},"thumbnailUrl":"https:\/\/www.catpowertools.com\/wp-content\/uploads\/2021\/10\/dx12k-carousel-image-1.png","datePublished":"2021-10-11T18:43:14+00:00","dateModified":"2022-03-21T15:06:49+00:00","breadcrumb":{"@id":"https:\/\/www.catpowertools.com\/fr\/produit\/perceuse-a-percussion-electroportative-18v-cle-a-chocs-ensemble-combine-avec-2-batteries\/#breadcrumb"},"inLanguage":"fr-FR","potentialAction":[{"@type":"ReadAction","target":["https:\/\/www.catpowertools.com\/fr\/produit\/perceuse-a-percussion-electroportative-18v-cle-a-chocs-ensemble-combine-avec-2-batteries\/"]}]},{"@type":"ImageObject","inLanguage":"fr-FR","@id":"https:\/\/www.catpowertools.com\/fr\/produit\/perceuse-a-percussion-electroportative-18v-cle-a-chocs-ensemble-combine-avec-2-batteries\/#primaryimage","url":"https:\/\/www.catpowertools.com\/wp-content\/uploads\/2021\/10\/dx12k-carousel-image-1.png","contentUrl":"https:\/\/www.catpowertools.com\/wp-content\/uploads\/2021\/10\/dx12k-carousel-image-1.png","width":960,"height":525},{"@type":"BreadcrumbList","@id":"https:\/\/www.catpowertools.com\/fr\/produit\/perceuse-a-percussion-electroportative-18v-cle-a-chocs-ensemble-combine-avec-2-batteries\/#breadcrumb","itemListElement":[{"@type":"ListItem","position":1,"name":"Home","item":"https:\/\/www.catpowertools.com\/fr\/"},{"@type":"ListItem","position":2,"name":"Boutique","item":"https:\/\/www.catpowertools.com\/shop\/"},{"@type":"ListItem","position":3,"name":"L\u2019ENSEMBLE COMBIN\u00c9 DE CL\u00c9 \u00c0 CHOCS ET PERCEUSE \u00c0 PERCUSSION \u00c9LECTROPORTATIVES 18V AVEC 2 BATTERIES"}]},{"@type":"WebSite","@id":"https:\/\/www.catpowertools.com\/fr\/#website","url":"https:\/\/www.catpowertools.com\/fr\/","name":"Cat Power Tools","description":"Just another WordPress site","potentialAction":[{"@type":"SearchAction","target":{"@type":"EntryPoint","urlTemplate":"https:\/\/www.catpowertools.com\/fr\/?s={search_term_string}"},"query-input":{"@type":"PropertyValueSpecification","valueRequired":true,"valueName":"search_term_string"}}],"inLanguage":"fr-FR"}]}},"_links":{"self":[{"href":"https:\/\/www.catpowertools.com\/fr\/wp-json\/wp\/v2\/product\/5046","targetHints":{"allow":["GET"]}}],"collection":[{"href":"https:\/\/www.catpowertools.com\/fr\/wp-json\/wp\/v2\/product"}],"about":[{"href":"https:\/\/www.catpowertools.com\/fr\/wp-json\/wp\/v2\/types\/product"}],"replies":[{"embeddable":true,"href":"https:\/\/www.catpowertools.com\/fr\/wp-json\/wp\/v2\/comments?post=5046"}],"wp:featuredmedia":[{"embeddable":true,"href":"https:\/\/www.catpowertools.com\/fr\/wp-json\/wp\/v2\/media\/2993"}],"wp:attachment":[{"href":"https:\/\/www.catpowertools.com\/fr\/wp-json\/wp\/v2\/media?parent=5046"}],"wp:term":[{"taxonomy":"product_brand","embeddable":true,"href":"https:\/\/www.catpowertools.com\/fr\/wp-json\/wp\/v2\/product_brand?post=5046"},{"taxonomy":"product_cat","embeddable":true,"href":"https:\/\/www.catpowertools.com\/fr\/wp-json\/wp\/v2\/product_cat?post=5046"},{"taxonomy":"product_tag","embeddable":true,"href":"https:\/\/www.catpowertools.com\/fr\/wp-json\/wp\/v2\/product_tag?post=5046"}],"curies":[{"name":"wp","href":"https:\/\/api.w.org\/{rel}","templated":true}]}}