{"id":5049,"date":"2021-10-11T14:41:43","date_gmt":"2021-10-11T18:41:43","guid":{"rendered":"https:\/\/www.catpowertools.com\/product\/8-5a-ponceuse-a-courroie-de-3-x21-avec-cordon\/"},"modified":"2022-03-18T11:11:43","modified_gmt":"2022-03-18T15:11:43","slug":"8-5a-3x21-corded-belt-sander","status":"publish","type":"product","link":"https:\/\/www.catpowertools.com\/fr\/produit\/8-5a-3x21-corded-belt-sander\/","title":{"rendered":"PONCEUSE \u00c0 BANDE \u00c9LECTRIQUE 8.5A DE 3 x 21 po 7.6 x 53.3 cm"},"content":{"rendered":"","protected":false},"excerpt":{"rendered":"<p>La ponceuse \u00e0 bande 3 x 21 de 8,5 amp\u00e8res a une vitesse \u00e0 vide de 790-1 150 pi\/min, une poign\u00e9e ergonomique surmoul\u00e9e pour le confort de l&rsquo;utilisateur, un levier de d\u00e9gagement rapide pour une installation facile de la bande et un interrupteur de verrouillage pour un fonctionnement continu lorsque n\u00e9cessaire. Les outil s\u00e9lectriques Cat\u00ae sont couverts par une garantie de 3 ans.<\/p>\n","protected":false},"featured_media":2725,"comment_status":"closed","ping_status":"closed","template":"","meta":{"_acf_changed":false},"product_brand":[],"product_cat":[233],"product_tag":[],"class_list":{"0":"post-5049","1":"product","2":"type-product","3":"status-publish","4":"has-post-thumbnail","6":"product_cat-poncage","8":"first","9":"instock","10":"product-type-external"},"acf":[],"yoast_head":"<!-- This site is optimized with the Yoast SEO plugin v26.6 - https:\/\/yoast.com\/wordpress\/plugins\/seo\/ -->\n<title>PONCEUSE \u00c0 BANDE \u00c9LECTRIQUE 8.5A DE 3 x 21 po 7.6 x 53.3 cm - Cat Power Tools<\/title>\n<meta name=\"robots\" content=\"index, follow, max-snippet:-1, max-image-preview:large, max-video-preview:-1\" \/>\n<link rel=\"canonical\" href=\"https:\/\/www.catpowertools.com\/fr\/produit\/8-5a-3x21-corded-belt-sander\/\" \/>\n<meta property=\"og:locale\" content=\"fr_FR\" \/>\n<meta property=\"og:type\" content=\"article\" \/>\n<meta property=\"og:title\" content=\"PONCEUSE \u00c0 BANDE \u00c9LECTRIQUE 8.5A DE 3 x 21 po 7.6 x 53.3 cm - Cat Power Tools\" \/>\n<meta property=\"og:description\" content=\"La ponceuse \u00e0 bande 3 x 21 de 8,5 amp\u00e8res a une vitesse \u00e0 vide de 790-1 150 pi\/min, une poign\u00e9e ergonomique surmoul\u00e9e pour le confort de l&#039;utilisateur, un levier de d\u00e9gagement rapide pour une installation facile de la bande et un interrupteur de verrouillage pour un fonctionnement continu lorsque n\u00e9cessaire. Les outil s\u00e9lectriques Cat\u00ae sont couverts par une garantie de 3 ans.\" \/>\n<meta property=\"og:url\" content=\"https:\/\/www.catpowertools.com\/fr\/produit\/8-5a-3x21-corded-belt-sander\/\" \/>\n<meta property=\"og:site_name\" content=\"Cat Power Tools\" \/>\n<meta property=\"article:modified_time\" content=\"2022-03-18T15:11:43+00:00\" \/>\n<meta property=\"og:image\" content=\"https:\/\/www.catpowertools.com\/wp-content\/uploads\/2021\/10\/dx48u-carousel-image-1.png\" \/>\n\t<meta property=\"og:image:width\" content=\"960\" \/>\n\t<meta property=\"og:image:height\" content=\"525\" \/>\n\t<meta property=\"og:image:type\" content=\"image\/png\" \/>\n<meta name=\"twitter:card\" content=\"summary_large_image\" \/>\n<script type=\"application\/ld+json\" class=\"yoast-schema-graph\">{\"@context\":\"https:\/\/schema.org\",\"@graph\":[{\"@type\":\"WebPage\",\"@id\":\"https:\/\/www.catpowertools.com\/fr\/produit\/8-5a-3x21-corded-belt-sander\/\",\"url\":\"https:\/\/www.catpowertools.com\/fr\/produit\/8-5a-3x21-corded-belt-sander\/\",\"name\":\"PONCEUSE \u00c0 BANDE \u00c9LECTRIQUE 8.5A DE 3 x 21 po 7.6 x 53.3 cm - Cat Power Tools\",\"isPartOf\":{\"@id\":\"https:\/\/www.catpowertools.com\/fr\/#website\"},\"primaryImageOfPage\":{\"@id\":\"https:\/\/www.catpowertools.com\/fr\/produit\/8-5a-3x21-corded-belt-sander\/#primaryimage\"},\"image\":{\"@id\":\"https:\/\/www.catpowertools.com\/fr\/produit\/8-5a-3x21-corded-belt-sander\/#primaryimage\"},\"thumbnailUrl\":\"https:\/\/www.catpowertools.com\/wp-content\/uploads\/2021\/10\/dx48u-carousel-image-1.png\",\"datePublished\":\"2021-10-11T18:41:43+00:00\",\"dateModified\":\"2022-03-18T15:11:43+00:00\",\"breadcrumb\":{\"@id\":\"https:\/\/www.catpowertools.com\/fr\/produit\/8-5a-3x21-corded-belt-sander\/#breadcrumb\"},\"inLanguage\":\"fr-FR\",\"potentialAction\":[{\"@type\":\"ReadAction\",\"target\":[\"https:\/\/www.catpowertools.com\/fr\/produit\/8-5a-3x21-corded-belt-sander\/\"]}]},{\"@type\":\"ImageObject\",\"inLanguage\":\"fr-FR\",\"@id\":\"https:\/\/www.catpowertools.com\/fr\/produit\/8-5a-3x21-corded-belt-sander\/#primaryimage\",\"url\":\"https:\/\/www.catpowertools.com\/wp-content\/uploads\/2021\/10\/dx48u-carousel-image-1.png\",\"contentUrl\":\"https:\/\/www.catpowertools.com\/wp-content\/uploads\/2021\/10\/dx48u-carousel-image-1.png\",\"width\":960,\"height\":525},{\"@type\":\"BreadcrumbList\",\"@id\":\"https:\/\/www.catpowertools.com\/fr\/produit\/8-5a-3x21-corded-belt-sander\/#breadcrumb\",\"itemListElement\":[{\"@type\":\"ListItem\",\"position\":1,\"name\":\"Home\",\"item\":\"https:\/\/www.catpowertools.com\/fr\/\"},{\"@type\":\"ListItem\",\"position\":2,\"name\":\"Boutique\",\"item\":\"https:\/\/www.catpowertools.com\/shop\/\"},{\"@type\":\"ListItem\",\"position\":3,\"name\":\"PONCEUSE \u00c0 BANDE \u00c9LECTRIQUE 8.5A DE 3 x 21 po 7.6 x 53.3 cm\"}]},{\"@type\":\"WebSite\",\"@id\":\"https:\/\/www.catpowertools.com\/fr\/#website\",\"url\":\"https:\/\/www.catpowertools.com\/fr\/\",\"name\":\"Cat Power Tools\",\"description\":\"Just another WordPress site\",\"potentialAction\":[{\"@type\":\"SearchAction\",\"target\":{\"@type\":\"EntryPoint\",\"urlTemplate\":\"https:\/\/www.catpowertools.com\/fr\/?s={search_term_string}\"},\"query-input\":{\"@type\":\"PropertyValueSpecification\",\"valueRequired\":true,\"valueName\":\"search_term_string\"}}],\"inLanguage\":\"fr-FR\"}]}<\/script>\n<!-- \/ Yoast SEO plugin. -->","yoast_head_json":{"title":"PONCEUSE \u00c0 BANDE \u00c9LECTRIQUE 8.5A DE 3 x 21 po 7.6 x 53.3 cm - Cat Power Tools","robots":{"index":"index","follow":"follow","max-snippet":"max-snippet:-1","max-image-preview":"max-image-preview:large","max-video-preview":"max-video-preview:-1"},"canonical":"https:\/\/www.catpowertools.com\/fr\/produit\/8-5a-3x21-corded-belt-sander\/","og_locale":"fr_FR","og_type":"article","og_title":"PONCEUSE \u00c0 BANDE \u00c9LECTRIQUE 8.5A DE 3 x 21 po 7.6 x 53.3 cm - Cat Power Tools","og_description":"La ponceuse \u00e0 bande 3 x 21 de 8,5 amp\u00e8res a une vitesse \u00e0 vide de 790-1 150 pi\/min, une poign\u00e9e ergonomique surmoul\u00e9e pour le confort de l'utilisateur, un levier de d\u00e9gagement rapide pour une installation facile de la bande et un interrupteur de verrouillage pour un fonctionnement continu lorsque n\u00e9cessaire. Les outil s\u00e9lectriques Cat\u00ae sont couverts par une garantie de 3 ans.","og_url":"https:\/\/www.catpowertools.com\/fr\/produit\/8-5a-3x21-corded-belt-sander\/","og_site_name":"Cat Power Tools","article_modified_time":"2022-03-18T15:11:43+00:00","og_image":[{"width":960,"height":525,"url":"https:\/\/www.catpowertools.com\/wp-content\/uploads\/2021\/10\/dx48u-carousel-image-1.png","type":"image\/png"}],"twitter_card":"summary_large_image","schema":{"@context":"https:\/\/schema.org","@graph":[{"@type":"WebPage","@id":"https:\/\/www.catpowertools.com\/fr\/produit\/8-5a-3x21-corded-belt-sander\/","url":"https:\/\/www.catpowertools.com\/fr\/produit\/8-5a-3x21-corded-belt-sander\/","name":"PONCEUSE \u00c0 BANDE \u00c9LECTRIQUE 8.5A DE 3 x 21 po 7.6 x 53.3 cm - Cat Power Tools","isPartOf":{"@id":"https:\/\/www.catpowertools.com\/fr\/#website"},"primaryImageOfPage":{"@id":"https:\/\/www.catpowertools.com\/fr\/produit\/8-5a-3x21-corded-belt-sander\/#primaryimage"},"image":{"@id":"https:\/\/www.catpowertools.com\/fr\/produit\/8-5a-3x21-corded-belt-sander\/#primaryimage"},"thumbnailUrl":"https:\/\/www.catpowertools.com\/wp-content\/uploads\/2021\/10\/dx48u-carousel-image-1.png","datePublished":"2021-10-11T18:41:43+00:00","dateModified":"2022-03-18T15:11:43+00:00","breadcrumb":{"@id":"https:\/\/www.catpowertools.com\/fr\/produit\/8-5a-3x21-corded-belt-sander\/#breadcrumb"},"inLanguage":"fr-FR","potentialAction":[{"@type":"ReadAction","target":["https:\/\/www.catpowertools.com\/fr\/produit\/8-5a-3x21-corded-belt-sander\/"]}]},{"@type":"ImageObject","inLanguage":"fr-FR","@id":"https:\/\/www.catpowertools.com\/fr\/produit\/8-5a-3x21-corded-belt-sander\/#primaryimage","url":"https:\/\/www.catpowertools.com\/wp-content\/uploads\/2021\/10\/dx48u-carousel-image-1.png","contentUrl":"https:\/\/www.catpowertools.com\/wp-content\/uploads\/2021\/10\/dx48u-carousel-image-1.png","width":960,"height":525},{"@type":"BreadcrumbList","@id":"https:\/\/www.catpowertools.com\/fr\/produit\/8-5a-3x21-corded-belt-sander\/#breadcrumb","itemListElement":[{"@type":"ListItem","position":1,"name":"Home","item":"https:\/\/www.catpowertools.com\/fr\/"},{"@type":"ListItem","position":2,"name":"Boutique","item":"https:\/\/www.catpowertools.com\/shop\/"},{"@type":"ListItem","position":3,"name":"PONCEUSE \u00c0 BANDE \u00c9LECTRIQUE 8.5A DE 3 x 21 po 7.6 x 53.3 cm"}]},{"@type":"WebSite","@id":"https:\/\/www.catpowertools.com\/fr\/#website","url":"https:\/\/www.catpowertools.com\/fr\/","name":"Cat Power Tools","description":"Just another WordPress site","potentialAction":[{"@type":"SearchAction","target":{"@type":"EntryPoint","urlTemplate":"https:\/\/www.catpowertools.com\/fr\/?s={search_term_string}"},"query-input":{"@type":"PropertyValueSpecification","valueRequired":true,"valueName":"search_term_string"}}],"inLanguage":"fr-FR"}]}},"_links":{"self":[{"href":"https:\/\/www.catpowertools.com\/fr\/wp-json\/wp\/v2\/product\/5049","targetHints":{"allow":["GET"]}}],"collection":[{"href":"https:\/\/www.catpowertools.com\/fr\/wp-json\/wp\/v2\/product"}],"about":[{"href":"https:\/\/www.catpowertools.com\/fr\/wp-json\/wp\/v2\/types\/product"}],"replies":[{"embeddable":true,"href":"https:\/\/www.catpowertools.com\/fr\/wp-json\/wp\/v2\/comments?post=5049"}],"wp:featuredmedia":[{"embeddable":true,"href":"https:\/\/www.catpowertools.com\/fr\/wp-json\/wp\/v2\/media\/2725"}],"wp:attachment":[{"href":"https:\/\/www.catpowertools.com\/fr\/wp-json\/wp\/v2\/media?parent=5049"}],"wp:term":[{"taxonomy":"product_brand","embeddable":true,"href":"https:\/\/www.catpowertools.com\/fr\/wp-json\/wp\/v2\/product_brand?post=5049"},{"taxonomy":"product_cat","embeddable":true,"href":"https:\/\/www.catpowertools.com\/fr\/wp-json\/wp\/v2\/product_cat?post=5049"},{"taxonomy":"product_tag","embeddable":true,"href":"https:\/\/www.catpowertools.com\/fr\/wp-json\/wp\/v2\/product_tag?post=5049"}],"curies":[{"name":"wp","href":"https:\/\/api.w.org\/{rel}","templated":true}]}}