{"id":5050,"date":"2021-10-11T14:41:43","date_gmt":"2021-10-11T18:41:43","guid":{"rendered":"https:\/\/www.catpowertools.com\/product\/perceuse-a-percussion-sans-fil-%c2%bc-18v-sans-brosse-avec-deux-batteries\/"},"modified":"2022-03-21T10:52:25","modified_gmt":"2022-03-21T14:52:25","slug":"18v-brushless-%c2%bc-cordless-impact-driver-with-brushless-motor","status":"publish","type":"product","link":"https:\/\/www.catpowertools.com\/fr\/produit\/18v-brushless-%c2%bc-cordless-impact-driver-with-brushless-motor\/","title":{"rendered":"CL\u00c9 \u00c0 CHOCS \u00c9LECTROPORTATIVE \u00bc po-6.35mm 18V SANS BALAIS AVEC DEUX BATTERIES"},"content":{"rendered":"","protected":false},"excerpt":{"rendered":"<p>Cl\u00e9 \u00e0 chocs 1\/4po-6.35mm sans balais 18V offre 3 vitesses et jusqu&rsquo;\u00e0 1900 lb\/po de couple dans un design compact et l\u00e9ger, avec un poids de seulement 3,7 livres.1.67kg La poign\u00e9e ergonomique \u00e0 prise souple procure une sensation d&rsquo;\u00e9quilibre et les lumi\u00e8res DEL \u00e9clairent les zones plus sombres pour une meilleure visibilit\u00e9. Sont inclus (2) batteries de 2.0Ah, un chargeur rapide de 4A, une attache de ceinture amovible et le seul outil professionnel livr\u00e9 avec un coffret de rangement empilable. Les outils \u00e9lectroportatifs Cat\u00ae sont couverts par une garantie de 3 ans.<\/p>\n","protected":false},"featured_media":772,"comment_status":"closed","ping_status":"closed","template":"","meta":{"_acf_changed":false},"product_brand":[],"product_cat":[202,218],"product_tag":[],"class_list":{"0":"post-5050","1":"product","2":"type-product","3":"status-publish","4":"has-post-thumbnail","6":"product_cat-outils-electriques-18v","7":"product_cat-visseuse-a-chocs-18v","9":"first","10":"instock","11":"product-type-external"},"acf":[],"yoast_head":"<!-- This site is optimized with the Yoast SEO plugin v26.6 - https:\/\/yoast.com\/wordpress\/plugins\/seo\/ -->\n<title>CL\u00c9 \u00c0 CHOCS \u00c9LECTROPORTATIVE \u00bc po-6.35mm 18V SANS BALAIS AVEC DEUX BATTERIES - Cat Power Tools<\/title>\n<meta name=\"robots\" content=\"index, follow, max-snippet:-1, max-image-preview:large, max-video-preview:-1\" \/>\n<link rel=\"canonical\" href=\"https:\/\/www.catpowertools.com\/fr\/produit\/18v-brushless-%c2%bc-cordless-impact-driver-with-brushless-motor\/\" \/>\n<meta property=\"og:locale\" content=\"fr_FR\" \/>\n<meta property=\"og:type\" content=\"article\" \/>\n<meta property=\"og:title\" content=\"CL\u00c9 \u00c0 CHOCS \u00c9LECTROPORTATIVE \u00bc po-6.35mm 18V SANS BALAIS AVEC DEUX BATTERIES - Cat Power Tools\" \/>\n<meta property=\"og:description\" content=\"Cl\u00e9 \u00e0 chocs 1\/4po-6.35mm sans balais 18V offre 3 vitesses et jusqu&#039;\u00e0 1900 lb\/po de couple dans un design compact et l\u00e9ger, avec un poids de seulement 3,7 livres.1.67kg La poign\u00e9e ergonomique \u00e0 prise souple procure une sensation d&#039;\u00e9quilibre et les lumi\u00e8res DEL \u00e9clairent les zones plus sombres pour une meilleure visibilit\u00e9. Sont inclus (2) batteries de 2.0Ah, un chargeur rapide de 4A, une attache de ceinture amovible et le seul outil professionnel livr\u00e9 avec un coffret de rangement empilable. Les outils \u00e9lectroportatifs Cat\u00ae sont couverts par une garantie de 3 ans.\" \/>\n<meta property=\"og:url\" content=\"https:\/\/www.catpowertools.com\/fr\/produit\/18v-brushless-%c2%bc-cordless-impact-driver-with-brushless-motor\/\" \/>\n<meta property=\"og:site_name\" content=\"Cat Power Tools\" \/>\n<meta property=\"article:modified_time\" content=\"2022-03-21T14:52:25+00:00\" \/>\n<meta property=\"og:image\" content=\"https:\/\/www.catpowertools.com\/wp-content\/uploads\/2021\/07\/dx71-carousel-image-1.png\" \/>\n\t<meta property=\"og:image:width\" content=\"960\" \/>\n\t<meta property=\"og:image:height\" content=\"525\" \/>\n\t<meta property=\"og:image:type\" content=\"image\/png\" \/>\n<meta name=\"twitter:card\" content=\"summary_large_image\" \/>\n<script type=\"application\/ld+json\" class=\"yoast-schema-graph\">{\"@context\":\"https:\/\/schema.org\",\"@graph\":[{\"@type\":\"WebPage\",\"@id\":\"https:\/\/www.catpowertools.com\/fr\/produit\/18v-brushless-%c2%bc-cordless-impact-driver-with-brushless-motor\/\",\"url\":\"https:\/\/www.catpowertools.com\/fr\/produit\/18v-brushless-%c2%bc-cordless-impact-driver-with-brushless-motor\/\",\"name\":\"CL\u00c9 \u00c0 CHOCS \u00c9LECTROPORTATIVE \u00bc po-6.35mm 18V SANS BALAIS AVEC DEUX BATTERIES - Cat Power Tools\",\"isPartOf\":{\"@id\":\"https:\/\/www.catpowertools.com\/fr\/#website\"},\"primaryImageOfPage\":{\"@id\":\"https:\/\/www.catpowertools.com\/fr\/produit\/18v-brushless-%c2%bc-cordless-impact-driver-with-brushless-motor\/#primaryimage\"},\"image\":{\"@id\":\"https:\/\/www.catpowertools.com\/fr\/produit\/18v-brushless-%c2%bc-cordless-impact-driver-with-brushless-motor\/#primaryimage\"},\"thumbnailUrl\":\"https:\/\/www.catpowertools.com\/wp-content\/uploads\/2021\/07\/dx71-carousel-image-1.png\",\"datePublished\":\"2021-10-11T18:41:43+00:00\",\"dateModified\":\"2022-03-21T14:52:25+00:00\",\"breadcrumb\":{\"@id\":\"https:\/\/www.catpowertools.com\/fr\/produit\/18v-brushless-%c2%bc-cordless-impact-driver-with-brushless-motor\/#breadcrumb\"},\"inLanguage\":\"fr-FR\",\"potentialAction\":[{\"@type\":\"ReadAction\",\"target\":[\"https:\/\/www.catpowertools.com\/fr\/produit\/18v-brushless-%c2%bc-cordless-impact-driver-with-brushless-motor\/\"]}]},{\"@type\":\"ImageObject\",\"inLanguage\":\"fr-FR\",\"@id\":\"https:\/\/www.catpowertools.com\/fr\/produit\/18v-brushless-%c2%bc-cordless-impact-driver-with-brushless-motor\/#primaryimage\",\"url\":\"https:\/\/www.catpowertools.com\/wp-content\/uploads\/2021\/07\/dx71-carousel-image-1.png\",\"contentUrl\":\"https:\/\/www.catpowertools.com\/wp-content\/uploads\/2021\/07\/dx71-carousel-image-1.png\",\"width\":960,\"height\":525},{\"@type\":\"BreadcrumbList\",\"@id\":\"https:\/\/www.catpowertools.com\/fr\/produit\/18v-brushless-%c2%bc-cordless-impact-driver-with-brushless-motor\/#breadcrumb\",\"itemListElement\":[{\"@type\":\"ListItem\",\"position\":1,\"name\":\"Home\",\"item\":\"https:\/\/www.catpowertools.com\/fr\/\"},{\"@type\":\"ListItem\",\"position\":2,\"name\":\"Boutique\",\"item\":\"https:\/\/www.catpowertools.com\/shop\/\"},{\"@type\":\"ListItem\",\"position\":3,\"name\":\"CL\u00c9 \u00c0 CHOCS \u00c9LECTROPORTATIVE \u00bc po-6.35mm 18V SANS BALAIS AVEC DEUX BATTERIES\"}]},{\"@type\":\"WebSite\",\"@id\":\"https:\/\/www.catpowertools.com\/fr\/#website\",\"url\":\"https:\/\/www.catpowertools.com\/fr\/\",\"name\":\"Cat Power Tools\",\"description\":\"Just another WordPress site\",\"potentialAction\":[{\"@type\":\"SearchAction\",\"target\":{\"@type\":\"EntryPoint\",\"urlTemplate\":\"https:\/\/www.catpowertools.com\/fr\/?s={search_term_string}\"},\"query-input\":{\"@type\":\"PropertyValueSpecification\",\"valueRequired\":true,\"valueName\":\"search_term_string\"}}],\"inLanguage\":\"fr-FR\"}]}<\/script>\n<!-- \/ Yoast SEO plugin. -->","yoast_head_json":{"title":"CL\u00c9 \u00c0 CHOCS \u00c9LECTROPORTATIVE \u00bc po-6.35mm 18V SANS BALAIS AVEC DEUX BATTERIES - Cat Power Tools","robots":{"index":"index","follow":"follow","max-snippet":"max-snippet:-1","max-image-preview":"max-image-preview:large","max-video-preview":"max-video-preview:-1"},"canonical":"https:\/\/www.catpowertools.com\/fr\/produit\/18v-brushless-%c2%bc-cordless-impact-driver-with-brushless-motor\/","og_locale":"fr_FR","og_type":"article","og_title":"CL\u00c9 \u00c0 CHOCS \u00c9LECTROPORTATIVE \u00bc po-6.35mm 18V SANS BALAIS AVEC DEUX BATTERIES - Cat Power Tools","og_description":"Cl\u00e9 \u00e0 chocs 1\/4po-6.35mm sans balais 18V offre 3 vitesses et jusqu'\u00e0 1900 lb\/po de couple dans un design compact et l\u00e9ger, avec un poids de seulement 3,7 livres.1.67kg La poign\u00e9e ergonomique \u00e0 prise souple procure une sensation d'\u00e9quilibre et les lumi\u00e8res DEL \u00e9clairent les zones plus sombres pour une meilleure visibilit\u00e9. Sont inclus (2) batteries de 2.0Ah, un chargeur rapide de 4A, une attache de ceinture amovible et le seul outil professionnel livr\u00e9 avec un coffret de rangement empilable. Les outils \u00e9lectroportatifs Cat\u00ae sont couverts par une garantie de 3 ans.","og_url":"https:\/\/www.catpowertools.com\/fr\/produit\/18v-brushless-%c2%bc-cordless-impact-driver-with-brushless-motor\/","og_site_name":"Cat Power Tools","article_modified_time":"2022-03-21T14:52:25+00:00","og_image":[{"width":960,"height":525,"url":"https:\/\/www.catpowertools.com\/wp-content\/uploads\/2021\/07\/dx71-carousel-image-1.png","type":"image\/png"}],"twitter_card":"summary_large_image","schema":{"@context":"https:\/\/schema.org","@graph":[{"@type":"WebPage","@id":"https:\/\/www.catpowertools.com\/fr\/produit\/18v-brushless-%c2%bc-cordless-impact-driver-with-brushless-motor\/","url":"https:\/\/www.catpowertools.com\/fr\/produit\/18v-brushless-%c2%bc-cordless-impact-driver-with-brushless-motor\/","name":"CL\u00c9 \u00c0 CHOCS \u00c9LECTROPORTATIVE \u00bc po-6.35mm 18V SANS BALAIS AVEC DEUX BATTERIES - Cat Power Tools","isPartOf":{"@id":"https:\/\/www.catpowertools.com\/fr\/#website"},"primaryImageOfPage":{"@id":"https:\/\/www.catpowertools.com\/fr\/produit\/18v-brushless-%c2%bc-cordless-impact-driver-with-brushless-motor\/#primaryimage"},"image":{"@id":"https:\/\/www.catpowertools.com\/fr\/produit\/18v-brushless-%c2%bc-cordless-impact-driver-with-brushless-motor\/#primaryimage"},"thumbnailUrl":"https:\/\/www.catpowertools.com\/wp-content\/uploads\/2021\/07\/dx71-carousel-image-1.png","datePublished":"2021-10-11T18:41:43+00:00","dateModified":"2022-03-21T14:52:25+00:00","breadcrumb":{"@id":"https:\/\/www.catpowertools.com\/fr\/produit\/18v-brushless-%c2%bc-cordless-impact-driver-with-brushless-motor\/#breadcrumb"},"inLanguage":"fr-FR","potentialAction":[{"@type":"ReadAction","target":["https:\/\/www.catpowertools.com\/fr\/produit\/18v-brushless-%c2%bc-cordless-impact-driver-with-brushless-motor\/"]}]},{"@type":"ImageObject","inLanguage":"fr-FR","@id":"https:\/\/www.catpowertools.com\/fr\/produit\/18v-brushless-%c2%bc-cordless-impact-driver-with-brushless-motor\/#primaryimage","url":"https:\/\/www.catpowertools.com\/wp-content\/uploads\/2021\/07\/dx71-carousel-image-1.png","contentUrl":"https:\/\/www.catpowertools.com\/wp-content\/uploads\/2021\/07\/dx71-carousel-image-1.png","width":960,"height":525},{"@type":"BreadcrumbList","@id":"https:\/\/www.catpowertools.com\/fr\/produit\/18v-brushless-%c2%bc-cordless-impact-driver-with-brushless-motor\/#breadcrumb","itemListElement":[{"@type":"ListItem","position":1,"name":"Home","item":"https:\/\/www.catpowertools.com\/fr\/"},{"@type":"ListItem","position":2,"name":"Boutique","item":"https:\/\/www.catpowertools.com\/shop\/"},{"@type":"ListItem","position":3,"name":"CL\u00c9 \u00c0 CHOCS \u00c9LECTROPORTATIVE \u00bc po-6.35mm 18V SANS BALAIS AVEC DEUX BATTERIES"}]},{"@type":"WebSite","@id":"https:\/\/www.catpowertools.com\/fr\/#website","url":"https:\/\/www.catpowertools.com\/fr\/","name":"Cat Power Tools","description":"Just another WordPress site","potentialAction":[{"@type":"SearchAction","target":{"@type":"EntryPoint","urlTemplate":"https:\/\/www.catpowertools.com\/fr\/?s={search_term_string}"},"query-input":{"@type":"PropertyValueSpecification","valueRequired":true,"valueName":"search_term_string"}}],"inLanguage":"fr-FR"}]}},"_links":{"self":[{"href":"https:\/\/www.catpowertools.com\/fr\/wp-json\/wp\/v2\/product\/5050","targetHints":{"allow":["GET"]}}],"collection":[{"href":"https:\/\/www.catpowertools.com\/fr\/wp-json\/wp\/v2\/product"}],"about":[{"href":"https:\/\/www.catpowertools.com\/fr\/wp-json\/wp\/v2\/types\/product"}],"replies":[{"embeddable":true,"href":"https:\/\/www.catpowertools.com\/fr\/wp-json\/wp\/v2\/comments?post=5050"}],"wp:featuredmedia":[{"embeddable":true,"href":"https:\/\/www.catpowertools.com\/fr\/wp-json\/wp\/v2\/media\/772"}],"wp:attachment":[{"href":"https:\/\/www.catpowertools.com\/fr\/wp-json\/wp\/v2\/media?parent=5050"}],"wp:term":[{"taxonomy":"product_brand","embeddable":true,"href":"https:\/\/www.catpowertools.com\/fr\/wp-json\/wp\/v2\/product_brand?post=5050"},{"taxonomy":"product_cat","embeddable":true,"href":"https:\/\/www.catpowertools.com\/fr\/wp-json\/wp\/v2\/product_cat?post=5050"},{"taxonomy":"product_tag","embeddable":true,"href":"https:\/\/www.catpowertools.com\/fr\/wp-json\/wp\/v2\/product_tag?post=5050"}],"curies":[{"name":"wp","href":"https:\/\/api.w.org\/{rel}","templated":true}]}}