{"id":5051,"date":"2021-10-11T14:41:43","date_gmt":"2021-10-11T18:41:43","guid":{"rendered":"https:\/\/www.catpowertools.com\/product\/scie-circulaire-sans-brosse-18v-7-25-sans-fil\/"},"modified":"2022-03-21T10:00:27","modified_gmt":"2022-03-21T14:00:27","slug":"scie-circulaire-electroportative-18v-sans-brush-7-25-sans-cordon","status":"publish","type":"product","link":"https:\/\/www.catpowertools.com\/fr\/produit\/scie-circulaire-electroportative-18v-sans-brush-7-25-sans-cordon\/","title":{"rendered":"SCIE CIRCULAIRE \u00c9LECTROPORTATIVE SANS BALAIS 18V 7.25 po 18.4 cm"},"content":{"rendered":"","protected":false},"excerpt":{"rendered":"<p>Cette scie circulaire 18V sans balais 7-1\/4po-18.4cm poss\u00e8de la puissance n\u00e9cessaire pour toute application sur le chantier. Le moteur sans balais 2.0 \u00e0 haut rendement fournit 5 500 tr\/min en optimisant la puissance et la taille pour des performances maximales. La base et les protections en magn\u00e9sium offrent une conception l\u00e9g\u00e8re et durable avec une capacit\u00e9 de biseau allant jusqu&rsquo;\u00e0 56\u00b0. La poign\u00e9e textur\u00e9e surmoul\u00e9e et la poign\u00e9e avant offrent confort et contr\u00f4le tout au long de la coupe. Sont inclus (1) une batterie de 4,0ah, un chargeur rapide de 4A, un guide parall\u00e8le et un adaptateur pour aspirateur. Les outils \u00e9lectroportatifs Cat\u00ae sont couverts par une garantie de 3 ans.<\/p>\n","protected":false},"featured_media":2650,"comment_status":"closed","ping_status":"closed","template":"","meta":{"_acf_changed":false},"product_brand":[],"product_cat":[202,234],"product_tag":[],"class_list":{"0":"post-5051","1":"product","2":"type-product","3":"status-publish","4":"has-post-thumbnail","6":"product_cat-outils-electriques-18v","7":"product_cat-scies","9":"first","10":"instock","11":"product-type-external"},"acf":[],"yoast_head":"<!-- This site is optimized with the Yoast SEO plugin v26.6 - https:\/\/yoast.com\/wordpress\/plugins\/seo\/ -->\n<title>SCIE CIRCULAIRE \u00c9LECTROPORTATIVE SANS BALAIS 18V 7.25 po 18.4 cm - Cat Power Tools<\/title>\n<meta name=\"robots\" content=\"index, follow, max-snippet:-1, max-image-preview:large, max-video-preview:-1\" \/>\n<link rel=\"canonical\" href=\"https:\/\/www.catpowertools.com\/fr\/produit\/scie-circulaire-electroportative-18v-sans-brush-7-25-sans-cordon\/\" \/>\n<meta property=\"og:locale\" content=\"fr_FR\" \/>\n<meta property=\"og:type\" content=\"article\" \/>\n<meta property=\"og:title\" content=\"SCIE CIRCULAIRE \u00c9LECTROPORTATIVE SANS BALAIS 18V 7.25 po 18.4 cm - Cat Power Tools\" \/>\n<meta property=\"og:description\" content=\"Cette scie circulaire 18V sans balais 7-1\/4po-18.4cm poss\u00e8de la puissance n\u00e9cessaire pour toute application sur le chantier. Le moteur sans balais 2.0 \u00e0 haut rendement fournit 5 500 tr\/min en optimisant la puissance et la taille pour des performances maximales. La base et les protections en magn\u00e9sium offrent une conception l\u00e9g\u00e8re et durable avec une capacit\u00e9 de biseau allant jusqu&#039;\u00e0 56\u00b0. La poign\u00e9e textur\u00e9e surmoul\u00e9e et la poign\u00e9e avant offrent confort et contr\u00f4le tout au long de la coupe. Sont inclus (1) une batterie de 4,0ah, un chargeur rapide de 4A, un guide parall\u00e8le et un adaptateur pour aspirateur. Les outils \u00e9lectroportatifs Cat\u00ae sont couverts par une garantie de 3 ans.\" \/>\n<meta property=\"og:url\" content=\"https:\/\/www.catpowertools.com\/fr\/produit\/scie-circulaire-electroportative-18v-sans-brush-7-25-sans-cordon\/\" \/>\n<meta property=\"og:site_name\" content=\"Cat Power Tools\" \/>\n<meta property=\"article:modified_time\" content=\"2022-03-21T14:00:27+00:00\" \/>\n<meta property=\"og:image\" content=\"https:\/\/www.catpowertools.com\/wp-content\/uploads\/2021\/10\/dx532-carousel-image-1.png\" \/>\n\t<meta property=\"og:image:width\" content=\"960\" \/>\n\t<meta property=\"og:image:height\" content=\"525\" \/>\n\t<meta property=\"og:image:type\" content=\"image\/png\" \/>\n<meta name=\"twitter:card\" content=\"summary_large_image\" \/>\n<script type=\"application\/ld+json\" class=\"yoast-schema-graph\">{\"@context\":\"https:\/\/schema.org\",\"@graph\":[{\"@type\":\"WebPage\",\"@id\":\"https:\/\/www.catpowertools.com\/fr\/produit\/scie-circulaire-electroportative-18v-sans-brush-7-25-sans-cordon\/\",\"url\":\"https:\/\/www.catpowertools.com\/fr\/produit\/scie-circulaire-electroportative-18v-sans-brush-7-25-sans-cordon\/\",\"name\":\"SCIE CIRCULAIRE \u00c9LECTROPORTATIVE SANS BALAIS 18V 7.25 po 18.4 cm - Cat Power Tools\",\"isPartOf\":{\"@id\":\"https:\/\/www.catpowertools.com\/fr\/#website\"},\"primaryImageOfPage\":{\"@id\":\"https:\/\/www.catpowertools.com\/fr\/produit\/scie-circulaire-electroportative-18v-sans-brush-7-25-sans-cordon\/#primaryimage\"},\"image\":{\"@id\":\"https:\/\/www.catpowertools.com\/fr\/produit\/scie-circulaire-electroportative-18v-sans-brush-7-25-sans-cordon\/#primaryimage\"},\"thumbnailUrl\":\"https:\/\/www.catpowertools.com\/wp-content\/uploads\/2021\/10\/dx532-carousel-image-1.png\",\"datePublished\":\"2021-10-11T18:41:43+00:00\",\"dateModified\":\"2022-03-21T14:00:27+00:00\",\"breadcrumb\":{\"@id\":\"https:\/\/www.catpowertools.com\/fr\/produit\/scie-circulaire-electroportative-18v-sans-brush-7-25-sans-cordon\/#breadcrumb\"},\"inLanguage\":\"fr-FR\",\"potentialAction\":[{\"@type\":\"ReadAction\",\"target\":[\"https:\/\/www.catpowertools.com\/fr\/produit\/scie-circulaire-electroportative-18v-sans-brush-7-25-sans-cordon\/\"]}]},{\"@type\":\"ImageObject\",\"inLanguage\":\"fr-FR\",\"@id\":\"https:\/\/www.catpowertools.com\/fr\/produit\/scie-circulaire-electroportative-18v-sans-brush-7-25-sans-cordon\/#primaryimage\",\"url\":\"https:\/\/www.catpowertools.com\/wp-content\/uploads\/2021\/10\/dx532-carousel-image-1.png\",\"contentUrl\":\"https:\/\/www.catpowertools.com\/wp-content\/uploads\/2021\/10\/dx532-carousel-image-1.png\",\"width\":960,\"height\":525},{\"@type\":\"BreadcrumbList\",\"@id\":\"https:\/\/www.catpowertools.com\/fr\/produit\/scie-circulaire-electroportative-18v-sans-brush-7-25-sans-cordon\/#breadcrumb\",\"itemListElement\":[{\"@type\":\"ListItem\",\"position\":1,\"name\":\"Home\",\"item\":\"https:\/\/www.catpowertools.com\/fr\/\"},{\"@type\":\"ListItem\",\"position\":2,\"name\":\"Boutique\",\"item\":\"https:\/\/www.catpowertools.com\/shop\/\"},{\"@type\":\"ListItem\",\"position\":3,\"name\":\"SCIE CIRCULAIRE \u00c9LECTROPORTATIVE SANS BALAIS 18V 7.25 po 18.4 cm\"}]},{\"@type\":\"WebSite\",\"@id\":\"https:\/\/www.catpowertools.com\/fr\/#website\",\"url\":\"https:\/\/www.catpowertools.com\/fr\/\",\"name\":\"Cat Power Tools\",\"description\":\"Just another WordPress site\",\"potentialAction\":[{\"@type\":\"SearchAction\",\"target\":{\"@type\":\"EntryPoint\",\"urlTemplate\":\"https:\/\/www.catpowertools.com\/fr\/?s={search_term_string}\"},\"query-input\":{\"@type\":\"PropertyValueSpecification\",\"valueRequired\":true,\"valueName\":\"search_term_string\"}}],\"inLanguage\":\"fr-FR\"}]}<\/script>\n<!-- \/ Yoast SEO plugin. -->","yoast_head_json":{"title":"SCIE CIRCULAIRE \u00c9LECTROPORTATIVE SANS BALAIS 18V 7.25 po 18.4 cm - Cat Power Tools","robots":{"index":"index","follow":"follow","max-snippet":"max-snippet:-1","max-image-preview":"max-image-preview:large","max-video-preview":"max-video-preview:-1"},"canonical":"https:\/\/www.catpowertools.com\/fr\/produit\/scie-circulaire-electroportative-18v-sans-brush-7-25-sans-cordon\/","og_locale":"fr_FR","og_type":"article","og_title":"SCIE CIRCULAIRE \u00c9LECTROPORTATIVE SANS BALAIS 18V 7.25 po 18.4 cm - Cat Power Tools","og_description":"Cette scie circulaire 18V sans balais 7-1\/4po-18.4cm poss\u00e8de la puissance n\u00e9cessaire pour toute application sur le chantier. Le moteur sans balais 2.0 \u00e0 haut rendement fournit 5 500 tr\/min en optimisant la puissance et la taille pour des performances maximales. La base et les protections en magn\u00e9sium offrent une conception l\u00e9g\u00e8re et durable avec une capacit\u00e9 de biseau allant jusqu'\u00e0 56\u00b0. La poign\u00e9e textur\u00e9e surmoul\u00e9e et la poign\u00e9e avant offrent confort et contr\u00f4le tout au long de la coupe. Sont inclus (1) une batterie de 4,0ah, un chargeur rapide de 4A, un guide parall\u00e8le et un adaptateur pour aspirateur. Les outils \u00e9lectroportatifs Cat\u00ae sont couverts par une garantie de 3 ans.","og_url":"https:\/\/www.catpowertools.com\/fr\/produit\/scie-circulaire-electroportative-18v-sans-brush-7-25-sans-cordon\/","og_site_name":"Cat Power Tools","article_modified_time":"2022-03-21T14:00:27+00:00","og_image":[{"width":960,"height":525,"url":"https:\/\/www.catpowertools.com\/wp-content\/uploads\/2021\/10\/dx532-carousel-image-1.png","type":"image\/png"}],"twitter_card":"summary_large_image","schema":{"@context":"https:\/\/schema.org","@graph":[{"@type":"WebPage","@id":"https:\/\/www.catpowertools.com\/fr\/produit\/scie-circulaire-electroportative-18v-sans-brush-7-25-sans-cordon\/","url":"https:\/\/www.catpowertools.com\/fr\/produit\/scie-circulaire-electroportative-18v-sans-brush-7-25-sans-cordon\/","name":"SCIE CIRCULAIRE \u00c9LECTROPORTATIVE SANS BALAIS 18V 7.25 po 18.4 cm - Cat Power Tools","isPartOf":{"@id":"https:\/\/www.catpowertools.com\/fr\/#website"},"primaryImageOfPage":{"@id":"https:\/\/www.catpowertools.com\/fr\/produit\/scie-circulaire-electroportative-18v-sans-brush-7-25-sans-cordon\/#primaryimage"},"image":{"@id":"https:\/\/www.catpowertools.com\/fr\/produit\/scie-circulaire-electroportative-18v-sans-brush-7-25-sans-cordon\/#primaryimage"},"thumbnailUrl":"https:\/\/www.catpowertools.com\/wp-content\/uploads\/2021\/10\/dx532-carousel-image-1.png","datePublished":"2021-10-11T18:41:43+00:00","dateModified":"2022-03-21T14:00:27+00:00","breadcrumb":{"@id":"https:\/\/www.catpowertools.com\/fr\/produit\/scie-circulaire-electroportative-18v-sans-brush-7-25-sans-cordon\/#breadcrumb"},"inLanguage":"fr-FR","potentialAction":[{"@type":"ReadAction","target":["https:\/\/www.catpowertools.com\/fr\/produit\/scie-circulaire-electroportative-18v-sans-brush-7-25-sans-cordon\/"]}]},{"@type":"ImageObject","inLanguage":"fr-FR","@id":"https:\/\/www.catpowertools.com\/fr\/produit\/scie-circulaire-electroportative-18v-sans-brush-7-25-sans-cordon\/#primaryimage","url":"https:\/\/www.catpowertools.com\/wp-content\/uploads\/2021\/10\/dx532-carousel-image-1.png","contentUrl":"https:\/\/www.catpowertools.com\/wp-content\/uploads\/2021\/10\/dx532-carousel-image-1.png","width":960,"height":525},{"@type":"BreadcrumbList","@id":"https:\/\/www.catpowertools.com\/fr\/produit\/scie-circulaire-electroportative-18v-sans-brush-7-25-sans-cordon\/#breadcrumb","itemListElement":[{"@type":"ListItem","position":1,"name":"Home","item":"https:\/\/www.catpowertools.com\/fr\/"},{"@type":"ListItem","position":2,"name":"Boutique","item":"https:\/\/www.catpowertools.com\/shop\/"},{"@type":"ListItem","position":3,"name":"SCIE CIRCULAIRE \u00c9LECTROPORTATIVE SANS BALAIS 18V 7.25 po 18.4 cm"}]},{"@type":"WebSite","@id":"https:\/\/www.catpowertools.com\/fr\/#website","url":"https:\/\/www.catpowertools.com\/fr\/","name":"Cat Power Tools","description":"Just another WordPress site","potentialAction":[{"@type":"SearchAction","target":{"@type":"EntryPoint","urlTemplate":"https:\/\/www.catpowertools.com\/fr\/?s={search_term_string}"},"query-input":{"@type":"PropertyValueSpecification","valueRequired":true,"valueName":"search_term_string"}}],"inLanguage":"fr-FR"}]}},"_links":{"self":[{"href":"https:\/\/www.catpowertools.com\/fr\/wp-json\/wp\/v2\/product\/5051","targetHints":{"allow":["GET"]}}],"collection":[{"href":"https:\/\/www.catpowertools.com\/fr\/wp-json\/wp\/v2\/product"}],"about":[{"href":"https:\/\/www.catpowertools.com\/fr\/wp-json\/wp\/v2\/types\/product"}],"replies":[{"embeddable":true,"href":"https:\/\/www.catpowertools.com\/fr\/wp-json\/wp\/v2\/comments?post=5051"}],"wp:featuredmedia":[{"embeddable":true,"href":"https:\/\/www.catpowertools.com\/fr\/wp-json\/wp\/v2\/media\/2650"}],"wp:attachment":[{"href":"https:\/\/www.catpowertools.com\/fr\/wp-json\/wp\/v2\/media?parent=5051"}],"wp:term":[{"taxonomy":"product_brand","embeddable":true,"href":"https:\/\/www.catpowertools.com\/fr\/wp-json\/wp\/v2\/product_brand?post=5051"},{"taxonomy":"product_cat","embeddable":true,"href":"https:\/\/www.catpowertools.com\/fr\/wp-json\/wp\/v2\/product_cat?post=5051"},{"taxonomy":"product_tag","embeddable":true,"href":"https:\/\/www.catpowertools.com\/fr\/wp-json\/wp\/v2\/product_tag?post=5051"}],"curies":[{"name":"wp","href":"https:\/\/api.w.org\/{rel}","templated":true}]}}