{"id":5062,"date":"2021-10-11T14:41:43","date_gmt":"2021-10-11T18:41:43","guid":{"rendered":"https:\/\/www.catpowertools.com\/product\/ponceuse-5-polisseuse-6-a-orbite-aleatoire-sans-fil-18v-outil-seulement\/"},"modified":"2022-02-08T15:50:11","modified_gmt":"2022-02-08T20:50:11","slug":"outil-sans-fil-18v-random-orbit-5-sander-6-polisher-only","status":"publish","type":"product","link":"https:\/\/www.catpowertools.com\/fr\/produit\/outil-sans-fil-18v-random-orbit-5-sander-6-polisher-only\/","title":{"rendered":"PONCEUSE 5&Prime; \/ POLISSEUSE 6&Prime; \u00c0 ORBITE AL\u00c9ATOIRE SANS FIL 18V &#8211; OUTIL SEULEMENT"},"content":{"rendered":"","protected":false},"excerpt":{"rendered":"<p>La ponceuse\/polisseuse 5&Prime; \u00e0 orbite al\u00e9atoire 18V Brushless (OUTIL UNIQUEMENT) fournit de la puissance dans un design compact et l\u00e9ger pesant seulement 3lbs. Le cadran \u00e0 vitesse variable permet \u00e0 l&rsquo;appareil de fonctionner entre 3 000 et 11 000 OPM pour optimiser la finition sur diff\u00e9rents mat\u00e9riaux. Cette ponceuse \u00e0 orbite al\u00e9atoire peut \u00eatre utilis\u00e9e avec presque tous les papiers de verre \u00e0 dos auto-agrippant et la poign\u00e9e souple surmoul\u00e9e permet de garder le contr\u00f4le tout en travaillant pr\u00e8s de la surface de travail. Le sac \u00e0 poussi\u00e8re inclus permet de garder la surface de travail propre. Cette annonce concerne uniquement l&rsquo;outil et ne comprend pas de batterie ni de chargeur. Les outils \u00e9lectriques Cat\u00ae sont couverts par une garantie de 3 ans.<\/p>\n","protected":false},"featured_media":2903,"comment_status":"closed","ping_status":"closed","template":"","meta":{"_acf_changed":false},"product_brand":[],"product_cat":[220,202],"product_tag":[],"class_list":{"0":"post-5062","1":"product","2":"type-product","3":"status-publish","4":"has-post-thumbnail","6":"product_cat-enlevement-des-materiaux","7":"product_cat-outils-electriques-18v","9":"first","10":"instock","11":"product-type-external"},"acf":[],"yoast_head":"<!-- This site is optimized with the Yoast SEO plugin v26.6 - https:\/\/yoast.com\/wordpress\/plugins\/seo\/ -->\n<title>PONCEUSE 5&quot; \/ POLISSEUSE 6&quot; \u00c0 ORBITE AL\u00c9ATOIRE SANS FIL 18V - OUTIL SEULEMENT - Cat Power Tools<\/title>\n<meta name=\"robots\" content=\"index, follow, max-snippet:-1, max-image-preview:large, max-video-preview:-1\" \/>\n<link rel=\"canonical\" href=\"https:\/\/www.catpowertools.com\/fr\/produit\/outil-sans-fil-18v-random-orbit-5-sander-6-polisher-only\/\" \/>\n<meta property=\"og:locale\" content=\"fr_FR\" \/>\n<meta property=\"og:type\" content=\"article\" \/>\n<meta property=\"og:title\" content=\"PONCEUSE 5&quot; \/ POLISSEUSE 6&quot; \u00c0 ORBITE AL\u00c9ATOIRE SANS FIL 18V - OUTIL SEULEMENT - Cat Power Tools\" \/>\n<meta property=\"og:description\" content=\"La ponceuse\/polisseuse 5&quot; \u00e0 orbite al\u00e9atoire 18V Brushless (OUTIL UNIQUEMENT) fournit de la puissance dans un design compact et l\u00e9ger pesant seulement 3lbs. Le cadran \u00e0 vitesse variable permet \u00e0 l&#039;appareil de fonctionner entre 3 000 et 11 000 OPM pour optimiser la finition sur diff\u00e9rents mat\u00e9riaux. Cette ponceuse \u00e0 orbite al\u00e9atoire peut \u00eatre utilis\u00e9e avec presque tous les papiers de verre \u00e0 dos auto-agrippant et la poign\u00e9e souple surmoul\u00e9e permet de garder le contr\u00f4le tout en travaillant pr\u00e8s de la surface de travail. Le sac \u00e0 poussi\u00e8re inclus permet de garder la surface de travail propre. Cette annonce concerne uniquement l&#039;outil et ne comprend pas de batterie ni de chargeur. Les outils \u00e9lectriques Cat\u00ae sont couverts par une garantie de 3 ans.\" \/>\n<meta property=\"og:url\" content=\"https:\/\/www.catpowertools.com\/fr\/produit\/outil-sans-fil-18v-random-orbit-5-sander-6-polisher-only\/\" \/>\n<meta property=\"og:site_name\" content=\"Cat Power Tools\" \/>\n<meta property=\"article:modified_time\" content=\"2022-02-08T20:50:11+00:00\" \/>\n<meta property=\"og:image\" content=\"https:\/\/www.catpowertools.com\/wp-content\/uploads\/2021\/10\/dx42b-carousel-image-1.png\" \/>\n\t<meta property=\"og:image:width\" content=\"960\" \/>\n\t<meta property=\"og:image:height\" content=\"525\" \/>\n\t<meta property=\"og:image:type\" content=\"image\/png\" \/>\n<meta name=\"twitter:card\" content=\"summary_large_image\" \/>\n<script type=\"application\/ld+json\" class=\"yoast-schema-graph\">{\"@context\":\"https:\/\/schema.org\",\"@graph\":[{\"@type\":\"WebPage\",\"@id\":\"https:\/\/www.catpowertools.com\/fr\/produit\/outil-sans-fil-18v-random-orbit-5-sander-6-polisher-only\/\",\"url\":\"https:\/\/www.catpowertools.com\/fr\/produit\/outil-sans-fil-18v-random-orbit-5-sander-6-polisher-only\/\",\"name\":\"PONCEUSE 5\\\" \/ POLISSEUSE 6\\\" \u00c0 ORBITE AL\u00c9ATOIRE SANS FIL 18V - OUTIL SEULEMENT - Cat Power Tools\",\"isPartOf\":{\"@id\":\"https:\/\/www.catpowertools.com\/fr\/#website\"},\"primaryImageOfPage\":{\"@id\":\"https:\/\/www.catpowertools.com\/fr\/produit\/outil-sans-fil-18v-random-orbit-5-sander-6-polisher-only\/#primaryimage\"},\"image\":{\"@id\":\"https:\/\/www.catpowertools.com\/fr\/produit\/outil-sans-fil-18v-random-orbit-5-sander-6-polisher-only\/#primaryimage\"},\"thumbnailUrl\":\"https:\/\/www.catpowertools.com\/wp-content\/uploads\/2021\/10\/dx42b-carousel-image-1.png\",\"datePublished\":\"2021-10-11T18:41:43+00:00\",\"dateModified\":\"2022-02-08T20:50:11+00:00\",\"breadcrumb\":{\"@id\":\"https:\/\/www.catpowertools.com\/fr\/produit\/outil-sans-fil-18v-random-orbit-5-sander-6-polisher-only\/#breadcrumb\"},\"inLanguage\":\"fr-FR\",\"potentialAction\":[{\"@type\":\"ReadAction\",\"target\":[\"https:\/\/www.catpowertools.com\/fr\/produit\/outil-sans-fil-18v-random-orbit-5-sander-6-polisher-only\/\"]}]},{\"@type\":\"ImageObject\",\"inLanguage\":\"fr-FR\",\"@id\":\"https:\/\/www.catpowertools.com\/fr\/produit\/outil-sans-fil-18v-random-orbit-5-sander-6-polisher-only\/#primaryimage\",\"url\":\"https:\/\/www.catpowertools.com\/wp-content\/uploads\/2021\/10\/dx42b-carousel-image-1.png\",\"contentUrl\":\"https:\/\/www.catpowertools.com\/wp-content\/uploads\/2021\/10\/dx42b-carousel-image-1.png\",\"width\":960,\"height\":525},{\"@type\":\"BreadcrumbList\",\"@id\":\"https:\/\/www.catpowertools.com\/fr\/produit\/outil-sans-fil-18v-random-orbit-5-sander-6-polisher-only\/#breadcrumb\",\"itemListElement\":[{\"@type\":\"ListItem\",\"position\":1,\"name\":\"Home\",\"item\":\"https:\/\/www.catpowertools.com\/fr\/\"},{\"@type\":\"ListItem\",\"position\":2,\"name\":\"Boutique\",\"item\":\"https:\/\/www.catpowertools.com\/shop\/\"},{\"@type\":\"ListItem\",\"position\":3,\"name\":\"PONCEUSE 5&#8243; \/ POLISSEUSE 6&#8243; \u00c0 ORBITE AL\u00c9ATOIRE SANS FIL 18V &#8211; OUTIL SEULEMENT\"}]},{\"@type\":\"WebSite\",\"@id\":\"https:\/\/www.catpowertools.com\/fr\/#website\",\"url\":\"https:\/\/www.catpowertools.com\/fr\/\",\"name\":\"Cat Power Tools\",\"description\":\"Just another WordPress site\",\"potentialAction\":[{\"@type\":\"SearchAction\",\"target\":{\"@type\":\"EntryPoint\",\"urlTemplate\":\"https:\/\/www.catpowertools.com\/fr\/?s={search_term_string}\"},\"query-input\":{\"@type\":\"PropertyValueSpecification\",\"valueRequired\":true,\"valueName\":\"search_term_string\"}}],\"inLanguage\":\"fr-FR\"}]}<\/script>\n<!-- \/ Yoast SEO plugin. -->","yoast_head_json":{"title":"PONCEUSE 5\" \/ POLISSEUSE 6\" \u00c0 ORBITE AL\u00c9ATOIRE SANS FIL 18V - OUTIL SEULEMENT - Cat Power Tools","robots":{"index":"index","follow":"follow","max-snippet":"max-snippet:-1","max-image-preview":"max-image-preview:large","max-video-preview":"max-video-preview:-1"},"canonical":"https:\/\/www.catpowertools.com\/fr\/produit\/outil-sans-fil-18v-random-orbit-5-sander-6-polisher-only\/","og_locale":"fr_FR","og_type":"article","og_title":"PONCEUSE 5\" \/ POLISSEUSE 6\" \u00c0 ORBITE AL\u00c9ATOIRE SANS FIL 18V - OUTIL SEULEMENT - Cat Power Tools","og_description":"La ponceuse\/polisseuse 5\" \u00e0 orbite al\u00e9atoire 18V Brushless (OUTIL UNIQUEMENT) fournit de la puissance dans un design compact et l\u00e9ger pesant seulement 3lbs. Le cadran \u00e0 vitesse variable permet \u00e0 l'appareil de fonctionner entre 3 000 et 11 000 OPM pour optimiser la finition sur diff\u00e9rents mat\u00e9riaux. Cette ponceuse \u00e0 orbite al\u00e9atoire peut \u00eatre utilis\u00e9e avec presque tous les papiers de verre \u00e0 dos auto-agrippant et la poign\u00e9e souple surmoul\u00e9e permet de garder le contr\u00f4le tout en travaillant pr\u00e8s de la surface de travail. Le sac \u00e0 poussi\u00e8re inclus permet de garder la surface de travail propre. Cette annonce concerne uniquement l'outil et ne comprend pas de batterie ni de chargeur. Les outils \u00e9lectriques Cat\u00ae sont couverts par une garantie de 3 ans.","og_url":"https:\/\/www.catpowertools.com\/fr\/produit\/outil-sans-fil-18v-random-orbit-5-sander-6-polisher-only\/","og_site_name":"Cat Power Tools","article_modified_time":"2022-02-08T20:50:11+00:00","og_image":[{"width":960,"height":525,"url":"https:\/\/www.catpowertools.com\/wp-content\/uploads\/2021\/10\/dx42b-carousel-image-1.png","type":"image\/png"}],"twitter_card":"summary_large_image","schema":{"@context":"https:\/\/schema.org","@graph":[{"@type":"WebPage","@id":"https:\/\/www.catpowertools.com\/fr\/produit\/outil-sans-fil-18v-random-orbit-5-sander-6-polisher-only\/","url":"https:\/\/www.catpowertools.com\/fr\/produit\/outil-sans-fil-18v-random-orbit-5-sander-6-polisher-only\/","name":"PONCEUSE 5\" \/ POLISSEUSE 6\" \u00c0 ORBITE AL\u00c9ATOIRE SANS FIL 18V - OUTIL SEULEMENT - Cat Power Tools","isPartOf":{"@id":"https:\/\/www.catpowertools.com\/fr\/#website"},"primaryImageOfPage":{"@id":"https:\/\/www.catpowertools.com\/fr\/produit\/outil-sans-fil-18v-random-orbit-5-sander-6-polisher-only\/#primaryimage"},"image":{"@id":"https:\/\/www.catpowertools.com\/fr\/produit\/outil-sans-fil-18v-random-orbit-5-sander-6-polisher-only\/#primaryimage"},"thumbnailUrl":"https:\/\/www.catpowertools.com\/wp-content\/uploads\/2021\/10\/dx42b-carousel-image-1.png","datePublished":"2021-10-11T18:41:43+00:00","dateModified":"2022-02-08T20:50:11+00:00","breadcrumb":{"@id":"https:\/\/www.catpowertools.com\/fr\/produit\/outil-sans-fil-18v-random-orbit-5-sander-6-polisher-only\/#breadcrumb"},"inLanguage":"fr-FR","potentialAction":[{"@type":"ReadAction","target":["https:\/\/www.catpowertools.com\/fr\/produit\/outil-sans-fil-18v-random-orbit-5-sander-6-polisher-only\/"]}]},{"@type":"ImageObject","inLanguage":"fr-FR","@id":"https:\/\/www.catpowertools.com\/fr\/produit\/outil-sans-fil-18v-random-orbit-5-sander-6-polisher-only\/#primaryimage","url":"https:\/\/www.catpowertools.com\/wp-content\/uploads\/2021\/10\/dx42b-carousel-image-1.png","contentUrl":"https:\/\/www.catpowertools.com\/wp-content\/uploads\/2021\/10\/dx42b-carousel-image-1.png","width":960,"height":525},{"@type":"BreadcrumbList","@id":"https:\/\/www.catpowertools.com\/fr\/produit\/outil-sans-fil-18v-random-orbit-5-sander-6-polisher-only\/#breadcrumb","itemListElement":[{"@type":"ListItem","position":1,"name":"Home","item":"https:\/\/www.catpowertools.com\/fr\/"},{"@type":"ListItem","position":2,"name":"Boutique","item":"https:\/\/www.catpowertools.com\/shop\/"},{"@type":"ListItem","position":3,"name":"PONCEUSE 5&#8243; \/ POLISSEUSE 6&#8243; \u00c0 ORBITE AL\u00c9ATOIRE SANS FIL 18V &#8211; OUTIL SEULEMENT"}]},{"@type":"WebSite","@id":"https:\/\/www.catpowertools.com\/fr\/#website","url":"https:\/\/www.catpowertools.com\/fr\/","name":"Cat Power Tools","description":"Just another WordPress site","potentialAction":[{"@type":"SearchAction","target":{"@type":"EntryPoint","urlTemplate":"https:\/\/www.catpowertools.com\/fr\/?s={search_term_string}"},"query-input":{"@type":"PropertyValueSpecification","valueRequired":true,"valueName":"search_term_string"}}],"inLanguage":"fr-FR"}]}},"_links":{"self":[{"href":"https:\/\/www.catpowertools.com\/fr\/wp-json\/wp\/v2\/product\/5062","targetHints":{"allow":["GET"]}}],"collection":[{"href":"https:\/\/www.catpowertools.com\/fr\/wp-json\/wp\/v2\/product"}],"about":[{"href":"https:\/\/www.catpowertools.com\/fr\/wp-json\/wp\/v2\/types\/product"}],"replies":[{"embeddable":true,"href":"https:\/\/www.catpowertools.com\/fr\/wp-json\/wp\/v2\/comments?post=5062"}],"wp:featuredmedia":[{"embeddable":true,"href":"https:\/\/www.catpowertools.com\/fr\/wp-json\/wp\/v2\/media\/2903"}],"wp:attachment":[{"href":"https:\/\/www.catpowertools.com\/fr\/wp-json\/wp\/v2\/media?parent=5062"}],"wp:term":[{"taxonomy":"product_brand","embeddable":true,"href":"https:\/\/www.catpowertools.com\/fr\/wp-json\/wp\/v2\/product_brand?post=5062"},{"taxonomy":"product_cat","embeddable":true,"href":"https:\/\/www.catpowertools.com\/fr\/wp-json\/wp\/v2\/product_cat?post=5062"},{"taxonomy":"product_tag","embeddable":true,"href":"https:\/\/www.catpowertools.com\/fr\/wp-json\/wp\/v2\/product_tag?post=5062"}],"curies":[{"name":"wp","href":"https:\/\/api.w.org\/{rel}","templated":true}]}}