{"id":5065,"date":"2021-10-11T14:41:43","date_gmt":"2021-10-11T18:41:43","guid":{"rendered":"https:\/\/www.catpowertools.com\/product\/marteau-perforateur-sans-fil-18v-1-2-sans-brosse-avec-batterie-graphene\/"},"modified":"2022-03-18T12:05:00","modified_gmt":"2022-03-18T16:05:00","slug":"18v-brushless-1-2-cordless-hammer-drill-with-graphene-battery","status":"publish","type":"product","link":"https:\/\/www.catpowertools.com\/fr\/produit\/18v-brushless-1-2-cordless-hammer-drill-with-graphene-battery\/","title":{"rendered":"PERCEUSE \u00c0 PERCUSSION \u00c9LECTROPORTATIVE 18V 1\/2PO-12.7CM SANS BROSSE AVEC BATTERIE GRAPH\u00c8NE"},"content":{"rendered":"","protected":false},"excerpt":{"rendered":"<p>Cette perceuse \u00e0 percussion 18 V sans balais \u00bd po-12.7mm est \u00e9quip\u00e9e de la nouvelle g\u00e9n\u00e9ration de technologie de batterie. La batterie au Graph\u00e8ne offre une charge 4 fois plus rapide, une dur\u00e9e de vie 3 fois plus longue et 2 fois plus de puissance. Entra\u00een\u00e9e par un moteur sans balais \u00e0 haute efficacit\u00e9 et une bo\u00eete de vitesses \u00e0 2 vitesses, cette unit\u00e9 produit un couple de 700 lb-po et jusqu&rsquo;\u00e0 35 200 CPM. Mandrin \u00e0 cliquet 1\/2&Prime; tout en m\u00e9tal pour une meilleure r\u00e9tention des embouts, lumi\u00e8re DEL pour \u00e9clairer les zones plus sombres et poign\u00e9e ergonomique \u00e0 prise souple pour une sensation \u00e9quilibr\u00e9e. Sont inclus (1) une batterie Graph\u00e8ne 5.0Ah, un chargeur rapide 15A, une attache de ceinture amovible, et les seuls outils professionnels livr\u00e9s avec une mallette de rangement empilable. Le chargeur 15A inclus charge la batterie Graph\u00e8ne de 5Ah en seulement 20 minutes! Les outils \u00e9lectroportatifs Cat\u00ae sont couverts par une garantie de 3 ans.<\/p>\n","protected":false},"featured_media":2593,"comment_status":"closed","ping_status":"closed","template":"","meta":{"_acf_changed":false},"product_brand":[],"product_cat":[202,214,217],"product_tag":[],"class_list":{"0":"post-5065","1":"product","2":"type-product","3":"status-publish","4":"has-post-thumbnail","6":"product_cat-outils-electriques-18v","7":"product_cat-18v-percage","8":"product_cat-perceuses-a-percussion-18v","10":"first","11":"instock","12":"product-type-external"},"acf":[],"yoast_head":"<!-- This site is optimized with the Yoast SEO plugin v26.6 - https:\/\/yoast.com\/wordpress\/plugins\/seo\/ -->\n<title>PERCEUSE \u00c0 PERCUSSION \u00c9LECTROPORTATIVE 18V 1\/2PO-12.7CM SANS BROSSE AVEC BATTERIE GRAPH\u00c8NE - Cat Power Tools<\/title>\n<meta name=\"robots\" content=\"index, follow, max-snippet:-1, max-image-preview:large, max-video-preview:-1\" \/>\n<link rel=\"canonical\" href=\"https:\/\/www.catpowertools.com\/fr\/produit\/18v-brushless-1-2-cordless-hammer-drill-with-graphene-battery\/\" \/>\n<meta property=\"og:locale\" content=\"fr_FR\" \/>\n<meta property=\"og:type\" content=\"article\" \/>\n<meta property=\"og:title\" content=\"PERCEUSE \u00c0 PERCUSSION \u00c9LECTROPORTATIVE 18V 1\/2PO-12.7CM SANS BROSSE AVEC BATTERIE GRAPH\u00c8NE - Cat Power Tools\" \/>\n<meta property=\"og:description\" content=\"Cette perceuse \u00e0 percussion 18 V sans balais \u00bd po-12.7mm est \u00e9quip\u00e9e de la nouvelle g\u00e9n\u00e9ration de technologie de batterie. La batterie au Graph\u00e8ne offre une charge 4 fois plus rapide, une dur\u00e9e de vie 3 fois plus longue et 2 fois plus de puissance. Entra\u00een\u00e9e par un moteur sans balais \u00e0 haute efficacit\u00e9 et une bo\u00eete de vitesses \u00e0 2 vitesses, cette unit\u00e9 produit un couple de 700 lb-po et jusqu&#039;\u00e0 35 200 CPM. Mandrin \u00e0 cliquet 1\/2&quot; tout en m\u00e9tal pour une meilleure r\u00e9tention des embouts, lumi\u00e8re DEL pour \u00e9clairer les zones plus sombres et poign\u00e9e ergonomique \u00e0 prise souple pour une sensation \u00e9quilibr\u00e9e. Sont inclus (1) une batterie Graph\u00e8ne 5.0Ah, un chargeur rapide 15A, une attache de ceinture amovible, et les seuls outils professionnels livr\u00e9s avec une mallette de rangement empilable. Le chargeur 15A inclus charge la batterie Graph\u00e8ne de 5Ah en seulement 20 minutes! Les outils \u00e9lectroportatifs Cat\u00ae sont couverts par une garantie de 3 ans.\" \/>\n<meta property=\"og:url\" content=\"https:\/\/www.catpowertools.com\/fr\/produit\/18v-brushless-1-2-cordless-hammer-drill-with-graphene-battery\/\" \/>\n<meta property=\"og:site_name\" content=\"Cat Power Tools\" \/>\n<meta property=\"article:modified_time\" content=\"2022-03-18T16:05:00+00:00\" \/>\n<meta property=\"og:image\" content=\"https:\/\/www.catpowertools.com\/wp-content\/uploads\/2021\/10\/dx13-carousel-image-1.png\" \/>\n\t<meta property=\"og:image:width\" content=\"960\" \/>\n\t<meta property=\"og:image:height\" content=\"525\" \/>\n\t<meta property=\"og:image:type\" content=\"image\/png\" \/>\n<meta name=\"twitter:card\" content=\"summary_large_image\" \/>\n<script type=\"application\/ld+json\" class=\"yoast-schema-graph\">{\"@context\":\"https:\/\/schema.org\",\"@graph\":[{\"@type\":\"WebPage\",\"@id\":\"https:\/\/www.catpowertools.com\/fr\/produit\/18v-brushless-1-2-cordless-hammer-drill-with-graphene-battery\/\",\"url\":\"https:\/\/www.catpowertools.com\/fr\/produit\/18v-brushless-1-2-cordless-hammer-drill-with-graphene-battery\/\",\"name\":\"PERCEUSE \u00c0 PERCUSSION \u00c9LECTROPORTATIVE 18V 1\/2PO-12.7CM SANS BROSSE AVEC BATTERIE GRAPH\u00c8NE - Cat Power Tools\",\"isPartOf\":{\"@id\":\"https:\/\/www.catpowertools.com\/fr\/#website\"},\"primaryImageOfPage\":{\"@id\":\"https:\/\/www.catpowertools.com\/fr\/produit\/18v-brushless-1-2-cordless-hammer-drill-with-graphene-battery\/#primaryimage\"},\"image\":{\"@id\":\"https:\/\/www.catpowertools.com\/fr\/produit\/18v-brushless-1-2-cordless-hammer-drill-with-graphene-battery\/#primaryimage\"},\"thumbnailUrl\":\"https:\/\/www.catpowertools.com\/wp-content\/uploads\/2021\/10\/dx13-carousel-image-1.png\",\"datePublished\":\"2021-10-11T18:41:43+00:00\",\"dateModified\":\"2022-03-18T16:05:00+00:00\",\"breadcrumb\":{\"@id\":\"https:\/\/www.catpowertools.com\/fr\/produit\/18v-brushless-1-2-cordless-hammer-drill-with-graphene-battery\/#breadcrumb\"},\"inLanguage\":\"fr-FR\",\"potentialAction\":[{\"@type\":\"ReadAction\",\"target\":[\"https:\/\/www.catpowertools.com\/fr\/produit\/18v-brushless-1-2-cordless-hammer-drill-with-graphene-battery\/\"]}]},{\"@type\":\"ImageObject\",\"inLanguage\":\"fr-FR\",\"@id\":\"https:\/\/www.catpowertools.com\/fr\/produit\/18v-brushless-1-2-cordless-hammer-drill-with-graphene-battery\/#primaryimage\",\"url\":\"https:\/\/www.catpowertools.com\/wp-content\/uploads\/2021\/10\/dx13-carousel-image-1.png\",\"contentUrl\":\"https:\/\/www.catpowertools.com\/wp-content\/uploads\/2021\/10\/dx13-carousel-image-1.png\",\"width\":960,\"height\":525},{\"@type\":\"BreadcrumbList\",\"@id\":\"https:\/\/www.catpowertools.com\/fr\/produit\/18v-brushless-1-2-cordless-hammer-drill-with-graphene-battery\/#breadcrumb\",\"itemListElement\":[{\"@type\":\"ListItem\",\"position\":1,\"name\":\"Home\",\"item\":\"https:\/\/www.catpowertools.com\/fr\/\"},{\"@type\":\"ListItem\",\"position\":2,\"name\":\"Boutique\",\"item\":\"https:\/\/www.catpowertools.com\/shop\/\"},{\"@type\":\"ListItem\",\"position\":3,\"name\":\"PERCEUSE \u00c0 PERCUSSION \u00c9LECTROPORTATIVE 18V 1\/2PO-12.7CM SANS BROSSE AVEC BATTERIE GRAPH\u00c8NE\"}]},{\"@type\":\"WebSite\",\"@id\":\"https:\/\/www.catpowertools.com\/fr\/#website\",\"url\":\"https:\/\/www.catpowertools.com\/fr\/\",\"name\":\"Cat Power Tools\",\"description\":\"Just another WordPress site\",\"potentialAction\":[{\"@type\":\"SearchAction\",\"target\":{\"@type\":\"EntryPoint\",\"urlTemplate\":\"https:\/\/www.catpowertools.com\/fr\/?s={search_term_string}\"},\"query-input\":{\"@type\":\"PropertyValueSpecification\",\"valueRequired\":true,\"valueName\":\"search_term_string\"}}],\"inLanguage\":\"fr-FR\"}]}<\/script>\n<!-- \/ Yoast SEO plugin. -->","yoast_head_json":{"title":"PERCEUSE \u00c0 PERCUSSION \u00c9LECTROPORTATIVE 18V 1\/2PO-12.7CM SANS BROSSE AVEC BATTERIE GRAPH\u00c8NE - Cat Power Tools","robots":{"index":"index","follow":"follow","max-snippet":"max-snippet:-1","max-image-preview":"max-image-preview:large","max-video-preview":"max-video-preview:-1"},"canonical":"https:\/\/www.catpowertools.com\/fr\/produit\/18v-brushless-1-2-cordless-hammer-drill-with-graphene-battery\/","og_locale":"fr_FR","og_type":"article","og_title":"PERCEUSE \u00c0 PERCUSSION \u00c9LECTROPORTATIVE 18V 1\/2PO-12.7CM SANS BROSSE AVEC BATTERIE GRAPH\u00c8NE - Cat Power Tools","og_description":"Cette perceuse \u00e0 percussion 18 V sans balais \u00bd po-12.7mm est \u00e9quip\u00e9e de la nouvelle g\u00e9n\u00e9ration de technologie de batterie. La batterie au Graph\u00e8ne offre une charge 4 fois plus rapide, une dur\u00e9e de vie 3 fois plus longue et 2 fois plus de puissance. Entra\u00een\u00e9e par un moteur sans balais \u00e0 haute efficacit\u00e9 et une bo\u00eete de vitesses \u00e0 2 vitesses, cette unit\u00e9 produit un couple de 700 lb-po et jusqu'\u00e0 35 200 CPM. Mandrin \u00e0 cliquet 1\/2\" tout en m\u00e9tal pour une meilleure r\u00e9tention des embouts, lumi\u00e8re DEL pour \u00e9clairer les zones plus sombres et poign\u00e9e ergonomique \u00e0 prise souple pour une sensation \u00e9quilibr\u00e9e. Sont inclus (1) une batterie Graph\u00e8ne 5.0Ah, un chargeur rapide 15A, une attache de ceinture amovible, et les seuls outils professionnels livr\u00e9s avec une mallette de rangement empilable. Le chargeur 15A inclus charge la batterie Graph\u00e8ne de 5Ah en seulement 20 minutes! Les outils \u00e9lectroportatifs Cat\u00ae sont couverts par une garantie de 3 ans.","og_url":"https:\/\/www.catpowertools.com\/fr\/produit\/18v-brushless-1-2-cordless-hammer-drill-with-graphene-battery\/","og_site_name":"Cat Power Tools","article_modified_time":"2022-03-18T16:05:00+00:00","og_image":[{"width":960,"height":525,"url":"https:\/\/www.catpowertools.com\/wp-content\/uploads\/2021\/10\/dx13-carousel-image-1.png","type":"image\/png"}],"twitter_card":"summary_large_image","schema":{"@context":"https:\/\/schema.org","@graph":[{"@type":"WebPage","@id":"https:\/\/www.catpowertools.com\/fr\/produit\/18v-brushless-1-2-cordless-hammer-drill-with-graphene-battery\/","url":"https:\/\/www.catpowertools.com\/fr\/produit\/18v-brushless-1-2-cordless-hammer-drill-with-graphene-battery\/","name":"PERCEUSE \u00c0 PERCUSSION \u00c9LECTROPORTATIVE 18V 1\/2PO-12.7CM SANS BROSSE AVEC BATTERIE GRAPH\u00c8NE - Cat Power Tools","isPartOf":{"@id":"https:\/\/www.catpowertools.com\/fr\/#website"},"primaryImageOfPage":{"@id":"https:\/\/www.catpowertools.com\/fr\/produit\/18v-brushless-1-2-cordless-hammer-drill-with-graphene-battery\/#primaryimage"},"image":{"@id":"https:\/\/www.catpowertools.com\/fr\/produit\/18v-brushless-1-2-cordless-hammer-drill-with-graphene-battery\/#primaryimage"},"thumbnailUrl":"https:\/\/www.catpowertools.com\/wp-content\/uploads\/2021\/10\/dx13-carousel-image-1.png","datePublished":"2021-10-11T18:41:43+00:00","dateModified":"2022-03-18T16:05:00+00:00","breadcrumb":{"@id":"https:\/\/www.catpowertools.com\/fr\/produit\/18v-brushless-1-2-cordless-hammer-drill-with-graphene-battery\/#breadcrumb"},"inLanguage":"fr-FR","potentialAction":[{"@type":"ReadAction","target":["https:\/\/www.catpowertools.com\/fr\/produit\/18v-brushless-1-2-cordless-hammer-drill-with-graphene-battery\/"]}]},{"@type":"ImageObject","inLanguage":"fr-FR","@id":"https:\/\/www.catpowertools.com\/fr\/produit\/18v-brushless-1-2-cordless-hammer-drill-with-graphene-battery\/#primaryimage","url":"https:\/\/www.catpowertools.com\/wp-content\/uploads\/2021\/10\/dx13-carousel-image-1.png","contentUrl":"https:\/\/www.catpowertools.com\/wp-content\/uploads\/2021\/10\/dx13-carousel-image-1.png","width":960,"height":525},{"@type":"BreadcrumbList","@id":"https:\/\/www.catpowertools.com\/fr\/produit\/18v-brushless-1-2-cordless-hammer-drill-with-graphene-battery\/#breadcrumb","itemListElement":[{"@type":"ListItem","position":1,"name":"Home","item":"https:\/\/www.catpowertools.com\/fr\/"},{"@type":"ListItem","position":2,"name":"Boutique","item":"https:\/\/www.catpowertools.com\/shop\/"},{"@type":"ListItem","position":3,"name":"PERCEUSE \u00c0 PERCUSSION \u00c9LECTROPORTATIVE 18V 1\/2PO-12.7CM SANS BROSSE AVEC BATTERIE GRAPH\u00c8NE"}]},{"@type":"WebSite","@id":"https:\/\/www.catpowertools.com\/fr\/#website","url":"https:\/\/www.catpowertools.com\/fr\/","name":"Cat Power Tools","description":"Just another WordPress site","potentialAction":[{"@type":"SearchAction","target":{"@type":"EntryPoint","urlTemplate":"https:\/\/www.catpowertools.com\/fr\/?s={search_term_string}"},"query-input":{"@type":"PropertyValueSpecification","valueRequired":true,"valueName":"search_term_string"}}],"inLanguage":"fr-FR"}]}},"_links":{"self":[{"href":"https:\/\/www.catpowertools.com\/fr\/wp-json\/wp\/v2\/product\/5065","targetHints":{"allow":["GET"]}}],"collection":[{"href":"https:\/\/www.catpowertools.com\/fr\/wp-json\/wp\/v2\/product"}],"about":[{"href":"https:\/\/www.catpowertools.com\/fr\/wp-json\/wp\/v2\/types\/product"}],"replies":[{"embeddable":true,"href":"https:\/\/www.catpowertools.com\/fr\/wp-json\/wp\/v2\/comments?post=5065"}],"wp:featuredmedia":[{"embeddable":true,"href":"https:\/\/www.catpowertools.com\/fr\/wp-json\/wp\/v2\/media\/2593"}],"wp:attachment":[{"href":"https:\/\/www.catpowertools.com\/fr\/wp-json\/wp\/v2\/media?parent=5065"}],"wp:term":[{"taxonomy":"product_brand","embeddable":true,"href":"https:\/\/www.catpowertools.com\/fr\/wp-json\/wp\/v2\/product_brand?post=5065"},{"taxonomy":"product_cat","embeddable":true,"href":"https:\/\/www.catpowertools.com\/fr\/wp-json\/wp\/v2\/product_cat?post=5065"},{"taxonomy":"product_tag","embeddable":true,"href":"https:\/\/www.catpowertools.com\/fr\/wp-json\/wp\/v2\/product_tag?post=5065"}],"curies":[{"name":"wp","href":"https:\/\/api.w.org\/{rel}","templated":true}]}}