{"id":5066,"date":"2021-10-11T14:41:43","date_gmt":"2021-10-11T18:41:43","guid":{"rendered":"https:\/\/www.catpowertools.com\/product\/multi-outil-oscillant-sans-fil-18v-sans-brosse-outil-seulement\/"},"modified":"2022-03-21T10:30:41","modified_gmt":"2022-03-21T14:30:41","slug":"outil-oscillant-multi-fonction-electroportatif-18v-sans-balais-outil-seulement","status":"publish","type":"product","link":"https:\/\/www.catpowertools.com\/fr\/produit\/outil-oscillant-multi-fonction-electroportatif-18v-sans-balais-outil-seulement\/","title":{"rendered":"OUTIL OSCILLANT MULTI-FONCTION \u00c9LECTROPORTATIF 18V SANS BALAIS &#8211; OUTIL SEULEMENT"},"content":{"rendered":"","protected":false},"excerpt":{"rendered":"<p>Cet outil multi-fonction oscillant sans balais de 18 V (OUTIL SEULEMENT) offre un rendement de 8000 \u00e0 19000 OPM dans une conception compact et l\u00e9g\u00e8re soit 3,75 lb-1.7 kg La fixation universelle de la lame accepte presque tous les types de lames oscillantes sur le march\u00e9 et la poign\u00e9e textur\u00e9e surmoul\u00e9e offre confort et contr\u00f4le. Cet outil est \u00e9galement dot\u00e9 d&rsquo;un syst\u00e8me de changement de lame sans outil, d&rsquo;un cadran \u00e0 vitesse variable et d&rsquo;un \u00e9clairage DEL pour \u00e9clairer les zones sombres, ce qui facilite l&rsquo;utilisation et le contr\u00f4le de toute application. Cette liste concerne uniquement l&rsquo;outil et n&rsquo;inclut pas de batterie ni de chargeur. Les outils \u00e9lectroportatifs Cat\u00ae sont couverts par une garantie de 3 ans.<\/p>\n","protected":false},"featured_media":2882,"comment_status":"closed","ping_status":"closed","template":"","meta":{"_acf_changed":false},"product_brand":[],"product_cat":[223,202],"product_tag":[],"class_list":{"0":"post-5066","1":"product","2":"type-product","3":"status-publish","4":"has-post-thumbnail","6":"product_cat-oscillant","7":"product_cat-outils-electriques-18v","9":"first","10":"instock","11":"product-type-external"},"acf":[],"yoast_head":"<!-- This site is optimized with the Yoast SEO plugin v26.6 - https:\/\/yoast.com\/wordpress\/plugins\/seo\/ -->\n<title>OUTIL OSCILLANT MULTI-FONCTION \u00c9LECTROPORTATIF 18V SANS BALAIS - OUTIL SEULEMENT - Cat Power Tools<\/title>\n<meta name=\"robots\" content=\"index, follow, max-snippet:-1, max-image-preview:large, max-video-preview:-1\" \/>\n<link rel=\"canonical\" href=\"https:\/\/www.catpowertools.com\/fr\/produit\/outil-oscillant-multi-fonction-electroportatif-18v-sans-balais-outil-seulement\/\" \/>\n<meta property=\"og:locale\" content=\"fr_FR\" \/>\n<meta property=\"og:type\" content=\"article\" \/>\n<meta property=\"og:title\" content=\"OUTIL OSCILLANT MULTI-FONCTION \u00c9LECTROPORTATIF 18V SANS BALAIS - OUTIL SEULEMENT - Cat Power Tools\" \/>\n<meta property=\"og:description\" content=\"Cet outil multi-fonction oscillant sans balais de 18 V (OUTIL SEULEMENT) offre un rendement de 8000 \u00e0 19000 OPM dans une conception compact et l\u00e9g\u00e8re soit 3,75 lb-1.7 kg La fixation universelle de la lame accepte presque tous les types de lames oscillantes sur le march\u00e9 et la poign\u00e9e textur\u00e9e surmoul\u00e9e offre confort et contr\u00f4le. Cet outil est \u00e9galement dot\u00e9 d&#039;un syst\u00e8me de changement de lame sans outil, d&#039;un cadran \u00e0 vitesse variable et d&#039;un \u00e9clairage DEL pour \u00e9clairer les zones sombres, ce qui facilite l&#039;utilisation et le contr\u00f4le de toute application. Cette liste concerne uniquement l&#039;outil et n&#039;inclut pas de batterie ni de chargeur. Les outils \u00e9lectroportatifs Cat\u00ae sont couverts par une garantie de 3 ans.\" \/>\n<meta property=\"og:url\" content=\"https:\/\/www.catpowertools.com\/fr\/produit\/outil-oscillant-multi-fonction-electroportatif-18v-sans-balais-outil-seulement\/\" \/>\n<meta property=\"og:site_name\" content=\"Cat Power Tools\" \/>\n<meta property=\"article:modified_time\" content=\"2022-03-21T14:30:41+00:00\" \/>\n<meta property=\"og:image\" content=\"https:\/\/www.catpowertools.com\/wp-content\/uploads\/2021\/10\/dx41b-carousel-image-1.png\" \/>\n\t<meta property=\"og:image:width\" content=\"960\" \/>\n\t<meta property=\"og:image:height\" content=\"525\" \/>\n\t<meta property=\"og:image:type\" content=\"image\/png\" \/>\n<meta name=\"twitter:card\" content=\"summary_large_image\" \/>\n<script type=\"application\/ld+json\" class=\"yoast-schema-graph\">{\"@context\":\"https:\/\/schema.org\",\"@graph\":[{\"@type\":\"WebPage\",\"@id\":\"https:\/\/www.catpowertools.com\/fr\/produit\/outil-oscillant-multi-fonction-electroportatif-18v-sans-balais-outil-seulement\/\",\"url\":\"https:\/\/www.catpowertools.com\/fr\/produit\/outil-oscillant-multi-fonction-electroportatif-18v-sans-balais-outil-seulement\/\",\"name\":\"OUTIL OSCILLANT MULTI-FONCTION \u00c9LECTROPORTATIF 18V SANS BALAIS - OUTIL SEULEMENT - Cat Power Tools\",\"isPartOf\":{\"@id\":\"https:\/\/www.catpowertools.com\/fr\/#website\"},\"primaryImageOfPage\":{\"@id\":\"https:\/\/www.catpowertools.com\/fr\/produit\/outil-oscillant-multi-fonction-electroportatif-18v-sans-balais-outil-seulement\/#primaryimage\"},\"image\":{\"@id\":\"https:\/\/www.catpowertools.com\/fr\/produit\/outil-oscillant-multi-fonction-electroportatif-18v-sans-balais-outil-seulement\/#primaryimage\"},\"thumbnailUrl\":\"https:\/\/www.catpowertools.com\/wp-content\/uploads\/2021\/10\/dx41b-carousel-image-1.png\",\"datePublished\":\"2021-10-11T18:41:43+00:00\",\"dateModified\":\"2022-03-21T14:30:41+00:00\",\"breadcrumb\":{\"@id\":\"https:\/\/www.catpowertools.com\/fr\/produit\/outil-oscillant-multi-fonction-electroportatif-18v-sans-balais-outil-seulement\/#breadcrumb\"},\"inLanguage\":\"fr-FR\",\"potentialAction\":[{\"@type\":\"ReadAction\",\"target\":[\"https:\/\/www.catpowertools.com\/fr\/produit\/outil-oscillant-multi-fonction-electroportatif-18v-sans-balais-outil-seulement\/\"]}]},{\"@type\":\"ImageObject\",\"inLanguage\":\"fr-FR\",\"@id\":\"https:\/\/www.catpowertools.com\/fr\/produit\/outil-oscillant-multi-fonction-electroportatif-18v-sans-balais-outil-seulement\/#primaryimage\",\"url\":\"https:\/\/www.catpowertools.com\/wp-content\/uploads\/2021\/10\/dx41b-carousel-image-1.png\",\"contentUrl\":\"https:\/\/www.catpowertools.com\/wp-content\/uploads\/2021\/10\/dx41b-carousel-image-1.png\",\"width\":960,\"height\":525},{\"@type\":\"BreadcrumbList\",\"@id\":\"https:\/\/www.catpowertools.com\/fr\/produit\/outil-oscillant-multi-fonction-electroportatif-18v-sans-balais-outil-seulement\/#breadcrumb\",\"itemListElement\":[{\"@type\":\"ListItem\",\"position\":1,\"name\":\"Home\",\"item\":\"https:\/\/www.catpowertools.com\/fr\/\"},{\"@type\":\"ListItem\",\"position\":2,\"name\":\"Boutique\",\"item\":\"https:\/\/www.catpowertools.com\/shop\/\"},{\"@type\":\"ListItem\",\"position\":3,\"name\":\"OUTIL OSCILLANT MULTI-FONCTION \u00c9LECTROPORTATIF 18V SANS BALAIS &#8211; OUTIL SEULEMENT\"}]},{\"@type\":\"WebSite\",\"@id\":\"https:\/\/www.catpowertools.com\/fr\/#website\",\"url\":\"https:\/\/www.catpowertools.com\/fr\/\",\"name\":\"Cat Power Tools\",\"description\":\"Just another WordPress site\",\"potentialAction\":[{\"@type\":\"SearchAction\",\"target\":{\"@type\":\"EntryPoint\",\"urlTemplate\":\"https:\/\/www.catpowertools.com\/fr\/?s={search_term_string}\"},\"query-input\":{\"@type\":\"PropertyValueSpecification\",\"valueRequired\":true,\"valueName\":\"search_term_string\"}}],\"inLanguage\":\"fr-FR\"}]}<\/script>\n<!-- \/ Yoast SEO plugin. -->","yoast_head_json":{"title":"OUTIL OSCILLANT MULTI-FONCTION \u00c9LECTROPORTATIF 18V SANS BALAIS - OUTIL SEULEMENT - Cat Power Tools","robots":{"index":"index","follow":"follow","max-snippet":"max-snippet:-1","max-image-preview":"max-image-preview:large","max-video-preview":"max-video-preview:-1"},"canonical":"https:\/\/www.catpowertools.com\/fr\/produit\/outil-oscillant-multi-fonction-electroportatif-18v-sans-balais-outil-seulement\/","og_locale":"fr_FR","og_type":"article","og_title":"OUTIL OSCILLANT MULTI-FONCTION \u00c9LECTROPORTATIF 18V SANS BALAIS - OUTIL SEULEMENT - Cat Power Tools","og_description":"Cet outil multi-fonction oscillant sans balais de 18 V (OUTIL SEULEMENT) offre un rendement de 8000 \u00e0 19000 OPM dans une conception compact et l\u00e9g\u00e8re soit 3,75 lb-1.7 kg La fixation universelle de la lame accepte presque tous les types de lames oscillantes sur le march\u00e9 et la poign\u00e9e textur\u00e9e surmoul\u00e9e offre confort et contr\u00f4le. Cet outil est \u00e9galement dot\u00e9 d'un syst\u00e8me de changement de lame sans outil, d'un cadran \u00e0 vitesse variable et d'un \u00e9clairage DEL pour \u00e9clairer les zones sombres, ce qui facilite l'utilisation et le contr\u00f4le de toute application. Cette liste concerne uniquement l'outil et n'inclut pas de batterie ni de chargeur. Les outils \u00e9lectroportatifs Cat\u00ae sont couverts par une garantie de 3 ans.","og_url":"https:\/\/www.catpowertools.com\/fr\/produit\/outil-oscillant-multi-fonction-electroportatif-18v-sans-balais-outil-seulement\/","og_site_name":"Cat Power Tools","article_modified_time":"2022-03-21T14:30:41+00:00","og_image":[{"width":960,"height":525,"url":"https:\/\/www.catpowertools.com\/wp-content\/uploads\/2021\/10\/dx41b-carousel-image-1.png","type":"image\/png"}],"twitter_card":"summary_large_image","schema":{"@context":"https:\/\/schema.org","@graph":[{"@type":"WebPage","@id":"https:\/\/www.catpowertools.com\/fr\/produit\/outil-oscillant-multi-fonction-electroportatif-18v-sans-balais-outil-seulement\/","url":"https:\/\/www.catpowertools.com\/fr\/produit\/outil-oscillant-multi-fonction-electroportatif-18v-sans-balais-outil-seulement\/","name":"OUTIL OSCILLANT MULTI-FONCTION \u00c9LECTROPORTATIF 18V SANS BALAIS - OUTIL SEULEMENT - Cat Power Tools","isPartOf":{"@id":"https:\/\/www.catpowertools.com\/fr\/#website"},"primaryImageOfPage":{"@id":"https:\/\/www.catpowertools.com\/fr\/produit\/outil-oscillant-multi-fonction-electroportatif-18v-sans-balais-outil-seulement\/#primaryimage"},"image":{"@id":"https:\/\/www.catpowertools.com\/fr\/produit\/outil-oscillant-multi-fonction-electroportatif-18v-sans-balais-outil-seulement\/#primaryimage"},"thumbnailUrl":"https:\/\/www.catpowertools.com\/wp-content\/uploads\/2021\/10\/dx41b-carousel-image-1.png","datePublished":"2021-10-11T18:41:43+00:00","dateModified":"2022-03-21T14:30:41+00:00","breadcrumb":{"@id":"https:\/\/www.catpowertools.com\/fr\/produit\/outil-oscillant-multi-fonction-electroportatif-18v-sans-balais-outil-seulement\/#breadcrumb"},"inLanguage":"fr-FR","potentialAction":[{"@type":"ReadAction","target":["https:\/\/www.catpowertools.com\/fr\/produit\/outil-oscillant-multi-fonction-electroportatif-18v-sans-balais-outil-seulement\/"]}]},{"@type":"ImageObject","inLanguage":"fr-FR","@id":"https:\/\/www.catpowertools.com\/fr\/produit\/outil-oscillant-multi-fonction-electroportatif-18v-sans-balais-outil-seulement\/#primaryimage","url":"https:\/\/www.catpowertools.com\/wp-content\/uploads\/2021\/10\/dx41b-carousel-image-1.png","contentUrl":"https:\/\/www.catpowertools.com\/wp-content\/uploads\/2021\/10\/dx41b-carousel-image-1.png","width":960,"height":525},{"@type":"BreadcrumbList","@id":"https:\/\/www.catpowertools.com\/fr\/produit\/outil-oscillant-multi-fonction-electroportatif-18v-sans-balais-outil-seulement\/#breadcrumb","itemListElement":[{"@type":"ListItem","position":1,"name":"Home","item":"https:\/\/www.catpowertools.com\/fr\/"},{"@type":"ListItem","position":2,"name":"Boutique","item":"https:\/\/www.catpowertools.com\/shop\/"},{"@type":"ListItem","position":3,"name":"OUTIL OSCILLANT MULTI-FONCTION \u00c9LECTROPORTATIF 18V SANS BALAIS &#8211; OUTIL SEULEMENT"}]},{"@type":"WebSite","@id":"https:\/\/www.catpowertools.com\/fr\/#website","url":"https:\/\/www.catpowertools.com\/fr\/","name":"Cat Power Tools","description":"Just another WordPress site","potentialAction":[{"@type":"SearchAction","target":{"@type":"EntryPoint","urlTemplate":"https:\/\/www.catpowertools.com\/fr\/?s={search_term_string}"},"query-input":{"@type":"PropertyValueSpecification","valueRequired":true,"valueName":"search_term_string"}}],"inLanguage":"fr-FR"}]}},"_links":{"self":[{"href":"https:\/\/www.catpowertools.com\/fr\/wp-json\/wp\/v2\/product\/5066","targetHints":{"allow":["GET"]}}],"collection":[{"href":"https:\/\/www.catpowertools.com\/fr\/wp-json\/wp\/v2\/product"}],"about":[{"href":"https:\/\/www.catpowertools.com\/fr\/wp-json\/wp\/v2\/types\/product"}],"replies":[{"embeddable":true,"href":"https:\/\/www.catpowertools.com\/fr\/wp-json\/wp\/v2\/comments?post=5066"}],"wp:featuredmedia":[{"embeddable":true,"href":"https:\/\/www.catpowertools.com\/fr\/wp-json\/wp\/v2\/media\/2882"}],"wp:attachment":[{"href":"https:\/\/www.catpowertools.com\/fr\/wp-json\/wp\/v2\/media?parent=5066"}],"wp:term":[{"taxonomy":"product_brand","embeddable":true,"href":"https:\/\/www.catpowertools.com\/fr\/wp-json\/wp\/v2\/product_brand?post=5066"},{"taxonomy":"product_cat","embeddable":true,"href":"https:\/\/www.catpowertools.com\/fr\/wp-json\/wp\/v2\/product_cat?post=5066"},{"taxonomy":"product_tag","embeddable":true,"href":"https:\/\/www.catpowertools.com\/fr\/wp-json\/wp\/v2\/product_tag?post=5066"}],"curies":[{"name":"wp","href":"https:\/\/api.w.org\/{rel}","templated":true}]}}