{"id":5067,"date":"2021-10-11T14:43:14","date_gmt":"2021-10-11T18:43:14","guid":{"rendered":"https:\/\/www.catpowertools.com\/product\/scie-alternative-sans-fil-18v-sans-brosse\/"},"modified":"2022-03-18T14:55:59","modified_gmt":"2022-03-18T18:55:59","slug":"scie-sabre-18v-sans-brushless-cordless","status":"publish","type":"product","link":"https:\/\/www.catpowertools.com\/fr\/produit\/scie-sabre-18v-sans-brushless-cordless\/","title":{"rendered":"SCIE ALTERNATIVE \u00c9LECTROPORTATIVE 18V SANS BALAIS"},"content":{"rendered":"","protected":false},"excerpt":{"rendered":"<p>Cette scie alternative sans balai de 18V avec action orbitale offre une longueur de course de 1-3\/16po-30.2mm et 0-3,000 cse\/min pour traiter tous type de mat\u00e9riaux. Le serre lame sans outil pour le r\u00e9glage de la lame et la poign\u00e9e souple textur\u00e9e offrent une facilit\u00e9 d&rsquo;utilisation tandis que la bo\u00eeter d\u2019engrenage en aluminium offre la durabilit\u00e9 n\u00e9cessaire pour les applications les plus difficiles. Cette scie est livr\u00e9e avec une batterie Li-Ion de 4 Ah, un chargeur rapide de 4 A et le seul outil professionnel livr\u00e9 avec un coffret de rangement empilable. Les outils \u00e9lectroportatifs Cat\u00ae sont couverts par une garantie de 3 ans.<\/p>\n","protected":false},"featured_media":3018,"comment_status":"closed","ping_status":"closed","template":"","meta":{"_acf_changed":false},"product_brand":[],"product_cat":[202,234],"product_tag":[],"class_list":{"0":"post-5067","1":"product","2":"type-product","3":"status-publish","4":"has-post-thumbnail","6":"product_cat-outils-electriques-18v","7":"product_cat-scies","9":"first","10":"instock","11":"product-type-external"},"acf":[],"yoast_head":"<!-- This site is optimized with the Yoast SEO plugin v26.6 - https:\/\/yoast.com\/wordpress\/plugins\/seo\/ -->\n<title>SCIE ALTERNATIVE \u00c9LECTROPORTATIVE 18V SANS BALAIS - Cat Power Tools<\/title>\n<meta name=\"robots\" content=\"index, follow, max-snippet:-1, max-image-preview:large, max-video-preview:-1\" \/>\n<link rel=\"canonical\" href=\"https:\/\/www.catpowertools.com\/fr\/produit\/scie-sabre-18v-sans-brushless-cordless\/\" \/>\n<meta property=\"og:locale\" content=\"fr_FR\" \/>\n<meta property=\"og:type\" content=\"article\" \/>\n<meta property=\"og:title\" content=\"SCIE ALTERNATIVE \u00c9LECTROPORTATIVE 18V SANS BALAIS - Cat Power Tools\" \/>\n<meta property=\"og:description\" content=\"Cette scie alternative sans balai de 18V avec action orbitale offre une longueur de course de 1-3\/16po-30.2mm et 0-3,000 cse\/min pour traiter tous type de mat\u00e9riaux. Le serre lame sans outil pour le r\u00e9glage de la lame et la poign\u00e9e souple textur\u00e9e offrent une facilit\u00e9 d&#039;utilisation tandis que la bo\u00eeter d\u2019engrenage en aluminium offre la durabilit\u00e9 n\u00e9cessaire pour les applications les plus difficiles. Cette scie est livr\u00e9e avec une batterie Li-Ion de 4 Ah, un chargeur rapide de 4 A et le seul outil professionnel livr\u00e9 avec un coffret de rangement empilable. Les outils \u00e9lectroportatifs Cat\u00ae sont couverts par une garantie de 3 ans.\" \/>\n<meta property=\"og:url\" content=\"https:\/\/www.catpowertools.com\/fr\/produit\/scie-sabre-18v-sans-brushless-cordless\/\" \/>\n<meta property=\"og:site_name\" content=\"Cat Power Tools\" \/>\n<meta property=\"article:modified_time\" content=\"2022-03-18T18:55:59+00:00\" \/>\n<meta property=\"og:image\" content=\"https:\/\/www.catpowertools.com\/wp-content\/uploads\/2021\/10\/dx52-carousel-image-1.png\" \/>\n\t<meta property=\"og:image:width\" content=\"960\" \/>\n\t<meta property=\"og:image:height\" content=\"525\" \/>\n\t<meta property=\"og:image:type\" content=\"image\/png\" \/>\n<meta name=\"twitter:card\" content=\"summary_large_image\" \/>\n<script type=\"application\/ld+json\" class=\"yoast-schema-graph\">{\"@context\":\"https:\/\/schema.org\",\"@graph\":[{\"@type\":\"WebPage\",\"@id\":\"https:\/\/www.catpowertools.com\/fr\/produit\/scie-sabre-18v-sans-brushless-cordless\/\",\"url\":\"https:\/\/www.catpowertools.com\/fr\/produit\/scie-sabre-18v-sans-brushless-cordless\/\",\"name\":\"SCIE ALTERNATIVE \u00c9LECTROPORTATIVE 18V SANS BALAIS - Cat Power Tools\",\"isPartOf\":{\"@id\":\"https:\/\/www.catpowertools.com\/fr\/#website\"},\"primaryImageOfPage\":{\"@id\":\"https:\/\/www.catpowertools.com\/fr\/produit\/scie-sabre-18v-sans-brushless-cordless\/#primaryimage\"},\"image\":{\"@id\":\"https:\/\/www.catpowertools.com\/fr\/produit\/scie-sabre-18v-sans-brushless-cordless\/#primaryimage\"},\"thumbnailUrl\":\"https:\/\/www.catpowertools.com\/wp-content\/uploads\/2021\/10\/dx52-carousel-image-1.png\",\"datePublished\":\"2021-10-11T18:43:14+00:00\",\"dateModified\":\"2022-03-18T18:55:59+00:00\",\"breadcrumb\":{\"@id\":\"https:\/\/www.catpowertools.com\/fr\/produit\/scie-sabre-18v-sans-brushless-cordless\/#breadcrumb\"},\"inLanguage\":\"fr-FR\",\"potentialAction\":[{\"@type\":\"ReadAction\",\"target\":[\"https:\/\/www.catpowertools.com\/fr\/produit\/scie-sabre-18v-sans-brushless-cordless\/\"]}]},{\"@type\":\"ImageObject\",\"inLanguage\":\"fr-FR\",\"@id\":\"https:\/\/www.catpowertools.com\/fr\/produit\/scie-sabre-18v-sans-brushless-cordless\/#primaryimage\",\"url\":\"https:\/\/www.catpowertools.com\/wp-content\/uploads\/2021\/10\/dx52-carousel-image-1.png\",\"contentUrl\":\"https:\/\/www.catpowertools.com\/wp-content\/uploads\/2021\/10\/dx52-carousel-image-1.png\",\"width\":960,\"height\":525},{\"@type\":\"BreadcrumbList\",\"@id\":\"https:\/\/www.catpowertools.com\/fr\/produit\/scie-sabre-18v-sans-brushless-cordless\/#breadcrumb\",\"itemListElement\":[{\"@type\":\"ListItem\",\"position\":1,\"name\":\"Home\",\"item\":\"https:\/\/www.catpowertools.com\/fr\/\"},{\"@type\":\"ListItem\",\"position\":2,\"name\":\"Boutique\",\"item\":\"https:\/\/www.catpowertools.com\/shop\/\"},{\"@type\":\"ListItem\",\"position\":3,\"name\":\"SCIE ALTERNATIVE \u00c9LECTROPORTATIVE 18V SANS BALAIS\"}]},{\"@type\":\"WebSite\",\"@id\":\"https:\/\/www.catpowertools.com\/fr\/#website\",\"url\":\"https:\/\/www.catpowertools.com\/fr\/\",\"name\":\"Cat Power Tools\",\"description\":\"Just another WordPress site\",\"potentialAction\":[{\"@type\":\"SearchAction\",\"target\":{\"@type\":\"EntryPoint\",\"urlTemplate\":\"https:\/\/www.catpowertools.com\/fr\/?s={search_term_string}\"},\"query-input\":{\"@type\":\"PropertyValueSpecification\",\"valueRequired\":true,\"valueName\":\"search_term_string\"}}],\"inLanguage\":\"fr-FR\"}]}<\/script>\n<!-- \/ Yoast SEO plugin. -->","yoast_head_json":{"title":"SCIE ALTERNATIVE \u00c9LECTROPORTATIVE 18V SANS BALAIS - Cat Power Tools","robots":{"index":"index","follow":"follow","max-snippet":"max-snippet:-1","max-image-preview":"max-image-preview:large","max-video-preview":"max-video-preview:-1"},"canonical":"https:\/\/www.catpowertools.com\/fr\/produit\/scie-sabre-18v-sans-brushless-cordless\/","og_locale":"fr_FR","og_type":"article","og_title":"SCIE ALTERNATIVE \u00c9LECTROPORTATIVE 18V SANS BALAIS - Cat Power Tools","og_description":"Cette scie alternative sans balai de 18V avec action orbitale offre une longueur de course de 1-3\/16po-30.2mm et 0-3,000 cse\/min pour traiter tous type de mat\u00e9riaux. Le serre lame sans outil pour le r\u00e9glage de la lame et la poign\u00e9e souple textur\u00e9e offrent une facilit\u00e9 d'utilisation tandis que la bo\u00eeter d\u2019engrenage en aluminium offre la durabilit\u00e9 n\u00e9cessaire pour les applications les plus difficiles. Cette scie est livr\u00e9e avec une batterie Li-Ion de 4 Ah, un chargeur rapide de 4 A et le seul outil professionnel livr\u00e9 avec un coffret de rangement empilable. Les outils \u00e9lectroportatifs Cat\u00ae sont couverts par une garantie de 3 ans.","og_url":"https:\/\/www.catpowertools.com\/fr\/produit\/scie-sabre-18v-sans-brushless-cordless\/","og_site_name":"Cat Power Tools","article_modified_time":"2022-03-18T18:55:59+00:00","og_image":[{"width":960,"height":525,"url":"https:\/\/www.catpowertools.com\/wp-content\/uploads\/2021\/10\/dx52-carousel-image-1.png","type":"image\/png"}],"twitter_card":"summary_large_image","schema":{"@context":"https:\/\/schema.org","@graph":[{"@type":"WebPage","@id":"https:\/\/www.catpowertools.com\/fr\/produit\/scie-sabre-18v-sans-brushless-cordless\/","url":"https:\/\/www.catpowertools.com\/fr\/produit\/scie-sabre-18v-sans-brushless-cordless\/","name":"SCIE ALTERNATIVE \u00c9LECTROPORTATIVE 18V SANS BALAIS - Cat Power Tools","isPartOf":{"@id":"https:\/\/www.catpowertools.com\/fr\/#website"},"primaryImageOfPage":{"@id":"https:\/\/www.catpowertools.com\/fr\/produit\/scie-sabre-18v-sans-brushless-cordless\/#primaryimage"},"image":{"@id":"https:\/\/www.catpowertools.com\/fr\/produit\/scie-sabre-18v-sans-brushless-cordless\/#primaryimage"},"thumbnailUrl":"https:\/\/www.catpowertools.com\/wp-content\/uploads\/2021\/10\/dx52-carousel-image-1.png","datePublished":"2021-10-11T18:43:14+00:00","dateModified":"2022-03-18T18:55:59+00:00","breadcrumb":{"@id":"https:\/\/www.catpowertools.com\/fr\/produit\/scie-sabre-18v-sans-brushless-cordless\/#breadcrumb"},"inLanguage":"fr-FR","potentialAction":[{"@type":"ReadAction","target":["https:\/\/www.catpowertools.com\/fr\/produit\/scie-sabre-18v-sans-brushless-cordless\/"]}]},{"@type":"ImageObject","inLanguage":"fr-FR","@id":"https:\/\/www.catpowertools.com\/fr\/produit\/scie-sabre-18v-sans-brushless-cordless\/#primaryimage","url":"https:\/\/www.catpowertools.com\/wp-content\/uploads\/2021\/10\/dx52-carousel-image-1.png","contentUrl":"https:\/\/www.catpowertools.com\/wp-content\/uploads\/2021\/10\/dx52-carousel-image-1.png","width":960,"height":525},{"@type":"BreadcrumbList","@id":"https:\/\/www.catpowertools.com\/fr\/produit\/scie-sabre-18v-sans-brushless-cordless\/#breadcrumb","itemListElement":[{"@type":"ListItem","position":1,"name":"Home","item":"https:\/\/www.catpowertools.com\/fr\/"},{"@type":"ListItem","position":2,"name":"Boutique","item":"https:\/\/www.catpowertools.com\/shop\/"},{"@type":"ListItem","position":3,"name":"SCIE ALTERNATIVE \u00c9LECTROPORTATIVE 18V SANS BALAIS"}]},{"@type":"WebSite","@id":"https:\/\/www.catpowertools.com\/fr\/#website","url":"https:\/\/www.catpowertools.com\/fr\/","name":"Cat Power Tools","description":"Just another WordPress site","potentialAction":[{"@type":"SearchAction","target":{"@type":"EntryPoint","urlTemplate":"https:\/\/www.catpowertools.com\/fr\/?s={search_term_string}"},"query-input":{"@type":"PropertyValueSpecification","valueRequired":true,"valueName":"search_term_string"}}],"inLanguage":"fr-FR"}]}},"_links":{"self":[{"href":"https:\/\/www.catpowertools.com\/fr\/wp-json\/wp\/v2\/product\/5067","targetHints":{"allow":["GET"]}}],"collection":[{"href":"https:\/\/www.catpowertools.com\/fr\/wp-json\/wp\/v2\/product"}],"about":[{"href":"https:\/\/www.catpowertools.com\/fr\/wp-json\/wp\/v2\/types\/product"}],"replies":[{"embeddable":true,"href":"https:\/\/www.catpowertools.com\/fr\/wp-json\/wp\/v2\/comments?post=5067"}],"wp:featuredmedia":[{"embeddable":true,"href":"https:\/\/www.catpowertools.com\/fr\/wp-json\/wp\/v2\/media\/3018"}],"wp:attachment":[{"href":"https:\/\/www.catpowertools.com\/fr\/wp-json\/wp\/v2\/media?parent=5067"}],"wp:term":[{"taxonomy":"product_brand","embeddable":true,"href":"https:\/\/www.catpowertools.com\/fr\/wp-json\/wp\/v2\/product_brand?post=5067"},{"taxonomy":"product_cat","embeddable":true,"href":"https:\/\/www.catpowertools.com\/fr\/wp-json\/wp\/v2\/product_cat?post=5067"},{"taxonomy":"product_tag","embeddable":true,"href":"https:\/\/www.catpowertools.com\/fr\/wp-json\/wp\/v2\/product_tag?post=5067"}],"curies":[{"name":"wp","href":"https:\/\/api.w.org\/{rel}","templated":true}]}}