{"id":5068,"date":"2021-10-11T14:41:43","date_gmt":"2021-10-11T18:41:43","guid":{"rendered":"https:\/\/www.catpowertools.com\/product\/18v-4ah-1-pour-toute-batterie\/"},"modified":"2022-02-08T15:50:22","modified_gmt":"2022-02-08T20:50:22","slug":"18v-1-for-all-battery-4ah-2","status":"publish","type":"product","link":"https:\/\/www.catpowertools.com\/fr\/produit\/18v-1-for-all-battery-4ah-2\/","title":{"rendered":"18V 4AH 1 POUR TOUTE BATTERIE"},"content":{"rendered":"","protected":false},"excerpt":{"rendered":"<p>Cette batterie 18V 4.0Ah 1 For All fonctionne avec tous les outils \u00e9lectriques 18V Cat\u00ae. Les 4 amp\u00e8res-heures offrent des dur\u00e9es de fonctionnement plus longues que les batteries standard. La communication entre la batterie et l&rsquo;outil optimise les performances pour toutes les applications. La jauge de carburant \u00e0 LED fournit un retour imm\u00e9diat sur l&rsquo;\u00e9tat de charge. Les batteries 18V Cat\u00ae sont couvertes par une garantie de 3 ans.<\/p>\n","protected":false},"featured_media":2810,"comment_status":"closed","ping_status":"closed","template":"","meta":{"_acf_changed":false},"product_brand":[],"product_cat":[199],"product_tag":[],"class_list":{"0":"post-5068","1":"product","2":"type-product","3":"status-publish","4":"has-post-thumbnail","6":"product_cat-batteries-18v","8":"first","9":"instock","10":"product-type-external"},"acf":[],"yoast_head":"<!-- This site is optimized with the Yoast SEO plugin v26.6 - https:\/\/yoast.com\/wordpress\/plugins\/seo\/ -->\n<title>18V 4AH 1 POUR TOUTE BATTERIE - Cat Power Tools<\/title>\n<meta name=\"robots\" content=\"index, follow, max-snippet:-1, max-image-preview:large, max-video-preview:-1\" \/>\n<link rel=\"canonical\" href=\"https:\/\/www.catpowertools.com\/fr\/produit\/18v-1-for-all-battery-4ah-2\/\" \/>\n<meta property=\"og:locale\" content=\"fr_FR\" \/>\n<meta property=\"og:type\" content=\"article\" \/>\n<meta property=\"og:title\" content=\"18V 4AH 1 POUR TOUTE BATTERIE - Cat Power Tools\" \/>\n<meta property=\"og:description\" content=\"Cette batterie 18V 4.0Ah 1 For All fonctionne avec tous les outils \u00e9lectriques 18V Cat\u00ae. Les 4 amp\u00e8res-heures offrent des dur\u00e9es de fonctionnement plus longues que les batteries standard. La communication entre la batterie et l&#039;outil optimise les performances pour toutes les applications. La jauge de carburant \u00e0 LED fournit un retour imm\u00e9diat sur l&#039;\u00e9tat de charge. Les batteries 18V Cat\u00ae sont couvertes par une garantie de 3 ans.\" \/>\n<meta property=\"og:url\" content=\"https:\/\/www.catpowertools.com\/fr\/produit\/18v-1-for-all-battery-4ah-2\/\" \/>\n<meta property=\"og:site_name\" content=\"Cat Power Tools\" \/>\n<meta property=\"article:modified_time\" content=\"2022-02-08T20:50:22+00:00\" \/>\n<meta property=\"og:image\" content=\"https:\/\/www.catpowertools.com\/wp-content\/uploads\/2021\/10\/dxb4-carousel-image-1.png\" \/>\n\t<meta property=\"og:image:width\" content=\"960\" \/>\n\t<meta property=\"og:image:height\" content=\"525\" \/>\n\t<meta property=\"og:image:type\" content=\"image\/png\" \/>\n<meta name=\"twitter:card\" content=\"summary_large_image\" \/>\n<script type=\"application\/ld+json\" class=\"yoast-schema-graph\">{\"@context\":\"https:\/\/schema.org\",\"@graph\":[{\"@type\":\"WebPage\",\"@id\":\"https:\/\/www.catpowertools.com\/fr\/produit\/18v-1-for-all-battery-4ah-2\/\",\"url\":\"https:\/\/www.catpowertools.com\/fr\/produit\/18v-1-for-all-battery-4ah-2\/\",\"name\":\"18V 4AH 1 POUR TOUTE BATTERIE - Cat Power Tools\",\"isPartOf\":{\"@id\":\"https:\/\/www.catpowertools.com\/fr\/#website\"},\"primaryImageOfPage\":{\"@id\":\"https:\/\/www.catpowertools.com\/fr\/produit\/18v-1-for-all-battery-4ah-2\/#primaryimage\"},\"image\":{\"@id\":\"https:\/\/www.catpowertools.com\/fr\/produit\/18v-1-for-all-battery-4ah-2\/#primaryimage\"},\"thumbnailUrl\":\"https:\/\/www.catpowertools.com\/wp-content\/uploads\/2021\/10\/dxb4-carousel-image-1.png\",\"datePublished\":\"2021-10-11T18:41:43+00:00\",\"dateModified\":\"2022-02-08T20:50:22+00:00\",\"breadcrumb\":{\"@id\":\"https:\/\/www.catpowertools.com\/fr\/produit\/18v-1-for-all-battery-4ah-2\/#breadcrumb\"},\"inLanguage\":\"fr-FR\",\"potentialAction\":[{\"@type\":\"ReadAction\",\"target\":[\"https:\/\/www.catpowertools.com\/fr\/produit\/18v-1-for-all-battery-4ah-2\/\"]}]},{\"@type\":\"ImageObject\",\"inLanguage\":\"fr-FR\",\"@id\":\"https:\/\/www.catpowertools.com\/fr\/produit\/18v-1-for-all-battery-4ah-2\/#primaryimage\",\"url\":\"https:\/\/www.catpowertools.com\/wp-content\/uploads\/2021\/10\/dxb4-carousel-image-1.png\",\"contentUrl\":\"https:\/\/www.catpowertools.com\/wp-content\/uploads\/2021\/10\/dxb4-carousel-image-1.png\",\"width\":960,\"height\":525},{\"@type\":\"BreadcrumbList\",\"@id\":\"https:\/\/www.catpowertools.com\/fr\/produit\/18v-1-for-all-battery-4ah-2\/#breadcrumb\",\"itemListElement\":[{\"@type\":\"ListItem\",\"position\":1,\"name\":\"Home\",\"item\":\"https:\/\/www.catpowertools.com\/fr\/\"},{\"@type\":\"ListItem\",\"position\":2,\"name\":\"Boutique\",\"item\":\"https:\/\/www.catpowertools.com\/shop\/\"},{\"@type\":\"ListItem\",\"position\":3,\"name\":\"18V 4AH 1 POUR TOUTE BATTERIE\"}]},{\"@type\":\"WebSite\",\"@id\":\"https:\/\/www.catpowertools.com\/fr\/#website\",\"url\":\"https:\/\/www.catpowertools.com\/fr\/\",\"name\":\"Cat Power Tools\",\"description\":\"Just another WordPress site\",\"potentialAction\":[{\"@type\":\"SearchAction\",\"target\":{\"@type\":\"EntryPoint\",\"urlTemplate\":\"https:\/\/www.catpowertools.com\/fr\/?s={search_term_string}\"},\"query-input\":{\"@type\":\"PropertyValueSpecification\",\"valueRequired\":true,\"valueName\":\"search_term_string\"}}],\"inLanguage\":\"fr-FR\"}]}<\/script>\n<!-- \/ Yoast SEO plugin. -->","yoast_head_json":{"title":"18V 4AH 1 POUR TOUTE BATTERIE - Cat Power Tools","robots":{"index":"index","follow":"follow","max-snippet":"max-snippet:-1","max-image-preview":"max-image-preview:large","max-video-preview":"max-video-preview:-1"},"canonical":"https:\/\/www.catpowertools.com\/fr\/produit\/18v-1-for-all-battery-4ah-2\/","og_locale":"fr_FR","og_type":"article","og_title":"18V 4AH 1 POUR TOUTE BATTERIE - Cat Power Tools","og_description":"Cette batterie 18V 4.0Ah 1 For All fonctionne avec tous les outils \u00e9lectriques 18V Cat\u00ae. Les 4 amp\u00e8res-heures offrent des dur\u00e9es de fonctionnement plus longues que les batteries standard. La communication entre la batterie et l'outil optimise les performances pour toutes les applications. La jauge de carburant \u00e0 LED fournit un retour imm\u00e9diat sur l'\u00e9tat de charge. Les batteries 18V Cat\u00ae sont couvertes par une garantie de 3 ans.","og_url":"https:\/\/www.catpowertools.com\/fr\/produit\/18v-1-for-all-battery-4ah-2\/","og_site_name":"Cat Power Tools","article_modified_time":"2022-02-08T20:50:22+00:00","og_image":[{"width":960,"height":525,"url":"https:\/\/www.catpowertools.com\/wp-content\/uploads\/2021\/10\/dxb4-carousel-image-1.png","type":"image\/png"}],"twitter_card":"summary_large_image","schema":{"@context":"https:\/\/schema.org","@graph":[{"@type":"WebPage","@id":"https:\/\/www.catpowertools.com\/fr\/produit\/18v-1-for-all-battery-4ah-2\/","url":"https:\/\/www.catpowertools.com\/fr\/produit\/18v-1-for-all-battery-4ah-2\/","name":"18V 4AH 1 POUR TOUTE BATTERIE - Cat Power Tools","isPartOf":{"@id":"https:\/\/www.catpowertools.com\/fr\/#website"},"primaryImageOfPage":{"@id":"https:\/\/www.catpowertools.com\/fr\/produit\/18v-1-for-all-battery-4ah-2\/#primaryimage"},"image":{"@id":"https:\/\/www.catpowertools.com\/fr\/produit\/18v-1-for-all-battery-4ah-2\/#primaryimage"},"thumbnailUrl":"https:\/\/www.catpowertools.com\/wp-content\/uploads\/2021\/10\/dxb4-carousel-image-1.png","datePublished":"2021-10-11T18:41:43+00:00","dateModified":"2022-02-08T20:50:22+00:00","breadcrumb":{"@id":"https:\/\/www.catpowertools.com\/fr\/produit\/18v-1-for-all-battery-4ah-2\/#breadcrumb"},"inLanguage":"fr-FR","potentialAction":[{"@type":"ReadAction","target":["https:\/\/www.catpowertools.com\/fr\/produit\/18v-1-for-all-battery-4ah-2\/"]}]},{"@type":"ImageObject","inLanguage":"fr-FR","@id":"https:\/\/www.catpowertools.com\/fr\/produit\/18v-1-for-all-battery-4ah-2\/#primaryimage","url":"https:\/\/www.catpowertools.com\/wp-content\/uploads\/2021\/10\/dxb4-carousel-image-1.png","contentUrl":"https:\/\/www.catpowertools.com\/wp-content\/uploads\/2021\/10\/dxb4-carousel-image-1.png","width":960,"height":525},{"@type":"BreadcrumbList","@id":"https:\/\/www.catpowertools.com\/fr\/produit\/18v-1-for-all-battery-4ah-2\/#breadcrumb","itemListElement":[{"@type":"ListItem","position":1,"name":"Home","item":"https:\/\/www.catpowertools.com\/fr\/"},{"@type":"ListItem","position":2,"name":"Boutique","item":"https:\/\/www.catpowertools.com\/shop\/"},{"@type":"ListItem","position":3,"name":"18V 4AH 1 POUR TOUTE BATTERIE"}]},{"@type":"WebSite","@id":"https:\/\/www.catpowertools.com\/fr\/#website","url":"https:\/\/www.catpowertools.com\/fr\/","name":"Cat Power Tools","description":"Just another WordPress site","potentialAction":[{"@type":"SearchAction","target":{"@type":"EntryPoint","urlTemplate":"https:\/\/www.catpowertools.com\/fr\/?s={search_term_string}"},"query-input":{"@type":"PropertyValueSpecification","valueRequired":true,"valueName":"search_term_string"}}],"inLanguage":"fr-FR"}]}},"_links":{"self":[{"href":"https:\/\/www.catpowertools.com\/fr\/wp-json\/wp\/v2\/product\/5068","targetHints":{"allow":["GET"]}}],"collection":[{"href":"https:\/\/www.catpowertools.com\/fr\/wp-json\/wp\/v2\/product"}],"about":[{"href":"https:\/\/www.catpowertools.com\/fr\/wp-json\/wp\/v2\/types\/product"}],"replies":[{"embeddable":true,"href":"https:\/\/www.catpowertools.com\/fr\/wp-json\/wp\/v2\/comments?post=5068"}],"wp:featuredmedia":[{"embeddable":true,"href":"https:\/\/www.catpowertools.com\/fr\/wp-json\/wp\/v2\/media\/2810"}],"wp:attachment":[{"href":"https:\/\/www.catpowertools.com\/fr\/wp-json\/wp\/v2\/media?parent=5068"}],"wp:term":[{"taxonomy":"product_brand","embeddable":true,"href":"https:\/\/www.catpowertools.com\/fr\/wp-json\/wp\/v2\/product_brand?post=5068"},{"taxonomy":"product_cat","embeddable":true,"href":"https:\/\/www.catpowertools.com\/fr\/wp-json\/wp\/v2\/product_cat?post=5068"},{"taxonomy":"product_tag","embeddable":true,"href":"https:\/\/www.catpowertools.com\/fr\/wp-json\/wp\/v2\/product_tag?post=5068"}],"curies":[{"name":"wp","href":"https:\/\/api.w.org\/{rel}","templated":true}]}}