{"id":5073,"date":"2021-10-11T14:41:43","date_gmt":"2021-10-11T18:41:43","guid":{"rendered":"https:\/\/www.catpowertools.com\/product\/perceuse-visseuse-1-2-sans-balai-18v-avec-deux-batteries\/"},"modified":"2022-03-18T15:19:28","modified_gmt":"2022-03-18T19:19:28","slug":"18v-brushless-1-2-hammer-drill-with-two-batteries","status":"publish","type":"product","link":"https:\/\/www.catpowertools.com\/fr\/produit\/18v-brushless-1-2-hammer-drill-with-two-batteries\/","title":{"rendered":"PERCEUSE-VISSEUSE \u00bd po-12.7mm SANS BALAIS 18V AVEC DEUX BATTERIES"},"content":{"rendered":"","protected":false},"excerpt":{"rendered":"<p>Cette perceuse\/visseuse 18 V sans balais de 1\/2 po-12.7mm est con\u00e7ue pour le chantier avec une bo\u00eete d\u2019engrenage \u00e0 2 vitesses offrant un couple de 600 lb\/po \u00e0 0-600 tr\/min et 0-2 000 tr\/min. Mandrin \u00e0 cliquet enti\u00e8rement m\u00e9tallique de 1\/2 po-12.7mm pour une meilleure r\u00e9tention des embouts, une lumi\u00e8re DEL pour \u00e9clairer les zones plus sombres et une poign\u00e9e ergonomique \u00e0 prise souple pour une sensation \u00e9quilibr\u00e9e. Sont inclus (2) batteries de 2,0 Ah, un chargeur rapide de 4 A, une attache de ceinture amovible et les seuls outils professionnels fournis avec un coffret de rangement empilable. Les outils \u00e9lectroportatifs Cat\u00ae sont couverts par une garantie de 3 ans.<\/p>\n","protected":false},"featured_media":2382,"comment_status":"closed","ping_status":"closed","template":"","meta":{"_acf_changed":false},"product_brand":[],"product_cat":[202,214],"product_tag":[],"class_list":{"0":"post-5073","1":"product","2":"type-product","3":"status-publish","4":"has-post-thumbnail","6":"product_cat-outils-electriques-18v","7":"product_cat-18v-percage","9":"first","10":"instock","11":"product-type-external"},"acf":[],"yoast_head":"<!-- This site is optimized with the Yoast SEO plugin v26.6 - https:\/\/yoast.com\/wordpress\/plugins\/seo\/ -->\n<title>PERCEUSE-VISSEUSE \u00bd po-12.7mm SANS BALAIS 18V AVEC DEUX BATTERIES - Cat Power Tools<\/title>\n<meta name=\"robots\" content=\"index, follow, max-snippet:-1, max-image-preview:large, max-video-preview:-1\" \/>\n<link rel=\"canonical\" href=\"https:\/\/www.catpowertools.com\/fr\/produit\/18v-brushless-1-2-hammer-drill-with-two-batteries\/\" \/>\n<meta property=\"og:locale\" content=\"fr_FR\" \/>\n<meta property=\"og:type\" content=\"article\" \/>\n<meta property=\"og:title\" content=\"PERCEUSE-VISSEUSE \u00bd po-12.7mm SANS BALAIS 18V AVEC DEUX BATTERIES - Cat Power Tools\" \/>\n<meta property=\"og:description\" content=\"Cette perceuse\/visseuse 18 V sans balais de 1\/2 po-12.7mm est con\u00e7ue pour le chantier avec une bo\u00eete d\u2019engrenage \u00e0 2 vitesses offrant un couple de 600 lb\/po \u00e0 0-600 tr\/min et 0-2 000 tr\/min. Mandrin \u00e0 cliquet enti\u00e8rement m\u00e9tallique de 1\/2 po-12.7mm pour une meilleure r\u00e9tention des embouts, une lumi\u00e8re DEL pour \u00e9clairer les zones plus sombres et une poign\u00e9e ergonomique \u00e0 prise souple pour une sensation \u00e9quilibr\u00e9e. Sont inclus (2) batteries de 2,0 Ah, un chargeur rapide de 4 A, une attache de ceinture amovible et les seuls outils professionnels fournis avec un coffret de rangement empilable. Les outils \u00e9lectroportatifs Cat\u00ae sont couverts par une garantie de 3 ans.\" \/>\n<meta property=\"og:url\" content=\"https:\/\/www.catpowertools.com\/fr\/produit\/18v-brushless-1-2-hammer-drill-with-two-batteries\/\" \/>\n<meta property=\"og:site_name\" content=\"Cat Power Tools\" \/>\n<meta property=\"article:modified_time\" content=\"2022-03-18T19:19:28+00:00\" \/>\n<meta property=\"og:image\" content=\"https:\/\/www.catpowertools.com\/wp-content\/uploads\/2021\/10\/dx11-carousel-image-1.png\" \/>\n\t<meta property=\"og:image:width\" content=\"960\" \/>\n\t<meta property=\"og:image:height\" content=\"525\" \/>\n\t<meta property=\"og:image:type\" content=\"image\/png\" \/>\n<meta name=\"twitter:card\" content=\"summary_large_image\" \/>\n<script type=\"application\/ld+json\" class=\"yoast-schema-graph\">{\"@context\":\"https:\/\/schema.org\",\"@graph\":[{\"@type\":\"WebPage\",\"@id\":\"https:\/\/www.catpowertools.com\/fr\/produit\/18v-brushless-1-2-hammer-drill-with-two-batteries\/\",\"url\":\"https:\/\/www.catpowertools.com\/fr\/produit\/18v-brushless-1-2-hammer-drill-with-two-batteries\/\",\"name\":\"PERCEUSE-VISSEUSE \u00bd po-12.7mm SANS BALAIS 18V AVEC DEUX BATTERIES - Cat Power Tools\",\"isPartOf\":{\"@id\":\"https:\/\/www.catpowertools.com\/fr\/#website\"},\"primaryImageOfPage\":{\"@id\":\"https:\/\/www.catpowertools.com\/fr\/produit\/18v-brushless-1-2-hammer-drill-with-two-batteries\/#primaryimage\"},\"image\":{\"@id\":\"https:\/\/www.catpowertools.com\/fr\/produit\/18v-brushless-1-2-hammer-drill-with-two-batteries\/#primaryimage\"},\"thumbnailUrl\":\"https:\/\/www.catpowertools.com\/wp-content\/uploads\/2021\/10\/dx11-carousel-image-1.png\",\"datePublished\":\"2021-10-11T18:41:43+00:00\",\"dateModified\":\"2022-03-18T19:19:28+00:00\",\"breadcrumb\":{\"@id\":\"https:\/\/www.catpowertools.com\/fr\/produit\/18v-brushless-1-2-hammer-drill-with-two-batteries\/#breadcrumb\"},\"inLanguage\":\"fr-FR\",\"potentialAction\":[{\"@type\":\"ReadAction\",\"target\":[\"https:\/\/www.catpowertools.com\/fr\/produit\/18v-brushless-1-2-hammer-drill-with-two-batteries\/\"]}]},{\"@type\":\"ImageObject\",\"inLanguage\":\"fr-FR\",\"@id\":\"https:\/\/www.catpowertools.com\/fr\/produit\/18v-brushless-1-2-hammer-drill-with-two-batteries\/#primaryimage\",\"url\":\"https:\/\/www.catpowertools.com\/wp-content\/uploads\/2021\/10\/dx11-carousel-image-1.png\",\"contentUrl\":\"https:\/\/www.catpowertools.com\/wp-content\/uploads\/2021\/10\/dx11-carousel-image-1.png\",\"width\":960,\"height\":525},{\"@type\":\"BreadcrumbList\",\"@id\":\"https:\/\/www.catpowertools.com\/fr\/produit\/18v-brushless-1-2-hammer-drill-with-two-batteries\/#breadcrumb\",\"itemListElement\":[{\"@type\":\"ListItem\",\"position\":1,\"name\":\"Home\",\"item\":\"https:\/\/www.catpowertools.com\/fr\/\"},{\"@type\":\"ListItem\",\"position\":2,\"name\":\"Boutique\",\"item\":\"https:\/\/www.catpowertools.com\/shop\/\"},{\"@type\":\"ListItem\",\"position\":3,\"name\":\"PERCEUSE-VISSEUSE \u00bd po-12.7mm SANS BALAIS 18V AVEC DEUX BATTERIES\"}]},{\"@type\":\"WebSite\",\"@id\":\"https:\/\/www.catpowertools.com\/fr\/#website\",\"url\":\"https:\/\/www.catpowertools.com\/fr\/\",\"name\":\"Cat Power Tools\",\"description\":\"Just another WordPress site\",\"potentialAction\":[{\"@type\":\"SearchAction\",\"target\":{\"@type\":\"EntryPoint\",\"urlTemplate\":\"https:\/\/www.catpowertools.com\/fr\/?s={search_term_string}\"},\"query-input\":{\"@type\":\"PropertyValueSpecification\",\"valueRequired\":true,\"valueName\":\"search_term_string\"}}],\"inLanguage\":\"fr-FR\"}]}<\/script>\n<!-- \/ Yoast SEO plugin. -->","yoast_head_json":{"title":"PERCEUSE-VISSEUSE \u00bd po-12.7mm SANS BALAIS 18V AVEC DEUX BATTERIES - Cat Power Tools","robots":{"index":"index","follow":"follow","max-snippet":"max-snippet:-1","max-image-preview":"max-image-preview:large","max-video-preview":"max-video-preview:-1"},"canonical":"https:\/\/www.catpowertools.com\/fr\/produit\/18v-brushless-1-2-hammer-drill-with-two-batteries\/","og_locale":"fr_FR","og_type":"article","og_title":"PERCEUSE-VISSEUSE \u00bd po-12.7mm SANS BALAIS 18V AVEC DEUX BATTERIES - Cat Power Tools","og_description":"Cette perceuse\/visseuse 18 V sans balais de 1\/2 po-12.7mm est con\u00e7ue pour le chantier avec une bo\u00eete d\u2019engrenage \u00e0 2 vitesses offrant un couple de 600 lb\/po \u00e0 0-600 tr\/min et 0-2 000 tr\/min. Mandrin \u00e0 cliquet enti\u00e8rement m\u00e9tallique de 1\/2 po-12.7mm pour une meilleure r\u00e9tention des embouts, une lumi\u00e8re DEL pour \u00e9clairer les zones plus sombres et une poign\u00e9e ergonomique \u00e0 prise souple pour une sensation \u00e9quilibr\u00e9e. Sont inclus (2) batteries de 2,0 Ah, un chargeur rapide de 4 A, une attache de ceinture amovible et les seuls outils professionnels fournis avec un coffret de rangement empilable. Les outils \u00e9lectroportatifs Cat\u00ae sont couverts par une garantie de 3 ans.","og_url":"https:\/\/www.catpowertools.com\/fr\/produit\/18v-brushless-1-2-hammer-drill-with-two-batteries\/","og_site_name":"Cat Power Tools","article_modified_time":"2022-03-18T19:19:28+00:00","og_image":[{"width":960,"height":525,"url":"https:\/\/www.catpowertools.com\/wp-content\/uploads\/2021\/10\/dx11-carousel-image-1.png","type":"image\/png"}],"twitter_card":"summary_large_image","schema":{"@context":"https:\/\/schema.org","@graph":[{"@type":"WebPage","@id":"https:\/\/www.catpowertools.com\/fr\/produit\/18v-brushless-1-2-hammer-drill-with-two-batteries\/","url":"https:\/\/www.catpowertools.com\/fr\/produit\/18v-brushless-1-2-hammer-drill-with-two-batteries\/","name":"PERCEUSE-VISSEUSE \u00bd po-12.7mm SANS BALAIS 18V AVEC DEUX BATTERIES - Cat Power Tools","isPartOf":{"@id":"https:\/\/www.catpowertools.com\/fr\/#website"},"primaryImageOfPage":{"@id":"https:\/\/www.catpowertools.com\/fr\/produit\/18v-brushless-1-2-hammer-drill-with-two-batteries\/#primaryimage"},"image":{"@id":"https:\/\/www.catpowertools.com\/fr\/produit\/18v-brushless-1-2-hammer-drill-with-two-batteries\/#primaryimage"},"thumbnailUrl":"https:\/\/www.catpowertools.com\/wp-content\/uploads\/2021\/10\/dx11-carousel-image-1.png","datePublished":"2021-10-11T18:41:43+00:00","dateModified":"2022-03-18T19:19:28+00:00","breadcrumb":{"@id":"https:\/\/www.catpowertools.com\/fr\/produit\/18v-brushless-1-2-hammer-drill-with-two-batteries\/#breadcrumb"},"inLanguage":"fr-FR","potentialAction":[{"@type":"ReadAction","target":["https:\/\/www.catpowertools.com\/fr\/produit\/18v-brushless-1-2-hammer-drill-with-two-batteries\/"]}]},{"@type":"ImageObject","inLanguage":"fr-FR","@id":"https:\/\/www.catpowertools.com\/fr\/produit\/18v-brushless-1-2-hammer-drill-with-two-batteries\/#primaryimage","url":"https:\/\/www.catpowertools.com\/wp-content\/uploads\/2021\/10\/dx11-carousel-image-1.png","contentUrl":"https:\/\/www.catpowertools.com\/wp-content\/uploads\/2021\/10\/dx11-carousel-image-1.png","width":960,"height":525},{"@type":"BreadcrumbList","@id":"https:\/\/www.catpowertools.com\/fr\/produit\/18v-brushless-1-2-hammer-drill-with-two-batteries\/#breadcrumb","itemListElement":[{"@type":"ListItem","position":1,"name":"Home","item":"https:\/\/www.catpowertools.com\/fr\/"},{"@type":"ListItem","position":2,"name":"Boutique","item":"https:\/\/www.catpowertools.com\/shop\/"},{"@type":"ListItem","position":3,"name":"PERCEUSE-VISSEUSE \u00bd po-12.7mm SANS BALAIS 18V AVEC DEUX BATTERIES"}]},{"@type":"WebSite","@id":"https:\/\/www.catpowertools.com\/fr\/#website","url":"https:\/\/www.catpowertools.com\/fr\/","name":"Cat Power Tools","description":"Just another WordPress site","potentialAction":[{"@type":"SearchAction","target":{"@type":"EntryPoint","urlTemplate":"https:\/\/www.catpowertools.com\/fr\/?s={search_term_string}"},"query-input":{"@type":"PropertyValueSpecification","valueRequired":true,"valueName":"search_term_string"}}],"inLanguage":"fr-FR"}]}},"_links":{"self":[{"href":"https:\/\/www.catpowertools.com\/fr\/wp-json\/wp\/v2\/product\/5073","targetHints":{"allow":["GET"]}}],"collection":[{"href":"https:\/\/www.catpowertools.com\/fr\/wp-json\/wp\/v2\/product"}],"about":[{"href":"https:\/\/www.catpowertools.com\/fr\/wp-json\/wp\/v2\/types\/product"}],"replies":[{"embeddable":true,"href":"https:\/\/www.catpowertools.com\/fr\/wp-json\/wp\/v2\/comments?post=5073"}],"wp:featuredmedia":[{"embeddable":true,"href":"https:\/\/www.catpowertools.com\/fr\/wp-json\/wp\/v2\/media\/2382"}],"wp:attachment":[{"href":"https:\/\/www.catpowertools.com\/fr\/wp-json\/wp\/v2\/media?parent=5073"}],"wp:term":[{"taxonomy":"product_brand","embeddable":true,"href":"https:\/\/www.catpowertools.com\/fr\/wp-json\/wp\/v2\/product_brand?post=5073"},{"taxonomy":"product_cat","embeddable":true,"href":"https:\/\/www.catpowertools.com\/fr\/wp-json\/wp\/v2\/product_cat?post=5073"},{"taxonomy":"product_tag","embeddable":true,"href":"https:\/\/www.catpowertools.com\/fr\/wp-json\/wp\/v2\/product_tag?post=5073"}],"curies":[{"name":"wp","href":"https:\/\/api.w.org\/{rel}","templated":true}]}}