{"id":5078,"date":"2021-10-11T14:41:43","date_gmt":"2021-10-11T18:41:43","guid":{"rendered":"https:\/\/www.catpowertools.com\/product\/ponceuse-1-4-de-feuille-a-fil-24a\/"},"modified":"2022-03-17T15:27:20","modified_gmt":"2022-03-17T19:27:20","slug":"2-4a-corded-1-4-sheet-sander","status":"publish","type":"product","link":"https:\/\/www.catpowertools.com\/fr\/produit\/2-4a-corded-1-4-sheet-sander\/","title":{"rendered":"PONCEUSE 1\/4 DE FEUILLE \u00c9LECTRIQUE 2,4A"},"content":{"rendered":"","protected":false},"excerpt":{"rendered":"<p>Cette ponceuse 1\/4 feuille avec s\u00e9parateur cyclonique de poussi\u00e8re et d&rsquo;air garde votre surface de travail propre sans perte d&rsquo;aspiration tout en fournissant 14 000 OPM pour tout projet de pon\u00e7age. La fixation universelle du papier \u00e0 boucles et crochets permet de changer rapidement de papier de verre. Les outils \u00e9lectriques Cat\u00ae sont couverts par une garantie de 3 ans.<\/p>\n","protected":false},"featured_media":2707,"comment_status":"closed","ping_status":"closed","template":"","meta":{"_acf_changed":false},"product_brand":[],"product_cat":[233],"product_tag":[],"class_list":{"0":"post-5078","1":"product","2":"type-product","3":"status-publish","4":"has-post-thumbnail","6":"product_cat-poncage","8":"first","9":"instock","10":"product-type-external"},"acf":[],"yoast_head":"<!-- This site is optimized with the Yoast SEO plugin v26.6 - https:\/\/yoast.com\/wordpress\/plugins\/seo\/ -->\n<title>PONCEUSE 1\/4 DE FEUILLE \u00c9LECTRIQUE 2,4A - Cat Power Tools<\/title>\n<meta name=\"robots\" content=\"index, follow, max-snippet:-1, max-image-preview:large, max-video-preview:-1\" \/>\n<link rel=\"canonical\" href=\"https:\/\/www.catpowertools.com\/fr\/produit\/2-4a-corded-1-4-sheet-sander\/\" \/>\n<meta property=\"og:locale\" content=\"fr_FR\" \/>\n<meta property=\"og:type\" content=\"article\" \/>\n<meta property=\"og:title\" content=\"PONCEUSE 1\/4 DE FEUILLE \u00c9LECTRIQUE 2,4A - Cat Power Tools\" \/>\n<meta property=\"og:description\" content=\"Cette ponceuse 1\/4 feuille avec s\u00e9parateur cyclonique de poussi\u00e8re et d&#039;air garde votre surface de travail propre sans perte d&#039;aspiration tout en fournissant 14 000 OPM pour tout projet de pon\u00e7age. La fixation universelle du papier \u00e0 boucles et crochets permet de changer rapidement de papier de verre. Les outils \u00e9lectriques Cat\u00ae sont couverts par une garantie de 3 ans.\" \/>\n<meta property=\"og:url\" content=\"https:\/\/www.catpowertools.com\/fr\/produit\/2-4a-corded-1-4-sheet-sander\/\" \/>\n<meta property=\"og:site_name\" content=\"Cat Power Tools\" \/>\n<meta property=\"article:modified_time\" content=\"2022-03-17T19:27:20+00:00\" \/>\n<meta property=\"og:image\" content=\"https:\/\/www.catpowertools.com\/wp-content\/uploads\/2021\/10\/dx47u-carousel-image-1.png\" \/>\n\t<meta property=\"og:image:width\" content=\"960\" \/>\n\t<meta property=\"og:image:height\" content=\"525\" \/>\n\t<meta property=\"og:image:type\" content=\"image\/png\" \/>\n<meta name=\"twitter:card\" content=\"summary_large_image\" \/>\n<script type=\"application\/ld+json\" class=\"yoast-schema-graph\">{\"@context\":\"https:\/\/schema.org\",\"@graph\":[{\"@type\":\"WebPage\",\"@id\":\"https:\/\/www.catpowertools.com\/fr\/produit\/2-4a-corded-1-4-sheet-sander\/\",\"url\":\"https:\/\/www.catpowertools.com\/fr\/produit\/2-4a-corded-1-4-sheet-sander\/\",\"name\":\"PONCEUSE 1\/4 DE FEUILLE \u00c9LECTRIQUE 2,4A - Cat Power Tools\",\"isPartOf\":{\"@id\":\"https:\/\/www.catpowertools.com\/fr\/#website\"},\"primaryImageOfPage\":{\"@id\":\"https:\/\/www.catpowertools.com\/fr\/produit\/2-4a-corded-1-4-sheet-sander\/#primaryimage\"},\"image\":{\"@id\":\"https:\/\/www.catpowertools.com\/fr\/produit\/2-4a-corded-1-4-sheet-sander\/#primaryimage\"},\"thumbnailUrl\":\"https:\/\/www.catpowertools.com\/wp-content\/uploads\/2021\/10\/dx47u-carousel-image-1.png\",\"datePublished\":\"2021-10-11T18:41:43+00:00\",\"dateModified\":\"2022-03-17T19:27:20+00:00\",\"breadcrumb\":{\"@id\":\"https:\/\/www.catpowertools.com\/fr\/produit\/2-4a-corded-1-4-sheet-sander\/#breadcrumb\"},\"inLanguage\":\"fr-FR\",\"potentialAction\":[{\"@type\":\"ReadAction\",\"target\":[\"https:\/\/www.catpowertools.com\/fr\/produit\/2-4a-corded-1-4-sheet-sander\/\"]}]},{\"@type\":\"ImageObject\",\"inLanguage\":\"fr-FR\",\"@id\":\"https:\/\/www.catpowertools.com\/fr\/produit\/2-4a-corded-1-4-sheet-sander\/#primaryimage\",\"url\":\"https:\/\/www.catpowertools.com\/wp-content\/uploads\/2021\/10\/dx47u-carousel-image-1.png\",\"contentUrl\":\"https:\/\/www.catpowertools.com\/wp-content\/uploads\/2021\/10\/dx47u-carousel-image-1.png\",\"width\":960,\"height\":525},{\"@type\":\"BreadcrumbList\",\"@id\":\"https:\/\/www.catpowertools.com\/fr\/produit\/2-4a-corded-1-4-sheet-sander\/#breadcrumb\",\"itemListElement\":[{\"@type\":\"ListItem\",\"position\":1,\"name\":\"Home\",\"item\":\"https:\/\/www.catpowertools.com\/fr\/\"},{\"@type\":\"ListItem\",\"position\":2,\"name\":\"Boutique\",\"item\":\"https:\/\/www.catpowertools.com\/shop\/\"},{\"@type\":\"ListItem\",\"position\":3,\"name\":\"PONCEUSE 1\/4 DE FEUILLE \u00c9LECTRIQUE 2,4A\"}]},{\"@type\":\"WebSite\",\"@id\":\"https:\/\/www.catpowertools.com\/fr\/#website\",\"url\":\"https:\/\/www.catpowertools.com\/fr\/\",\"name\":\"Cat Power Tools\",\"description\":\"Just another WordPress site\",\"potentialAction\":[{\"@type\":\"SearchAction\",\"target\":{\"@type\":\"EntryPoint\",\"urlTemplate\":\"https:\/\/www.catpowertools.com\/fr\/?s={search_term_string}\"},\"query-input\":{\"@type\":\"PropertyValueSpecification\",\"valueRequired\":true,\"valueName\":\"search_term_string\"}}],\"inLanguage\":\"fr-FR\"}]}<\/script>\n<!-- \/ Yoast SEO plugin. -->","yoast_head_json":{"title":"PONCEUSE 1\/4 DE FEUILLE \u00c9LECTRIQUE 2,4A - Cat Power Tools","robots":{"index":"index","follow":"follow","max-snippet":"max-snippet:-1","max-image-preview":"max-image-preview:large","max-video-preview":"max-video-preview:-1"},"canonical":"https:\/\/www.catpowertools.com\/fr\/produit\/2-4a-corded-1-4-sheet-sander\/","og_locale":"fr_FR","og_type":"article","og_title":"PONCEUSE 1\/4 DE FEUILLE \u00c9LECTRIQUE 2,4A - Cat Power Tools","og_description":"Cette ponceuse 1\/4 feuille avec s\u00e9parateur cyclonique de poussi\u00e8re et d'air garde votre surface de travail propre sans perte d'aspiration tout en fournissant 14 000 OPM pour tout projet de pon\u00e7age. La fixation universelle du papier \u00e0 boucles et crochets permet de changer rapidement de papier de verre. Les outils \u00e9lectriques Cat\u00ae sont couverts par une garantie de 3 ans.","og_url":"https:\/\/www.catpowertools.com\/fr\/produit\/2-4a-corded-1-4-sheet-sander\/","og_site_name":"Cat Power Tools","article_modified_time":"2022-03-17T19:27:20+00:00","og_image":[{"width":960,"height":525,"url":"https:\/\/www.catpowertools.com\/wp-content\/uploads\/2021\/10\/dx47u-carousel-image-1.png","type":"image\/png"}],"twitter_card":"summary_large_image","schema":{"@context":"https:\/\/schema.org","@graph":[{"@type":"WebPage","@id":"https:\/\/www.catpowertools.com\/fr\/produit\/2-4a-corded-1-4-sheet-sander\/","url":"https:\/\/www.catpowertools.com\/fr\/produit\/2-4a-corded-1-4-sheet-sander\/","name":"PONCEUSE 1\/4 DE FEUILLE \u00c9LECTRIQUE 2,4A - Cat Power Tools","isPartOf":{"@id":"https:\/\/www.catpowertools.com\/fr\/#website"},"primaryImageOfPage":{"@id":"https:\/\/www.catpowertools.com\/fr\/produit\/2-4a-corded-1-4-sheet-sander\/#primaryimage"},"image":{"@id":"https:\/\/www.catpowertools.com\/fr\/produit\/2-4a-corded-1-4-sheet-sander\/#primaryimage"},"thumbnailUrl":"https:\/\/www.catpowertools.com\/wp-content\/uploads\/2021\/10\/dx47u-carousel-image-1.png","datePublished":"2021-10-11T18:41:43+00:00","dateModified":"2022-03-17T19:27:20+00:00","breadcrumb":{"@id":"https:\/\/www.catpowertools.com\/fr\/produit\/2-4a-corded-1-4-sheet-sander\/#breadcrumb"},"inLanguage":"fr-FR","potentialAction":[{"@type":"ReadAction","target":["https:\/\/www.catpowertools.com\/fr\/produit\/2-4a-corded-1-4-sheet-sander\/"]}]},{"@type":"ImageObject","inLanguage":"fr-FR","@id":"https:\/\/www.catpowertools.com\/fr\/produit\/2-4a-corded-1-4-sheet-sander\/#primaryimage","url":"https:\/\/www.catpowertools.com\/wp-content\/uploads\/2021\/10\/dx47u-carousel-image-1.png","contentUrl":"https:\/\/www.catpowertools.com\/wp-content\/uploads\/2021\/10\/dx47u-carousel-image-1.png","width":960,"height":525},{"@type":"BreadcrumbList","@id":"https:\/\/www.catpowertools.com\/fr\/produit\/2-4a-corded-1-4-sheet-sander\/#breadcrumb","itemListElement":[{"@type":"ListItem","position":1,"name":"Home","item":"https:\/\/www.catpowertools.com\/fr\/"},{"@type":"ListItem","position":2,"name":"Boutique","item":"https:\/\/www.catpowertools.com\/shop\/"},{"@type":"ListItem","position":3,"name":"PONCEUSE 1\/4 DE FEUILLE \u00c9LECTRIQUE 2,4A"}]},{"@type":"WebSite","@id":"https:\/\/www.catpowertools.com\/fr\/#website","url":"https:\/\/www.catpowertools.com\/fr\/","name":"Cat Power Tools","description":"Just another WordPress site","potentialAction":[{"@type":"SearchAction","target":{"@type":"EntryPoint","urlTemplate":"https:\/\/www.catpowertools.com\/fr\/?s={search_term_string}"},"query-input":{"@type":"PropertyValueSpecification","valueRequired":true,"valueName":"search_term_string"}}],"inLanguage":"fr-FR"}]}},"_links":{"self":[{"href":"https:\/\/www.catpowertools.com\/fr\/wp-json\/wp\/v2\/product\/5078","targetHints":{"allow":["GET"]}}],"collection":[{"href":"https:\/\/www.catpowertools.com\/fr\/wp-json\/wp\/v2\/product"}],"about":[{"href":"https:\/\/www.catpowertools.com\/fr\/wp-json\/wp\/v2\/types\/product"}],"replies":[{"embeddable":true,"href":"https:\/\/www.catpowertools.com\/fr\/wp-json\/wp\/v2\/comments?post=5078"}],"wp:featuredmedia":[{"embeddable":true,"href":"https:\/\/www.catpowertools.com\/fr\/wp-json\/wp\/v2\/media\/2707"}],"wp:attachment":[{"href":"https:\/\/www.catpowertools.com\/fr\/wp-json\/wp\/v2\/media?parent=5078"}],"wp:term":[{"taxonomy":"product_brand","embeddable":true,"href":"https:\/\/www.catpowertools.com\/fr\/wp-json\/wp\/v2\/product_brand?post=5078"},{"taxonomy":"product_cat","embeddable":true,"href":"https:\/\/www.catpowertools.com\/fr\/wp-json\/wp\/v2\/product_cat?post=5078"},{"taxonomy":"product_tag","embeddable":true,"href":"https:\/\/www.catpowertools.com\/fr\/wp-json\/wp\/v2\/product_tag?post=5078"}],"curies":[{"name":"wp","href":"https:\/\/api.w.org\/{rel}","templated":true}]}}