{"id":5080,"date":"2021-10-11T14:41:43","date_gmt":"2021-10-11T18:41:43","guid":{"rendered":"https:\/\/www.catpowertools.com\/product\/18v-5ah-1-for-all-graphene-battery\/"},"modified":"2022-02-08T15:50:52","modified_gmt":"2022-02-08T20:50:52","slug":"18v-i-pour-tous-les-graphes-batterie-5ah","status":"publish","type":"product","link":"https:\/\/www.catpowertools.com\/fr\/produit\/18v-i-pour-tous-les-graphes-batterie-5ah\/","title":{"rendered":"18V 5AH 1 FOR ALL GRAPHENE BATTERY"},"content":{"rendered":"","protected":false},"excerpt":{"rendered":"<p>Cette batterie 18V 5.0Ah Graphene est la prochaine innovation dans la technologie des batteries sans fil. Une charge 4 fois plus rapide, une dur\u00e9e de vie 3 fois plus longue et une puissance 2 fois sup\u00e9rieure \u00e0 celle des batteries lithium-ion traditionnelles ! La communication entre la batterie et l&rsquo;outil optimise les performances pour toutes les applications. La jauge de carburant \u00e0 LED fournit un retour imm\u00e9diat sur l&rsquo;\u00e9tat de charge. Les batteries 18V Graphene Cat\u00ae sont couvertes par une garantie de 5 ans.<\/p>\n","protected":false},"featured_media":2834,"comment_status":"closed","ping_status":"closed","template":"","meta":{"_acf_changed":false},"product_brand":[],"product_cat":[199],"product_tag":[],"class_list":{"0":"post-5080","1":"product","2":"type-product","3":"status-publish","4":"has-post-thumbnail","6":"product_cat-batteries-18v","8":"first","9":"instock","10":"product-type-external"},"acf":[],"yoast_head":"<!-- This site is optimized with the Yoast SEO plugin v26.6 - https:\/\/yoast.com\/wordpress\/plugins\/seo\/ -->\n<title>18V 5AH 1 FOR ALL GRAPHENE BATTERY - Cat Power Tools<\/title>\n<meta name=\"robots\" content=\"index, follow, max-snippet:-1, max-image-preview:large, max-video-preview:-1\" \/>\n<link rel=\"canonical\" href=\"https:\/\/www.catpowertools.com\/fr\/produit\/18v-i-pour-tous-les-graphes-batterie-5ah\/\" \/>\n<meta property=\"og:locale\" content=\"fr_FR\" \/>\n<meta property=\"og:type\" content=\"article\" \/>\n<meta property=\"og:title\" content=\"18V 5AH 1 FOR ALL GRAPHENE BATTERY - Cat Power Tools\" \/>\n<meta property=\"og:description\" content=\"Cette batterie 18V 5.0Ah Graphene est la prochaine innovation dans la technologie des batteries sans fil. Une charge 4 fois plus rapide, une dur\u00e9e de vie 3 fois plus longue et une puissance 2 fois sup\u00e9rieure \u00e0 celle des batteries lithium-ion traditionnelles ! La communication entre la batterie et l&#039;outil optimise les performances pour toutes les applications. La jauge de carburant \u00e0 LED fournit un retour imm\u00e9diat sur l&#039;\u00e9tat de charge. Les batteries 18V Graphene Cat\u00ae sont couvertes par une garantie de 5 ans.\" \/>\n<meta property=\"og:url\" content=\"https:\/\/www.catpowertools.com\/fr\/produit\/18v-i-pour-tous-les-graphes-batterie-5ah\/\" \/>\n<meta property=\"og:site_name\" content=\"Cat Power Tools\" \/>\n<meta property=\"article:modified_time\" content=\"2022-02-08T20:50:52+00:00\" \/>\n<meta property=\"og:image\" content=\"https:\/\/www.catpowertools.com\/wp-content\/uploads\/2021\/10\/gxb5-carousel-image-1.png\" \/>\n\t<meta property=\"og:image:width\" content=\"960\" \/>\n\t<meta property=\"og:image:height\" content=\"525\" \/>\n\t<meta property=\"og:image:type\" content=\"image\/png\" \/>\n<meta name=\"twitter:card\" content=\"summary_large_image\" \/>\n<script type=\"application\/ld+json\" class=\"yoast-schema-graph\">{\"@context\":\"https:\/\/schema.org\",\"@graph\":[{\"@type\":\"WebPage\",\"@id\":\"https:\/\/www.catpowertools.com\/fr\/produit\/18v-i-pour-tous-les-graphes-batterie-5ah\/\",\"url\":\"https:\/\/www.catpowertools.com\/fr\/produit\/18v-i-pour-tous-les-graphes-batterie-5ah\/\",\"name\":\"18V 5AH 1 FOR ALL GRAPHENE BATTERY - Cat Power Tools\",\"isPartOf\":{\"@id\":\"https:\/\/www.catpowertools.com\/fr\/#website\"},\"primaryImageOfPage\":{\"@id\":\"https:\/\/www.catpowertools.com\/fr\/produit\/18v-i-pour-tous-les-graphes-batterie-5ah\/#primaryimage\"},\"image\":{\"@id\":\"https:\/\/www.catpowertools.com\/fr\/produit\/18v-i-pour-tous-les-graphes-batterie-5ah\/#primaryimage\"},\"thumbnailUrl\":\"https:\/\/www.catpowertools.com\/wp-content\/uploads\/2021\/10\/gxb5-carousel-image-1.png\",\"datePublished\":\"2021-10-11T18:41:43+00:00\",\"dateModified\":\"2022-02-08T20:50:52+00:00\",\"breadcrumb\":{\"@id\":\"https:\/\/www.catpowertools.com\/fr\/produit\/18v-i-pour-tous-les-graphes-batterie-5ah\/#breadcrumb\"},\"inLanguage\":\"fr-FR\",\"potentialAction\":[{\"@type\":\"ReadAction\",\"target\":[\"https:\/\/www.catpowertools.com\/fr\/produit\/18v-i-pour-tous-les-graphes-batterie-5ah\/\"]}]},{\"@type\":\"ImageObject\",\"inLanguage\":\"fr-FR\",\"@id\":\"https:\/\/www.catpowertools.com\/fr\/produit\/18v-i-pour-tous-les-graphes-batterie-5ah\/#primaryimage\",\"url\":\"https:\/\/www.catpowertools.com\/wp-content\/uploads\/2021\/10\/gxb5-carousel-image-1.png\",\"contentUrl\":\"https:\/\/www.catpowertools.com\/wp-content\/uploads\/2021\/10\/gxb5-carousel-image-1.png\",\"width\":960,\"height\":525},{\"@type\":\"BreadcrumbList\",\"@id\":\"https:\/\/www.catpowertools.com\/fr\/produit\/18v-i-pour-tous-les-graphes-batterie-5ah\/#breadcrumb\",\"itemListElement\":[{\"@type\":\"ListItem\",\"position\":1,\"name\":\"Home\",\"item\":\"https:\/\/www.catpowertools.com\/fr\/\"},{\"@type\":\"ListItem\",\"position\":2,\"name\":\"Boutique\",\"item\":\"https:\/\/www.catpowertools.com\/shop\/\"},{\"@type\":\"ListItem\",\"position\":3,\"name\":\"18V 5AH 1 FOR ALL GRAPHENE BATTERY\"}]},{\"@type\":\"WebSite\",\"@id\":\"https:\/\/www.catpowertools.com\/fr\/#website\",\"url\":\"https:\/\/www.catpowertools.com\/fr\/\",\"name\":\"Cat Power Tools\",\"description\":\"Just another WordPress site\",\"potentialAction\":[{\"@type\":\"SearchAction\",\"target\":{\"@type\":\"EntryPoint\",\"urlTemplate\":\"https:\/\/www.catpowertools.com\/fr\/?s={search_term_string}\"},\"query-input\":{\"@type\":\"PropertyValueSpecification\",\"valueRequired\":true,\"valueName\":\"search_term_string\"}}],\"inLanguage\":\"fr-FR\"}]}<\/script>\n<!-- \/ Yoast SEO plugin. -->","yoast_head_json":{"title":"18V 5AH 1 FOR ALL GRAPHENE BATTERY - Cat Power Tools","robots":{"index":"index","follow":"follow","max-snippet":"max-snippet:-1","max-image-preview":"max-image-preview:large","max-video-preview":"max-video-preview:-1"},"canonical":"https:\/\/www.catpowertools.com\/fr\/produit\/18v-i-pour-tous-les-graphes-batterie-5ah\/","og_locale":"fr_FR","og_type":"article","og_title":"18V 5AH 1 FOR ALL GRAPHENE BATTERY - Cat Power Tools","og_description":"Cette batterie 18V 5.0Ah Graphene est la prochaine innovation dans la technologie des batteries sans fil. Une charge 4 fois plus rapide, une dur\u00e9e de vie 3 fois plus longue et une puissance 2 fois sup\u00e9rieure \u00e0 celle des batteries lithium-ion traditionnelles ! La communication entre la batterie et l'outil optimise les performances pour toutes les applications. La jauge de carburant \u00e0 LED fournit un retour imm\u00e9diat sur l'\u00e9tat de charge. Les batteries 18V Graphene Cat\u00ae sont couvertes par une garantie de 5 ans.","og_url":"https:\/\/www.catpowertools.com\/fr\/produit\/18v-i-pour-tous-les-graphes-batterie-5ah\/","og_site_name":"Cat Power Tools","article_modified_time":"2022-02-08T20:50:52+00:00","og_image":[{"width":960,"height":525,"url":"https:\/\/www.catpowertools.com\/wp-content\/uploads\/2021\/10\/gxb5-carousel-image-1.png","type":"image\/png"}],"twitter_card":"summary_large_image","schema":{"@context":"https:\/\/schema.org","@graph":[{"@type":"WebPage","@id":"https:\/\/www.catpowertools.com\/fr\/produit\/18v-i-pour-tous-les-graphes-batterie-5ah\/","url":"https:\/\/www.catpowertools.com\/fr\/produit\/18v-i-pour-tous-les-graphes-batterie-5ah\/","name":"18V 5AH 1 FOR ALL GRAPHENE BATTERY - Cat Power Tools","isPartOf":{"@id":"https:\/\/www.catpowertools.com\/fr\/#website"},"primaryImageOfPage":{"@id":"https:\/\/www.catpowertools.com\/fr\/produit\/18v-i-pour-tous-les-graphes-batterie-5ah\/#primaryimage"},"image":{"@id":"https:\/\/www.catpowertools.com\/fr\/produit\/18v-i-pour-tous-les-graphes-batterie-5ah\/#primaryimage"},"thumbnailUrl":"https:\/\/www.catpowertools.com\/wp-content\/uploads\/2021\/10\/gxb5-carousel-image-1.png","datePublished":"2021-10-11T18:41:43+00:00","dateModified":"2022-02-08T20:50:52+00:00","breadcrumb":{"@id":"https:\/\/www.catpowertools.com\/fr\/produit\/18v-i-pour-tous-les-graphes-batterie-5ah\/#breadcrumb"},"inLanguage":"fr-FR","potentialAction":[{"@type":"ReadAction","target":["https:\/\/www.catpowertools.com\/fr\/produit\/18v-i-pour-tous-les-graphes-batterie-5ah\/"]}]},{"@type":"ImageObject","inLanguage":"fr-FR","@id":"https:\/\/www.catpowertools.com\/fr\/produit\/18v-i-pour-tous-les-graphes-batterie-5ah\/#primaryimage","url":"https:\/\/www.catpowertools.com\/wp-content\/uploads\/2021\/10\/gxb5-carousel-image-1.png","contentUrl":"https:\/\/www.catpowertools.com\/wp-content\/uploads\/2021\/10\/gxb5-carousel-image-1.png","width":960,"height":525},{"@type":"BreadcrumbList","@id":"https:\/\/www.catpowertools.com\/fr\/produit\/18v-i-pour-tous-les-graphes-batterie-5ah\/#breadcrumb","itemListElement":[{"@type":"ListItem","position":1,"name":"Home","item":"https:\/\/www.catpowertools.com\/fr\/"},{"@type":"ListItem","position":2,"name":"Boutique","item":"https:\/\/www.catpowertools.com\/shop\/"},{"@type":"ListItem","position":3,"name":"18V 5AH 1 FOR ALL GRAPHENE BATTERY"}]},{"@type":"WebSite","@id":"https:\/\/www.catpowertools.com\/fr\/#website","url":"https:\/\/www.catpowertools.com\/fr\/","name":"Cat Power Tools","description":"Just another WordPress site","potentialAction":[{"@type":"SearchAction","target":{"@type":"EntryPoint","urlTemplate":"https:\/\/www.catpowertools.com\/fr\/?s={search_term_string}"},"query-input":{"@type":"PropertyValueSpecification","valueRequired":true,"valueName":"search_term_string"}}],"inLanguage":"fr-FR"}]}},"_links":{"self":[{"href":"https:\/\/www.catpowertools.com\/fr\/wp-json\/wp\/v2\/product\/5080","targetHints":{"allow":["GET"]}}],"collection":[{"href":"https:\/\/www.catpowertools.com\/fr\/wp-json\/wp\/v2\/product"}],"about":[{"href":"https:\/\/www.catpowertools.com\/fr\/wp-json\/wp\/v2\/types\/product"}],"replies":[{"embeddable":true,"href":"https:\/\/www.catpowertools.com\/fr\/wp-json\/wp\/v2\/comments?post=5080"}],"wp:featuredmedia":[{"embeddable":true,"href":"https:\/\/www.catpowertools.com\/fr\/wp-json\/wp\/v2\/media\/2834"}],"wp:attachment":[{"href":"https:\/\/www.catpowertools.com\/fr\/wp-json\/wp\/v2\/media?parent=5080"}],"wp:term":[{"taxonomy":"product_brand","embeddable":true,"href":"https:\/\/www.catpowertools.com\/fr\/wp-json\/wp\/v2\/product_brand?post=5080"},{"taxonomy":"product_cat","embeddable":true,"href":"https:\/\/www.catpowertools.com\/fr\/wp-json\/wp\/v2\/product_cat?post=5080"},{"taxonomy":"product_tag","embeddable":true,"href":"https:\/\/www.catpowertools.com\/fr\/wp-json\/wp\/v2\/product_tag?post=5080"}],"curies":[{"name":"wp","href":"https:\/\/api.w.org\/{rel}","templated":true}]}}