{"id":5083,"date":"2021-10-11T14:41:43","date_gmt":"2021-10-11T18:41:43","guid":{"rendered":"https:\/\/www.catpowertools.com\/product\/8-5a-marteau-perforateur-1-2-a-cordon\/"},"modified":"2022-03-17T09:36:54","modified_gmt":"2022-03-17T13:36:54","slug":"perceuse-a-percussion-electrique-8-5a","status":"publish","type":"product","link":"https:\/\/www.catpowertools.com\/fr\/produit\/perceuse-a-percussion-electrique-8-5a\/","title":{"rendered":"PERCEUSE \u00c0 PERCUSSION \u00c9LECTRIQUE 8.5A &#8211; 1\/2 po-12.7mm"},"content":{"rendered":"","protected":false},"excerpt":{"rendered":"<p>Cette perceuse \u00e0 percussion \u00e9lectrique de 1\/2 po-12.7mm est dot\u00e9e d&rsquo;un puissant moteur de 8,5 A offrant une vitesse \u00e0 vide de 0 \u00e0 3 000 tr\/min et de 0 \u00e0 48 000 impacts \/min en mode percussion. Dot\u00e9e d&rsquo;un mandrin de 1\/2 po-12.7mm d&rsquo;une poign\u00e9e lat\u00e9rale \u00e0 360\u00b0 et d&rsquo;un surmoulage ergonomique, cette perceuse \u00e0 percussion est pr\u00eate \u00e0 s&rsquo;attaquer \u00e0 n&rsquo;importe quelle t\u00e2che de chantier. Les outils \u00e9lectriques Cat\u00ae sont couverts par une garantie de 3 ans.<\/p>\n","protected":false},"featured_media":2611,"comment_status":"closed","ping_status":"closed","template":"","meta":{"_acf_changed":false},"product_brand":[],"product_cat":[205,215],"product_tag":[],"class_list":{"0":"post-5083","1":"product","2":"type-product","3":"status-publish","4":"has-post-thumbnail","6":"product_cat-outils-electriques-filaires-ca","7":"product_cat-percage-ca","9":"first","10":"instock","11":"product-type-external"},"acf":[],"yoast_head":"<!-- This site is optimized with the Yoast SEO plugin v26.6 - https:\/\/yoast.com\/wordpress\/plugins\/seo\/ -->\n<title>PERCEUSE \u00c0 PERCUSSION \u00c9LECTRIQUE 8.5A - 1\/2 po-12.7mm - Cat Power Tools<\/title>\n<meta name=\"robots\" content=\"index, follow, max-snippet:-1, max-image-preview:large, max-video-preview:-1\" \/>\n<link rel=\"canonical\" href=\"https:\/\/www.catpowertools.com\/fr\/produit\/perceuse-a-percussion-electrique-8-5a\/\" \/>\n<meta property=\"og:locale\" content=\"fr_FR\" \/>\n<meta property=\"og:type\" content=\"article\" \/>\n<meta property=\"og:title\" content=\"PERCEUSE \u00c0 PERCUSSION \u00c9LECTRIQUE 8.5A - 1\/2 po-12.7mm - Cat Power Tools\" \/>\n<meta property=\"og:description\" content=\"Cette perceuse \u00e0 percussion \u00e9lectrique de 1\/2 po-12.7mm est dot\u00e9e d&#039;un puissant moteur de 8,5 A offrant une vitesse \u00e0 vide de 0 \u00e0 3 000 tr\/min et de 0 \u00e0 48 000 impacts \/min en mode percussion. Dot\u00e9e d&#039;un mandrin de 1\/2 po-12.7mm d&#039;une poign\u00e9e lat\u00e9rale \u00e0 360\u00b0 et d&#039;un surmoulage ergonomique, cette perceuse \u00e0 percussion est pr\u00eate \u00e0 s&#039;attaquer \u00e0 n&#039;importe quelle t\u00e2che de chantier. Les outils \u00e9lectriques Cat\u00ae sont couverts par une garantie de 3 ans.\" \/>\n<meta property=\"og:url\" content=\"https:\/\/www.catpowertools.com\/fr\/produit\/perceuse-a-percussion-electrique-8-5a\/\" \/>\n<meta property=\"og:site_name\" content=\"Cat Power Tools\" \/>\n<meta property=\"article:modified_time\" content=\"2022-03-17T13:36:54+00:00\" \/>\n<meta property=\"og:image\" content=\"https:\/\/www.catpowertools.com\/wp-content\/uploads\/2021\/10\/dx161u-carousel-image-1.png\" \/>\n\t<meta property=\"og:image:width\" content=\"960\" \/>\n\t<meta property=\"og:image:height\" content=\"525\" \/>\n\t<meta property=\"og:image:type\" content=\"image\/png\" \/>\n<meta name=\"twitter:card\" content=\"summary_large_image\" \/>\n<script type=\"application\/ld+json\" class=\"yoast-schema-graph\">{\"@context\":\"https:\/\/schema.org\",\"@graph\":[{\"@type\":\"WebPage\",\"@id\":\"https:\/\/www.catpowertools.com\/fr\/produit\/perceuse-a-percussion-electrique-8-5a\/\",\"url\":\"https:\/\/www.catpowertools.com\/fr\/produit\/perceuse-a-percussion-electrique-8-5a\/\",\"name\":\"PERCEUSE \u00c0 PERCUSSION \u00c9LECTRIQUE 8.5A - 1\/2 po-12.7mm - Cat Power Tools\",\"isPartOf\":{\"@id\":\"https:\/\/www.catpowertools.com\/fr\/#website\"},\"primaryImageOfPage\":{\"@id\":\"https:\/\/www.catpowertools.com\/fr\/produit\/perceuse-a-percussion-electrique-8-5a\/#primaryimage\"},\"image\":{\"@id\":\"https:\/\/www.catpowertools.com\/fr\/produit\/perceuse-a-percussion-electrique-8-5a\/#primaryimage\"},\"thumbnailUrl\":\"https:\/\/www.catpowertools.com\/wp-content\/uploads\/2021\/10\/dx161u-carousel-image-1.png\",\"datePublished\":\"2021-10-11T18:41:43+00:00\",\"dateModified\":\"2022-03-17T13:36:54+00:00\",\"breadcrumb\":{\"@id\":\"https:\/\/www.catpowertools.com\/fr\/produit\/perceuse-a-percussion-electrique-8-5a\/#breadcrumb\"},\"inLanguage\":\"fr-FR\",\"potentialAction\":[{\"@type\":\"ReadAction\",\"target\":[\"https:\/\/www.catpowertools.com\/fr\/produit\/perceuse-a-percussion-electrique-8-5a\/\"]}]},{\"@type\":\"ImageObject\",\"inLanguage\":\"fr-FR\",\"@id\":\"https:\/\/www.catpowertools.com\/fr\/produit\/perceuse-a-percussion-electrique-8-5a\/#primaryimage\",\"url\":\"https:\/\/www.catpowertools.com\/wp-content\/uploads\/2021\/10\/dx161u-carousel-image-1.png\",\"contentUrl\":\"https:\/\/www.catpowertools.com\/wp-content\/uploads\/2021\/10\/dx161u-carousel-image-1.png\",\"width\":960,\"height\":525},{\"@type\":\"BreadcrumbList\",\"@id\":\"https:\/\/www.catpowertools.com\/fr\/produit\/perceuse-a-percussion-electrique-8-5a\/#breadcrumb\",\"itemListElement\":[{\"@type\":\"ListItem\",\"position\":1,\"name\":\"Home\",\"item\":\"https:\/\/www.catpowertools.com\/fr\/\"},{\"@type\":\"ListItem\",\"position\":2,\"name\":\"Boutique\",\"item\":\"https:\/\/www.catpowertools.com\/shop\/\"},{\"@type\":\"ListItem\",\"position\":3,\"name\":\"PERCEUSE \u00c0 PERCUSSION \u00c9LECTRIQUE 8.5A &#8211; 1\/2 po-12.7mm\"}]},{\"@type\":\"WebSite\",\"@id\":\"https:\/\/www.catpowertools.com\/fr\/#website\",\"url\":\"https:\/\/www.catpowertools.com\/fr\/\",\"name\":\"Cat Power Tools\",\"description\":\"Just another WordPress site\",\"potentialAction\":[{\"@type\":\"SearchAction\",\"target\":{\"@type\":\"EntryPoint\",\"urlTemplate\":\"https:\/\/www.catpowertools.com\/fr\/?s={search_term_string}\"},\"query-input\":{\"@type\":\"PropertyValueSpecification\",\"valueRequired\":true,\"valueName\":\"search_term_string\"}}],\"inLanguage\":\"fr-FR\"}]}<\/script>\n<!-- \/ Yoast SEO plugin. -->","yoast_head_json":{"title":"PERCEUSE \u00c0 PERCUSSION \u00c9LECTRIQUE 8.5A - 1\/2 po-12.7mm - Cat Power Tools","robots":{"index":"index","follow":"follow","max-snippet":"max-snippet:-1","max-image-preview":"max-image-preview:large","max-video-preview":"max-video-preview:-1"},"canonical":"https:\/\/www.catpowertools.com\/fr\/produit\/perceuse-a-percussion-electrique-8-5a\/","og_locale":"fr_FR","og_type":"article","og_title":"PERCEUSE \u00c0 PERCUSSION \u00c9LECTRIQUE 8.5A - 1\/2 po-12.7mm - Cat Power Tools","og_description":"Cette perceuse \u00e0 percussion \u00e9lectrique de 1\/2 po-12.7mm est dot\u00e9e d'un puissant moteur de 8,5 A offrant une vitesse \u00e0 vide de 0 \u00e0 3 000 tr\/min et de 0 \u00e0 48 000 impacts \/min en mode percussion. Dot\u00e9e d'un mandrin de 1\/2 po-12.7mm d'une poign\u00e9e lat\u00e9rale \u00e0 360\u00b0 et d'un surmoulage ergonomique, cette perceuse \u00e0 percussion est pr\u00eate \u00e0 s'attaquer \u00e0 n'importe quelle t\u00e2che de chantier. Les outils \u00e9lectriques Cat\u00ae sont couverts par une garantie de 3 ans.","og_url":"https:\/\/www.catpowertools.com\/fr\/produit\/perceuse-a-percussion-electrique-8-5a\/","og_site_name":"Cat Power Tools","article_modified_time":"2022-03-17T13:36:54+00:00","og_image":[{"width":960,"height":525,"url":"https:\/\/www.catpowertools.com\/wp-content\/uploads\/2021\/10\/dx161u-carousel-image-1.png","type":"image\/png"}],"twitter_card":"summary_large_image","schema":{"@context":"https:\/\/schema.org","@graph":[{"@type":"WebPage","@id":"https:\/\/www.catpowertools.com\/fr\/produit\/perceuse-a-percussion-electrique-8-5a\/","url":"https:\/\/www.catpowertools.com\/fr\/produit\/perceuse-a-percussion-electrique-8-5a\/","name":"PERCEUSE \u00c0 PERCUSSION \u00c9LECTRIQUE 8.5A - 1\/2 po-12.7mm - Cat Power Tools","isPartOf":{"@id":"https:\/\/www.catpowertools.com\/fr\/#website"},"primaryImageOfPage":{"@id":"https:\/\/www.catpowertools.com\/fr\/produit\/perceuse-a-percussion-electrique-8-5a\/#primaryimage"},"image":{"@id":"https:\/\/www.catpowertools.com\/fr\/produit\/perceuse-a-percussion-electrique-8-5a\/#primaryimage"},"thumbnailUrl":"https:\/\/www.catpowertools.com\/wp-content\/uploads\/2021\/10\/dx161u-carousel-image-1.png","datePublished":"2021-10-11T18:41:43+00:00","dateModified":"2022-03-17T13:36:54+00:00","breadcrumb":{"@id":"https:\/\/www.catpowertools.com\/fr\/produit\/perceuse-a-percussion-electrique-8-5a\/#breadcrumb"},"inLanguage":"fr-FR","potentialAction":[{"@type":"ReadAction","target":["https:\/\/www.catpowertools.com\/fr\/produit\/perceuse-a-percussion-electrique-8-5a\/"]}]},{"@type":"ImageObject","inLanguage":"fr-FR","@id":"https:\/\/www.catpowertools.com\/fr\/produit\/perceuse-a-percussion-electrique-8-5a\/#primaryimage","url":"https:\/\/www.catpowertools.com\/wp-content\/uploads\/2021\/10\/dx161u-carousel-image-1.png","contentUrl":"https:\/\/www.catpowertools.com\/wp-content\/uploads\/2021\/10\/dx161u-carousel-image-1.png","width":960,"height":525},{"@type":"BreadcrumbList","@id":"https:\/\/www.catpowertools.com\/fr\/produit\/perceuse-a-percussion-electrique-8-5a\/#breadcrumb","itemListElement":[{"@type":"ListItem","position":1,"name":"Home","item":"https:\/\/www.catpowertools.com\/fr\/"},{"@type":"ListItem","position":2,"name":"Boutique","item":"https:\/\/www.catpowertools.com\/shop\/"},{"@type":"ListItem","position":3,"name":"PERCEUSE \u00c0 PERCUSSION \u00c9LECTRIQUE 8.5A &#8211; 1\/2 po-12.7mm"}]},{"@type":"WebSite","@id":"https:\/\/www.catpowertools.com\/fr\/#website","url":"https:\/\/www.catpowertools.com\/fr\/","name":"Cat Power Tools","description":"Just another WordPress site","potentialAction":[{"@type":"SearchAction","target":{"@type":"EntryPoint","urlTemplate":"https:\/\/www.catpowertools.com\/fr\/?s={search_term_string}"},"query-input":{"@type":"PropertyValueSpecification","valueRequired":true,"valueName":"search_term_string"}}],"inLanguage":"fr-FR"}]}},"_links":{"self":[{"href":"https:\/\/www.catpowertools.com\/fr\/wp-json\/wp\/v2\/product\/5083","targetHints":{"allow":["GET"]}}],"collection":[{"href":"https:\/\/www.catpowertools.com\/fr\/wp-json\/wp\/v2\/product"}],"about":[{"href":"https:\/\/www.catpowertools.com\/fr\/wp-json\/wp\/v2\/types\/product"}],"replies":[{"embeddable":true,"href":"https:\/\/www.catpowertools.com\/fr\/wp-json\/wp\/v2\/comments?post=5083"}],"wp:featuredmedia":[{"embeddable":true,"href":"https:\/\/www.catpowertools.com\/fr\/wp-json\/wp\/v2\/media\/2611"}],"wp:attachment":[{"href":"https:\/\/www.catpowertools.com\/fr\/wp-json\/wp\/v2\/media?parent=5083"}],"wp:term":[{"taxonomy":"product_brand","embeddable":true,"href":"https:\/\/www.catpowertools.com\/fr\/wp-json\/wp\/v2\/product_brand?post=5083"},{"taxonomy":"product_cat","embeddable":true,"href":"https:\/\/www.catpowertools.com\/fr\/wp-json\/wp\/v2\/product_cat?post=5083"},{"taxonomy":"product_tag","embeddable":true,"href":"https:\/\/www.catpowertools.com\/fr\/wp-json\/wp\/v2\/product_tag?post=5083"}],"curies":[{"name":"wp","href":"https:\/\/api.w.org\/{rel}","templated":true}]}}