{"id":5093,"date":"2021-10-11T14:43:14","date_gmt":"2021-10-11T18:43:14","guid":{"rendered":"https:\/\/www.catpowertools.com\/product\/scie-alternative-12a\/"},"modified":"2022-03-17T11:44:56","modified_gmt":"2022-03-17T15:44:56","slug":"12a-scie-reciprocatrice","status":"publish","type":"product","link":"https:\/\/www.catpowertools.com\/fr\/produit\/12a-scie-reciprocatrice\/","title":{"rendered":"SCIE ALTERNATIVE 12A"},"content":{"rendered":"","protected":false},"excerpt":{"rendered":"<p>Cette scie alternative de 12 amp\u00e8res avec une longueur de course de 1-3\/16po-30.4 mm est faite pour le chantier. La bo\u00eetier d&rsquo;engrenage l\u00e9ger en aluminium offre une durabilit\u00e9 optimale et le crochet int\u00e9gr\u00e9 vous permet de l&rsquo;accrocher \u00e0 peu pr\u00e8s partout. \u00c9quip\u00e9 d&rsquo;un serre-lame sans outil permettant un changement de lame rapide et facile. Une vitesse de 0 \u00e0 2,800 CPM et une action orbitale \u00e0 4 positions donne \u00e0 cette scie alternative la puissance de coupe n\u00e9cessaire \u00e0 toute application. Les outils \u00e9lectriques Cat\u00ae sont couverts par une garantie de 3 ans.<\/p>\n","protected":false},"featured_media":3036,"comment_status":"closed","ping_status":"closed","template":"","meta":{"_acf_changed":false},"product_brand":[],"product_cat":[213,205,318],"product_tag":[],"class_list":{"0":"post-5093","1":"product","2":"type-product","3":"status-publish","4":"has-post-thumbnail","6":"product_cat-decoupe","7":"product_cat-outils-electriques-filaires-ca","8":"product_cat-scies-fr","10":"first","11":"instock","12":"product-type-external"},"acf":[],"yoast_head":"<!-- This site is optimized with the Yoast SEO plugin v26.6 - https:\/\/yoast.com\/wordpress\/plugins\/seo\/ -->\n<title>SCIE ALTERNATIVE 12A - Cat Power Tools<\/title>\n<meta name=\"robots\" content=\"index, follow, max-snippet:-1, max-image-preview:large, max-video-preview:-1\" \/>\n<link rel=\"canonical\" href=\"https:\/\/www.catpowertools.com\/fr\/produit\/12a-scie-reciprocatrice\/\" \/>\n<meta property=\"og:locale\" content=\"fr_FR\" \/>\n<meta property=\"og:type\" content=\"article\" \/>\n<meta property=\"og:title\" content=\"SCIE ALTERNATIVE 12A - Cat Power Tools\" \/>\n<meta property=\"og:description\" content=\"Cette scie alternative de 12 amp\u00e8res avec une longueur de course de 1-3\/16po-30.4 mm est faite pour le chantier. La bo\u00eetier d&#039;engrenage l\u00e9ger en aluminium offre une durabilit\u00e9 optimale et le crochet int\u00e9gr\u00e9 vous permet de l&#039;accrocher \u00e0 peu pr\u00e8s partout. \u00c9quip\u00e9 d&#039;un serre-lame sans outil permettant un changement de lame rapide et facile. Une vitesse de 0 \u00e0 2,800 CPM et une action orbitale \u00e0 4 positions donne \u00e0 cette scie alternative la puissance de coupe n\u00e9cessaire \u00e0 toute application. Les outils \u00e9lectriques Cat\u00ae sont couverts par une garantie de 3 ans.\" \/>\n<meta property=\"og:url\" content=\"https:\/\/www.catpowertools.com\/fr\/produit\/12a-scie-reciprocatrice\/\" \/>\n<meta property=\"og:site_name\" content=\"Cat Power Tools\" \/>\n<meta property=\"article:modified_time\" content=\"2022-03-17T15:44:56+00:00\" \/>\n<meta property=\"og:image\" content=\"https:\/\/www.catpowertools.com\/wp-content\/uploads\/2021\/10\/dx58u-carousel-image-1.png\" \/>\n\t<meta property=\"og:image:width\" content=\"960\" \/>\n\t<meta property=\"og:image:height\" content=\"525\" \/>\n\t<meta property=\"og:image:type\" content=\"image\/png\" \/>\n<meta name=\"twitter:card\" content=\"summary_large_image\" \/>\n<script type=\"application\/ld+json\" class=\"yoast-schema-graph\">{\"@context\":\"https:\/\/schema.org\",\"@graph\":[{\"@type\":\"WebPage\",\"@id\":\"https:\/\/www.catpowertools.com\/fr\/produit\/12a-scie-reciprocatrice\/\",\"url\":\"https:\/\/www.catpowertools.com\/fr\/produit\/12a-scie-reciprocatrice\/\",\"name\":\"SCIE ALTERNATIVE 12A - Cat Power Tools\",\"isPartOf\":{\"@id\":\"https:\/\/www.catpowertools.com\/fr\/#website\"},\"primaryImageOfPage\":{\"@id\":\"https:\/\/www.catpowertools.com\/fr\/produit\/12a-scie-reciprocatrice\/#primaryimage\"},\"image\":{\"@id\":\"https:\/\/www.catpowertools.com\/fr\/produit\/12a-scie-reciprocatrice\/#primaryimage\"},\"thumbnailUrl\":\"https:\/\/www.catpowertools.com\/wp-content\/uploads\/2021\/10\/dx58u-carousel-image-1.png\",\"datePublished\":\"2021-10-11T18:43:14+00:00\",\"dateModified\":\"2022-03-17T15:44:56+00:00\",\"breadcrumb\":{\"@id\":\"https:\/\/www.catpowertools.com\/fr\/produit\/12a-scie-reciprocatrice\/#breadcrumb\"},\"inLanguage\":\"fr-FR\",\"potentialAction\":[{\"@type\":\"ReadAction\",\"target\":[\"https:\/\/www.catpowertools.com\/fr\/produit\/12a-scie-reciprocatrice\/\"]}]},{\"@type\":\"ImageObject\",\"inLanguage\":\"fr-FR\",\"@id\":\"https:\/\/www.catpowertools.com\/fr\/produit\/12a-scie-reciprocatrice\/#primaryimage\",\"url\":\"https:\/\/www.catpowertools.com\/wp-content\/uploads\/2021\/10\/dx58u-carousel-image-1.png\",\"contentUrl\":\"https:\/\/www.catpowertools.com\/wp-content\/uploads\/2021\/10\/dx58u-carousel-image-1.png\",\"width\":960,\"height\":525},{\"@type\":\"BreadcrumbList\",\"@id\":\"https:\/\/www.catpowertools.com\/fr\/produit\/12a-scie-reciprocatrice\/#breadcrumb\",\"itemListElement\":[{\"@type\":\"ListItem\",\"position\":1,\"name\":\"Home\",\"item\":\"https:\/\/www.catpowertools.com\/fr\/\"},{\"@type\":\"ListItem\",\"position\":2,\"name\":\"Boutique\",\"item\":\"https:\/\/www.catpowertools.com\/shop\/\"},{\"@type\":\"ListItem\",\"position\":3,\"name\":\"SCIE ALTERNATIVE 12A\"}]},{\"@type\":\"WebSite\",\"@id\":\"https:\/\/www.catpowertools.com\/fr\/#website\",\"url\":\"https:\/\/www.catpowertools.com\/fr\/\",\"name\":\"Cat Power Tools\",\"description\":\"Just another WordPress site\",\"potentialAction\":[{\"@type\":\"SearchAction\",\"target\":{\"@type\":\"EntryPoint\",\"urlTemplate\":\"https:\/\/www.catpowertools.com\/fr\/?s={search_term_string}\"},\"query-input\":{\"@type\":\"PropertyValueSpecification\",\"valueRequired\":true,\"valueName\":\"search_term_string\"}}],\"inLanguage\":\"fr-FR\"}]}<\/script>\n<!-- \/ Yoast SEO plugin. -->","yoast_head_json":{"title":"SCIE ALTERNATIVE 12A - Cat Power Tools","robots":{"index":"index","follow":"follow","max-snippet":"max-snippet:-1","max-image-preview":"max-image-preview:large","max-video-preview":"max-video-preview:-1"},"canonical":"https:\/\/www.catpowertools.com\/fr\/produit\/12a-scie-reciprocatrice\/","og_locale":"fr_FR","og_type":"article","og_title":"SCIE ALTERNATIVE 12A - Cat Power Tools","og_description":"Cette scie alternative de 12 amp\u00e8res avec une longueur de course de 1-3\/16po-30.4 mm est faite pour le chantier. La bo\u00eetier d'engrenage l\u00e9ger en aluminium offre une durabilit\u00e9 optimale et le crochet int\u00e9gr\u00e9 vous permet de l'accrocher \u00e0 peu pr\u00e8s partout. \u00c9quip\u00e9 d'un serre-lame sans outil permettant un changement de lame rapide et facile. Une vitesse de 0 \u00e0 2,800 CPM et une action orbitale \u00e0 4 positions donne \u00e0 cette scie alternative la puissance de coupe n\u00e9cessaire \u00e0 toute application. Les outils \u00e9lectriques Cat\u00ae sont couverts par une garantie de 3 ans.","og_url":"https:\/\/www.catpowertools.com\/fr\/produit\/12a-scie-reciprocatrice\/","og_site_name":"Cat Power Tools","article_modified_time":"2022-03-17T15:44:56+00:00","og_image":[{"width":960,"height":525,"url":"https:\/\/www.catpowertools.com\/wp-content\/uploads\/2021\/10\/dx58u-carousel-image-1.png","type":"image\/png"}],"twitter_card":"summary_large_image","schema":{"@context":"https:\/\/schema.org","@graph":[{"@type":"WebPage","@id":"https:\/\/www.catpowertools.com\/fr\/produit\/12a-scie-reciprocatrice\/","url":"https:\/\/www.catpowertools.com\/fr\/produit\/12a-scie-reciprocatrice\/","name":"SCIE ALTERNATIVE 12A - Cat Power Tools","isPartOf":{"@id":"https:\/\/www.catpowertools.com\/fr\/#website"},"primaryImageOfPage":{"@id":"https:\/\/www.catpowertools.com\/fr\/produit\/12a-scie-reciprocatrice\/#primaryimage"},"image":{"@id":"https:\/\/www.catpowertools.com\/fr\/produit\/12a-scie-reciprocatrice\/#primaryimage"},"thumbnailUrl":"https:\/\/www.catpowertools.com\/wp-content\/uploads\/2021\/10\/dx58u-carousel-image-1.png","datePublished":"2021-10-11T18:43:14+00:00","dateModified":"2022-03-17T15:44:56+00:00","breadcrumb":{"@id":"https:\/\/www.catpowertools.com\/fr\/produit\/12a-scie-reciprocatrice\/#breadcrumb"},"inLanguage":"fr-FR","potentialAction":[{"@type":"ReadAction","target":["https:\/\/www.catpowertools.com\/fr\/produit\/12a-scie-reciprocatrice\/"]}]},{"@type":"ImageObject","inLanguage":"fr-FR","@id":"https:\/\/www.catpowertools.com\/fr\/produit\/12a-scie-reciprocatrice\/#primaryimage","url":"https:\/\/www.catpowertools.com\/wp-content\/uploads\/2021\/10\/dx58u-carousel-image-1.png","contentUrl":"https:\/\/www.catpowertools.com\/wp-content\/uploads\/2021\/10\/dx58u-carousel-image-1.png","width":960,"height":525},{"@type":"BreadcrumbList","@id":"https:\/\/www.catpowertools.com\/fr\/produit\/12a-scie-reciprocatrice\/#breadcrumb","itemListElement":[{"@type":"ListItem","position":1,"name":"Home","item":"https:\/\/www.catpowertools.com\/fr\/"},{"@type":"ListItem","position":2,"name":"Boutique","item":"https:\/\/www.catpowertools.com\/shop\/"},{"@type":"ListItem","position":3,"name":"SCIE ALTERNATIVE 12A"}]},{"@type":"WebSite","@id":"https:\/\/www.catpowertools.com\/fr\/#website","url":"https:\/\/www.catpowertools.com\/fr\/","name":"Cat Power Tools","description":"Just another WordPress site","potentialAction":[{"@type":"SearchAction","target":{"@type":"EntryPoint","urlTemplate":"https:\/\/www.catpowertools.com\/fr\/?s={search_term_string}"},"query-input":{"@type":"PropertyValueSpecification","valueRequired":true,"valueName":"search_term_string"}}],"inLanguage":"fr-FR"}]}},"_links":{"self":[{"href":"https:\/\/www.catpowertools.com\/fr\/wp-json\/wp\/v2\/product\/5093","targetHints":{"allow":["GET"]}}],"collection":[{"href":"https:\/\/www.catpowertools.com\/fr\/wp-json\/wp\/v2\/product"}],"about":[{"href":"https:\/\/www.catpowertools.com\/fr\/wp-json\/wp\/v2\/types\/product"}],"replies":[{"embeddable":true,"href":"https:\/\/www.catpowertools.com\/fr\/wp-json\/wp\/v2\/comments?post=5093"}],"wp:featuredmedia":[{"embeddable":true,"href":"https:\/\/www.catpowertools.com\/fr\/wp-json\/wp\/v2\/media\/3036"}],"wp:attachment":[{"href":"https:\/\/www.catpowertools.com\/fr\/wp-json\/wp\/v2\/media?parent=5093"}],"wp:term":[{"taxonomy":"product_brand","embeddable":true,"href":"https:\/\/www.catpowertools.com\/fr\/wp-json\/wp\/v2\/product_brand?post=5093"},{"taxonomy":"product_cat","embeddable":true,"href":"https:\/\/www.catpowertools.com\/fr\/wp-json\/wp\/v2\/product_cat?post=5093"},{"taxonomy":"product_tag","embeddable":true,"href":"https:\/\/www.catpowertools.com\/fr\/wp-json\/wp\/v2\/product_tag?post=5093"}],"curies":[{"name":"wp","href":"https:\/\/api.w.org\/{rel}","templated":true}]}}