{"id":5103,"date":"2021-10-11T14:43:14","date_gmt":"2021-10-11T18:43:14","guid":{"rendered":"https:\/\/www.catpowertools.com\/product\/7a-meuleuse-dangle-filaire-de-45-pouces\/"},"modified":"2022-03-16T12:07:13","modified_gmt":"2022-03-16T16:07:13","slug":"meuleuse-a-anlge-electrique-4-5-7a","status":"publish","type":"product","link":"https:\/\/www.catpowertools.com\/fr\/produit\/meuleuse-a-anlge-electrique-4-5-7a\/","title":{"rendered":"7A MEULEUSE \u00c0 ANGLE \u00c9LECTRIQUE DE 4.5 po.- 115 mm"},"content":{"rendered":"","protected":false},"excerpt":{"rendered":"<p>Cette meuleuse \u00e0 angle de 7 amp\u00e8res et de 4,5 po.-115mm offre de la puissance dans une conception compacte. La vitesse \u00e0 vide de 12,000 tr\/min, la poign\u00e9e lat\u00e9rale \u00e0 deux positions et le syst\u00e8me de ventilation avanc\u00e9 permettent \u00e0 cette meuleuse \u00e0 angle de travailler dans des zones plus \u00e9troites. Les outils \u00e9lectriques Cat\u00ae sont couverts par une garantie de 3 ans.<\/p>\n","protected":false},"featured_media":3138,"comment_status":"closed","ping_status":"closed","template":"","meta":{"_acf_changed":false},"product_brand":[],"product_cat":[216,205],"product_tag":[],"class_list":{"0":"post-5103","1":"product","2":"type-product","3":"status-publish","4":"has-post-thumbnail","6":"product_cat-meulage","7":"product_cat-outils-electriques-filaires-ca","9":"first","10":"instock","11":"product-type-external"},"acf":[],"yoast_head":"<!-- This site is optimized with the Yoast SEO plugin v26.6 - https:\/\/yoast.com\/wordpress\/plugins\/seo\/ -->\n<title>7A MEULEUSE \u00c0 ANGLE \u00c9LECTRIQUE DE 4.5 po.- 115 mm - Cat Power Tools<\/title>\n<meta name=\"robots\" content=\"index, follow, max-snippet:-1, max-image-preview:large, max-video-preview:-1\" \/>\n<link rel=\"canonical\" href=\"https:\/\/www.catpowertools.com\/fr\/produit\/meuleuse-a-anlge-electrique-4-5-7a\/\" \/>\n<meta property=\"og:locale\" content=\"fr_FR\" \/>\n<meta property=\"og:type\" content=\"article\" \/>\n<meta property=\"og:title\" content=\"7A MEULEUSE \u00c0 ANGLE \u00c9LECTRIQUE DE 4.5 po.- 115 mm - Cat Power Tools\" \/>\n<meta property=\"og:description\" content=\"Cette meuleuse \u00e0 angle de 7 amp\u00e8res et de 4,5 po.-115mm offre de la puissance dans une conception compacte. La vitesse \u00e0 vide de 12,000 tr\/min, la poign\u00e9e lat\u00e9rale \u00e0 deux positions et le syst\u00e8me de ventilation avanc\u00e9 permettent \u00e0 cette meuleuse \u00e0 angle de travailler dans des zones plus \u00e9troites. Les outils \u00e9lectriques Cat\u00ae sont couverts par une garantie de 3 ans.\" \/>\n<meta property=\"og:url\" content=\"https:\/\/www.catpowertools.com\/fr\/produit\/meuleuse-a-anlge-electrique-4-5-7a\/\" \/>\n<meta property=\"og:site_name\" content=\"Cat Power Tools\" \/>\n<meta property=\"article:modified_time\" content=\"2022-03-16T16:07:13+00:00\" \/>\n<meta property=\"og:image\" content=\"https:\/\/www.catpowertools.com\/wp-content\/uploads\/2021\/10\/dx37u-carousel-image-1.png\" \/>\n\t<meta property=\"og:image:width\" content=\"960\" \/>\n\t<meta property=\"og:image:height\" content=\"525\" \/>\n\t<meta property=\"og:image:type\" content=\"image\/png\" \/>\n<meta name=\"twitter:card\" content=\"summary_large_image\" \/>\n<script type=\"application\/ld+json\" class=\"yoast-schema-graph\">{\"@context\":\"https:\/\/schema.org\",\"@graph\":[{\"@type\":\"WebPage\",\"@id\":\"https:\/\/www.catpowertools.com\/fr\/produit\/meuleuse-a-anlge-electrique-4-5-7a\/\",\"url\":\"https:\/\/www.catpowertools.com\/fr\/produit\/meuleuse-a-anlge-electrique-4-5-7a\/\",\"name\":\"7A MEULEUSE \u00c0 ANGLE \u00c9LECTRIQUE DE 4.5 po.- 115 mm - Cat Power Tools\",\"isPartOf\":{\"@id\":\"https:\/\/www.catpowertools.com\/fr\/#website\"},\"primaryImageOfPage\":{\"@id\":\"https:\/\/www.catpowertools.com\/fr\/produit\/meuleuse-a-anlge-electrique-4-5-7a\/#primaryimage\"},\"image\":{\"@id\":\"https:\/\/www.catpowertools.com\/fr\/produit\/meuleuse-a-anlge-electrique-4-5-7a\/#primaryimage\"},\"thumbnailUrl\":\"https:\/\/www.catpowertools.com\/wp-content\/uploads\/2021\/10\/dx37u-carousel-image-1.png\",\"datePublished\":\"2021-10-11T18:43:14+00:00\",\"dateModified\":\"2022-03-16T16:07:13+00:00\",\"breadcrumb\":{\"@id\":\"https:\/\/www.catpowertools.com\/fr\/produit\/meuleuse-a-anlge-electrique-4-5-7a\/#breadcrumb\"},\"inLanguage\":\"fr-FR\",\"potentialAction\":[{\"@type\":\"ReadAction\",\"target\":[\"https:\/\/www.catpowertools.com\/fr\/produit\/meuleuse-a-anlge-electrique-4-5-7a\/\"]}]},{\"@type\":\"ImageObject\",\"inLanguage\":\"fr-FR\",\"@id\":\"https:\/\/www.catpowertools.com\/fr\/produit\/meuleuse-a-anlge-electrique-4-5-7a\/#primaryimage\",\"url\":\"https:\/\/www.catpowertools.com\/wp-content\/uploads\/2021\/10\/dx37u-carousel-image-1.png\",\"contentUrl\":\"https:\/\/www.catpowertools.com\/wp-content\/uploads\/2021\/10\/dx37u-carousel-image-1.png\",\"width\":960,\"height\":525},{\"@type\":\"BreadcrumbList\",\"@id\":\"https:\/\/www.catpowertools.com\/fr\/produit\/meuleuse-a-anlge-electrique-4-5-7a\/#breadcrumb\",\"itemListElement\":[{\"@type\":\"ListItem\",\"position\":1,\"name\":\"Home\",\"item\":\"https:\/\/www.catpowertools.com\/fr\/\"},{\"@type\":\"ListItem\",\"position\":2,\"name\":\"Boutique\",\"item\":\"https:\/\/www.catpowertools.com\/shop\/\"},{\"@type\":\"ListItem\",\"position\":3,\"name\":\"7A MEULEUSE \u00c0 ANGLE \u00c9LECTRIQUE DE 4.5 po.- 115 mm\"}]},{\"@type\":\"WebSite\",\"@id\":\"https:\/\/www.catpowertools.com\/fr\/#website\",\"url\":\"https:\/\/www.catpowertools.com\/fr\/\",\"name\":\"Cat Power Tools\",\"description\":\"Just another WordPress site\",\"potentialAction\":[{\"@type\":\"SearchAction\",\"target\":{\"@type\":\"EntryPoint\",\"urlTemplate\":\"https:\/\/www.catpowertools.com\/fr\/?s={search_term_string}\"},\"query-input\":{\"@type\":\"PropertyValueSpecification\",\"valueRequired\":true,\"valueName\":\"search_term_string\"}}],\"inLanguage\":\"fr-FR\"}]}<\/script>\n<!-- \/ Yoast SEO plugin. -->","yoast_head_json":{"title":"7A MEULEUSE \u00c0 ANGLE \u00c9LECTRIQUE DE 4.5 po.- 115 mm - Cat Power Tools","robots":{"index":"index","follow":"follow","max-snippet":"max-snippet:-1","max-image-preview":"max-image-preview:large","max-video-preview":"max-video-preview:-1"},"canonical":"https:\/\/www.catpowertools.com\/fr\/produit\/meuleuse-a-anlge-electrique-4-5-7a\/","og_locale":"fr_FR","og_type":"article","og_title":"7A MEULEUSE \u00c0 ANGLE \u00c9LECTRIQUE DE 4.5 po.- 115 mm - Cat Power Tools","og_description":"Cette meuleuse \u00e0 angle de 7 amp\u00e8res et de 4,5 po.-115mm offre de la puissance dans une conception compacte. La vitesse \u00e0 vide de 12,000 tr\/min, la poign\u00e9e lat\u00e9rale \u00e0 deux positions et le syst\u00e8me de ventilation avanc\u00e9 permettent \u00e0 cette meuleuse \u00e0 angle de travailler dans des zones plus \u00e9troites. Les outils \u00e9lectriques Cat\u00ae sont couverts par une garantie de 3 ans.","og_url":"https:\/\/www.catpowertools.com\/fr\/produit\/meuleuse-a-anlge-electrique-4-5-7a\/","og_site_name":"Cat Power Tools","article_modified_time":"2022-03-16T16:07:13+00:00","og_image":[{"width":960,"height":525,"url":"https:\/\/www.catpowertools.com\/wp-content\/uploads\/2021\/10\/dx37u-carousel-image-1.png","type":"image\/png"}],"twitter_card":"summary_large_image","schema":{"@context":"https:\/\/schema.org","@graph":[{"@type":"WebPage","@id":"https:\/\/www.catpowertools.com\/fr\/produit\/meuleuse-a-anlge-electrique-4-5-7a\/","url":"https:\/\/www.catpowertools.com\/fr\/produit\/meuleuse-a-anlge-electrique-4-5-7a\/","name":"7A MEULEUSE \u00c0 ANGLE \u00c9LECTRIQUE DE 4.5 po.- 115 mm - Cat Power Tools","isPartOf":{"@id":"https:\/\/www.catpowertools.com\/fr\/#website"},"primaryImageOfPage":{"@id":"https:\/\/www.catpowertools.com\/fr\/produit\/meuleuse-a-anlge-electrique-4-5-7a\/#primaryimage"},"image":{"@id":"https:\/\/www.catpowertools.com\/fr\/produit\/meuleuse-a-anlge-electrique-4-5-7a\/#primaryimage"},"thumbnailUrl":"https:\/\/www.catpowertools.com\/wp-content\/uploads\/2021\/10\/dx37u-carousel-image-1.png","datePublished":"2021-10-11T18:43:14+00:00","dateModified":"2022-03-16T16:07:13+00:00","breadcrumb":{"@id":"https:\/\/www.catpowertools.com\/fr\/produit\/meuleuse-a-anlge-electrique-4-5-7a\/#breadcrumb"},"inLanguage":"fr-FR","potentialAction":[{"@type":"ReadAction","target":["https:\/\/www.catpowertools.com\/fr\/produit\/meuleuse-a-anlge-electrique-4-5-7a\/"]}]},{"@type":"ImageObject","inLanguage":"fr-FR","@id":"https:\/\/www.catpowertools.com\/fr\/produit\/meuleuse-a-anlge-electrique-4-5-7a\/#primaryimage","url":"https:\/\/www.catpowertools.com\/wp-content\/uploads\/2021\/10\/dx37u-carousel-image-1.png","contentUrl":"https:\/\/www.catpowertools.com\/wp-content\/uploads\/2021\/10\/dx37u-carousel-image-1.png","width":960,"height":525},{"@type":"BreadcrumbList","@id":"https:\/\/www.catpowertools.com\/fr\/produit\/meuleuse-a-anlge-electrique-4-5-7a\/#breadcrumb","itemListElement":[{"@type":"ListItem","position":1,"name":"Home","item":"https:\/\/www.catpowertools.com\/fr\/"},{"@type":"ListItem","position":2,"name":"Boutique","item":"https:\/\/www.catpowertools.com\/shop\/"},{"@type":"ListItem","position":3,"name":"7A MEULEUSE \u00c0 ANGLE \u00c9LECTRIQUE DE 4.5 po.- 115 mm"}]},{"@type":"WebSite","@id":"https:\/\/www.catpowertools.com\/fr\/#website","url":"https:\/\/www.catpowertools.com\/fr\/","name":"Cat Power Tools","description":"Just another WordPress site","potentialAction":[{"@type":"SearchAction","target":{"@type":"EntryPoint","urlTemplate":"https:\/\/www.catpowertools.com\/fr\/?s={search_term_string}"},"query-input":{"@type":"PropertyValueSpecification","valueRequired":true,"valueName":"search_term_string"}}],"inLanguage":"fr-FR"}]}},"_links":{"self":[{"href":"https:\/\/www.catpowertools.com\/fr\/wp-json\/wp\/v2\/product\/5103","targetHints":{"allow":["GET"]}}],"collection":[{"href":"https:\/\/www.catpowertools.com\/fr\/wp-json\/wp\/v2\/product"}],"about":[{"href":"https:\/\/www.catpowertools.com\/fr\/wp-json\/wp\/v2\/types\/product"}],"replies":[{"embeddable":true,"href":"https:\/\/www.catpowertools.com\/fr\/wp-json\/wp\/v2\/comments?post=5103"}],"wp:featuredmedia":[{"embeddable":true,"href":"https:\/\/www.catpowertools.com\/fr\/wp-json\/wp\/v2\/media\/3138"}],"wp:attachment":[{"href":"https:\/\/www.catpowertools.com\/fr\/wp-json\/wp\/v2\/media?parent=5103"}],"wp:term":[{"taxonomy":"product_brand","embeddable":true,"href":"https:\/\/www.catpowertools.com\/fr\/wp-json\/wp\/v2\/product_brand?post=5103"},{"taxonomy":"product_cat","embeddable":true,"href":"https:\/\/www.catpowertools.com\/fr\/wp-json\/wp\/v2\/product_cat?post=5103"},{"taxonomy":"product_tag","embeddable":true,"href":"https:\/\/www.catpowertools.com\/fr\/wp-json\/wp\/v2\/product_tag?post=5103"}],"curies":[{"name":"wp","href":"https:\/\/api.w.org\/{rel}","templated":true}]}}