{"id":5118,"date":"2021-10-11T14:43:14","date_gmt":"2021-10-11T18:43:14","guid":{"rendered":"https:\/\/www.catpowertools.com\/product\/marteau-perforateur-rotatif-8a-1-sds-plus-a-cordon\/"},"modified":"2022-03-17T11:09:13","modified_gmt":"2022-03-17T15:09:13","slug":"8a-1-corde-marteau-rotatif-sds-plus","status":"publish","type":"product","link":"https:\/\/www.catpowertools.com\/fr\/produit\/8a-1-corde-marteau-rotatif-sds-plus\/","title":{"rendered":"MARTEAU ROTATIF \u00c9LECTRIQUE 8A 1po.-25.4mm SDS-PLUS"},"content":{"rendered":"","protected":false},"excerpt":{"rendered":"<p>Ce marteau rotatif SDS-Plus de 8 A et de 1 po-25.4mm offre une puissance de 2,2 lb-pi. 3 Joules (2 lb-pi) d&rsquo;\u00e9nergie d&rsquo;impact avec un taux d\u2019impact impressionnant de 0-5300 impacts\/min. Le mandrin SDS-Plus facile \u00e0 utiliser est compatible avec tous les forets \u00e0 marteau SDS-Plus pour une r\u00e9tention s\u00fbre des m\u00e8ches. Choisissez parmi 4 fonctions polyvalentes pour percer, Perceuse \u00e0 percussion, rotation du foret et ciseler. Les poign\u00e9e ergonomique surmoul\u00e9e lat\u00e9rale \u00e0 360\u00b0 offrent un confort accru \u00e0 l&rsquo;utilisateur. Les outils \u00e9lectriques Cat\u00ae sont couverts par une garantie de 3 ans.<\/p>\n","protected":false},"featured_media":3084,"comment_status":"closed","ping_status":"closed","template":"","meta":{"_acf_changed":false},"product_brand":[],"product_cat":[205,215],"product_tag":[],"class_list":{"0":"post-5118","1":"product","2":"type-product","3":"status-publish","4":"has-post-thumbnail","6":"product_cat-outils-electriques-filaires-ca","7":"product_cat-percage-ca","9":"first","10":"instock","11":"product-type-external"},"acf":[],"yoast_head":"<!-- This site is optimized with the Yoast SEO plugin v26.6 - https:\/\/yoast.com\/wordpress\/plugins\/seo\/ -->\n<title>MARTEAU ROTATIF \u00c9LECTRIQUE 8A 1po.-25.4mm SDS-PLUS - Cat Power Tools<\/title>\n<meta name=\"robots\" content=\"index, follow, max-snippet:-1, max-image-preview:large, max-video-preview:-1\" \/>\n<link rel=\"canonical\" href=\"https:\/\/www.catpowertools.com\/fr\/produit\/8a-1-corde-marteau-rotatif-sds-plus\/\" \/>\n<meta property=\"og:locale\" content=\"fr_FR\" \/>\n<meta property=\"og:type\" content=\"article\" \/>\n<meta property=\"og:title\" content=\"MARTEAU ROTATIF \u00c9LECTRIQUE 8A 1po.-25.4mm SDS-PLUS - Cat Power Tools\" \/>\n<meta property=\"og:description\" content=\"Ce marteau rotatif SDS-Plus de 8 A et de 1 po-25.4mm offre une puissance de 2,2 lb-pi. 3 Joules (2 lb-pi) d&#039;\u00e9nergie d&#039;impact avec un taux d\u2019impact impressionnant de 0-5300 impacts\/min. Le mandrin SDS-Plus facile \u00e0 utiliser est compatible avec tous les forets \u00e0 marteau SDS-Plus pour une r\u00e9tention s\u00fbre des m\u00e8ches. Choisissez parmi 4 fonctions polyvalentes pour percer, Perceuse \u00e0 percussion, rotation du foret et ciseler. Les poign\u00e9e ergonomique surmoul\u00e9e lat\u00e9rale \u00e0 360\u00b0 offrent un confort accru \u00e0 l&#039;utilisateur. Les outils \u00e9lectriques Cat\u00ae sont couverts par une garantie de 3 ans.\" \/>\n<meta property=\"og:url\" content=\"https:\/\/www.catpowertools.com\/fr\/produit\/8a-1-corde-marteau-rotatif-sds-plus\/\" \/>\n<meta property=\"og:site_name\" content=\"Cat Power Tools\" \/>\n<meta property=\"article:modified_time\" content=\"2022-03-17T15:09:13+00:00\" \/>\n<meta property=\"og:image\" content=\"https:\/\/www.catpowertools.com\/wp-content\/uploads\/2021\/10\/dx26u-carousel-image-1.png\" \/>\n\t<meta property=\"og:image:width\" content=\"960\" \/>\n\t<meta property=\"og:image:height\" content=\"525\" \/>\n\t<meta property=\"og:image:type\" content=\"image\/png\" \/>\n<meta name=\"twitter:card\" content=\"summary_large_image\" \/>\n<script type=\"application\/ld+json\" class=\"yoast-schema-graph\">{\"@context\":\"https:\/\/schema.org\",\"@graph\":[{\"@type\":\"WebPage\",\"@id\":\"https:\/\/www.catpowertools.com\/fr\/produit\/8a-1-corde-marteau-rotatif-sds-plus\/\",\"url\":\"https:\/\/www.catpowertools.com\/fr\/produit\/8a-1-corde-marteau-rotatif-sds-plus\/\",\"name\":\"MARTEAU ROTATIF \u00c9LECTRIQUE 8A 1po.-25.4mm SDS-PLUS - Cat Power Tools\",\"isPartOf\":{\"@id\":\"https:\/\/www.catpowertools.com\/fr\/#website\"},\"primaryImageOfPage\":{\"@id\":\"https:\/\/www.catpowertools.com\/fr\/produit\/8a-1-corde-marteau-rotatif-sds-plus\/#primaryimage\"},\"image\":{\"@id\":\"https:\/\/www.catpowertools.com\/fr\/produit\/8a-1-corde-marteau-rotatif-sds-plus\/#primaryimage\"},\"thumbnailUrl\":\"https:\/\/www.catpowertools.com\/wp-content\/uploads\/2021\/10\/dx26u-carousel-image-1.png\",\"datePublished\":\"2021-10-11T18:43:14+00:00\",\"dateModified\":\"2022-03-17T15:09:13+00:00\",\"breadcrumb\":{\"@id\":\"https:\/\/www.catpowertools.com\/fr\/produit\/8a-1-corde-marteau-rotatif-sds-plus\/#breadcrumb\"},\"inLanguage\":\"fr-FR\",\"potentialAction\":[{\"@type\":\"ReadAction\",\"target\":[\"https:\/\/www.catpowertools.com\/fr\/produit\/8a-1-corde-marteau-rotatif-sds-plus\/\"]}]},{\"@type\":\"ImageObject\",\"inLanguage\":\"fr-FR\",\"@id\":\"https:\/\/www.catpowertools.com\/fr\/produit\/8a-1-corde-marteau-rotatif-sds-plus\/#primaryimage\",\"url\":\"https:\/\/www.catpowertools.com\/wp-content\/uploads\/2021\/10\/dx26u-carousel-image-1.png\",\"contentUrl\":\"https:\/\/www.catpowertools.com\/wp-content\/uploads\/2021\/10\/dx26u-carousel-image-1.png\",\"width\":960,\"height\":525},{\"@type\":\"BreadcrumbList\",\"@id\":\"https:\/\/www.catpowertools.com\/fr\/produit\/8a-1-corde-marteau-rotatif-sds-plus\/#breadcrumb\",\"itemListElement\":[{\"@type\":\"ListItem\",\"position\":1,\"name\":\"Home\",\"item\":\"https:\/\/www.catpowertools.com\/fr\/\"},{\"@type\":\"ListItem\",\"position\":2,\"name\":\"Boutique\",\"item\":\"https:\/\/www.catpowertools.com\/shop\/\"},{\"@type\":\"ListItem\",\"position\":3,\"name\":\"MARTEAU ROTATIF \u00c9LECTRIQUE 8A 1po.-25.4mm SDS-PLUS\"}]},{\"@type\":\"WebSite\",\"@id\":\"https:\/\/www.catpowertools.com\/fr\/#website\",\"url\":\"https:\/\/www.catpowertools.com\/fr\/\",\"name\":\"Cat Power Tools\",\"description\":\"Just another WordPress site\",\"potentialAction\":[{\"@type\":\"SearchAction\",\"target\":{\"@type\":\"EntryPoint\",\"urlTemplate\":\"https:\/\/www.catpowertools.com\/fr\/?s={search_term_string}\"},\"query-input\":{\"@type\":\"PropertyValueSpecification\",\"valueRequired\":true,\"valueName\":\"search_term_string\"}}],\"inLanguage\":\"fr-FR\"}]}<\/script>\n<!-- \/ Yoast SEO plugin. -->","yoast_head_json":{"title":"MARTEAU ROTATIF \u00c9LECTRIQUE 8A 1po.-25.4mm SDS-PLUS - Cat Power Tools","robots":{"index":"index","follow":"follow","max-snippet":"max-snippet:-1","max-image-preview":"max-image-preview:large","max-video-preview":"max-video-preview:-1"},"canonical":"https:\/\/www.catpowertools.com\/fr\/produit\/8a-1-corde-marteau-rotatif-sds-plus\/","og_locale":"fr_FR","og_type":"article","og_title":"MARTEAU ROTATIF \u00c9LECTRIQUE 8A 1po.-25.4mm SDS-PLUS - Cat Power Tools","og_description":"Ce marteau rotatif SDS-Plus de 8 A et de 1 po-25.4mm offre une puissance de 2,2 lb-pi. 3 Joules (2 lb-pi) d'\u00e9nergie d'impact avec un taux d\u2019impact impressionnant de 0-5300 impacts\/min. Le mandrin SDS-Plus facile \u00e0 utiliser est compatible avec tous les forets \u00e0 marteau SDS-Plus pour une r\u00e9tention s\u00fbre des m\u00e8ches. Choisissez parmi 4 fonctions polyvalentes pour percer, Perceuse \u00e0 percussion, rotation du foret et ciseler. Les poign\u00e9e ergonomique surmoul\u00e9e lat\u00e9rale \u00e0 360\u00b0 offrent un confort accru \u00e0 l'utilisateur. Les outils \u00e9lectriques Cat\u00ae sont couverts par une garantie de 3 ans.","og_url":"https:\/\/www.catpowertools.com\/fr\/produit\/8a-1-corde-marteau-rotatif-sds-plus\/","og_site_name":"Cat Power Tools","article_modified_time":"2022-03-17T15:09:13+00:00","og_image":[{"width":960,"height":525,"url":"https:\/\/www.catpowertools.com\/wp-content\/uploads\/2021\/10\/dx26u-carousel-image-1.png","type":"image\/png"}],"twitter_card":"summary_large_image","schema":{"@context":"https:\/\/schema.org","@graph":[{"@type":"WebPage","@id":"https:\/\/www.catpowertools.com\/fr\/produit\/8a-1-corde-marteau-rotatif-sds-plus\/","url":"https:\/\/www.catpowertools.com\/fr\/produit\/8a-1-corde-marteau-rotatif-sds-plus\/","name":"MARTEAU ROTATIF \u00c9LECTRIQUE 8A 1po.-25.4mm SDS-PLUS - Cat Power Tools","isPartOf":{"@id":"https:\/\/www.catpowertools.com\/fr\/#website"},"primaryImageOfPage":{"@id":"https:\/\/www.catpowertools.com\/fr\/produit\/8a-1-corde-marteau-rotatif-sds-plus\/#primaryimage"},"image":{"@id":"https:\/\/www.catpowertools.com\/fr\/produit\/8a-1-corde-marteau-rotatif-sds-plus\/#primaryimage"},"thumbnailUrl":"https:\/\/www.catpowertools.com\/wp-content\/uploads\/2021\/10\/dx26u-carousel-image-1.png","datePublished":"2021-10-11T18:43:14+00:00","dateModified":"2022-03-17T15:09:13+00:00","breadcrumb":{"@id":"https:\/\/www.catpowertools.com\/fr\/produit\/8a-1-corde-marteau-rotatif-sds-plus\/#breadcrumb"},"inLanguage":"fr-FR","potentialAction":[{"@type":"ReadAction","target":["https:\/\/www.catpowertools.com\/fr\/produit\/8a-1-corde-marteau-rotatif-sds-plus\/"]}]},{"@type":"ImageObject","inLanguage":"fr-FR","@id":"https:\/\/www.catpowertools.com\/fr\/produit\/8a-1-corde-marteau-rotatif-sds-plus\/#primaryimage","url":"https:\/\/www.catpowertools.com\/wp-content\/uploads\/2021\/10\/dx26u-carousel-image-1.png","contentUrl":"https:\/\/www.catpowertools.com\/wp-content\/uploads\/2021\/10\/dx26u-carousel-image-1.png","width":960,"height":525},{"@type":"BreadcrumbList","@id":"https:\/\/www.catpowertools.com\/fr\/produit\/8a-1-corde-marteau-rotatif-sds-plus\/#breadcrumb","itemListElement":[{"@type":"ListItem","position":1,"name":"Home","item":"https:\/\/www.catpowertools.com\/fr\/"},{"@type":"ListItem","position":2,"name":"Boutique","item":"https:\/\/www.catpowertools.com\/shop\/"},{"@type":"ListItem","position":3,"name":"MARTEAU ROTATIF \u00c9LECTRIQUE 8A 1po.-25.4mm SDS-PLUS"}]},{"@type":"WebSite","@id":"https:\/\/www.catpowertools.com\/fr\/#website","url":"https:\/\/www.catpowertools.com\/fr\/","name":"Cat Power Tools","description":"Just another WordPress site","potentialAction":[{"@type":"SearchAction","target":{"@type":"EntryPoint","urlTemplate":"https:\/\/www.catpowertools.com\/fr\/?s={search_term_string}"},"query-input":{"@type":"PropertyValueSpecification","valueRequired":true,"valueName":"search_term_string"}}],"inLanguage":"fr-FR"}]}},"_links":{"self":[{"href":"https:\/\/www.catpowertools.com\/fr\/wp-json\/wp\/v2\/product\/5118","targetHints":{"allow":["GET"]}}],"collection":[{"href":"https:\/\/www.catpowertools.com\/fr\/wp-json\/wp\/v2\/product"}],"about":[{"href":"https:\/\/www.catpowertools.com\/fr\/wp-json\/wp\/v2\/types\/product"}],"replies":[{"embeddable":true,"href":"https:\/\/www.catpowertools.com\/fr\/wp-json\/wp\/v2\/comments?post=5118"}],"wp:featuredmedia":[{"embeddable":true,"href":"https:\/\/www.catpowertools.com\/fr\/wp-json\/wp\/v2\/media\/3084"}],"wp:attachment":[{"href":"https:\/\/www.catpowertools.com\/fr\/wp-json\/wp\/v2\/media?parent=5118"}],"wp:term":[{"taxonomy":"product_brand","embeddable":true,"href":"https:\/\/www.catpowertools.com\/fr\/wp-json\/wp\/v2\/product_brand?post=5118"},{"taxonomy":"product_cat","embeddable":true,"href":"https:\/\/www.catpowertools.com\/fr\/wp-json\/wp\/v2\/product_cat?post=5118"},{"taxonomy":"product_tag","embeddable":true,"href":"https:\/\/www.catpowertools.com\/fr\/wp-json\/wp\/v2\/product_tag?post=5118"}],"curies":[{"name":"wp","href":"https:\/\/api.w.org\/{rel}","templated":true}]}}