{"id":5165,"date":"2022-01-12T17:51:53","date_gmt":"2022-01-12T22:51:53","guid":{"rendered":"https:\/\/www.catpowertools.com\/product\/scie-circulaire-a-fil-15a-725\/"},"modified":"2023-04-24T17:54:17","modified_gmt":"2023-04-24T21:54:17","slug":"15a-7-25-corded-circular-saw","status":"publish","type":"product","link":"https:\/\/www.catpowertools.com\/fr\/produit\/15a-7-25-corded-circular-saw\/","title":{"rendered":"SCIE CIRCULAIRE \u00c9LECTRIQUE 15A 7,25po.-18.4cm"},"content":{"rendered":"","protected":false},"excerpt":{"rendered":"<p>Cette scie circulaire \u00e9lectrique 7-1\/4po-18.4cm poss\u00e8de la puissance n\u00e9cessaire pour tous les projets de chantier. Le puissant moteur de 15A d\u00e9livre 6,000 tr\/min en optimisant la puissance et la taille pour des performances optimales. La base et les protections en magn\u00e9sium offrent une conception l\u00e9g\u00e8re et durable avec une capacit\u00e9 de biseau allant jusqu&rsquo;\u00e0 56\u00b0. La poign\u00e9e textur\u00e9e surmoul\u00e9e et la poign\u00e9e avant offrent confort et contr\u00f4le tout au long de la coupe. Inclus : (1) lame \u00e0 pointe en carbure 24D 7 1\/4po-18.4cm un guide parall\u00e8le et une cl\u00e9 hexagonale. Les outils \u00e9lectroportatifs Cat\u00ae sont couverts par une garantie de 3 ans.<\/p>\n","protected":false},"featured_media":4427,"comment_status":"open","ping_status":"closed","template":"","meta":{"_acf_changed":false},"product_brand":[],"product_cat":[213,205,318],"product_tag":[],"class_list":{"0":"post-5165","1":"product","2":"type-product","3":"status-publish","4":"has-post-thumbnail","6":"product_cat-decoupe","7":"product_cat-outils-electriques-filaires-ca","8":"product_cat-scies-fr","10":"first","11":"instock","12":"shipping-taxable","13":"product-type-simple"},"acf":[],"yoast_head":"<!-- This site is optimized with the Yoast SEO plugin v26.6 - https:\/\/yoast.com\/wordpress\/plugins\/seo\/ -->\n<title>SCIE CIRCULAIRE \u00c9LECTRIQUE 15A 7,25po.-18.4cm - Cat Power Tools<\/title>\n<meta name=\"robots\" content=\"index, follow, max-snippet:-1, max-image-preview:large, max-video-preview:-1\" \/>\n<link rel=\"canonical\" href=\"https:\/\/www.catpowertools.com\/fr\/produit\/15a-7-25-corded-circular-saw\/\" \/>\n<meta property=\"og:locale\" content=\"fr_FR\" \/>\n<meta property=\"og:type\" content=\"article\" \/>\n<meta property=\"og:title\" content=\"SCIE CIRCULAIRE \u00c9LECTRIQUE 15A 7,25po.-18.4cm - Cat Power Tools\" \/>\n<meta property=\"og:description\" content=\"Cette scie circulaire \u00e9lectrique 7-1\/4po-18.4cm poss\u00e8de la puissance n\u00e9cessaire pour tous les projets de chantier. Le puissant moteur de 15A d\u00e9livre 6,000 tr\/min en optimisant la puissance et la taille pour des performances optimales. La base et les protections en magn\u00e9sium offrent une conception l\u00e9g\u00e8re et durable avec une capacit\u00e9 de biseau allant jusqu&#039;\u00e0 56\u00b0. La poign\u00e9e textur\u00e9e surmoul\u00e9e et la poign\u00e9e avant offrent confort et contr\u00f4le tout au long de la coupe. Inclus : (1) lame \u00e0 pointe en carbure 24D 7 1\/4po-18.4cm un guide parall\u00e8le et une cl\u00e9 hexagonale. Les outils \u00e9lectroportatifs Cat\u00ae sont couverts par une garantie de 3 ans.\" \/>\n<meta property=\"og:url\" content=\"https:\/\/www.catpowertools.com\/fr\/produit\/15a-7-25-corded-circular-saw\/\" \/>\n<meta property=\"og:site_name\" content=\"Cat Power Tools\" \/>\n<meta property=\"article:modified_time\" content=\"2023-04-24T21:54:17+00:00\" \/>\n<meta property=\"og:image\" content=\"https:\/\/www.catpowertools.com\/wp-content\/uploads\/2022\/01\/DX56U-carousel-image-1.png\" \/>\n\t<meta property=\"og:image:width\" content=\"960\" \/>\n\t<meta property=\"og:image:height\" content=\"525\" \/>\n\t<meta property=\"og:image:type\" content=\"image\/png\" \/>\n<meta name=\"twitter:card\" content=\"summary_large_image\" \/>\n<script type=\"application\/ld+json\" class=\"yoast-schema-graph\">{\"@context\":\"https:\/\/schema.org\",\"@graph\":[{\"@type\":\"WebPage\",\"@id\":\"https:\/\/www.catpowertools.com\/fr\/produit\/15a-7-25-corded-circular-saw\/\",\"url\":\"https:\/\/www.catpowertools.com\/fr\/produit\/15a-7-25-corded-circular-saw\/\",\"name\":\"SCIE CIRCULAIRE \u00c9LECTRIQUE 15A 7,25po.-18.4cm - Cat Power Tools\",\"isPartOf\":{\"@id\":\"https:\/\/www.catpowertools.com\/fr\/#website\"},\"primaryImageOfPage\":{\"@id\":\"https:\/\/www.catpowertools.com\/fr\/produit\/15a-7-25-corded-circular-saw\/#primaryimage\"},\"image\":{\"@id\":\"https:\/\/www.catpowertools.com\/fr\/produit\/15a-7-25-corded-circular-saw\/#primaryimage\"},\"thumbnailUrl\":\"https:\/\/www.catpowertools.com\/wp-content\/uploads\/2022\/01\/DX56U-carousel-image-1.png\",\"datePublished\":\"2022-01-12T22:51:53+00:00\",\"dateModified\":\"2023-04-24T21:54:17+00:00\",\"breadcrumb\":{\"@id\":\"https:\/\/www.catpowertools.com\/fr\/produit\/15a-7-25-corded-circular-saw\/#breadcrumb\"},\"inLanguage\":\"fr-FR\",\"potentialAction\":[{\"@type\":\"ReadAction\",\"target\":[\"https:\/\/www.catpowertools.com\/fr\/produit\/15a-7-25-corded-circular-saw\/\"]}]},{\"@type\":\"ImageObject\",\"inLanguage\":\"fr-FR\",\"@id\":\"https:\/\/www.catpowertools.com\/fr\/produit\/15a-7-25-corded-circular-saw\/#primaryimage\",\"url\":\"https:\/\/www.catpowertools.com\/wp-content\/uploads\/2022\/01\/DX56U-carousel-image-1.png\",\"contentUrl\":\"https:\/\/www.catpowertools.com\/wp-content\/uploads\/2022\/01\/DX56U-carousel-image-1.png\",\"width\":960,\"height\":525},{\"@type\":\"BreadcrumbList\",\"@id\":\"https:\/\/www.catpowertools.com\/fr\/produit\/15a-7-25-corded-circular-saw\/#breadcrumb\",\"itemListElement\":[{\"@type\":\"ListItem\",\"position\":1,\"name\":\"Home\",\"item\":\"https:\/\/www.catpowertools.com\/fr\/\"},{\"@type\":\"ListItem\",\"position\":2,\"name\":\"Boutique\",\"item\":\"https:\/\/www.catpowertools.com\/shop\/\"},{\"@type\":\"ListItem\",\"position\":3,\"name\":\"SCIE CIRCULAIRE \u00c9LECTRIQUE 15A 7,25po.-18.4cm\"}]},{\"@type\":\"WebSite\",\"@id\":\"https:\/\/www.catpowertools.com\/fr\/#website\",\"url\":\"https:\/\/www.catpowertools.com\/fr\/\",\"name\":\"Cat Power Tools\",\"description\":\"Just another WordPress site\",\"potentialAction\":[{\"@type\":\"SearchAction\",\"target\":{\"@type\":\"EntryPoint\",\"urlTemplate\":\"https:\/\/www.catpowertools.com\/fr\/?s={search_term_string}\"},\"query-input\":{\"@type\":\"PropertyValueSpecification\",\"valueRequired\":true,\"valueName\":\"search_term_string\"}}],\"inLanguage\":\"fr-FR\"}]}<\/script>\n<!-- \/ Yoast SEO plugin. -->","yoast_head_json":{"title":"SCIE CIRCULAIRE \u00c9LECTRIQUE 15A 7,25po.-18.4cm - Cat Power Tools","robots":{"index":"index","follow":"follow","max-snippet":"max-snippet:-1","max-image-preview":"max-image-preview:large","max-video-preview":"max-video-preview:-1"},"canonical":"https:\/\/www.catpowertools.com\/fr\/produit\/15a-7-25-corded-circular-saw\/","og_locale":"fr_FR","og_type":"article","og_title":"SCIE CIRCULAIRE \u00c9LECTRIQUE 15A 7,25po.-18.4cm - Cat Power Tools","og_description":"Cette scie circulaire \u00e9lectrique 7-1\/4po-18.4cm poss\u00e8de la puissance n\u00e9cessaire pour tous les projets de chantier. Le puissant moteur de 15A d\u00e9livre 6,000 tr\/min en optimisant la puissance et la taille pour des performances optimales. La base et les protections en magn\u00e9sium offrent une conception l\u00e9g\u00e8re et durable avec une capacit\u00e9 de biseau allant jusqu'\u00e0 56\u00b0. La poign\u00e9e textur\u00e9e surmoul\u00e9e et la poign\u00e9e avant offrent confort et contr\u00f4le tout au long de la coupe. Inclus : (1) lame \u00e0 pointe en carbure 24D 7 1\/4po-18.4cm un guide parall\u00e8le et une cl\u00e9 hexagonale. Les outils \u00e9lectroportatifs Cat\u00ae sont couverts par une garantie de 3 ans.","og_url":"https:\/\/www.catpowertools.com\/fr\/produit\/15a-7-25-corded-circular-saw\/","og_site_name":"Cat Power Tools","article_modified_time":"2023-04-24T21:54:17+00:00","og_image":[{"width":960,"height":525,"url":"https:\/\/www.catpowertools.com\/wp-content\/uploads\/2022\/01\/DX56U-carousel-image-1.png","type":"image\/png"}],"twitter_card":"summary_large_image","schema":{"@context":"https:\/\/schema.org","@graph":[{"@type":"WebPage","@id":"https:\/\/www.catpowertools.com\/fr\/produit\/15a-7-25-corded-circular-saw\/","url":"https:\/\/www.catpowertools.com\/fr\/produit\/15a-7-25-corded-circular-saw\/","name":"SCIE CIRCULAIRE \u00c9LECTRIQUE 15A 7,25po.-18.4cm - Cat Power Tools","isPartOf":{"@id":"https:\/\/www.catpowertools.com\/fr\/#website"},"primaryImageOfPage":{"@id":"https:\/\/www.catpowertools.com\/fr\/produit\/15a-7-25-corded-circular-saw\/#primaryimage"},"image":{"@id":"https:\/\/www.catpowertools.com\/fr\/produit\/15a-7-25-corded-circular-saw\/#primaryimage"},"thumbnailUrl":"https:\/\/www.catpowertools.com\/wp-content\/uploads\/2022\/01\/DX56U-carousel-image-1.png","datePublished":"2022-01-12T22:51:53+00:00","dateModified":"2023-04-24T21:54:17+00:00","breadcrumb":{"@id":"https:\/\/www.catpowertools.com\/fr\/produit\/15a-7-25-corded-circular-saw\/#breadcrumb"},"inLanguage":"fr-FR","potentialAction":[{"@type":"ReadAction","target":["https:\/\/www.catpowertools.com\/fr\/produit\/15a-7-25-corded-circular-saw\/"]}]},{"@type":"ImageObject","inLanguage":"fr-FR","@id":"https:\/\/www.catpowertools.com\/fr\/produit\/15a-7-25-corded-circular-saw\/#primaryimage","url":"https:\/\/www.catpowertools.com\/wp-content\/uploads\/2022\/01\/DX56U-carousel-image-1.png","contentUrl":"https:\/\/www.catpowertools.com\/wp-content\/uploads\/2022\/01\/DX56U-carousel-image-1.png","width":960,"height":525},{"@type":"BreadcrumbList","@id":"https:\/\/www.catpowertools.com\/fr\/produit\/15a-7-25-corded-circular-saw\/#breadcrumb","itemListElement":[{"@type":"ListItem","position":1,"name":"Home","item":"https:\/\/www.catpowertools.com\/fr\/"},{"@type":"ListItem","position":2,"name":"Boutique","item":"https:\/\/www.catpowertools.com\/shop\/"},{"@type":"ListItem","position":3,"name":"SCIE CIRCULAIRE \u00c9LECTRIQUE 15A 7,25po.-18.4cm"}]},{"@type":"WebSite","@id":"https:\/\/www.catpowertools.com\/fr\/#website","url":"https:\/\/www.catpowertools.com\/fr\/","name":"Cat Power Tools","description":"Just another WordPress site","potentialAction":[{"@type":"SearchAction","target":{"@type":"EntryPoint","urlTemplate":"https:\/\/www.catpowertools.com\/fr\/?s={search_term_string}"},"query-input":{"@type":"PropertyValueSpecification","valueRequired":true,"valueName":"search_term_string"}}],"inLanguage":"fr-FR"}]}},"_links":{"self":[{"href":"https:\/\/www.catpowertools.com\/fr\/wp-json\/wp\/v2\/product\/5165","targetHints":{"allow":["GET"]}}],"collection":[{"href":"https:\/\/www.catpowertools.com\/fr\/wp-json\/wp\/v2\/product"}],"about":[{"href":"https:\/\/www.catpowertools.com\/fr\/wp-json\/wp\/v2\/types\/product"}],"replies":[{"embeddable":true,"href":"https:\/\/www.catpowertools.com\/fr\/wp-json\/wp\/v2\/comments?post=5165"}],"wp:featuredmedia":[{"embeddable":true,"href":"https:\/\/www.catpowertools.com\/fr\/wp-json\/wp\/v2\/media\/4427"}],"wp:attachment":[{"href":"https:\/\/www.catpowertools.com\/fr\/wp-json\/wp\/v2\/media?parent=5165"}],"wp:term":[{"taxonomy":"product_brand","embeddable":true,"href":"https:\/\/www.catpowertools.com\/fr\/wp-json\/wp\/v2\/product_brand?post=5165"},{"taxonomy":"product_cat","embeddable":true,"href":"https:\/\/www.catpowertools.com\/fr\/wp-json\/wp\/v2\/product_cat?post=5165"},{"taxonomy":"product_tag","embeddable":true,"href":"https:\/\/www.catpowertools.com\/fr\/wp-json\/wp\/v2\/product_tag?post=5165"}],"curies":[{"name":"wp","href":"https:\/\/api.w.org\/{rel}","templated":true}]}}